{"id":26042,"date":"2024-10-21T13:29:37","date_gmt":"2024-10-21T19:29:37","guid":{"rendered":"https:\/\/goodrichriquelme.com\/?page_id=26042"},"modified":"2024-12-13T16:04:48","modified_gmt":"2024-12-13T22:04:48","slug":"about-the-firm","status":"publish","type":"page","link":"https:\/\/goodrichriquelme.com\/es\/about-the-firm\/","title":{"rendered":"Perfil de la Firma"},"content":{"rendered":"<div data-elementor-type=\"wp-page\" data-elementor-id=\"26042\" class=\"elementor elementor-26042\">\n\t\t\t\t\t\t<section class=\"elementor-section elementor-top-section elementor-element elementor-element-f4a471d elementor-section-content-top elementor-section-boxed elementor-section-height-default elementor-section-height-default wpr-particle-no wpr-jarallax-no wpr-parallax-no wpr-sticky-section-no wpr-equal-height-no\" data-id=\"f4a471d\" data-element_type=\"section\" data-e-type=\"section\" data-settings=\"{&quot;jet_parallax_layout_list&quot;:[],&quot;background_background&quot;:&quot;classic&quot;}\">\n\t\t\t\t\t\t\t<div class=\"elementor-background-overlay\"><\/div>\n\t\t\t\t\t\t\t<div class=\"elementor-container elementor-column-gap-default\">\n\t\t\t\t\t<div class=\"elementor-column elementor-col-100 elementor-top-column elementor-element elementor-element-f4597be\" data-id=\"f4597be\" data-element_type=\"column\" data-e-type=\"column\">\n\t\t\t<div class=\"elementor-widget-wrap elementor-element-populated\">\n\t\t\t\t\t\t<div class=\"elementor-element elementor-element-6af5e22 elementor-widget elementor-widget-spacer\" data-id=\"6af5e22\" data-element_type=\"widget\" data-e-type=\"widget\" data-widget_type=\"spacer.default\">\n\t\t\t\t<div class=\"elementor-widget-container\">\n\t\t\t\t\t\t\t<div class=\"elementor-spacer\">\n\t\t\t<div class=\"elementor-spacer-inner\"><\/div>\n\t\t<\/div>\n\t\t\t\t\t\t<\/div>\n\t\t\t\t<\/div>\n\t\t\t\t<section class=\"elementor-section elementor-inner-section elementor-element elementor-element-816ca08 elementor-section-boxed elementor-section-height-default elementor-section-height-default wpr-particle-no wpr-jarallax-no wpr-parallax-no wpr-sticky-section-no wpr-equal-height-no\" data-id=\"816ca08\" data-element_type=\"section\" data-e-type=\"section\" data-settings=\"{&quot;jet_parallax_layout_list&quot;:[]}\">\n\t\t\t\t\t\t<div class=\"elementor-container elementor-column-gap-default\">\n\t\t\t\t\t<div class=\"elementor-column elementor-col-50 elementor-inner-column elementor-element elementor-element-5bf2f43\" data-id=\"5bf2f43\" data-element_type=\"column\" data-e-type=\"column\">\n\t\t\t<div class=\"elementor-widget-wrap elementor-element-populated\">\n\t\t\t\t\t\t<div class=\"elementor-element elementor-element-fdc49ff elementor-widget elementor-widget-heading\" data-id=\"fdc49ff\" data-element_type=\"widget\" data-e-type=\"widget\" data-widget_type=\"heading.default\">\n\t\t\t\t<div class=\"elementor-widget-container\">\n\t\t\t\t\t<h1 class=\"elementor-heading-title elementor-size-default\">Perfil<\/h1>\t\t\t\t<\/div>\n\t\t\t\t<\/div>\n\t\t\t\t<div class=\"elementor-element elementor-element-fc05598 elementor-widget elementor-widget-heading\" data-id=\"fc05598\" data-element_type=\"widget\" data-e-type=\"widget\" data-widget_type=\"heading.default\">\n\t\t\t\t<div class=\"elementor-widget-container\">\n\t\t\t\t\t<h2 class=\"elementor-heading-title elementor-size-default\">de la Firma<\/h2>\t\t\t\t<\/div>\n\t\t\t\t<\/div>\n\t\t\t\t<div class=\"elementor-element elementor-element-2b2b362 elementor-widget elementor-widget-spacer\" data-id=\"2b2b362\" data-element_type=\"widget\" data-e-type=\"widget\" data-widget_type=\"spacer.default\">\n\t\t\t\t<div class=\"elementor-widget-container\">\n\t\t\t\t\t\t\t<div class=\"elementor-spacer\">\n\t\t\t<div class=\"elementor-spacer-inner\"><\/div>\n\t\t<\/div>\n\t\t\t\t\t\t<\/div>\n\t\t\t\t<\/div>\n\t\t\t\t<div class=\"elementor-element elementor-element-7d15bba elementor-widget elementor-widget-text-editor\" data-id=\"7d15bba\" data-element_type=\"widget\" data-e-type=\"widget\" data-widget_type=\"text-editor.default\">\n\t\t\t\t<div class=\"elementor-widget-container\">\n\t\t\t\t\t\t\t\t\t<p style=\"text-align: left;\"><a href=\"https:\/\/goodrichriquelme.com\/es\/about-the-firm\/\"><span style=\"color: #999999;\">Perfil de la Firma<\/span><\/a><\/p><p style=\"text-align: left;\"><span style=\"color: #ffffff;\"><a style=\"color: #ffffff;\" href=\"https:\/\/goodrichriquelme.com\/es\/history\/\">Historia<\/a><\/span><\/p><p style=\"text-align: left;\"><span style=\"color: #ffffff;\"><a style=\"color: #ffffff;\" href=\"https:\/\/goodrichriquelme.com\/es\/bomchil-group\/\">Grupo Bomchil<\/a><\/span><\/p>\t\t\t\t\t\t\t\t<\/div>\n\t\t\t\t<\/div>\n\t\t\t\t\t<\/div>\n\t\t<\/div>\n\t\t\t\t<div class=\"elementor-column elementor-col-50 elementor-inner-column elementor-element elementor-element-1ed209d\" data-id=\"1ed209d\" data-element_type=\"column\" data-e-type=\"column\">\n\t\t\t<div class=\"elementor-widget-wrap elementor-element-populated\">\n\t\t\t\t\t\t<div class=\"elementor-element elementor-element-538f04e elementor-widget elementor-widget-text-editor\" data-id=\"538f04e\" data-element_type=\"widget\" data-e-type=\"widget\" data-widget_type=\"text-editor.default\">\n\t\t\t\t<div class=\"elementor-widget-container\">\n\t\t\t\t\t\t\t\t\t<p class=\"p1\">Con 90+ a\u00f1os de experiencia, Goodrich cuenta con una amplia tradici\u00f3n jur\u00eddica al otorgar a sus clientes los mecanismos necesarios para hacer de sus objetivos comerciales una realidad. La firma cuenta con una amplia gama de \u00e1reas de pr\u00e1ctica e industrias.\nCon una aproximaci\u00f3n innovadora, los abogados de Goodrich se adaptan a las necesidades de la comunidad empresarial alrededor del mundo. Dentro de su amplia gama de clientes, Goodrich cuenta con empresas medianas as\u00ed como l\u00edderes globales de m\u00faltiples nacionalidades y sectores econ\u00f3micos.<\/p>\t\t\t\t\t\t\t\t<\/div>\n\t\t\t\t<\/div>\n\t\t\t\t<div class=\"elementor-element elementor-element-0a76c4b elementor-widget elementor-widget-text-editor\" data-id=\"0a76c4b\" data-element_type=\"widget\" data-e-type=\"widget\" data-widget_type=\"text-editor.default\">\n\t\t\t\t<div class=\"elementor-widget-container\">\n\t\t\t\t\t\t\t\t\t<p class=\"p1\"><strong>Estamos orgullosos de conocer los sectores claves de la industria; somos capaces de otorgar diariamente, soluciones creativas con el mejor impacto costo-beneficio para nuestros clientes.<\/strong><\/p>\t\t\t\t\t\t\t\t<\/div>\n\t\t\t\t<\/div>\n\t\t\t\t<div class=\"elementor-element elementor-element-138f028 elementor-widget elementor-widget-text-editor\" data-id=\"138f028\" data-element_type=\"widget\" data-e-type=\"widget\" data-widget_type=\"text-editor.default\">\n\t\t\t\t<div class=\"elementor-widget-container\">\n\t\t\t\t\t\t\t\t\t<p class=\"p1\">En Goodrich, aseguramos la representaci\u00f3n de nuestros clientes donde quiera que se encuentren sus negocios. Es por ello que, de manera adicional a nuestro grupo de corresponsales dentro de la Rep\u00fablica Mexicana y nuestra propia oficina en Par\u00eds (desde 1971), nuestra firma participa de manera activa como miembro fundador del Grupo Bomchil, una asociaci\u00f3n de firmas independientes con oficinas en pr\u00e1cticamente toda Am\u00e9rica Latina.<\/p>\t\t\t\t\t\t\t\t<\/div>\n\t\t\t\t<\/div>\n\t\t\t\t<div class=\"elementor-element elementor-element-98776f2 elementor-widget elementor-widget-text-editor\" data-id=\"98776f2\" data-element_type=\"widget\" data-e-type=\"widget\" data-widget_type=\"text-editor.default\">\n\t\t\t\t<div class=\"elementor-widget-container\">\n\t\t\t\t\t\t\t\t\t<p class=\"p1\">\u00c9tica profesional y un efectivo trabajo en equipo son principios rectores en la labor cotidiana de la firma, lo cual permite otorgar soluciones s\u00f3lidas y adecuadas a la realidad legal contempor\u00e1nea. Goodrich incentiva la capacitaci\u00f3n constante de sus abogados, tanto a nivel nacional como internacional. Nuestros socios participan como profesores e investigadores en las m\u00e1s prestigiosas facultades de derecho de M\u00e9xico. Asimismo, Goodrich participa activamente en asociaciones comerciales, barras de abogados, tanto nacionales como internacionales; algunos de nuestros miembros son invitados frecuentemente a realizar conferencias dentro y fuera del pa\u00eds, as\u00ed como en asumir puestos de liderazgo en secciones de barras y en organizaciones de la industria.\n\nResponsabilidad social, pro bono, tolerancia y equidad de g\u00e9nero, son elementos esenciales en nuestro quehacer cotidiano.<\/p>\t\t\t\t\t\t\t\t<\/div>\n\t\t\t\t<\/div>\n\t\t\t\t<div class=\"elementor-element elementor-element-c4bfa39 elementor-widget elementor-widget-text-editor\" data-id=\"c4bfa39\" data-element_type=\"widget\" data-e-type=\"widget\" data-widget_type=\"text-editor.default\">\n\t\t\t\t<div class=\"elementor-widget-container\">\n\t\t\t\t\t\t\t\t\t<p class=\"p1\"><strong>Estamos determinados a renovarnos constantemente y en prepararnos para enfrentar los retos por venir. Nos enorgullece el afirmar que somos una firma de gente joven con los m\u00e1s altos est\u00e1ndares \u00e9ticos y profesionales.<\/strong><\/p>\t\t\t\t\t\t\t\t<\/div>\n\t\t\t\t<\/div>\n\t\t\t\t\t<\/div>\n\t\t<\/div>\n\t\t\t\t\t<\/div>\n\t\t<\/section>\n\t\t\t\t\t<\/div>\n\t\t<\/div>\n\t\t\t\t\t<\/div>\n\t\t<\/section>\n\t\t\t\t<\/div>","protected":false},"excerpt":{"rendered":"<p>About the Firm About the Firm History Bomchil Group With 90+ years of experience, Goodrich has a long tradition of standing alongside its clients when helping them make their business objectives a reality. By means of a cross-practice among service areas and industry teams, our carefully trained lawyers achieve an innovative approach towards the rendering of contemporary legal services tailored to the demanding business community worldwide. We pride ourselves in knowing what drives key industry sectors and are able to provide on a daily basis, the best creative and cost-effective business solutions beforehand. Our clients are medium-size, as well as leading global companies of numerous nationalities and economic sectors. We ensure that our clients are competently represented wherever their businesses take them. This is why, in addition to our network of correspondents in Mexico and our own office in Paris (since 1971), Goodrich actively participates as founder firm of the Bomchil Group, an association of independent law firms with offices in practically every Latin American country. Today, Goodrich has a professional and administrative staff of over 250. Professional ethics and effective teamwork, leading to solid solutions and constant innovation are embedded throughout our firm. In addition to sponsoring and encouraging training programs for our lawyers both nationally and internationally, we encourage the participation of our partners as part-time lecturers and research fellows in high-ranking law schools in Mexico. Goodrich actively participates in trade associations, local and international bars. Some of our members are frequently invited to speak at both, domestic and foreign conferences, as well as to hold leadership positions in sections of bar associations and industry organizations. Last but not least, sustainability, corporate social responsibility, pro bono work, broad-mindedness, and gender equality are also essential elements of our existence. In our firm we are constantly striving to renew ourselves and in being prepared to face the ever-changing legal challenges that lie ahead. We are a firm of young lawyers with the highest professional and ethical standards.<\/p>","protected":false},"author":1,"featured_media":0,"parent":0,"menu_order":0,"comment_status":"closed","ping_status":"closed","template":"elementor_header_footer","meta":{"_acf_changed":false,"rs_blank_template":"","rs_page_bg_color":"","slide_template_v7":"","footnotes":""},"class_list":["post-26042","page","type-page","status-publish","hentry"],"acf":[],"_links":{"self":[{"href":"https:\/\/goodrichriquelme.com\/es\/wp-json\/wp\/v2\/pages\/26042","targetHints":{"allow":["GET"]}}],"collection":[{"href":"https:\/\/goodrichriquelme.com\/es\/wp-json\/wp\/v2\/pages"}],"about":[{"href":"https:\/\/goodrichriquelme.com\/es\/wp-json\/wp\/v2\/types\/page"}],"author":[{"embeddable":true,"href":"https:\/\/goodrichriquelme.com\/es\/wp-json\/wp\/v2\/users\/1"}],"replies":[{"embeddable":true,"href":"https:\/\/goodrichriquelme.com\/es\/wp-json\/wp\/v2\/comments?post=26042"}],"version-history":[{"count":50,"href":"https:\/\/goodrichriquelme.com\/es\/wp-json\/wp\/v2\/pages\/26042\/revisions"}],"predecessor-version":[{"id":28219,"href":"https:\/\/goodrichriquelme.com\/es\/wp-json\/wp\/v2\/pages\/26042\/revisions\/28219"}],"wp:attachment":[{"href":"https:\/\/goodrichriquelme.com\/es\/wp-json\/wp\/v2\/media?parent=26042"}],"curies":[{"name":"wp","href":"https:\/\/api.w.org\/{rel}","templated":true}]}}