{"id":26068,"date":"2024-10-21T14:12:34","date_gmt":"2024-10-21T20:12:34","guid":{"rendered":"https:\/\/goodrichriquelme.com\/?page_id=26068"},"modified":"2024-11-22T14:12:49","modified_gmt":"2024-11-22T20:12:49","slug":"history","status":"publish","type":"page","link":"https:\/\/goodrichriquelme.com\/es\/about-the-firm\/history\/","title":{"rendered":"Historia"},"content":{"rendered":"<div data-elementor-type=\"wp-page\" data-elementor-id=\"26068\" class=\"elementor elementor-26068\">\n\t\t\t\t\t\t<section class=\"elementor-section elementor-top-section elementor-element elementor-element-f4a471d elementor-section-content-top elementor-section-boxed elementor-section-height-default elementor-section-height-default wpr-particle-no wpr-jarallax-no wpr-parallax-no wpr-sticky-section-no wpr-equal-height-no\" data-id=\"f4a471d\" data-element_type=\"section\" data-e-type=\"section\" data-settings=\"{&quot;jet_parallax_layout_list&quot;:[],&quot;background_background&quot;:&quot;classic&quot;}\">\n\t\t\t\t\t\t\t<div class=\"elementor-background-overlay\"><\/div>\n\t\t\t\t\t\t\t<div class=\"elementor-container elementor-column-gap-default\">\n\t\t\t\t\t<div class=\"elementor-column elementor-col-100 elementor-top-column elementor-element elementor-element-f4597be\" data-id=\"f4597be\" data-element_type=\"column\" data-e-type=\"column\">\n\t\t\t<div class=\"elementor-widget-wrap elementor-element-populated\">\n\t\t\t\t\t\t<div class=\"elementor-element elementor-element-6af5e22 elementor-widget elementor-widget-spacer\" data-id=\"6af5e22\" data-element_type=\"widget\" data-e-type=\"widget\" data-widget_type=\"spacer.default\">\n\t\t\t\t<div class=\"elementor-widget-container\">\n\t\t\t\t\t\t\t<div class=\"elementor-spacer\">\n\t\t\t<div class=\"elementor-spacer-inner\"><\/div>\n\t\t<\/div>\n\t\t\t\t\t\t<\/div>\n\t\t\t\t<\/div>\n\t\t\t\t<section class=\"elementor-section elementor-inner-section elementor-element elementor-element-816ca08 elementor-section-boxed elementor-section-height-default elementor-section-height-default wpr-particle-no wpr-jarallax-no wpr-parallax-no wpr-sticky-section-no wpr-equal-height-no\" data-id=\"816ca08\" data-element_type=\"section\" data-e-type=\"section\" data-settings=\"{&quot;jet_parallax_layout_list&quot;:[]}\">\n\t\t\t\t\t\t<div class=\"elementor-container elementor-column-gap-default\">\n\t\t\t\t\t<div class=\"elementor-column elementor-col-50 elementor-inner-column elementor-element elementor-element-5bf2f43\" data-id=\"5bf2f43\" data-element_type=\"column\" data-e-type=\"column\">\n\t\t\t<div class=\"elementor-widget-wrap elementor-element-populated\">\n\t\t\t\t\t\t<div class=\"elementor-element elementor-element-fdc49ff elementor-widget elementor-widget-heading\" data-id=\"fdc49ff\" data-element_type=\"widget\" data-e-type=\"widget\" data-widget_type=\"heading.default\">\n\t\t\t\t<div class=\"elementor-widget-container\">\n\t\t\t\t\t<h1 class=\"elementor-heading-title elementor-size-default\">Historia<\/h1>\t\t\t\t<\/div>\n\t\t\t\t<\/div>\n\t\t\t\t<div class=\"elementor-element elementor-element-2b2b362 elementor-widget elementor-widget-spacer\" data-id=\"2b2b362\" data-element_type=\"widget\" data-e-type=\"widget\" data-widget_type=\"spacer.default\">\n\t\t\t\t<div class=\"elementor-widget-container\">\n\t\t\t\t\t\t\t<div class=\"elementor-spacer\">\n\t\t\t<div class=\"elementor-spacer-inner\"><\/div>\n\t\t<\/div>\n\t\t\t\t\t\t<\/div>\n\t\t\t\t<\/div>\n\t\t\t\t<div class=\"elementor-element elementor-element-baf1b0d elementor-widget elementor-widget-text-editor\" data-id=\"baf1b0d\" data-element_type=\"widget\" data-e-type=\"widget\" data-widget_type=\"text-editor.default\">\n\t\t\t\t<div class=\"elementor-widget-container\">\n\t\t\t\t\t\t\t\t\t<p style=\"text-align: left;\"><span style=\"color: #ffffff;\"><a style=\"color: #ffffff;\" href=\"https:\/\/goodrichriquelme.com\/es\/about-the-firm\/\">Perfil de la Firma<\/a><\/span><\/p><p style=\"text-align: left;\"><span style=\"color: #999999;\"><a style=\"color: #999999;\" href=\"https:\/\/goodrichriquelme.com\/es\/history\/\">Historia<\/a><\/span><\/p><p style=\"text-align: left;\"><span style=\"color: #ffffff;\"><a style=\"color: #ffffff;\" href=\"https:\/\/goodrichriquelme.com\/es\/bomchil-group\/\">Grupo Bomchil<\/a><\/span><\/p>\t\t\t\t\t\t\t\t<\/div>\n\t\t\t\t<\/div>\n\t\t\t\t\t<\/div>\n\t\t<\/div>\n\t\t\t\t<div class=\"elementor-column elementor-col-50 elementor-inner-column elementor-element elementor-element-1ed209d\" data-id=\"1ed209d\" data-element_type=\"column\" data-e-type=\"column\">\n\t\t\t<div class=\"elementor-widget-wrap elementor-element-populated\">\n\t\t\t\t\t\t<div class=\"elementor-element elementor-element-138f028 elementor-widget elementor-widget-text-editor\" data-id=\"138f028\" data-element_type=\"widget\" data-e-type=\"widget\" data-widget_type=\"text-editor.default\">\n\t\t\t\t<div class=\"elementor-widget-container\">\n\t\t\t\t\t\t\t\t\t<p>Al igual que M\u00e9xico ha crecido, nuestra firma tambi\u00e9n. Inmediatamente despu\u00e9s de la Segunda Guerra Mundial, M\u00e9xico comenz\u00f3 una dram\u00e1tica industrializaci\u00f3n. Como consecuencia de ello, crecimos sustancialmente asesorando a la creciente oleada de coinversi\u00f3n extranjera directa en M\u00e9xico antes y despu\u00e9s de la Ley de 1973 que regula la Inversi\u00f3n Mexicana y restringe el control directo de la Inversi\u00f3n Extranjera. En las d\u00e9cadas de los 50 y 60 la firma ayud\u00f3 a M\u00e9xico primeramente a adentrarse a la era de los aviones turbo propulsores y despu\u00e9s dentro de la era del jet mediante la venta de aeronaves a Aerol\u00edneas Mexicanas.<\/p>\t\t\t\t\t\t\t\t<\/div>\n\t\t\t\t<\/div>\n\t\t\t\t<div class=\"elementor-element elementor-element-98776f2 elementor-widget elementor-widget-text-editor\" data-id=\"98776f2\" data-element_type=\"widget\" data-e-type=\"widget\" data-widget_type=\"text-editor.default\">\n\t\t\t\t<div class=\"elementor-widget-container\">\n\t\t\t\t\t\t\t\t\t<p class=\"p1\">Despu\u00e9s de un per\u00edodo de intensa intervenci\u00f3n gubernamental y reglamentaci\u00f3n de los negocios, en los \u00faltimos a\u00f1os hemos sido testigos de la liberalizaci\u00f3n simult\u00e1nea de restricciones respecto de la inversi\u00f3n extranjera, la privatizaci\u00f3n continua de la industria y la democratizaci\u00f3n del sistema pol\u00edtico. Nosotros representamos a clientes que aprovechan ambas tendencias para realizar nuevas inversiones o expandir las ya existentes en M\u00e9xico. Al convertirse los negocios en M\u00e9xico en parte integral de la econom\u00eda globalizada, nosotros representamos a clientes que participan en una amplia gama de actividades.<\/p>\t\t\t\t\t\t\t\t<\/div>\n\t\t\t\t<\/div>\n\t\t\t\t<div class=\"elementor-element elementor-element-c4bfa39 elementor-widget elementor-widget-text-editor\" data-id=\"c4bfa39\" data-element_type=\"widget\" data-e-type=\"widget\" data-widget_type=\"text-editor.default\">\n\t\t\t\t<div class=\"elementor-widget-container\">\n\t\t\t\t\t\t\t\t\t<p class=\"p1\"><strong>Al convertirse los negocios en M\u00e9xico en parte integral de la econom\u00eda globalizada, nosotros representamos a clientes que participan en una amplia gama de actividades.<\/strong><\/p>\t\t\t\t\t\t\t\t<\/div>\n\t\t\t\t<\/div>\n\t\t\t\t<div class=\"elementor-element elementor-element-539f46b elementor-widget elementor-widget-text-editor\" data-id=\"539f46b\" data-element_type=\"widget\" data-e-type=\"widget\" data-widget_type=\"text-editor.default\">\n\t\t\t\t<div class=\"elementor-widget-container\">\n\t\t\t\t\t\t\t\t\t<p>Mientras Goodrich Riquelme posee una prominente presencia en la comunidad jur\u00eddica mexicana, hemos mantenido una fuerte orientaci\u00f3n internacional desde nuestra fundaci\u00f3n. En efecto, algunos de nuestros abogados han vivido, practicado y se encuentran capacitados y habilitados para ejercer su profesi\u00f3n en otros pa\u00edses. Por lo tanto, somos capaces de asesorar a empresas extranjeras como int\u00e9rpretes, moderadores y \u00e1rbitros para entender mejor \u201ccomo hacer negocios en M\u00e9xico\u201d, as\u00ed como ayudar tanto a empresarios como a funcionarios p\u00fablicos de M\u00e9xico a comprender y evaluar los objetivos del inversionista extranjero.<\/p>\t\t\t\t\t\t\t\t<\/div>\n\t\t\t\t<\/div>\n\t\t\t\t<div class=\"elementor-element elementor-element-8d946ea elementor-widget elementor-widget-spacer\" data-id=\"8d946ea\" data-element_type=\"widget\" data-e-type=\"widget\" data-widget_type=\"spacer.default\">\n\t\t\t\t<div class=\"elementor-widget-container\">\n\t\t\t\t\t\t\t<div class=\"elementor-spacer\">\n\t\t\t<div class=\"elementor-spacer-inner\"><\/div>\n\t\t<\/div>\n\t\t\t\t\t\t<\/div>\n\t\t\t\t<\/div>\n\t\t\t\t\t<\/div>\n\t\t<\/div>\n\t\t\t\t\t<\/div>\n\t\t<\/section>\n\t\t\t\t\t<\/div>\n\t\t<\/div>\n\t\t\t\t\t<\/div>\n\t\t<\/section>\n\t\t\t\t<\/div>","protected":false},"excerpt":{"rendered":"<p>History About the Firm History Bomchil Group As Mexico has grown, so has our firm: Immediately after World War II, Mexico began a dramatic industrialization. As a consequence, we grew substantially by handling the rising tide of direct foreign joint ventures in Mexico before and after the 1973 law governing \u2013and restricting\u2013 direct foreign control of business. In the 1950\u2032s and 1960\u2032s, the firm helped usher Mexico first into the edge of turbo propeller airplanes and later into the jet age by orchestrating the sale of aircraft to Mexican airlines. After a period of heightened government intervention in and regulation ofbusiness, the past few years have seen the simultaneous liberalization of restriction of foreign investment, the ongoing privatization of industry and democratization of the political system. We represent clients who are taking advantage of both of these trends to make new or expand existing investment in Mexico. As Mexican business becomes an integral part of the globalized economy, we represent clients in a wide variety of fields. While Goodrich has a prominent standing in the Mexican legal community, we have had a strong international orientation since our founding. Indeed, a number of our attorneys have lived, trained and are qualified to practice law in other countries. Thus, as interpreters, moderators and arbiters, we are able to assist foreign businesses to better understand \u201cdoing business in Mexico,\u201d as well as help Mexican business people and government officials comprehend and evaluate the foreigner\u2019s objectives.<\/p>","protected":false},"author":1,"featured_media":0,"parent":26042,"menu_order":0,"comment_status":"closed","ping_status":"closed","template":"elementor_header_footer","meta":{"_acf_changed":false,"rs_blank_template":"","rs_page_bg_color":"","slide_template_v7":"","footnotes":""},"class_list":["post-26068","page","type-page","status-publish","hentry"],"acf":[],"_links":{"self":[{"href":"https:\/\/goodrichriquelme.com\/es\/wp-json\/wp\/v2\/pages\/26068","targetHints":{"allow":["GET"]}}],"collection":[{"href":"https:\/\/goodrichriquelme.com\/es\/wp-json\/wp\/v2\/pages"}],"about":[{"href":"https:\/\/goodrichriquelme.com\/es\/wp-json\/wp\/v2\/types\/page"}],"author":[{"embeddable":true,"href":"https:\/\/goodrichriquelme.com\/es\/wp-json\/wp\/v2\/users\/1"}],"replies":[{"embeddable":true,"href":"https:\/\/goodrichriquelme.com\/es\/wp-json\/wp\/v2\/comments?post=26068"}],"version-history":[{"count":22,"href":"https:\/\/goodrichriquelme.com\/es\/wp-json\/wp\/v2\/pages\/26068\/revisions"}],"predecessor-version":[{"id":28030,"href":"https:\/\/goodrichriquelme.com\/es\/wp-json\/wp\/v2\/pages\/26068\/revisions\/28030"}],"up":[{"embeddable":true,"href":"https:\/\/goodrichriquelme.com\/es\/wp-json\/wp\/v2\/pages\/26042"}],"wp:attachment":[{"href":"https:\/\/goodrichriquelme.com\/es\/wp-json\/wp\/v2\/media?parent=26068"}],"curies":[{"name":"wp","href":"https:\/\/api.w.org\/{rel}","templated":true}]}}