{"id":26124,"date":"2024-10-21T14:59:40","date_gmt":"2024-10-21T20:59:40","guid":{"rendered":"https:\/\/goodrichriquelme.com\/?page_id=26124"},"modified":"2024-10-30T10:15:10","modified_gmt":"2024-10-30T16:15:10","slug":"banking-finance","status":"publish","type":"page","link":"https:\/\/goodrichriquelme.com\/es\/practice-areas\/banking-finance\/","title":{"rendered":"Banking &#038; Finance"},"content":{"rendered":"<div data-elementor-type=\"wp-page\" data-elementor-id=\"26124\" class=\"elementor elementor-26124\">\n\t\t\t\t\t\t<section class=\"elementor-section elementor-top-section elementor-element elementor-element-f4a471d elementor-section-content-top elementor-section-boxed elementor-section-height-default elementor-section-height-default wpr-particle-no wpr-jarallax-no wpr-parallax-no wpr-sticky-section-no wpr-equal-height-no\" data-id=\"f4a471d\" data-element_type=\"section\" data-e-type=\"section\" data-settings=\"{&quot;jet_parallax_layout_list&quot;:[],&quot;background_background&quot;:&quot;classic&quot;}\">\n\t\t\t\t\t\t\t<div class=\"elementor-background-overlay\"><\/div>\n\t\t\t\t\t\t\t<div class=\"elementor-container elementor-column-gap-default\">\n\t\t\t\t\t<div class=\"elementor-column elementor-col-100 elementor-top-column elementor-element elementor-element-f4597be\" data-id=\"f4597be\" data-element_type=\"column\" data-e-type=\"column\">\n\t\t\t<div class=\"elementor-widget-wrap elementor-element-populated\">\n\t\t\t\t\t\t<div class=\"elementor-element elementor-element-6af5e22 elementor-widget elementor-widget-spacer\" data-id=\"6af5e22\" data-element_type=\"widget\" data-e-type=\"widget\" data-widget_type=\"spacer.default\">\n\t\t\t\t<div class=\"elementor-widget-container\">\n\t\t\t\t\t\t\t<div class=\"elementor-spacer\">\n\t\t\t<div class=\"elementor-spacer-inner\"><\/div>\n\t\t<\/div>\n\t\t\t\t\t\t<\/div>\n\t\t\t\t<\/div>\n\t\t\t\t<section class=\"elementor-section elementor-inner-section elementor-element elementor-element-816ca08 elementor-section-boxed elementor-section-height-default elementor-section-height-default wpr-particle-no wpr-jarallax-no wpr-parallax-no wpr-sticky-section-no wpr-equal-height-no\" data-id=\"816ca08\" data-element_type=\"section\" data-e-type=\"section\" data-settings=\"{&quot;jet_parallax_layout_list&quot;:[]}\">\n\t\t\t\t\t\t<div class=\"elementor-container elementor-column-gap-default\">\n\t\t\t\t\t<div class=\"elementor-column elementor-col-50 elementor-inner-column elementor-element elementor-element-5bf2f43\" data-id=\"5bf2f43\" data-element_type=\"column\" data-e-type=\"column\">\n\t\t\t<div class=\"elementor-widget-wrap elementor-element-populated\">\n\t\t\t\t\t\t<div class=\"elementor-element elementor-element-fdc49ff elementor-widget elementor-widget-heading\" data-id=\"fdc49ff\" data-element_type=\"widget\" data-e-type=\"widget\" data-widget_type=\"heading.default\">\n\t\t\t\t<div class=\"elementor-widget-container\">\n\t\t\t\t\t<h1 class=\"elementor-heading-title elementor-size-default\">Bancario<\/h1>\t\t\t\t<\/div>\n\t\t\t\t<\/div>\n\t\t\t\t<div class=\"elementor-element elementor-element-23a35a7 elementor-widget elementor-widget-heading\" data-id=\"23a35a7\" data-element_type=\"widget\" data-e-type=\"widget\" data-widget_type=\"heading.default\">\n\t\t\t\t<div class=\"elementor-widget-container\">\n\t\t\t\t\t<h2 class=\"elementor-heading-title elementor-size-default\">Burs\u00e1til y Financiero\n<\/h2>\t\t\t\t<\/div>\n\t\t\t\t<\/div>\n\t\t\t\t<div class=\"elementor-element elementor-element-2b2b362 elementor-widget elementor-widget-spacer\" data-id=\"2b2b362\" data-element_type=\"widget\" data-e-type=\"widget\" data-widget_type=\"spacer.default\">\n\t\t\t\t<div class=\"elementor-widget-container\">\n\t\t\t\t\t\t\t<div class=\"elementor-spacer\">\n\t\t\t<div class=\"elementor-spacer-inner\"><\/div>\n\t\t<\/div>\n\t\t\t\t\t\t<\/div>\n\t\t\t\t<\/div>\n\t\t\t\t<div class=\"elementor-element elementor-element-e5bc65b elementor-widget elementor-widget-text-editor\" data-id=\"e5bc65b\" data-element_type=\"widget\" data-e-type=\"widget\" data-widget_type=\"text-editor.default\">\n\t\t\t\t<div class=\"elementor-widget-container\">\n\t\t\t\t\t\t\t\t\t<p><span style=\"color: #ffffff;\"><a style=\"color: #ffffff;\" href=\"https:\/\/goodrichriquelme.com\/es\/antitrust\/\">Competencia\nEcon\u00f3mica<\/a><\/span><\/p><p><span style=\"color: #999999;\"><a style=\"color: #999999;\" href=\"https:\/\/goodrichriquelme.com\/es\/banking-finance\/\">Bancario, Burs\u00e1til y Financiero<\/a><\/span><\/p><p><span style=\"color: #ffffff;\"><a style=\"color: #ffffff;\" href=\"https:\/\/goodrichriquelme.com\/es\/practice-areas\/bankruptcy\/\">Concursal<\/a><\/span><\/p><p><span style=\"color: #ffffff;\"><a style=\"color: #ffffff;\" href=\"https:\/\/goodrichriquelme.com\/es\/practice-areas\/corporate-and-ma\/\">Corporativo y M&amp;A<\/a><\/span><\/p><p><span style=\"color: #ffffff;\"><a style=\"color: #ffffff;\" href=\"https:\/\/goodrichriquelme.com\/es\/practice-areas\/esg-climate-change\/\">ESG y Cambio Clim\u00e1tico<\/a><\/span><\/p><p><span style=\"color: #ffffff;\"><a style=\"color: #ffffff;\" href=\"https:\/\/goodrichriquelme.com\/es\/practice-areas\/immigration\/\">Migraci\u00f3n<\/a><\/span><\/p><p><span style=\"color: #ffffff;\"><a style=\"color: #ffffff;\" href=\"https:\/\/goodrichriquelme.com\/es\/practice-areas\/intellectual-property\/\">Propiedad Intelectual<\/a><\/span><\/p><p><span style=\"color: #ffffff;\"><a style=\"color: #ffffff;\" href=\"https:\/\/goodrichriquelme.com\/es\/practice-areas\/labor-law-social-security\/\">Laboral y Seguridad Social<\/a><\/span><\/p><p><span style=\"color: #ffffff;\"><a style=\"color: #ffffff;\" href=\"https:\/\/goodrichriquelme.com\/es\/practice-areas\/litigation-adr\/\">Litigio y MASC<\/a><\/span><\/p><p><span style=\"color: #ffffff;\"><a style=\"color: #ffffff;\" href=\"https:\/\/goodrichriquelme.com\/es\/practice-areas\/tax-law-international-trade\/\">Impuestos y Comercio Exterior<\/a><\/span><\/p>\t\t\t\t\t\t\t\t<\/div>\n\t\t\t\t<\/div>\n\t\t\t\t\t<\/div>\n\t\t<\/div>\n\t\t\t\t<div class=\"elementor-column elementor-col-50 elementor-inner-column elementor-element elementor-element-1ed209d\" data-id=\"1ed209d\" data-element_type=\"column\" data-e-type=\"column\">\n\t\t\t<div class=\"elementor-widget-wrap elementor-element-populated\">\n\t\t\t\t\t\t<div class=\"elementor-element elementor-element-e355e29 elementor-widget elementor-widget-text-editor\" data-id=\"e355e29\" data-element_type=\"widget\" data-e-type=\"widget\" data-widget_type=\"text-editor.default\">\n\t\t\t\t<div class=\"elementor-widget-container\">\n\t\t\t\t\t\t\t\t\t<h6 class=\"p1\"><span style=\"color: #999999;\">Bancario<\/span><\/h6><p class=\"p1\">Nuestros expertos en el \u00e1rea financiera y burs\u00e1til ayudan a los clientes a estructurar sus operaciones de la manera m\u00e1s efectiva, enfoc\u00e1ndose en minimizar los obst\u00e1culos legales y al mismo tiempo cumpliendo con el marco jur\u00eddico vigente.<\/p>\t\t\t\t\t\t\t\t<\/div>\n\t\t\t\t<\/div>\n\t\t\t\t<div class=\"elementor-element elementor-element-37ba990 elementor-widget elementor-widget-text-editor\" data-id=\"37ba990\" data-element_type=\"widget\" data-e-type=\"widget\" data-widget_type=\"text-editor.default\">\n\t\t\t\t<div class=\"elementor-widget-container\">\n\t\t\t\t\t\t\t\t\t<h6 class=\"p1\"><span style=\"color: #999999;\">Financiero<\/span><\/h6><p class=\"p1\">Nuestro grupo est\u00e1 comprometido en alcanzar los est\u00e1ndares m\u00e1s altos de calidad a trav\u00e9s de una asesor\u00eda amplia e informada en lo referente a financiamiento de activos y operaciones de arrendamiento, financiamiento p\u00fablico, trabajo regulatorio bancario, bursatilizaciones, identificaci\u00f3n de riesgos, transacciones comerciales crediticias garantizadas y no garantizadas.<\/p>\t\t\t\t\t\t\t\t<\/div>\n\t\t\t\t<\/div>\n\t\t\t\t<div class=\"elementor-element elementor-element-6de134c elementor-widget elementor-widget-text-editor\" data-id=\"6de134c\" data-element_type=\"widget\" data-e-type=\"widget\" data-widget_type=\"text-editor.default\">\n\t\t\t\t<div class=\"elementor-widget-container\">\n\t\t\t\t\t\t\t\t\t<h6 class=\"p1\"><span style=\"color: #999999;\">Burs\u00e1til<\/span><\/h6><p class=\"p1\">Los expertos de Goodrich en mercados de capital asesoran a sus clientes sobre las ofertas de valores de todo tipo alrededor del mundo, ofreciendo la m\u00e1s amplia experiencia en transacciones complejas de valores que requieren con un asesoramiento creativo y sofisticado.<br \/>Ofrecemos una visi\u00f3n clara sobre las normatividades de las ofertas de todo tipo, permitiendo brindar un alivio a nuestros clientes.<\/p>\t\t\t\t\t\t\t\t<\/div>\n\t\t\t\t<\/div>\n\t\t\t\t<div class=\"elementor-element elementor-element-14e71ed elementor-widget elementor-widget-text-editor\" data-id=\"14e71ed\" data-element_type=\"widget\" data-e-type=\"widget\" data-widget_type=\"text-editor.default\">\n\t\t\t\t<div class=\"elementor-widget-container\">\n\t\t\t\t\t\t\t\t\t<h6 class=\"p1\"><span style=\"color: #999999;\">Seguros<\/span><\/h6><p class=\"p1\">Nuestra experiencia en seguros y reaseguros consiste en proporcionar a nuestros clientes asistencia en operaciones corporativas, adquisiciones, reorganizaciones corporativas y reestructuraciones con el fin de garantizar que sus derechos sean asegurables y se protejan o transfieran seg\u00fan sea previstos incluyendo operaciones de seguros en el \u00e1mbito concursal.<\/p>\t\t\t\t\t\t\t\t<\/div>\n\t\t\t\t<\/div>\n\t\t\t\t<div class=\"elementor-element elementor-element-dc4e34e elementor-widget elementor-widget-text-editor\" data-id=\"dc4e34e\" data-element_type=\"widget\" data-e-type=\"widget\" data-widget_type=\"text-editor.default\">\n\t\t\t\t<div class=\"elementor-widget-container\">\n\t\t\t\t\t\t\t\t\t<h6><span style=\"color: #999999;\">Servicios<\/span><\/h6><ul><li>Transacciones bancarias<\/li><li>Adquisiciones financieras<\/li><li>Pr\u00e9stamos bancarios<\/li><li>Finanzas estructuradas<\/li><li>Pr\u00e9stamos sindicales<\/li><li>Financiamiento Apalancado<\/li><li>Proyectos de finanzas<\/li><li>Financiaci\u00f3n de proyectos de infraestructura e industriales<\/li><li>Refinanciaci\u00f3n y reestructuraci\u00f3n<\/li><li>Liquidaci\u00f3n<\/li><li>Oportunidades de adquisici\u00f3n<\/li><li>Deuda y ofertas de capital<\/li><li>Derivados<\/li><li>Bursatilizaci\u00f3n<\/li><li>Seguros y reaseguros<\/li><\/ul>\t\t\t\t\t\t\t\t<\/div>\n\t\t\t\t<\/div>\n\t\t\t\t<div class=\"elementor-element elementor-element-b4b9050 elementor-widget elementor-widget-text-editor\" data-id=\"b4b9050\" data-element_type=\"widget\" data-e-type=\"widget\" data-widget_type=\"text-editor.default\">\n\t\t\t\t<div class=\"elementor-widget-container\">\n\t\t\t\t\t\t\t\t\t<h6><span style=\"color: #999999;\">Enlaces<\/span><\/h6><ul class=\"section-links\"><li><span style=\"color: #ffffff;\"><a style=\"color: #ffffff;\" href=\"http:\/\/www.banxico.org.mx\/\" target=\"_blank\" rel=\"noopener\">Banco de M\u00e9xico<\/a><\/span><\/li><li><span style=\"color: #ffffff;\"><a style=\"color: #ffffff;\" href=\"http:\/\/www.bmv.com.mx\/\" target=\"_blank\" rel=\"noopener\">Bolsa Mexicana de Valores<\/a><\/span><\/li><li><span style=\"color: #ffffff;\"><a style=\"color: #ffffff;\" href=\"http:\/\/www.cnbv.gob.mx\/\" target=\"_blank\" rel=\"noopener\">Comisi\u00f3n Nacional Bancaria y de Valores<\/a><\/span><\/li><li><span style=\"color: #ffffff;\"><a style=\"color: #ffffff;\" href=\"http:\/\/www.cnsf.gob.mx\/\" target=\"_blank\" rel=\"noopener\">Comisi\u00f3n Nacional de Seguros y Fianzas<\/a><\/span><\/li><li><span style=\"color: #ffffff;\"><a style=\"color: #ffffff;\" href=\"http:\/\/www.banxico.org.mx\/portal-mercado-cambiario\/index.html\" target=\"_blank\" rel=\"noopener\">Tipos de Cambio<\/a><\/span><\/li><li><span style=\"color: #ffffff;\"><a style=\"color: #ffffff;\" href=\"http:\/\/www.banxico.org.mx\/portal-inflacion\/index.html\" target=\"_blank\" rel=\"noopener\">Inflaci\u00f3n<\/a><\/span><\/li><li><span style=\"color: #ffffff;\"><a style=\"color: #ffffff;\" href=\"http:\/\/www.bansefi.gob.mx\/\" target=\"_blank\" rel=\"noopener\">BANSEFI<\/a><\/span><\/li><\/ul>\t\t\t\t\t\t\t\t<\/div>\n\t\t\t\t<\/div>\n\t\t\t\t<div class=\"elementor-element elementor-element-cba6448 elementor-widget elementor-widget-text-editor\" data-id=\"cba6448\" data-element_type=\"widget\" data-e-type=\"widget\" data-widget_type=\"text-editor.default\">\n\t\t\t\t<div class=\"elementor-widget-container\">\n\t\t\t\t\t\t\t\t\t<h6><span style=\"color: #999999;\">Bluebook<\/span><\/h6><ul class=\"section-links\"><li><span style=\"color: #ffffff;\"><a style=\"color: #ffffff;\" href=\"http:\/\/goodrichriquelme.com\/es\/pdf\/c-12-bankruptcy.pdf\/\">C \u2013 12 Concursos Mercantiles<\/a><\/span><\/li><li><span style=\"color: #ffffff;\"><a style=\"color: #ffffff;\" href=\"http:\/\/goodrichriquelme.com\/es\/pdf\/c3-banking-securities-finance.pdf\/\">C3 \u2013 Bancario, Burs\u00e1til y Financiero<\/a><\/span><\/li><li><span style=\"color: #ffffff;\"><a style=\"color: #ffffff;\" href=\"http:\/\/goodrichriquelme.com\/es\/pdf\/c11-secured-transactions.pdf\/\">C \u2013 11 Garant\u00edas<\/a><\/span><\/li><li><span style=\"color: #ffffff;\"><a style=\"color: #ffffff;\" href=\"http:\/\/goodrichriquelme.com\/es\/pdf\/securing-transactions-2.pdf\/\">Otorgamiento de Garant\u00edas Crediticias<\/a><\/span><\/li><\/ul>\t\t\t\t\t\t\t\t<\/div>\n\t\t\t\t<\/div>\n\t\t\t\t<div class=\"elementor-element elementor-element-e4a3fd5 elementor-widget elementor-widget-spacer\" data-id=\"e4a3fd5\" data-element_type=\"widget\" data-e-type=\"widget\" data-widget_type=\"spacer.default\">\n\t\t\t\t<div class=\"elementor-widget-container\">\n\t\t\t\t\t\t\t<div class=\"elementor-spacer\">\n\t\t\t<div class=\"elementor-spacer-inner\"><\/div>\n\t\t<\/div>\n\t\t\t\t\t\t<\/div>\n\t\t\t\t<\/div>\n\t\t\t\t\t<\/div>\n\t\t<\/div>\n\t\t\t\t\t<\/div>\n\t\t<\/section>\n\t\t\t\t\t<\/div>\n\t\t<\/div>\n\t\t\t\t\t<\/div>\n\t\t<\/section>\n\t\t\t\t<\/div>","protected":false},"excerpt":{"rendered":"<p>Banking &amp; Finance Antitrust Banking &amp; Finance Bankruptcy Corporate and M&amp;A ESG &amp; Climate Change Immigration Intellectual Property Labor Law &amp; Social Security Litigation &amp; ADR Tax Law &amp; International Trade Banking Goodrich\u2019s finance and securities experts help clients structure their businesses in the most efficient way, by focusing on minimizing regulatory obstacles while at the same time complying with regulations. Finance Our group is committed to meeting the highest quality standards when offering comprehensive and informed support counseling for asset financing and leasing transactions, public finance, banking regulatory work, securitization, risk identification, secure and unsecured commercial credit transactions. Capital Markets Goodrich\u2019s capital markets experts help clients for advice on securities offerings of all kinds around the world, offering substantial experience in the most complex securities transactions that require highly creative and sophisticated advice.We provide clear insight into regulatory considerations in offerings of all types; this has frequently enabled us to obtain regulatory relief for our clients. Insurance Our expertise in insurance and re-insurance matters entails providing our clients with assistance on corporate transactions, acquisitions, corporate reorganizations and restructurings in order to assure that their insurance rights are protected or transferred as contemplated by dealmakers, including acting as debtor\u2019s insurance in bankruptcies.We provide clear insight into regulatory considerations in offerings of all types; this has frequently enabled us to obtain regulatory relief for our clients. Services Banking transactions Acquisitions finance General bank lending Structured finance Syndicated lending Leveraged finance Project finance Financing of infrastructure and industrial projects Refinancing and restructuring Liquidation Acquisition opportunities Debt &amp; Equity offerings Derivatives Securitization Insurance and reinsurance matters Links Central Bank of Mexico Mexican Stock Exchange National Banking and Securities Commission National Insurance and Bonds Commission Exchange Rates Inflation BANSEFI Bluebook C \u2013 12 Bankruptcy C3 \u2013 Banking, Securities &amp; Finance C \u2013 11 Secured Transactions Securing Transactions<\/p>","protected":false},"author":1,"featured_media":0,"parent":26112,"menu_order":0,"comment_status":"closed","ping_status":"closed","template":"elementor_header_footer","meta":{"_acf_changed":false,"rs_blank_template":"","rs_page_bg_color":"","slide_template_v7":"","footnotes":""},"class_list":["post-26124","page","type-page","status-publish","hentry"],"acf":[],"_links":{"self":[{"href":"https:\/\/goodrichriquelme.com\/es\/wp-json\/wp\/v2\/pages\/26124","targetHints":{"allow":["GET"]}}],"collection":[{"href":"https:\/\/goodrichriquelme.com\/es\/wp-json\/wp\/v2\/pages"}],"about":[{"href":"https:\/\/goodrichriquelme.com\/es\/wp-json\/wp\/v2\/types\/page"}],"author":[{"embeddable":true,"href":"https:\/\/goodrichriquelme.com\/es\/wp-json\/wp\/v2\/users\/1"}],"replies":[{"embeddable":true,"href":"https:\/\/goodrichriquelme.com\/es\/wp-json\/wp\/v2\/comments?post=26124"}],"version-history":[{"count":25,"href":"https:\/\/goodrichriquelme.com\/es\/wp-json\/wp\/v2\/pages\/26124\/revisions"}],"predecessor-version":[{"id":27572,"href":"https:\/\/goodrichriquelme.com\/es\/wp-json\/wp\/v2\/pages\/26124\/revisions\/27572"}],"up":[{"embeddable":true,"href":"https:\/\/goodrichriquelme.com\/es\/wp-json\/wp\/v2\/pages\/26112"}],"wp:attachment":[{"href":"https:\/\/goodrichriquelme.com\/es\/wp-json\/wp\/v2\/media?parent=26124"}],"curies":[{"name":"wp","href":"https:\/\/api.w.org\/{rel}","templated":true}]}}