{"id":26127,"date":"2024-10-21T15:03:39","date_gmt":"2024-10-21T21:03:39","guid":{"rendered":"https:\/\/goodrichriquelme.com\/?page_id=26127"},"modified":"2024-10-30T10:15:41","modified_gmt":"2024-10-30T16:15:41","slug":"bankruptcy","status":"publish","type":"page","link":"https:\/\/goodrichriquelme.com\/es\/practice-areas\/bankruptcy\/","title":{"rendered":"Concursal"},"content":{"rendered":"<div data-elementor-type=\"wp-page\" data-elementor-id=\"26127\" class=\"elementor elementor-26127\">\n\t\t\t\t\t\t<section class=\"elementor-section elementor-top-section elementor-element elementor-element-f4a471d elementor-section-content-top elementor-section-boxed elementor-section-height-default elementor-section-height-default wpr-particle-no wpr-jarallax-no wpr-parallax-no wpr-sticky-section-no wpr-equal-height-no\" data-id=\"f4a471d\" data-element_type=\"section\" data-e-type=\"section\" data-settings=\"{&quot;jet_parallax_layout_list&quot;:[],&quot;background_background&quot;:&quot;classic&quot;}\">\n\t\t\t\t\t\t\t<div class=\"elementor-background-overlay\"><\/div>\n\t\t\t\t\t\t\t<div class=\"elementor-container elementor-column-gap-default\">\n\t\t\t\t\t<div class=\"elementor-column elementor-col-100 elementor-top-column elementor-element elementor-element-f4597be\" data-id=\"f4597be\" data-element_type=\"column\" data-e-type=\"column\">\n\t\t\t<div class=\"elementor-widget-wrap elementor-element-populated\">\n\t\t\t\t\t\t<div class=\"elementor-element elementor-element-6af5e22 elementor-widget elementor-widget-spacer\" data-id=\"6af5e22\" data-element_type=\"widget\" data-e-type=\"widget\" data-widget_type=\"spacer.default\">\n\t\t\t\t<div class=\"elementor-widget-container\">\n\t\t\t\t\t\t\t<div class=\"elementor-spacer\">\n\t\t\t<div class=\"elementor-spacer-inner\"><\/div>\n\t\t<\/div>\n\t\t\t\t\t\t<\/div>\n\t\t\t\t<\/div>\n\t\t\t\t<section class=\"elementor-section elementor-inner-section elementor-element elementor-element-816ca08 elementor-section-boxed elementor-section-height-default elementor-section-height-default wpr-particle-no wpr-jarallax-no wpr-parallax-no wpr-sticky-section-no wpr-equal-height-no\" data-id=\"816ca08\" data-element_type=\"section\" data-e-type=\"section\" data-settings=\"{&quot;jet_parallax_layout_list&quot;:[]}\">\n\t\t\t\t\t\t<div class=\"elementor-container elementor-column-gap-default\">\n\t\t\t\t\t<div class=\"elementor-column elementor-col-50 elementor-inner-column elementor-element elementor-element-5bf2f43\" data-id=\"5bf2f43\" data-element_type=\"column\" data-e-type=\"column\">\n\t\t\t<div class=\"elementor-widget-wrap elementor-element-populated\">\n\t\t\t\t\t\t<div class=\"elementor-element elementor-element-fdc49ff elementor-widget elementor-widget-heading\" data-id=\"fdc49ff\" data-element_type=\"widget\" data-e-type=\"widget\" data-widget_type=\"heading.default\">\n\t\t\t\t<div class=\"elementor-widget-container\">\n\t\t\t\t\t<h1 class=\"elementor-heading-title elementor-size-default\">Concursal<\/h1>\t\t\t\t<\/div>\n\t\t\t\t<\/div>\n\t\t\t\t<div class=\"elementor-element elementor-element-2b2b362 elementor-widget elementor-widget-spacer\" data-id=\"2b2b362\" data-element_type=\"widget\" data-e-type=\"widget\" data-widget_type=\"spacer.default\">\n\t\t\t\t<div class=\"elementor-widget-container\">\n\t\t\t\t\t\t\t<div class=\"elementor-spacer\">\n\t\t\t<div class=\"elementor-spacer-inner\"><\/div>\n\t\t<\/div>\n\t\t\t\t\t\t<\/div>\n\t\t\t\t<\/div>\n\t\t\t\t<div class=\"elementor-element elementor-element-5ad62d1 elementor-widget elementor-widget-text-editor\" data-id=\"5ad62d1\" data-element_type=\"widget\" data-e-type=\"widget\" data-widget_type=\"text-editor.default\">\n\t\t\t\t<div class=\"elementor-widget-container\">\n\t\t\t\t\t\t\t\t\t<p><span style=\"color: #ffffff;\"><a style=\"color: #ffffff;\" href=\"https:\/\/goodrichriquelme.com\/es\/antitrust\/\">Competencia\nEcon\u00f3mica<\/a><\/span><\/p><p><span style=\"color: #ffffff;\"><a style=\"color: #ffffff;\" href=\"https:\/\/goodrichriquelme.com\/es\/banking-finance\/\">Bancario, Burs\u00e1til y Financiero<\/a><\/span><\/p><p><span style=\"color: #999999;\"><a style=\"color: #999999;\" href=\"https:\/\/goodrichriquelme.com\/es\/practice-areas\/bankruptcy\/\">Concursal<\/a><\/span><\/p><p><span style=\"color: #ffffff;\"><a style=\"color: #ffffff;\" href=\"https:\/\/goodrichriquelme.com\/es\/practice-areas\/corporate-and-ma\/\">Corporativo y M&amp;A<\/a><\/span><\/p><p><span style=\"color: #ffffff;\"><a style=\"color: #ffffff;\" href=\"https:\/\/goodrichriquelme.com\/es\/practice-areas\/esg-climate-change\/\">ESG y Cambio Clim\u00e1tico<\/a><\/span><\/p><p><span style=\"color: #ffffff;\"><a style=\"color: #ffffff;\" href=\"https:\/\/goodrichriquelme.com\/es\/practice-areas\/immigration\/\">Migraci\u00f3n<\/a><\/span><\/p><p><span style=\"color: #ffffff;\"><a style=\"color: #ffffff;\" href=\"https:\/\/goodrichriquelme.com\/es\/practice-areas\/intellectual-property\/\">Propiedad Intelectual<\/a><\/span><\/p><p><span style=\"color: #ffffff;\"><a style=\"color: #ffffff;\" href=\"https:\/\/goodrichriquelme.com\/es\/practice-areas\/labor-law-social-security\/\">Laboral y Seguridad Social<\/a><\/span><\/p><p><span style=\"color: #ffffff;\"><a style=\"color: #ffffff;\" href=\"https:\/\/goodrichriquelme.com\/es\/practice-areas\/litigation-adr\/\">Litigio y MASC<\/a><\/span><\/p><p><span style=\"color: #ffffff;\"><a style=\"color: #ffffff;\" href=\"https:\/\/goodrichriquelme.com\/es\/practice-areas\/tax-law-international-trade\/\">Impuestos y Comercio Exterior<\/a><\/span><\/p>\t\t\t\t\t\t\t\t<\/div>\n\t\t\t\t<\/div>\n\t\t\t\t\t<\/div>\n\t\t<\/div>\n\t\t\t\t<div class=\"elementor-column elementor-col-50 elementor-inner-column elementor-element elementor-element-1ed209d\" data-id=\"1ed209d\" data-element_type=\"column\" data-e-type=\"column\">\n\t\t\t<div class=\"elementor-widget-wrap elementor-element-populated\">\n\t\t\t\t\t\t<div class=\"elementor-element elementor-element-dfd09b6 elementor-widget elementor-widget-text-editor\" data-id=\"dfd09b6\" data-element_type=\"widget\" data-e-type=\"widget\" data-widget_type=\"text-editor.default\">\n\t\t\t\t<div class=\"elementor-widget-container\">\n\t\t\t\t\t\t\t\t\t<p>Nuestra pr\u00e1ctica en el \u00e1rea cuenta con los conocimientos t\u00e9cnicos y la experiencia para ayudar a nuestros clientes, nacionales y extranjeros, en todos los aspectos relacionados con los procedimientos de conciliaci\u00f3n con acreedores, as\u00ed como con la reesctructuraci\u00f3n financiera, cuestiones de insolvencia, litigios y refinanciamiento, abarcando el Cap\u00edtulo 11 de reorganizaciones. (EE.UU.)<\/p>\t\t\t\t\t\t\t\t<\/div>\n\t\t\t\t<\/div>\n\t\t\t\t<div class=\"elementor-element elementor-element-1a876ae elementor-widget elementor-widget-text-editor\" data-id=\"1a876ae\" data-element_type=\"widget\" data-e-type=\"widget\" data-widget_type=\"text-editor.default\">\n\t\t\t\t<div class=\"elementor-widget-container\">\n\t\t\t\t\t\t\t\t\t<h6 class=\"p1\"><span style=\"color: #999999;\">Servicios<\/span><\/h6><ul class=\"section-links\"><li>Procedimientos conciliatorios<\/li><li>Reestructuraci\u00f3n financiera<\/li><li>Procedimientos de insolvencia<\/li><li>Litigios<\/li><li>Cap\u00edtulo 11 reorganizaciones (EE.UU.)<\/li><li>Transaccional<\/li><\/ul>\t\t\t\t\t\t\t\t<\/div>\n\t\t\t\t<\/div>\n\t\t\t\t<div class=\"elementor-element elementor-element-596f209 elementor-widget elementor-widget-text-editor\" data-id=\"596f209\" data-element_type=\"widget\" data-e-type=\"widget\" data-widget_type=\"text-editor.default\">\n\t\t\t\t<div class=\"elementor-widget-container\">\n\t\t\t\t\t\t\t\t\t<h6 class=\"p1\"><span style=\"color: #999999;\">Enlaces<\/span><\/h6><ul class=\"section-links\"><li style=\"box-sizing: content-box; font-family: Montserrat, sans-serif !important;\"><a style=\"box-sizing: content-box; color: #ebf6ff;\" href=\"http:\/\/www.ifecom.cjf.gob.mx\/\" target=\"_blank\" rel=\"noopener\">IFECOM<\/a><\/li><li style=\"box-sizing: content-box; font-family: Montserrat, sans-serif !important;\"><a style=\"box-sizing: content-box; color: #ebf6ff;\" href=\"http:\/\/www.uncitral.org\/uncitral\/en\/commission\/working_groups\/5Insolvency.html\" target=\"_blank\" rel=\"noopener\">UNCITRAL<\/a><\/li><li style=\"box-sizing: content-box; font-family: Montserrat, sans-serif !important;\"><a style=\"box-sizing: content-box; color: #ebf6ff;\" href=\"http:\/\/www.insolvencyreg.org\/\" target=\"_blank\" rel=\"noopener\">IAIR<\/a><\/li><li style=\"box-sizing: content-box; font-family: Montserrat, sans-serif !important;\"><a style=\"box-sizing: content-box; color: #ebf6ff;\" href=\"http:\/\/www.diputados.gob.mx\/LeyesBiblio\/pdf\/29.pdf\" target=\"_blank\" rel=\"noopener\">Insolvency Law<\/a><\/li><\/ul>\t\t\t\t\t\t\t\t<\/div>\n\t\t\t\t<\/div>\n\t\t\t\t<div class=\"elementor-element elementor-element-e81fc86 elementor-widget elementor-widget-text-editor\" data-id=\"e81fc86\" data-element_type=\"widget\" data-e-type=\"widget\" data-widget_type=\"text-editor.default\">\n\t\t\t\t<div class=\"elementor-widget-container\">\n\t\t\t\t\t\t\t\t\t<h6><span style=\"color: #999999;\">Bluebook<\/span><\/h6><ul><li style=\"box-sizing: content-box; font-family: Montserrat, sans-serif !important;\"><span style=\"color: #ffffff;\"><a style=\"color: #ffffff;\" href=\"https:\/\/goodrichriquelme.com\/wp-content\/uploads\/2024\/10\/merger-transformation-and-dissolution-of-business-entities-2.pdf\" target=\"_blank\" rel=\"noopener\">Fusi\u00f3n, Transformaci\u00f3n y Disoluci\u00f3n de Entidades de Negocios<\/a><\/span><\/li><\/ul>\t\t\t\t\t\t\t\t<\/div>\n\t\t\t\t<\/div>\n\t\t\t\t<div class=\"elementor-element elementor-element-e4a3fd5 elementor-widget elementor-widget-spacer\" data-id=\"e4a3fd5\" data-element_type=\"widget\" data-e-type=\"widget\" data-widget_type=\"spacer.default\">\n\t\t\t\t<div class=\"elementor-widget-container\">\n\t\t\t\t\t\t\t<div class=\"elementor-spacer\">\n\t\t\t<div class=\"elementor-spacer-inner\"><\/div>\n\t\t<\/div>\n\t\t\t\t\t\t<\/div>\n\t\t\t\t<\/div>\n\t\t\t\t\t<\/div>\n\t\t<\/div>\n\t\t\t\t\t<\/div>\n\t\t<\/section>\n\t\t\t\t\t<\/div>\n\t\t<\/div>\n\t\t\t\t\t<\/div>\n\t\t<\/section>\n\t\t\t\t<\/div>","protected":false},"excerpt":{"rendered":"<p>Bankruptcy Antitrust Banking &amp; Finance Bankruptcy Corporate and M&amp;A ESG &amp; Climate Change Immigration Intellectual Property Labor Law &amp; Social Security Litigation &amp; ADR Tax Law &amp; International Trade Our practice has the technical expertise and experience to help our clients in all aspects related to conciliation procedures with creditors and financial restructuring, as well as those related to insolvency matters, including litigation matters. Our experience includes both cross-border and domestic restructurings and refinancing, including Chapter 11 reorganisations. (USA) Services Conciliation proceedings Financial restructuring Insolvency proceedings Litigation Chapter 11 reorganizations Transactional Links IFECOM UNCITRAL IAIR Insolvency Law Bluebook Merger, Transformation And Dissolution Of Business Entities<\/p>","protected":false},"author":1,"featured_media":0,"parent":26112,"menu_order":0,"comment_status":"closed","ping_status":"closed","template":"elementor_header_footer","meta":{"_acf_changed":false,"rs_blank_template":"","rs_page_bg_color":"","slide_template_v7":"","footnotes":""},"class_list":["post-26127","page","type-page","status-publish","hentry"],"acf":[],"_links":{"self":[{"href":"https:\/\/goodrichriquelme.com\/es\/wp-json\/wp\/v2\/pages\/26127","targetHints":{"allow":["GET"]}}],"collection":[{"href":"https:\/\/goodrichriquelme.com\/es\/wp-json\/wp\/v2\/pages"}],"about":[{"href":"https:\/\/goodrichriquelme.com\/es\/wp-json\/wp\/v2\/types\/page"}],"author":[{"embeddable":true,"href":"https:\/\/goodrichriquelme.com\/es\/wp-json\/wp\/v2\/users\/1"}],"replies":[{"embeddable":true,"href":"https:\/\/goodrichriquelme.com\/es\/wp-json\/wp\/v2\/comments?post=26127"}],"version-history":[{"count":28,"href":"https:\/\/goodrichriquelme.com\/es\/wp-json\/wp\/v2\/pages\/26127\/revisions"}],"predecessor-version":[{"id":27575,"href":"https:\/\/goodrichriquelme.com\/es\/wp-json\/wp\/v2\/pages\/26127\/revisions\/27575"}],"up":[{"embeddable":true,"href":"https:\/\/goodrichriquelme.com\/es\/wp-json\/wp\/v2\/pages\/26112"}],"wp:attachment":[{"href":"https:\/\/goodrichriquelme.com\/es\/wp-json\/wp\/v2\/media?parent=26127"}],"curies":[{"name":"wp","href":"https:\/\/api.w.org\/{rel}","templated":true}]}}