{"id":26129,"date":"2024-10-21T15:04:20","date_gmt":"2024-10-21T21:04:20","guid":{"rendered":"https:\/\/goodrichriquelme.com\/?page_id=26129"},"modified":"2024-10-30T10:16:11","modified_gmt":"2024-10-30T16:16:11","slug":"corporate-and-ma","status":"publish","type":"page","link":"https:\/\/goodrichriquelme.com\/es\/practice-areas\/corporate-and-ma\/","title":{"rendered":"Corporate and M&#038;A"},"content":{"rendered":"<div data-elementor-type=\"wp-page\" data-elementor-id=\"26129\" class=\"elementor elementor-26129\">\n\t\t\t\t\t\t<section class=\"elementor-section elementor-top-section elementor-element elementor-element-f4a471d elementor-section-content-top elementor-section-boxed elementor-section-height-default elementor-section-height-default wpr-particle-no wpr-jarallax-no wpr-parallax-no wpr-sticky-section-no wpr-equal-height-no\" data-id=\"f4a471d\" data-element_type=\"section\" data-e-type=\"section\" data-settings=\"{&quot;jet_parallax_layout_list&quot;:[],&quot;background_background&quot;:&quot;classic&quot;}\">\n\t\t\t\t\t\t\t<div class=\"elementor-background-overlay\"><\/div>\n\t\t\t\t\t\t\t<div class=\"elementor-container elementor-column-gap-default\">\n\t\t\t\t\t<div class=\"elementor-column elementor-col-100 elementor-top-column elementor-element elementor-element-f4597be\" data-id=\"f4597be\" data-element_type=\"column\" data-e-type=\"column\">\n\t\t\t<div class=\"elementor-widget-wrap elementor-element-populated\">\n\t\t\t\t\t\t<div class=\"elementor-element elementor-element-6af5e22 elementor-widget elementor-widget-spacer\" data-id=\"6af5e22\" data-element_type=\"widget\" data-e-type=\"widget\" data-widget_type=\"spacer.default\">\n\t\t\t\t<div class=\"elementor-widget-container\">\n\t\t\t\t\t\t\t<div class=\"elementor-spacer\">\n\t\t\t<div class=\"elementor-spacer-inner\"><\/div>\n\t\t<\/div>\n\t\t\t\t\t\t<\/div>\n\t\t\t\t<\/div>\n\t\t\t\t<section class=\"elementor-section elementor-inner-section elementor-element elementor-element-816ca08 elementor-section-boxed elementor-section-height-default elementor-section-height-default wpr-particle-no wpr-jarallax-no wpr-parallax-no wpr-sticky-section-no wpr-equal-height-no\" data-id=\"816ca08\" data-element_type=\"section\" data-e-type=\"section\" data-settings=\"{&quot;jet_parallax_layout_list&quot;:[]}\">\n\t\t\t\t\t\t<div class=\"elementor-container elementor-column-gap-default\">\n\t\t\t\t\t<div class=\"elementor-column elementor-col-50 elementor-inner-column elementor-element elementor-element-5bf2f43\" data-id=\"5bf2f43\" data-element_type=\"column\" data-e-type=\"column\">\n\t\t\t<div class=\"elementor-widget-wrap elementor-element-populated\">\n\t\t\t\t\t\t<div class=\"elementor-element elementor-element-fdc49ff elementor-widget elementor-widget-heading\" data-id=\"fdc49ff\" data-element_type=\"widget\" data-e-type=\"widget\" data-widget_type=\"heading.default\">\n\t\t\t\t<div class=\"elementor-widget-container\">\n\t\t\t\t\t<h1 class=\"elementor-heading-title elementor-size-default\">Corporativo<\/h1>\t\t\t\t<\/div>\n\t\t\t\t<\/div>\n\t\t\t\t<div class=\"elementor-element elementor-element-23a35a7 elementor-widget elementor-widget-heading\" data-id=\"23a35a7\" data-element_type=\"widget\" data-e-type=\"widget\" data-widget_type=\"heading.default\">\n\t\t\t\t<div class=\"elementor-widget-container\">\n\t\t\t\t\t<h2 class=\"elementor-heading-title elementor-size-default\">y M&amp;A<\/h2>\t\t\t\t<\/div>\n\t\t\t\t<\/div>\n\t\t\t\t<div class=\"elementor-element elementor-element-2b2b362 elementor-widget elementor-widget-spacer\" data-id=\"2b2b362\" data-element_type=\"widget\" data-e-type=\"widget\" data-widget_type=\"spacer.default\">\n\t\t\t\t<div class=\"elementor-widget-container\">\n\t\t\t\t\t\t\t<div class=\"elementor-spacer\">\n\t\t\t<div class=\"elementor-spacer-inner\"><\/div>\n\t\t<\/div>\n\t\t\t\t\t\t<\/div>\n\t\t\t\t<\/div>\n\t\t\t\t<div class=\"elementor-element elementor-element-c86c2f7 elementor-widget elementor-widget-text-editor\" data-id=\"c86c2f7\" data-element_type=\"widget\" data-e-type=\"widget\" data-widget_type=\"text-editor.default\">\n\t\t\t\t<div class=\"elementor-widget-container\">\n\t\t\t\t\t\t\t\t\t<p><span style=\"color: #ffffff;\"><a style=\"color: #ffffff;\" href=\"https:\/\/goodrichriquelme.com\/es\/antitrust\/\">Competencia\nEcon\u00f3mica<\/a><\/span><\/p><p><span style=\"color: #ffffff;\"><a style=\"color: #ffffff;\" href=\"https:\/\/goodrichriquelme.com\/es\/banking-finance\/\">Bancario, Burs\u00e1til y Financiero<\/a><\/span><\/p><p><span style=\"color: #ffffff;\"><a style=\"color: #ffffff;\" href=\"https:\/\/goodrichriquelme.com\/es\/practice-areas\/bankruptcy\/\">Concursal<\/a><\/span><\/p><p><span style=\"color: #999999;\"><a style=\"color: #999999;\" href=\"https:\/\/goodrichriquelme.com\/es\/practice-areas\/corporate-and-ma\/\">Corporativo y M&amp;A<\/a><\/span><\/p><p><span style=\"color: #ffffff;\"><a style=\"color: #ffffff;\" href=\"https:\/\/goodrichriquelme.com\/es\/practice-areas\/esg-climate-change\/\">ESG y Cambio Clim\u00e1tico<\/a><\/span><\/p><p><span style=\"color: #ffffff;\"><a style=\"color: #ffffff;\" href=\"https:\/\/goodrichriquelme.com\/es\/practice-areas\/immigration\/\">Migraci\u00f3n<\/a><\/span><\/p><p><span style=\"color: #ffffff;\"><a style=\"color: #ffffff;\" href=\"https:\/\/goodrichriquelme.com\/es\/practice-areas\/intellectual-property\/\">Propiedad Intelectual<\/a><\/span><\/p><p><span style=\"color: #ffffff;\"><a style=\"color: #ffffff;\" href=\"https:\/\/goodrichriquelme.com\/es\/practice-areas\/labor-law-social-security\/\">Laboral y Seguridad Social<\/a><\/span><\/p><p><span style=\"color: #ffffff;\"><a style=\"color: #ffffff;\" href=\"https:\/\/goodrichriquelme.com\/es\/practice-areas\/litigation-adr\/\">Litigio y MASC<\/a><\/span><\/p><p><span style=\"color: #ffffff;\"><a style=\"color: #ffffff;\" href=\"https:\/\/goodrichriquelme.com\/es\/practice-areas\/tax-law-international-trade\/\">Impuestos y Comercio Exterior<\/a><\/span><\/p>\t\t\t\t\t\t\t\t<\/div>\n\t\t\t\t<\/div>\n\t\t\t\t\t<\/div>\n\t\t<\/div>\n\t\t\t\t<div class=\"elementor-column elementor-col-50 elementor-inner-column elementor-element elementor-element-1ed209d\" data-id=\"1ed209d\" data-element_type=\"column\" data-e-type=\"column\">\n\t\t\t<div class=\"elementor-widget-wrap elementor-element-populated\">\n\t\t\t\t\t\t<div class=\"elementor-element elementor-element-a29818b elementor-widget elementor-widget-text-editor\" data-id=\"a29818b\" data-element_type=\"widget\" data-e-type=\"widget\" data-widget_type=\"text-editor.default\">\n\t\t\t\t<div class=\"elementor-widget-container\">\n\t\t\t\t\t\t\t\t\t<p class=\"p1\">Nuestro equipo se encuentra capacitado para iniciar y desarrollar cualquier actividad comercial, expandir m\u00e1rgenes de ingresos, llevar a cabo grandes transacciones, y\/o reducir los riesgos comerciales gracias al otorgamiento de servicios de la m\u00e1s alta calidad. Nuestros abogados corporativos cuentan con la m\u00e1s amplia experiencia en transacciones complejas de alto valor y de clase mundial.<\/p>\t\t\t\t\t\t\t\t<\/div>\n\t\t\t\t<\/div>\n\t\t\t\t<div class=\"elementor-element elementor-element-e483e1f elementor-widget elementor-widget-text-editor\" data-id=\"e483e1f\" data-element_type=\"widget\" data-e-type=\"widget\" data-widget_type=\"text-editor.default\">\n\t\t\t\t<div class=\"elementor-widget-container\">\n\t\t\t\t\t\t\t\t\t<h6><span style=\"color: #999999;\">Servicios<\/span><\/h6><ul><li style=\"box-sizing: content-box; font-family: Montserrat, sans-serif !important;\">Transacciones bancarias<\/li><li style=\"box-sizing: content-box; font-family: Montserrat, sans-serif !important;\">Adquisiciones financieras<\/li><li style=\"box-sizing: content-box; font-family: Montserrat, sans-serif !important;\">Pr\u00e9stamos bancarios<\/li><li style=\"box-sizing: content-box; font-family: Montserrat, sans-serif !important;\">Finanzas estructuradas<\/li><li style=\"box-sizing: content-box; font-family: Montserrat, sans-serif !important;\">Pr\u00e9stamos sindicales<\/li><li style=\"box-sizing: content-box; font-family: Montserrat, sans-serif !important;\">Financiamiento Apalancado<\/li><li style=\"box-sizing: content-box; font-family: Montserrat, sans-serif !important;\">Proyectos de finanzas<\/li><li style=\"box-sizing: content-box; font-family: Montserrat, sans-serif !important;\">Financiaci\u00f3n de proyectos de infraestructura e industriales<\/li><li style=\"box-sizing: content-box; font-family: Montserrat, sans-serif !important;\">Refinanciaci\u00f3n y reestructuraci\u00f3n<\/li><li style=\"box-sizing: content-box; font-family: Montserrat, sans-serif !important;\">Liquidaci\u00f3n<\/li><li style=\"box-sizing: content-box; font-family: Montserrat, sans-serif !important;\">Oportunidades de adquisici\u00f3n<\/li><li style=\"box-sizing: content-box; font-family: Montserrat, sans-serif !important;\">Deuda y ofertas de capital<\/li><li style=\"box-sizing: content-box; font-family: Montserrat, sans-serif !important;\">Derivados<\/li><li style=\"box-sizing: content-box; font-family: Montserrat, sans-serif !important;\">Bursatilizaci\u00f3n<\/li><li style=\"box-sizing: content-box; font-family: Montserrat, sans-serif !important;\">Seguros y reaseguros<\/li><\/ul>\t\t\t\t\t\t\t\t<\/div>\n\t\t\t\t<\/div>\n\t\t\t\t<div class=\"elementor-element elementor-element-ce9748e elementor-widget elementor-widget-text-editor\" data-id=\"ce9748e\" data-element_type=\"widget\" data-e-type=\"widget\" data-widget_type=\"text-editor.default\">\n\t\t\t\t<div class=\"elementor-widget-container\">\n\t\t\t\t\t\t\t\t\t<h6><span style=\"color: #999999;\">Enlaces<\/span><\/h6><ul><li style=\"box-sizing: content-box; font-family: Montserrat, sans-serif !important;\"><span style=\"color: #ffffff;\"><a style=\"box-sizing: content-box; outline: 0px; color: #ffffff;\" href=\"http:\/\/www.profeco.gob.mx\/\" target=\"_blank\" rel=\"noopener\">PROFECO<\/a><\/span><\/li><li style=\"box-sizing: content-box; font-family: Montserrat, sans-serif !important;\"><a style=\"box-sizing: content-box; color: #ebf6ff;\" href=\"http:\/\/www.economia.gob.mx\/\" target=\"_blank\" rel=\"noopener\">Secretar\u00eda de Econom\u00eda<\/a><\/li><li style=\"box-sizing: content-box; font-family: Montserrat, sans-serif !important;\"><a style=\"box-sizing: content-box; color: #ebf6ff;\" href=\"http:\/\/www.sre.gob.mx\/\" target=\"_blank\" rel=\"noopener\">Secretar\u00eda de Relaciones Exteriores<\/a><\/li><\/ul>\t\t\t\t\t\t\t\t<\/div>\n\t\t\t\t<\/div>\n\t\t\t\t<div class=\"elementor-element elementor-element-b6bd7e7 elementor-widget elementor-widget-text-editor\" data-id=\"b6bd7e7\" data-element_type=\"widget\" data-e-type=\"widget\" data-widget_type=\"text-editor.default\">\n\t\t\t\t<div class=\"elementor-widget-container\">\n\t\t\t\t\t\t\t\t\t<h6><span style=\"color: #999999;\">Bluebook<\/span><\/h6><ul><li style=\"box-sizing: content-box;\"><span style=\"color: #ffffff;\"><a style=\"color: #ffffff;\" href=\"https:\/\/goodrichriquelme.com\/wp-content\/uploads\/2024\/10\/c-10-public-procurement_ES.pdf\" target=\"_blank\" rel=\"noopener\">C \u2013 2 Inversi\u00f3n Extranjera<\/a><\/span><\/li><li style=\"box-sizing: content-box;\"><span style=\"color: #ffffff;\"><a style=\"color: #ffffff;\" href=\"https:\/\/goodrichriquelme.com\/wp-content\/uploads\/2024\/10\/c-10-public-procurement.pdf\" target=\"_blank\" rel=\"noopener\"><span style=\"font-family: Montserrat, sans-serif;\">C \u2013 10 Contrataci\u00f3n P\u00fablica<\/span><\/a><\/span><\/li><li style=\"box-sizing: content-box;\"><span style=\"color: #ffffff;\"><a style=\"color: #ffffff;\" href=\"https:\/\/goodrichriquelme.com\/wp-content\/uploads\/2024\/10\/c-4-corporate-matters_ES.pdf\" target=\"_blank\" rel=\"noopener\"><span style=\"font-family: Montserrat, sans-serif;\">C \u2013 4 Corporativo<\/span><\/a><\/span><\/li><li style=\"box-sizing: content-box;\"><span style=\"color: #ffffff;\"><a style=\"color: #ffffff;\" href=\"https:\/\/goodrichriquelme.com\/wp-content\/uploads\/2024\/10\/c-11-secured-transactions_ES.pdf\" target=\"_blank\" rel=\"noopener\"><span style=\"font-family: Montserrat, sans-serif;\">C \u2013 11 Garant\u00edas<\/span><\/a><\/span><\/li><li style=\"box-sizing: content-box;\"><span style=\"color: #ffffff;\"><a style=\"color: #ffffff;\" href=\"https:\/\/goodrichriquelme.com\/wp-content\/uploads\/2024\/10\/direct-investment.pdf\" target=\"_blank\" rel=\"noopener\"><span style=\"font-family: Montserrat, sans-serif;\">Inversi\u00f3n Directa<\/span><\/a><\/span><\/li><li style=\"box-sizing: content-box;\"><span style=\"color: #ffffff;\"><a style=\"color: #ffffff;\" href=\"https:\/\/goodrichriquelme.com\/wp-content\/uploads\/2024\/10\/investment-general-considerations.pdf\" target=\"_blank\" rel=\"noopener\"><span style=\"font-family: Montserrat, sans-serif;\">Consideraciones Generales de Inversi\u00f3n<\/span><\/a><\/span><\/li><li style=\"box-sizing: content-box;\"><span style=\"color: #ffffff;\"><a style=\"color: #ffffff;\" href=\"https:\/\/goodrichriquelme.com\/wp-content\/uploads\/2024\/10\/investment-framewok.pdf\" target=\"_blank\" rel=\"noopener\"><span style=\"font-family: Montserrat, sans-serif;\">Marco de Inversi\u00f3n<\/span><\/a><\/span><\/li><li style=\"box-sizing: content-box;\"><span style=\"color: #ffffff;\"><a style=\"color: #ffffff;\" href=\"https:\/\/goodrichriquelme.com\/wp-content\/uploads\/2024\/10\/investment-opportunities-2.pdf\" target=\"_blank\" rel=\"noopener\"><span style=\"font-family: Montserrat, sans-serif;\">Oportunidades de Inversi\u00f3n<\/span><\/a><\/span><\/li><li style=\"box-sizing: content-box;\"><span style=\"color: #ffffff;\"><a style=\"color: #ffffff;\" href=\"https:\/\/goodrichriquelme.com\/wp-content\/uploads\/2024\/10\/merger-transformation-and-dissolution-of-business-entities.pdf\" target=\"_blank\" rel=\"noopener\"><span style=\"font-family: Montserrat, sans-serif;\">Fusi\u00f3n, Transformaci\u00f3n y Disoluci\u00f3n de Entidades de Negocios<\/span><\/a><\/span><\/li><\/ul>\t\t\t\t\t\t\t\t<\/div>\n\t\t\t\t<\/div>\n\t\t\t\t<div class=\"elementor-element elementor-element-e4a3fd5 elementor-widget elementor-widget-spacer\" data-id=\"e4a3fd5\" data-element_type=\"widget\" data-e-type=\"widget\" data-widget_type=\"spacer.default\">\n\t\t\t\t<div class=\"elementor-widget-container\">\n\t\t\t\t\t\t\t<div class=\"elementor-spacer\">\n\t\t\t<div class=\"elementor-spacer-inner\"><\/div>\n\t\t<\/div>\n\t\t\t\t\t\t<\/div>\n\t\t\t\t<\/div>\n\t\t\t\t\t<\/div>\n\t\t<\/div>\n\t\t\t\t\t<\/div>\n\t\t<\/section>\n\t\t\t\t\t<\/div>\n\t\t<\/div>\n\t\t\t\t\t<\/div>\n\t\t<\/section>\n\t\t\t\t<\/div>","protected":false},"excerpt":{"rendered":"<p>Corporate and M&amp;A Antitrust Banking &amp; Finance Bankruptcy Corporate and M&amp;A ESG &amp; Climate Change Immigration Intellectual Property Labor Law &amp; Social Security Litigation &amp; ADR Tax Law &amp; International Trade Our corporate team is prepared to help build and develop businesses, expand margins, support major transactions, and\/or reduce business risk exposure by providing top quality service. Our corporate lawyers have expertise in high value, complex and world class business deals. Services Banking transactions Acquisitions finance General bank lending Structured finance Syndicated lending Leveraged finance Project finance Financing of infrastructure and industrial projects Refinancing and restructuring Liquidation Acquisition opportunities Debt &amp; Equity offerings Derivatives Securitization Insurance and reinsurance matters Links PROFECO Ministry of Economy Ministry of Foreign Affairs Bluebook C \u2013 2 Foreign Investment C \u2013 10 Public Procurement C \u2013 4 Corporate Matters C \u2013 11 Secured Transactions Direct Investment Investment General Considerations Investment Framework Investment Opportunities Merger, Transformation And Dissolution Of Business Entities<\/p>","protected":false},"author":1,"featured_media":0,"parent":26112,"menu_order":0,"comment_status":"closed","ping_status":"closed","template":"elementor_header_footer","meta":{"_acf_changed":false,"rs_blank_template":"","rs_page_bg_color":"","slide_template_v7":"","footnotes":""},"class_list":["post-26129","page","type-page","status-publish","hentry"],"acf":[],"_links":{"self":[{"href":"https:\/\/goodrichriquelme.com\/es\/wp-json\/wp\/v2\/pages\/26129","targetHints":{"allow":["GET"]}}],"collection":[{"href":"https:\/\/goodrichriquelme.com\/es\/wp-json\/wp\/v2\/pages"}],"about":[{"href":"https:\/\/goodrichriquelme.com\/es\/wp-json\/wp\/v2\/types\/page"}],"author":[{"embeddable":true,"href":"https:\/\/goodrichriquelme.com\/es\/wp-json\/wp\/v2\/users\/1"}],"replies":[{"embeddable":true,"href":"https:\/\/goodrichriquelme.com\/es\/wp-json\/wp\/v2\/comments?post=26129"}],"version-history":[{"count":19,"href":"https:\/\/goodrichriquelme.com\/es\/wp-json\/wp\/v2\/pages\/26129\/revisions"}],"predecessor-version":[{"id":27578,"href":"https:\/\/goodrichriquelme.com\/es\/wp-json\/wp\/v2\/pages\/26129\/revisions\/27578"}],"up":[{"embeddable":true,"href":"https:\/\/goodrichriquelme.com\/es\/wp-json\/wp\/v2\/pages\/26112"}],"wp:attachment":[{"href":"https:\/\/goodrichriquelme.com\/es\/wp-json\/wp\/v2\/media?parent=26129"}],"curies":[{"name":"wp","href":"https:\/\/api.w.org\/{rel}","templated":true}]}}