{"id":26134,"date":"2024-10-21T15:04:51","date_gmt":"2024-10-21T21:04:51","guid":{"rendered":"https:\/\/goodrichriquelme.com\/?page_id=26134"},"modified":"2024-12-13T16:36:03","modified_gmt":"2024-12-13T22:36:03","slug":"esg-climate-change","status":"publish","type":"page","link":"https:\/\/goodrichriquelme.com\/es\/practice-areas\/esg-climate-change\/","title":{"rendered":"ESG &#038; Climate Change"},"content":{"rendered":"<div data-elementor-type=\"wp-page\" data-elementor-id=\"26134\" class=\"elementor elementor-26134\">\n\t\t\t\t\t\t<section class=\"elementor-section elementor-top-section elementor-element elementor-element-f4a471d elementor-section-content-top elementor-section-boxed elementor-section-height-default elementor-section-height-default wpr-particle-no wpr-jarallax-no wpr-parallax-no wpr-sticky-section-no wpr-equal-height-no\" data-id=\"f4a471d\" data-element_type=\"section\" data-e-type=\"section\" data-settings=\"{&quot;jet_parallax_layout_list&quot;:[],&quot;background_background&quot;:&quot;classic&quot;}\">\n\t\t\t\t\t\t\t<div class=\"elementor-background-overlay\"><\/div>\n\t\t\t\t\t\t\t<div class=\"elementor-container elementor-column-gap-default\">\n\t\t\t\t\t<div class=\"elementor-column elementor-col-100 elementor-top-column elementor-element elementor-element-f4597be\" data-id=\"f4597be\" data-element_type=\"column\" data-e-type=\"column\">\n\t\t\t<div class=\"elementor-widget-wrap elementor-element-populated\">\n\t\t\t\t\t\t<div class=\"elementor-element elementor-element-6af5e22 elementor-widget elementor-widget-spacer\" data-id=\"6af5e22\" data-element_type=\"widget\" data-e-type=\"widget\" data-widget_type=\"spacer.default\">\n\t\t\t\t<div class=\"elementor-widget-container\">\n\t\t\t\t\t\t\t<div class=\"elementor-spacer\">\n\t\t\t<div class=\"elementor-spacer-inner\"><\/div>\n\t\t<\/div>\n\t\t\t\t\t\t<\/div>\n\t\t\t\t<\/div>\n\t\t\t\t<section class=\"elementor-section elementor-inner-section elementor-element elementor-element-816ca08 elementor-section-boxed elementor-section-height-default elementor-section-height-default wpr-particle-no wpr-jarallax-no wpr-parallax-no wpr-sticky-section-no wpr-equal-height-no\" data-id=\"816ca08\" data-element_type=\"section\" data-e-type=\"section\" data-settings=\"{&quot;jet_parallax_layout_list&quot;:[]}\">\n\t\t\t\t\t\t<div class=\"elementor-container elementor-column-gap-default\">\n\t\t\t\t\t<div class=\"elementor-column elementor-col-50 elementor-inner-column elementor-element elementor-element-5bf2f43\" data-id=\"5bf2f43\" data-element_type=\"column\" data-e-type=\"column\">\n\t\t\t<div class=\"elementor-widget-wrap elementor-element-populated\">\n\t\t\t\t\t\t<div class=\"elementor-element elementor-element-fdc49ff elementor-widget elementor-widget-heading\" data-id=\"fdc49ff\" data-element_type=\"widget\" data-e-type=\"widget\" data-widget_type=\"heading.default\">\n\t\t\t\t<div class=\"elementor-widget-container\">\n\t\t\t\t\t<h1 class=\"elementor-heading-title elementor-size-default\">ESG<\/h1>\t\t\t\t<\/div>\n\t\t\t\t<\/div>\n\t\t\t\t<div class=\"elementor-element elementor-element-23a35a7 elementor-widget elementor-widget-heading\" data-id=\"23a35a7\" data-element_type=\"widget\" data-e-type=\"widget\" data-widget_type=\"heading.default\">\n\t\t\t\t<div class=\"elementor-widget-container\">\n\t\t\t\t\t<h2 class=\"elementor-heading-title elementor-size-default\">y Cambio Clim\u00e1tico<\/h2>\t\t\t\t<\/div>\n\t\t\t\t<\/div>\n\t\t\t\t<div class=\"elementor-element elementor-element-2b2b362 elementor-widget elementor-widget-spacer\" data-id=\"2b2b362\" data-element_type=\"widget\" data-e-type=\"widget\" data-widget_type=\"spacer.default\">\n\t\t\t\t<div class=\"elementor-widget-container\">\n\t\t\t\t\t\t\t<div class=\"elementor-spacer\">\n\t\t\t<div class=\"elementor-spacer-inner\"><\/div>\n\t\t<\/div>\n\t\t\t\t\t\t<\/div>\n\t\t\t\t<\/div>\n\t\t\t\t<div class=\"elementor-element elementor-element-0d1e384 elementor-widget elementor-widget-text-editor\" data-id=\"0d1e384\" data-element_type=\"widget\" data-e-type=\"widget\" data-widget_type=\"text-editor.default\">\n\t\t\t\t<div class=\"elementor-widget-container\">\n\t\t\t\t\t\t\t\t\t<p><span style=\"color: #ffffff;\"><a style=\"color: #ffffff;\" href=\"https:\/\/goodrichriquelme.com\/es\/antitrust\/\">Competencia\nEcon\u00f3mica<\/a><\/span><\/p><p><span style=\"color: #ffffff;\"><a style=\"color: #ffffff;\" href=\"https:\/\/goodrichriquelme.com\/es\/banking-finance\/\">Bancario, Burs\u00e1til y Financiero<\/a><\/span><\/p><p><span style=\"color: #ffffff;\"><a style=\"color: #ffffff;\" href=\"https:\/\/goodrichriquelme.com\/es\/practice-areas\/bankruptcy\/\">Concursal<\/a><\/span><\/p><p><span style=\"color: #ffffff;\"><a style=\"color: #ffffff;\" href=\"https:\/\/goodrichriquelme.com\/es\/practice-areas\/corporate-and-ma\/\">Corporativo y M&amp;A<\/a><\/span><\/p><p><span style=\"color: #999999;\"><a style=\"color: #999999;\" href=\"https:\/\/goodrichriquelme.com\/es\/practice-areas\/esg-climate-change\/\">ESG y Cambio Clim\u00e1tico<\/a><\/span><\/p><p><span style=\"color: #ffffff;\"><a style=\"color: #ffffff;\" href=\"https:\/\/goodrichriquelme.com\/es\/practice-areas\/immigration\/\">Migraci\u00f3n<\/a><\/span><\/p><p><span style=\"color: #ffffff;\"><a style=\"color: #ffffff;\" href=\"https:\/\/goodrichriquelme.com\/es\/practice-areas\/intellectual-property\/\">Propiedad Intelectual<\/a><\/span><\/p><p><span style=\"color: #ffffff;\"><a style=\"color: #ffffff;\" href=\"https:\/\/goodrichriquelme.com\/es\/practice-areas\/labor-law-social-security\/\">Laboral y Seguridad Social<\/a><\/span><\/p><p><span style=\"color: #ffffff;\"><a style=\"color: #ffffff;\" href=\"https:\/\/goodrichriquelme.com\/es\/practice-areas\/litigation-adr\/\">Litigio y MASC<\/a><\/span><\/p><p><span style=\"color: #ffffff;\"><a style=\"color: #ffffff;\" href=\"https:\/\/goodrichriquelme.com\/es\/practice-areas\/tax-law-international-trade\/\">Impuestos y Comercio Exterior<\/a><\/span><\/p>\t\t\t\t\t\t\t\t<\/div>\n\t\t\t\t<\/div>\n\t\t\t\t\t<\/div>\n\t\t<\/div>\n\t\t\t\t<div class=\"elementor-column elementor-col-50 elementor-inner-column elementor-element elementor-element-1ed209d\" data-id=\"1ed209d\" data-element_type=\"column\" data-e-type=\"column\">\n\t\t\t<div class=\"elementor-widget-wrap elementor-element-populated\">\n\t\t\t\t\t\t<div class=\"elementor-element elementor-element-7e8cfbe elementor-widget elementor-widget-text-editor\" data-id=\"7e8cfbe\" data-element_type=\"widget\" data-e-type=\"widget\" data-widget_type=\"text-editor.default\">\n\t\t\t\t<div class=\"elementor-widget-container\">\n\t\t\t\t\t\t\t\t\tLa dimensi\u00f3n ASG es esencial en todo proyecto contempor\u00e1neo. As\u00ed, adem\u00e1s de los temas convencionales de naturaleza ambiental -como impacto, remediaci\u00f3n, agua y manejo de residuos- nuestro equipo ESG est\u00e1 tambi\u00e9n enfocado en los aspectos sociales -tanto en impacto social como en perspectiva de g\u00e9nero- as\u00ed como en la gobernanza, incluyendo la regulaci\u00f3n internacional y los programas de cumplimiento regulatorio, de combate a la corrupci\u00f3n y al lavado de dinero. Bajo una pr\u00e1ctica cruzada, el equipo ASG brinda servicios a nuestra clientela de todos los sectores econ\u00f3micos. La firma es l\u00edder nacional en el posicionamiento en M\u00e9xico, en materia de justicia clim\u00e1tica y transici\u00f3n energ\u00e9tica. Nuestros socios activamente participan en recomendaciones de pol\u00edtica p\u00fablica, a partir de los acuerdos tomados en esferas internacionales, como las Conferencias de las Naciones Unidas sobre el Cambio Clim\u00e1tico (COP).\t\t\t\t\t\t\t\t<\/div>\n\t\t\t\t<\/div>\n\t\t\t\t<div class=\"elementor-element elementor-element-47a121c elementor-widget elementor-widget-text-editor\" data-id=\"47a121c\" data-element_type=\"widget\" data-e-type=\"widget\" data-widget_type=\"text-editor.default\">\n\t\t\t\t<div class=\"elementor-widget-container\">\n\t\t\t\t\t\t\t\t\t<h6><span style=\"color: #999999;\">Servicios<\/span><\/h6><ul><li style=\"box-sizing: content-box;\"><span style=\"font-family: Montserrat, sans-serif;\">Transacciones Comerciales<\/span><\/li><li style=\"box-sizing: content-box;\"><span style=\"font-family: Montserrat, sans-serif;\">Responsabilidad Ambiental<\/span><\/li><li style=\"box-sizing: content-box;\"><span style=\"font-family: Montserrat, sans-serif;\">Permisos Ambientales<\/span><\/li><li style=\"box-sizing: content-box;\"><span style=\"font-family: Montserrat, sans-serif;\">Auditoria Ambiental<\/span><\/li><li style=\"box-sizing: content-box;\"><span style=\"font-family: Montserrat, sans-serif;\">Problemas corporativos generales<\/span><\/li><li style=\"box-sizing: content-box;\"><span style=\"font-family: Montserrat, sans-serif;\">Aspectos de contaminaci\u00f3n<\/span><\/li><li style=\"box-sizing: content-box;\"><span style=\"font-family: Montserrat, sans-serif;\">Cumplimiento regulatorio<\/span><\/li><li style=\"box-sizing: content-box;\"><span style=\"font-family: Montserrat, sans-serif;\">Litigio y ejecuci\u00f3n forzosas<\/span><\/li><\/ul>\t\t\t\t\t\t\t\t<\/div>\n\t\t\t\t<\/div>\n\t\t\t\t<div class=\"elementor-element elementor-element-4ebd94c elementor-widget elementor-widget-text-editor\" data-id=\"4ebd94c\" data-element_type=\"widget\" data-e-type=\"widget\" data-widget_type=\"text-editor.default\">\n\t\t\t\t<div class=\"elementor-widget-container\">\n\t\t\t\t\t\t\t\t\t<h6><span style=\"color: #999999;\">Enlaces<\/span><\/h6><ul><li><span style=\"color: #ffffff;\"><a style=\"color: #ffffff;\" href=\"http:\/\/www.semarnat.gob.mx\/\" target=\"_blank\" rel=\"noopener\">Secretar\u00eda del Medio Ambiente y Recursos Naturales<\/a><\/span><\/li><li><span style=\"color: #ffffff;\"><a style=\"color: #ffffff;\" href=\"http:\/\/www.semarnat.gob.mx\/leyes-y-normas\/normas-oficiales-mexicanas\" target=\"_blank\" rel=\"noopener\">Normas NOM<\/a><\/span><\/li><li><span style=\"color: #ffffff;\"><a style=\"color: #ffffff;\" href=\"http:\/\/www.semarnat.gob.mx\/leyes-y-normas\/normas-mexicanas\" target=\"_blank\" rel=\"noopener\">Normas NMX<\/a><\/span><\/li><li><span style=\"color: #ffffff;\"><a style=\"color: #ffffff;\" href=\"http:\/\/dof.gob.mx\/\" target=\"_blank\" rel=\"noopener\">Diario Oficial de la Federaci\u00f3n<\/a><\/span><\/li><li><span style=\"color: #ffffff;\"><a style=\"color: #ffffff;\" href=\"http:\/\/www.semarnat.gob.mx\/leyes-y-normas\/leyes-federales\" target=\"_blank\" rel=\"noopener\">Leyes Federales<\/a><\/span><\/li><li><span style=\"color: #ffffff;\"><a style=\"color: #ffffff;\" href=\"http:\/\/www.semarnat.gob.mx\/leyes-y-normas\/leyes-estatales\" target=\"_blank\" rel=\"noopener\">Leyes Estatales<\/a><\/span><\/li><\/ul>\t\t\t\t\t\t\t\t<\/div>\n\t\t\t\t<\/div>\n\t\t\t\t<div class=\"elementor-element elementor-element-520cbba elementor-widget elementor-widget-text-editor\" data-id=\"520cbba\" data-element_type=\"widget\" data-e-type=\"widget\" data-widget_type=\"text-editor.default\">\n\t\t\t\t<div class=\"elementor-widget-container\">\n\t\t\t\t\t\t\t\t\t<h6><span style=\"color: #ffffff;\">Bluebook<\/span><\/h6><ul><li><span style=\"color: #ffffff;\"><a style=\"color: #ffffff;\" href=\"https:\/\/goodrichriquelme.com\/wp-content\/uploads\/2024\/10\/c-9-enviromental-law_ES.pdf\" target=\"_blank\" rel=\"noopener\">C \u2013 9 Ambiental<\/a><\/span><\/li><li><span style=\"color: #ffffff;\"><a style=\"color: #ffffff;\" href=\"https:\/\/goodrichriquelme.com\/wp-content\/uploads\/2024\/10\/sensitive-areas.pdf\" target=\"_blank\" rel=\"noopener\">\u00c1reas Protegidas<\/a><\/span><\/li><li><span style=\"color: #ffffff;\"><a style=\"color: #ffffff;\" href=\"https:\/\/goodrichriquelme.com\/wp-content\/uploads\/2024\/10\/direct-investment-2.pdf\" target=\"_blank\" rel=\"noopener\">Inversi\u00f3n Directa<\/a><\/span><\/li><\/ul>\t\t\t\t\t\t\t\t<\/div>\n\t\t\t\t<\/div>\n\t\t\t\t<div class=\"elementor-element elementor-element-a52ac57 elementor-widget elementor-widget-text-editor\" data-id=\"a52ac57\" data-element_type=\"widget\" data-e-type=\"widget\" data-widget_type=\"text-editor.default\">\n\t\t\t\t<div class=\"elementor-widget-container\">\n\t\t\t\t\t\t\t\t\t<h6><span style=\"color: #999999;\"> Reconocimientos <\/span><\/h6>\t\t\t\t\t\t\t\t<\/div>\n\t\t\t\t<\/div>\n\t\t\t\t<div class=\"elementor-element elementor-element-d4b79d3 elementor-widget elementor-widget-image-gallery\" data-id=\"d4b79d3\" data-element_type=\"widget\" data-e-type=\"widget\" data-widget_type=\"image-gallery.default\">\n\t\t\t\t<div class=\"elementor-widget-container\">\n\t\t\t\t\t\t\t<div class=\"elementor-image-gallery\">\n\t\t\t<div id='gallery-1' class='gallery galleryid-26134 gallery-columns-4 gallery-size-full'><figure class='gallery-item'>\n\t\t\t<div class='gallery-icon landscape'>\n\t\t\t\t<img fetchpriority=\"high\" decoding=\"async\" width=\"1072\" height=\"900\" src=\"https:\/\/goodrichriquelme.com\/wp-content\/uploads\/2020\/06\/Firm-Logo-5.jpg\" class=\"attachment-full size-full\" alt=\"\" srcset=\"https:\/\/goodrichriquelme.com\/wp-content\/uploads\/2020\/06\/Firm-Logo-5.jpg 1072w, https:\/\/goodrichriquelme.com\/wp-content\/uploads\/2020\/06\/Firm-Logo-5-300x252.jpg 300w, https:\/\/goodrichriquelme.com\/wp-content\/uploads\/2020\/06\/Firm-Logo-5-1024x860.jpg 1024w, https:\/\/goodrichriquelme.com\/wp-content\/uploads\/2020\/06\/Firm-Logo-5-768x645.jpg 768w, https:\/\/goodrichriquelme.com\/wp-content\/uploads\/2020\/06\/Firm-Logo-5-14x12.jpg 14w\" sizes=\"(max-width: 1072px) 100vw, 1072px\" \/>\n\t\t\t<\/div><\/figure><figure class='gallery-item'>\n\t\t\t<div class='gallery-icon portrait'>\n\t\t\t\t<img decoding=\"async\" width=\"1500\" height=\"1880\" src=\"https:\/\/goodrichriquelme.com\/wp-content\/uploads\/2024\/10\/GRA-Energy-.jpg\" class=\"attachment-full size-full\" alt=\"\" srcset=\"https:\/\/goodrichriquelme.com\/wp-content\/uploads\/2024\/10\/GRA-Energy-.jpg 1500w, https:\/\/goodrichriquelme.com\/wp-content\/uploads\/2024\/10\/GRA-Energy--239x300.jpg 239w, https:\/\/goodrichriquelme.com\/wp-content\/uploads\/2024\/10\/GRA-Energy--817x1024.jpg 817w, https:\/\/goodrichriquelme.com\/wp-content\/uploads\/2024\/10\/GRA-Energy--768x963.jpg 768w, https:\/\/goodrichriquelme.com\/wp-content\/uploads\/2024\/10\/GRA-Energy--1226x1536.jpg 1226w, https:\/\/goodrichriquelme.com\/wp-content\/uploads\/2024\/10\/GRA-Energy--10x12.jpg 10w\" sizes=\"(max-width: 1500px) 100vw, 1500px\" \/>\n\t\t\t<\/div><\/figure>\n\t\t<\/div>\n\t\t<\/div>\n\t\t\t\t\t\t<\/div>\n\t\t\t\t<\/div>\n\t\t\t\t<div class=\"elementor-element elementor-element-e4a3fd5 elementor-widget elementor-widget-spacer\" data-id=\"e4a3fd5\" data-element_type=\"widget\" data-e-type=\"widget\" data-widget_type=\"spacer.default\">\n\t\t\t\t<div class=\"elementor-widget-container\">\n\t\t\t\t\t\t\t<div class=\"elementor-spacer\">\n\t\t\t<div class=\"elementor-spacer-inner\"><\/div>\n\t\t<\/div>\n\t\t\t\t\t\t<\/div>\n\t\t\t\t<\/div>\n\t\t\t\t\t<\/div>\n\t\t<\/div>\n\t\t\t\t\t<\/div>\n\t\t<\/section>\n\t\t\t\t\t<\/div>\n\t\t<\/div>\n\t\t\t\t\t<\/div>\n\t\t<\/section>\n\t\t\t\t<\/div>","protected":false},"excerpt":{"rendered":"<p>ESG &amp; Climate Change Antitrust Banking &amp; Finance Bankruptcy Corporate and M&amp;A ESG &amp; Climate Change Immigration Intellectual Property Labor Law &amp; Social Security Litigation &amp; ADR Tax Law &amp; International Trade The ESG dimension is essential to any project of today\u2019s world. In addition to the ordinary environmental legal services -impact assessment, remediation, water, and waste management- our ESG team also focuses on key social drivers. They include regulatory instruments on social impact assessment and gender perspective. Moreover, our ESG practice group is also in charge of assisting on compliance programmes, as well as on anticorruption and anti-money laundry policies, based on international and domestic rules. According to a cross-practice approach, our ESG team renders services to our clientele in all economic sectors. The firm is a recognized leader on Mexico\u2019s efforts related to climate justice and energy transition. Our partners actively participate on recommendations regarding public policies pursuant to international commitments, including those embodied on the United Nations Climate Change Conferences. Services Business transactions and due diligence Environmentla liability Environmental permitting Environmental auditing General corporate issues Pollution issues Regulatory compliance Litigation and enforcement actions Links Ministry of Environment &amp; Natural Resources Rules NOM Rules NMX Federal Official Gazette Federal Laws State Laws Bluebook C \u2013 9 Enviromental Law Sensitive Areas Direct Investment Rankings<\/p>","protected":false},"author":1,"featured_media":0,"parent":26112,"menu_order":0,"comment_status":"closed","ping_status":"closed","template":"elementor_header_footer","meta":{"_acf_changed":false,"rs_blank_template":"","rs_page_bg_color":"","slide_template_v7":"","footnotes":""},"class_list":["post-26134","page","type-page","status-publish","hentry"],"acf":[],"_links":{"self":[{"href":"https:\/\/goodrichriquelme.com\/es\/wp-json\/wp\/v2\/pages\/26134","targetHints":{"allow":["GET"]}}],"collection":[{"href":"https:\/\/goodrichriquelme.com\/es\/wp-json\/wp\/v2\/pages"}],"about":[{"href":"https:\/\/goodrichriquelme.com\/es\/wp-json\/wp\/v2\/types\/page"}],"author":[{"embeddable":true,"href":"https:\/\/goodrichriquelme.com\/es\/wp-json\/wp\/v2\/users\/1"}],"replies":[{"embeddable":true,"href":"https:\/\/goodrichriquelme.com\/es\/wp-json\/wp\/v2\/comments?post=26134"}],"version-history":[{"count":28,"href":"https:\/\/goodrichriquelme.com\/es\/wp-json\/wp\/v2\/pages\/26134\/revisions"}],"predecessor-version":[{"id":28242,"href":"https:\/\/goodrichriquelme.com\/es\/wp-json\/wp\/v2\/pages\/26134\/revisions\/28242"}],"up":[{"embeddable":true,"href":"https:\/\/goodrichriquelme.com\/es\/wp-json\/wp\/v2\/pages\/26112"}],"wp:attachment":[{"href":"https:\/\/goodrichriquelme.com\/es\/wp-json\/wp\/v2\/media?parent=26134"}],"curies":[{"name":"wp","href":"https:\/\/api.w.org\/{rel}","templated":true}]}}