{"id":26138,"date":"2024-10-21T15:06:44","date_gmt":"2024-10-21T21:06:44","guid":{"rendered":"https:\/\/goodrichriquelme.com\/?page_id=26138"},"modified":"2024-11-01T13:56:11","modified_gmt":"2024-11-01T19:56:11","slug":"intellectual-property","status":"publish","type":"page","link":"https:\/\/goodrichriquelme.com\/es\/practice-areas\/intellectual-property\/","title":{"rendered":"Propiedad Intelectual"},"content":{"rendered":"<div data-elementor-type=\"wp-page\" data-elementor-id=\"26138\" class=\"elementor elementor-26138\">\n\t\t\t\t\t\t<section class=\"elementor-section elementor-top-section elementor-element elementor-element-f4a471d elementor-section-content-top elementor-section-boxed elementor-section-height-default elementor-section-height-default wpr-particle-no wpr-jarallax-no wpr-parallax-no wpr-sticky-section-no wpr-equal-height-no\" data-id=\"f4a471d\" data-element_type=\"section\" data-e-type=\"section\" data-settings=\"{&quot;jet_parallax_layout_list&quot;:[],&quot;background_background&quot;:&quot;classic&quot;}\">\n\t\t\t\t\t\t\t<div class=\"elementor-background-overlay\"><\/div>\n\t\t\t\t\t\t\t<div class=\"elementor-container elementor-column-gap-default\">\n\t\t\t\t\t<div class=\"elementor-column elementor-col-100 elementor-top-column elementor-element elementor-element-f4597be\" data-id=\"f4597be\" data-element_type=\"column\" data-e-type=\"column\">\n\t\t\t<div class=\"elementor-widget-wrap elementor-element-populated\">\n\t\t\t\t\t\t<div class=\"elementor-element elementor-element-6af5e22 elementor-widget elementor-widget-spacer\" data-id=\"6af5e22\" data-element_type=\"widget\" data-e-type=\"widget\" data-widget_type=\"spacer.default\">\n\t\t\t\t<div class=\"elementor-widget-container\">\n\t\t\t\t\t\t\t<div class=\"elementor-spacer\">\n\t\t\t<div class=\"elementor-spacer-inner\"><\/div>\n\t\t<\/div>\n\t\t\t\t\t\t<\/div>\n\t\t\t\t<\/div>\n\t\t\t\t<section class=\"elementor-section elementor-inner-section elementor-element elementor-element-816ca08 elementor-section-boxed elementor-section-height-default elementor-section-height-default wpr-particle-no wpr-jarallax-no wpr-parallax-no wpr-sticky-section-no wpr-equal-height-no\" data-id=\"816ca08\" data-element_type=\"section\" data-e-type=\"section\" data-settings=\"{&quot;jet_parallax_layout_list&quot;:[]}\">\n\t\t\t\t\t\t<div class=\"elementor-container elementor-column-gap-default\">\n\t\t\t\t\t<div class=\"elementor-column elementor-col-50 elementor-inner-column elementor-element elementor-element-5bf2f43\" data-id=\"5bf2f43\" data-element_type=\"column\" data-e-type=\"column\">\n\t\t\t<div class=\"elementor-widget-wrap elementor-element-populated\">\n\t\t\t\t\t\t<div class=\"elementor-element elementor-element-fdc49ff elementor-widget elementor-widget-heading\" data-id=\"fdc49ff\" data-element_type=\"widget\" data-e-type=\"widget\" data-widget_type=\"heading.default\">\n\t\t\t\t<div class=\"elementor-widget-container\">\n\t\t\t\t\t<h1 class=\"elementor-heading-title elementor-size-default\">Propiedad<\/h1>\t\t\t\t<\/div>\n\t\t\t\t<\/div>\n\t\t\t\t<div class=\"elementor-element elementor-element-dd736f0 elementor-widget elementor-widget-heading\" data-id=\"dd736f0\" data-element_type=\"widget\" data-e-type=\"widget\" data-widget_type=\"heading.default\">\n\t\t\t\t<div class=\"elementor-widget-container\">\n\t\t\t\t\t<h2 class=\"elementor-heading-title elementor-size-default\">Intelectual<\/h2>\t\t\t\t<\/div>\n\t\t\t\t<\/div>\n\t\t\t\t<div class=\"elementor-element elementor-element-2b2b362 elementor-widget elementor-widget-spacer\" data-id=\"2b2b362\" data-element_type=\"widget\" data-e-type=\"widget\" data-widget_type=\"spacer.default\">\n\t\t\t\t<div class=\"elementor-widget-container\">\n\t\t\t\t\t\t\t<div class=\"elementor-spacer\">\n\t\t\t<div class=\"elementor-spacer-inner\"><\/div>\n\t\t<\/div>\n\t\t\t\t\t\t<\/div>\n\t\t\t\t<\/div>\n\t\t\t\t<div class=\"elementor-element elementor-element-176f756 elementor-widget elementor-widget-text-editor\" data-id=\"176f756\" data-element_type=\"widget\" data-e-type=\"widget\" data-widget_type=\"text-editor.default\">\n\t\t\t\t<div class=\"elementor-widget-container\">\n\t\t\t\t\t\t\t\t\t<p><span style=\"color: #ffffff;\"><a style=\"color: #ffffff;\" href=\"https:\/\/goodrichriquelme.com\/es\/antitrust\/\">Competencia\nEcon\u00f3mica<\/a><\/span><\/p><p><span style=\"color: #ffffff;\"><a style=\"color: #ffffff;\" href=\"https:\/\/goodrichriquelme.com\/es\/banking-finance\/\">Bancario, Burs\u00e1til y Financiero<\/a><\/span><\/p><p><span style=\"color: #ffffff;\"><a style=\"color: #ffffff;\" href=\"https:\/\/goodrichriquelme.com\/es\/practice-areas\/bankruptcy\/\">Concursal<\/a><\/span><\/p><p><span style=\"color: #ffffff;\"><a style=\"color: #ffffff;\" href=\"https:\/\/goodrichriquelme.com\/es\/practice-areas\/corporate-and-ma\/\">Corporativo y M&amp;A<\/a><\/span><\/p><p><span style=\"color: #ffffff;\"><a style=\"color: #ffffff;\" href=\"https:\/\/goodrichriquelme.com\/es\/practice-areas\/esg-climate-change\/\">ESG y Cambio Clim\u00e1tico<\/a><\/span><\/p><p><span style=\"color: #ffffff;\"><a style=\"color: #ffffff;\" href=\"https:\/\/goodrichriquelme.com\/es\/practice-areas\/immigration\/\">Migraci\u00f3n<\/a><\/span><\/p><p><span style=\"color: #999999;\"><a style=\"color: #999999;\" href=\"https:\/\/goodrichriquelme.com\/es\/practice-areas\/intellectual-property\/\">Propiedad Intelectual<\/a><\/span><\/p><p><span style=\"color: #ffffff;\"><a style=\"color: #ffffff;\" href=\"https:\/\/goodrichriquelme.com\/es\/practice-areas\/labor-law-social-security\/\">Laboral y Seguridad Social<\/a><\/span><\/p><p><span style=\"color: #ffffff;\"><a style=\"color: #ffffff;\" href=\"https:\/\/goodrichriquelme.com\/es\/practice-areas\/litigation-adr\/\">Litigio y MASC<\/a><\/span><\/p><p><span style=\"color: #ffffff;\"><a style=\"color: #ffffff;\" href=\"https:\/\/goodrichriquelme.com\/es\/practice-areas\/tax-law-international-trade\/\">Impuestos y Comercio Exterior<\/a><\/span><\/p>\t\t\t\t\t\t\t\t<\/div>\n\t\t\t\t<\/div>\n\t\t\t\t\t<\/div>\n\t\t<\/div>\n\t\t\t\t<div class=\"elementor-column elementor-col-50 elementor-inner-column elementor-element elementor-element-1ed209d\" data-id=\"1ed209d\" data-element_type=\"column\" data-e-type=\"column\">\n\t\t\t<div class=\"elementor-widget-wrap elementor-element-populated\">\n\t\t\t\t\t\t<div class=\"elementor-element elementor-element-7dac3ce elementor-widget elementor-widget-text-editor\" data-id=\"7dac3ce\" data-element_type=\"widget\" data-e-type=\"widget\" data-widget_type=\"text-editor.default\">\n\t\t\t\t<div class=\"elementor-widget-container\">\n\t\t\t\t\t\t\t\t\t<h6 class=\"p1\"><span style=\"color: #999999;\">Propiedad Intelectual\n<\/span><\/h6>\t\t\t\t\t\t\t\t<\/div>\n\t\t\t\t<\/div>\n\t\t\t\t<div class=\"elementor-element elementor-element-7d7ca9f elementor-widget elementor-widget-text-editor\" data-id=\"7d7ca9f\" data-element_type=\"widget\" data-e-type=\"widget\" data-widget_type=\"text-editor.default\">\n\t\t\t\t<div class=\"elementor-widget-container\">\n\t\t\t\t\t\t\t\t\t<p class=\"p1\">La gran mayor\u00eda de nuestro trabajo de propiedad intelectual es para compa\u00f1\u00edas extranjeras haciendo negocios en M\u00e9xico. Nuestro equipo de abogados, ingenieros y especialistas en sistemas trabajan en la adaptaci\u00f3n al Derecho Mexicano, de las especificaciones de patentes y solicitudes extranjeras. De igual manera, aseguran las invenciones de patentes y registros de marcas manteni\u00e9ndolas con las renovaciones necesarias. Nuestro sistema interno de computo, el cual est\u00e1 ligado al Instituto Mexicano de Propiedad Intelectual, nos permite comunicarles con antelaci\u00f3n a nuestros clientes sobre sus tr\u00e1mites de patentes y marcas. Adem\u00e1s realizamos b\u00fasquedas de marcas registradas y preparamos y registramos contratos de licencias. Debido a recientes cambios tecnol\u00f3gicos, hemos sido constantemente contactados para proporcionar consejo legal sobre licencias y litigios relacionados con software de computaci\u00f3n, as\u00ed como para complejas negociaciones de licencias, patentes, marcas comerciales y derechos de autor. Nuestros abogados manejan litigios para clientes en todo tipo de \u00e1reas como licencias, patentes, infracci\u00f3n de marca, incluida la falsificaci\u00f3n, casos de competencia desleal, pirater\u00eda y la duplicaci\u00f3n ilegal de programas inform\u00e1ticos. Tenemos tambi\u00e9n una s\u00f3lida pr\u00e1ctica en materia de entretenimiento y deporte.<\/p>\t\t\t\t\t\t\t\t<\/div>\n\t\t\t\t<\/div>\n\t\t\t\t<div class=\"elementor-element elementor-element-4aedf30 elementor-widget elementor-widget-text-editor\" data-id=\"4aedf30\" data-element_type=\"widget\" data-e-type=\"widget\" data-widget_type=\"text-editor.default\">\n\t\t\t\t<div class=\"elementor-widget-container\">\n\t\t\t\t\t\t\t\t\t<h6 class=\"p1\"><span style=\"color: #999999;\">Servicios<\/span><\/h6><ul class=\"section-links\"><li style=\"box-sizing: content-box; font-family: Montserrat, sans-serif !important;\">Derechos de Propiedad Industrial<\/li><li style=\"box-sizing: content-box; font-family: Montserrat, sans-serif !important;\">Licencias de PI<\/li><li style=\"box-sizing: content-box; font-family: Montserrat, sans-serif !important;\">Ejecuci\u00f3n &amp; Infracci\u00f3n de PI<\/li><li style=\"box-sizing: content-box; font-family: Montserrat, sans-serif !important;\">Secretos Industriales<\/li><li style=\"box-sizing: content-box; font-family: Montserrat, sans-serif !important;\">PI de Internet<\/li><li style=\"box-sizing: content-box; font-family: Montserrat, sans-serif !important;\">Licencias de Software<\/li><li style=\"box-sizing: content-box; font-family: Montserrat, sans-serif !important;\">Licencias de Derechos de Autor<\/li><li style=\"box-sizing: content-box; font-family: Montserrat, sans-serif !important;\">Registro de Derechos de Autor &amp; Infracciones<\/li><li style=\"box-sizing: content-box; font-family: Montserrat, sans-serif !important;\">Marca Registrada &amp; Infracci\u00f3n de Patentes y Litigio<\/li><li style=\"box-sizing: content-box; font-family: Montserrat, sans-serif !important;\">Licencias de Patentes<\/li><li style=\"box-sizing: content-box; font-family: Montserrat, sans-serif !important;\">Nombres Comerciales<\/li><li style=\"box-sizing: content-box; font-family: Montserrat, sans-serif !important;\">Dominio<\/li><li style=\"box-sizing: content-box; font-family: Montserrat, sans-serif !important;\">Entretenimiento<\/li><li style=\"box-sizing: content-box; font-family: Montserrat, sans-serif !important;\">Registro de Patentes y Procesamientos Nacionales y en Latino Am\u00e9rica<\/li><\/ul>\t\t\t\t\t\t\t\t<\/div>\n\t\t\t\t<\/div>\n\t\t\t\t<div class=\"elementor-element elementor-element-6879ea6 elementor-widget elementor-widget-text-editor\" data-id=\"6879ea6\" data-element_type=\"widget\" data-e-type=\"widget\" data-widget_type=\"text-editor.default\">\n\t\t\t\t<div class=\"elementor-widget-container\">\n\t\t\t\t\t\t\t\t\t<h6><span style=\"color: #999999;\">Enlaces<\/span><\/h6><ul><li><span style=\"color: #ffffff;\"><a style=\"color: #ffffff;\" href=\"http:\/\/www.impi.gob.mx\/\" target=\"_blank\" rel=\"noopener\">Instituto Mexicano de la Propiedad Industrial<\/a><\/span><\/li><li><span style=\"color: #ffffff;\"><a style=\"color: #ffffff;\" href=\"http:\/\/siga.impi.gob.mx\/\" target=\"_blank\" rel=\"noopener\">Gaceta de la Propiedad Industrial<\/a><\/span><\/li><li><span style=\"color: #ffffff;\"><a style=\"color: #ffffff;\" href=\"http:\/\/www.wipo.int\/portal\/index.html.es\" target=\"_blank\" rel=\"noopener\">Organizaci\u00f3n Mundial de la Propiedad Intelectual<\/a><\/span><\/li><li><span style=\"color: #ffffff;\"><a style=\"color: #ffffff;\" href=\"http:\/\/www.cerlalc.org\/\" target=\"_blank\" rel=\"noopener\">Centro Regional para el Fomento de Libro en Am\u00e9rica Latina y el Caribe<span style=\"color: #ffffff;\">ica and the Caribbean<\/span><\/a><\/span><\/li><li><span style=\"color: #ffffff;\"><a style=\"color: #ffffff;\" href=\"http:\/\/www.issn.org\/\" target=\"_blank\" rel=\"noopener\">International Standard Serial Number ISSN<\/a><\/span><\/li><li><span style=\"color: #ffffff;\"><a style=\"color: #ffffff;\" href=\"https:\/\/www.isbn-international.org\/\" target=\"_blank\" rel=\"noopener\">Agencia Internacional ISBN<\/a><\/span><\/li><\/ul>\t\t\t\t\t\t\t\t<\/div>\n\t\t\t\t<\/div>\n\t\t\t\t<div class=\"elementor-element elementor-element-4b02a66 elementor-widget elementor-widget-text-editor\" data-id=\"4b02a66\" data-element_type=\"widget\" data-e-type=\"widget\" data-widget_type=\"text-editor.default\">\n\t\t\t\t<div class=\"elementor-widget-container\">\n\t\t\t\t\t\t\t\t\t<h6><span style=\"color: #999999;\">Bluebook<\/span><\/h6><ul><li style=\"box-sizing: content-box;\"><a href=\"https:\/\/goodrichriquelme.com\/wp-content\/uploads\/2024\/10\/c-8-intellectual-property_ES.pdf\" target=\"_blank\" rel=\"noopener\"><span style=\"color: #ffffff; font-family: Montserrat, sans-serif;\">C \u2013 8 Propiedad Intelectual<\/span><\/a><\/li><li style=\"box-sizing: content-box;\"><a href=\"https:\/\/goodrichriquelme.com\/wp-content\/uploads\/2024\/10\/intellectual-property-licensing.pdf\" target=\"_blank\" rel=\"noopener\"><span style=\"color: #ffffff; font-family: Montserrat, sans-serif;\">Intellectual Property, Licensing<\/span><\/a><\/li><\/ul>\t\t\t\t\t\t\t\t<\/div>\n\t\t\t\t<\/div>\n\t\t\t\t<div class=\"elementor-element elementor-element-a8de03f elementor-widget elementor-widget-text-editor\" data-id=\"a8de03f\" data-element_type=\"widget\" data-e-type=\"widget\" data-widget_type=\"text-editor.default\">\n\t\t\t\t<div class=\"elementor-widget-container\">\n\t\t\t\t\t\t\t\t\t<h6><span style=\"color: #999999;\">Reconocimientos<\/span><\/h6>\t\t\t\t\t\t\t\t<\/div>\n\t\t\t\t<\/div>\n\t\t\t\t<div class=\"elementor-element elementor-element-8a2b83b elementor-widget elementor-widget-image-gallery\" data-id=\"8a2b83b\" data-element_type=\"widget\" data-e-type=\"widget\" data-widget_type=\"image-gallery.default\">\n\t\t\t\t<div class=\"elementor-widget-container\">\n\t\t\t\t\t\t\t<div class=\"elementor-image-gallery\">\n\t\t\t<div class=\"row gallery galleryid-26138 gallery-columns-4 gallery-size-full\" data-uk-grid-margin=\"\"><figure class=\"gallery-item\"><div class=\"gallery-icon landscape\"><img fetchpriority=\"high\" decoding=\"async\" width=\"1072\" height=\"900\" src=\"https:\/\/goodrichriquelme.com\/wp-content\/uploads\/2020\/06\/Firm-Logo-5.jpg\" class=\"attachment-full size-full\" alt=\"\" data-object-fit=\"cover\" srcset=\"https:\/\/goodrichriquelme.com\/wp-content\/uploads\/2020\/06\/Firm-Logo-5.jpg 1072w, https:\/\/goodrichriquelme.com\/wp-content\/uploads\/2020\/06\/Firm-Logo-5-300x252.jpg 300w, https:\/\/goodrichriquelme.com\/wp-content\/uploads\/2020\/06\/Firm-Logo-5-1024x860.jpg 1024w, https:\/\/goodrichriquelme.com\/wp-content\/uploads\/2020\/06\/Firm-Logo-5-768x645.jpg 768w, https:\/\/goodrichriquelme.com\/wp-content\/uploads\/2020\/06\/Firm-Logo-5-14x12.jpg 14w\" sizes=\"(max-width: 1072px) 100vw, 1072px\" \/><\/div><\/figure><figure class=\"gallery-item\"><div class=\"gallery-icon portrait\"><img decoding=\"async\" width=\"1500\" height=\"1880\" src=\"https:\/\/goodrichriquelme.com\/wp-content\/uploads\/2024\/10\/GRA-Intellectual-Property.jpg\" class=\"attachment-full size-full\" alt=\"\" data-object-fit=\"cover\" srcset=\"https:\/\/goodrichriquelme.com\/wp-content\/uploads\/2024\/10\/GRA-Intellectual-Property.jpg 1500w, https:\/\/goodrichriquelme.com\/wp-content\/uploads\/2024\/10\/GRA-Intellectual-Property-239x300.jpg 239w, https:\/\/goodrichriquelme.com\/wp-content\/uploads\/2024\/10\/GRA-Intellectual-Property-817x1024.jpg 817w, https:\/\/goodrichriquelme.com\/wp-content\/uploads\/2024\/10\/GRA-Intellectual-Property-768x963.jpg 768w, https:\/\/goodrichriquelme.com\/wp-content\/uploads\/2024\/10\/GRA-Intellectual-Property-1226x1536.jpg 1226w, https:\/\/goodrichriquelme.com\/wp-content\/uploads\/2024\/10\/GRA-Intellectual-Property-10x12.jpg 10w\" sizes=\"(max-width: 1500px) 100vw, 1500px\" \/><\/div><\/figure><\/div>\t\t<\/div>\n\t\t\t\t\t\t<\/div>\n\t\t\t\t<\/div>\n\t\t\t\t<div class=\"elementor-element elementor-element-e4a3fd5 elementor-widget elementor-widget-spacer\" data-id=\"e4a3fd5\" data-element_type=\"widget\" data-e-type=\"widget\" data-widget_type=\"spacer.default\">\n\t\t\t\t<div class=\"elementor-widget-container\">\n\t\t\t\t\t\t\t<div class=\"elementor-spacer\">\n\t\t\t<div class=\"elementor-spacer-inner\"><\/div>\n\t\t<\/div>\n\t\t\t\t\t\t<\/div>\n\t\t\t\t<\/div>\n\t\t\t\t\t<\/div>\n\t\t<\/div>\n\t\t\t\t\t<\/div>\n\t\t<\/section>\n\t\t\t\t\t<\/div>\n\t\t<\/div>\n\t\t\t\t\t<\/div>\n\t\t<\/section>\n\t\t\t\t<\/div>","protected":false},"excerpt":{"rendered":"<p>Intellectual Property Antitrust Banking &amp; Finance Bankruptcy Corporate and M&amp;A ESG &amp; Climate Change Immigration Intellectual Property Labor Law &amp; Social Security Litigation &amp; ADR Tax Law &amp; International Trade Intellectual Property The vast majority of our intellectual property work is for non-Mexican companies conducting business in Mexico. Our staff of attorneys, engineers and computer specialists helps adapt foreign patent specifications and claims to Mexican law, secure patent inventions and trademark registration and maintain them by handling the necessary renewals. Our computer system, which is linked to the Mexican Patent and Trademark Department, permits us to provide our clients with a timely notice of their intellectual property matters. We also perform trademark searches and prepare and register license agreements. Due to recent changes in technology, we are increasingly being called on for assistance in licensing and litigation relating to computer software as well as for complex licensing negotiations and settlements involving patents, trademarks and copyrights. Our lawyers handle litigation for clients in all areas such as licensing, patent and trademark infringement, including counterfeiting, unfair competition cases, pirating and unlawful duplication of computer software. We are active players in Entertainment and Sport deals. Services Industrial Property Rights IP Licensing IP Enforcement &amp; Infringement Trade secrets Internet IP Software Licensing Copyright Licensing Copyright Registration &amp; Infringement Trademark &amp; Patent Infringement and Litigation Patent Licensing Trade Names Domain Names Entertainment Law National and Latin America Patent Filing and Prosecution Links Mexican Institute of Industrial Property Gazette of the Industrial Property World Organization of Intellectual Property Centre for Book Development in Latin America and the Caribbean International Standard Serial Number ISSN International ISBN Agency Bluebook C \u2013 8 Intellectual Property Intellectual Property, Licensing Rankings<\/p>","protected":false},"author":1,"featured_media":0,"parent":26112,"menu_order":0,"comment_status":"closed","ping_status":"closed","template":"elementor_header_footer","meta":{"_acf_changed":false,"rs_blank_template":"","rs_page_bg_color":"","slide_template_v7":"","footnotes":""},"class_list":["post-26138","page","type-page","status-publish","hentry"],"acf":[],"_links":{"self":[{"href":"https:\/\/goodrichriquelme.com\/es\/wp-json\/wp\/v2\/pages\/26138","targetHints":{"allow":["GET"]}}],"collection":[{"href":"https:\/\/goodrichriquelme.com\/es\/wp-json\/wp\/v2\/pages"}],"about":[{"href":"https:\/\/goodrichriquelme.com\/es\/wp-json\/wp\/v2\/types\/page"}],"author":[{"embeddable":true,"href":"https:\/\/goodrichriquelme.com\/es\/wp-json\/wp\/v2\/users\/1"}],"replies":[{"embeddable":true,"href":"https:\/\/goodrichriquelme.com\/es\/wp-json\/wp\/v2\/comments?post=26138"}],"version-history":[{"count":31,"href":"https:\/\/goodrichriquelme.com\/es\/wp-json\/wp\/v2\/pages\/26138\/revisions"}],"predecessor-version":[{"id":27899,"href":"https:\/\/goodrichriquelme.com\/es\/wp-json\/wp\/v2\/pages\/26138\/revisions\/27899"}],"up":[{"embeddable":true,"href":"https:\/\/goodrichriquelme.com\/es\/wp-json\/wp\/v2\/pages\/26112"}],"wp:attachment":[{"href":"https:\/\/goodrichriquelme.com\/es\/wp-json\/wp\/v2\/media?parent=26138"}],"curies":[{"name":"wp","href":"https:\/\/api.w.org\/{rel}","templated":true}]}}