{"id":26141,"date":"2024-10-21T15:07:47","date_gmt":"2024-10-21T21:07:47","guid":{"rendered":"https:\/\/goodrichriquelme.com\/?page_id=26141"},"modified":"2024-11-19T12:30:46","modified_gmt":"2024-11-19T18:30:46","slug":"labor-law-social-security","status":"publish","type":"page","link":"https:\/\/goodrichriquelme.com\/es\/practice-areas\/labor-law-social-security\/","title":{"rendered":"Labor Law &#038; Social Security"},"content":{"rendered":"<div data-elementor-type=\"wp-page\" data-elementor-id=\"26141\" class=\"elementor elementor-26141\">\n\t\t\t\t\t\t<section class=\"elementor-section elementor-top-section elementor-element elementor-element-f4a471d elementor-section-content-top elementor-section-boxed elementor-section-height-default elementor-section-height-default wpr-particle-no wpr-jarallax-no wpr-parallax-no wpr-sticky-section-no wpr-equal-height-no\" data-id=\"f4a471d\" data-element_type=\"section\" data-e-type=\"section\" data-settings=\"{&quot;jet_parallax_layout_list&quot;:[],&quot;background_background&quot;:&quot;classic&quot;}\">\n\t\t\t\t\t\t\t<div class=\"elementor-background-overlay\"><\/div>\n\t\t\t\t\t\t\t<div class=\"elementor-container elementor-column-gap-default\">\n\t\t\t\t\t<div class=\"elementor-column elementor-col-100 elementor-top-column elementor-element elementor-element-f4597be\" data-id=\"f4597be\" data-element_type=\"column\" data-e-type=\"column\">\n\t\t\t<div class=\"elementor-widget-wrap elementor-element-populated\">\n\t\t\t\t\t\t<div class=\"elementor-element elementor-element-6af5e22 elementor-widget elementor-widget-spacer\" data-id=\"6af5e22\" data-element_type=\"widget\" data-e-type=\"widget\" data-widget_type=\"spacer.default\">\n\t\t\t\t<div class=\"elementor-widget-container\">\n\t\t\t\t\t\t\t<div class=\"elementor-spacer\">\n\t\t\t<div class=\"elementor-spacer-inner\"><\/div>\n\t\t<\/div>\n\t\t\t\t\t\t<\/div>\n\t\t\t\t<\/div>\n\t\t\t\t<section class=\"elementor-section elementor-inner-section elementor-element elementor-element-816ca08 elementor-section-boxed elementor-section-height-default elementor-section-height-default wpr-particle-no wpr-jarallax-no wpr-parallax-no wpr-sticky-section-no wpr-equal-height-no\" data-id=\"816ca08\" data-element_type=\"section\" data-e-type=\"section\" data-settings=\"{&quot;jet_parallax_layout_list&quot;:[]}\">\n\t\t\t\t\t\t<div class=\"elementor-container elementor-column-gap-default\">\n\t\t\t\t\t<div class=\"elementor-column elementor-col-50 elementor-inner-column elementor-element elementor-element-5bf2f43\" data-id=\"5bf2f43\" data-element_type=\"column\" data-e-type=\"column\">\n\t\t\t<div class=\"elementor-widget-wrap elementor-element-populated\">\n\t\t\t\t\t\t<div class=\"elementor-element elementor-element-fdc49ff elementor-widget elementor-widget-heading\" data-id=\"fdc49ff\" data-element_type=\"widget\" data-e-type=\"widget\" data-widget_type=\"heading.default\">\n\t\t\t\t<div class=\"elementor-widget-container\">\n\t\t\t\t\t<h1 class=\"elementor-heading-title elementor-size-default\">Laboral\n<\/h1>\t\t\t\t<\/div>\n\t\t\t\t<\/div>\n\t\t\t\t<div class=\"elementor-element elementor-element-23a35a7 elementor-widget elementor-widget-heading\" data-id=\"23a35a7\" data-element_type=\"widget\" data-e-type=\"widget\" data-widget_type=\"heading.default\">\n\t\t\t\t<div class=\"elementor-widget-container\">\n\t\t\t\t\t<h2 class=\"elementor-heading-title elementor-size-default\">y Seguridad Social\n<\/h2>\t\t\t\t<\/div>\n\t\t\t\t<\/div>\n\t\t\t\t<div class=\"elementor-element elementor-element-2b2b362 elementor-widget elementor-widget-spacer\" data-id=\"2b2b362\" data-element_type=\"widget\" data-e-type=\"widget\" data-widget_type=\"spacer.default\">\n\t\t\t\t<div class=\"elementor-widget-container\">\n\t\t\t\t\t\t\t<div class=\"elementor-spacer\">\n\t\t\t<div class=\"elementor-spacer-inner\"><\/div>\n\t\t<\/div>\n\t\t\t\t\t\t<\/div>\n\t\t\t\t<\/div>\n\t\t\t\t<div class=\"elementor-element elementor-element-e620028 elementor-widget elementor-widget-text-editor\" data-id=\"e620028\" data-element_type=\"widget\" data-e-type=\"widget\" data-widget_type=\"text-editor.default\">\n\t\t\t\t<div class=\"elementor-widget-container\">\n\t\t\t\t\t\t\t\t\t<p><span style=\"color: #ffffff;\"><a style=\"color: #ffffff;\" href=\"https:\/\/goodrichriquelme.com\/es\/antitrust\/\">Competencia\nEcon\u00f3mica<\/a><\/span><\/p><p><span style=\"color: #ffffff;\"><a style=\"color: #ffffff;\" href=\"https:\/\/goodrichriquelme.com\/es\/banking-finance\/\">Bancario, Burs\u00e1til y Financiero<\/a><\/span><\/p><p><span style=\"color: #ffffff;\"><a style=\"color: #ffffff;\" href=\"https:\/\/goodrichriquelme.com\/es\/practice-areas\/bankruptcy\/\">Concursal<\/a><\/span><\/p><p><span style=\"color: #ffffff;\"><a style=\"color: #ffffff;\" href=\"https:\/\/goodrichriquelme.com\/es\/practice-areas\/corporate-and-ma\/\">Corporativo y M&amp;A<\/a><\/span><\/p><p><span style=\"color: #ffffff;\"><a style=\"color: #ffffff;\" href=\"https:\/\/goodrichriquelme.com\/es\/practice-areas\/esg-climate-change\/\">ESG y Cambio Clim\u00e1tico<\/a><\/span><\/p><p><span style=\"color: #ffffff;\"><a style=\"color: #ffffff;\" href=\"https:\/\/goodrichriquelme.com\/es\/practice-areas\/immigration\/\">Migraci\u00f3n<\/a><\/span><\/p><p><span style=\"color: #ffffff;\"><a style=\"color: #ffffff;\" href=\"https:\/\/goodrichriquelme.com\/es\/practice-areas\/intellectual-property\/\">Propiedad Intelectual<\/a><\/span><\/p><p><span style=\"color: #999999;\"><a style=\"color: #999999;\" href=\"https:\/\/goodrichriquelme.com\/es\/practice-areas\/labor-law-social-security\/\">Laboral y Seguridad Social<\/a><\/span><\/p><p><span style=\"color: #ffffff;\"><a style=\"color: #ffffff;\" href=\"https:\/\/goodrichriquelme.com\/es\/practice-areas\/litigation-adr\/\">Litigio y MASC<\/a><\/span><\/p><p><span style=\"color: #ffffff;\"><a style=\"color: #ffffff;\" href=\"https:\/\/goodrichriquelme.com\/es\/practice-areas\/tax-law-international-trade\/\">Impuestos y Comercio Exterior<\/a><\/span><\/p>\t\t\t\t\t\t\t\t<\/div>\n\t\t\t\t<\/div>\n\t\t\t\t\t<\/div>\n\t\t<\/div>\n\t\t\t\t<div class=\"elementor-column elementor-col-50 elementor-inner-column elementor-element elementor-element-1ed209d\" data-id=\"1ed209d\" data-element_type=\"column\" data-e-type=\"column\">\n\t\t\t<div class=\"elementor-widget-wrap elementor-element-populated\">\n\t\t\t\t\t\t<div class=\"elementor-element elementor-element-0280e99 elementor-widget elementor-widget-text-editor\" data-id=\"0280e99\" data-element_type=\"widget\" data-e-type=\"widget\" data-widget_type=\"text-editor.default\">\n\t\t\t\t<div class=\"elementor-widget-container\">\n\t\t\t\t\t\t\t\t\t<h6 class=\"p1\"><span style=\"color: #999999;\">Laboral<br \/><\/span><\/h6>\t\t\t\t\t\t\t\t<\/div>\n\t\t\t\t<\/div>\n\t\t\t\t<div class=\"elementor-element elementor-element-6ba8bb9 elementor-widget elementor-widget-text-editor\" data-id=\"6ba8bb9\" data-element_type=\"widget\" data-e-type=\"widget\" data-widget_type=\"text-editor.default\">\n\t\t\t\t<div class=\"elementor-widget-container\">\n\t\t\t\t\t\t\t\t\t<p class=\"p1\">Nuestra pr\u00e1ctica cubre todo el espectro de las relaciones laborales. Nuestros servicios incluyen la elaboraci\u00f3n de contratos de trabajo y todos los documentos relacionados con los mismos, la selecci\u00f3n de puestos de gerencia dentro de las empresas, separaci\u00f3n y despidos, la negociaci\u00f3n de acuerdos colectivos de trabajo, litigios con trabajadores de manera individual o con sindicatos, as\u00ed como consultor\u00eda y litigio en la materia de seguridad social y fondos de vivienda para los trabajadores, entre otros.<\/p>\t\t\t\t\t\t\t\t<\/div>\n\t\t\t\t<\/div>\n\t\t\t\t<div class=\"elementor-element elementor-element-6889ef2 elementor-widget elementor-widget-text-editor\" data-id=\"6889ef2\" data-element_type=\"widget\" data-e-type=\"widget\" data-widget_type=\"text-editor.default\">\n\t\t\t\t<div class=\"elementor-widget-container\">\n\t\t\t\t\t\t\t\t\t<h6 class=\"p1\"><span style=\"color: #999999;\"> Beneficios de Empleo\n<\/span><\/h6>\t\t\t\t\t\t\t\t<\/div>\n\t\t\t\t<\/div>\n\t\t\t\t<div class=\"elementor-element elementor-element-be83f62 elementor-widget elementor-widget-text-editor\" data-id=\"be83f62\" data-element_type=\"widget\" data-e-type=\"widget\" data-widget_type=\"text-editor.default\">\n\t\t\t\t<div class=\"elementor-widget-container\">\n\t\t\t\t\t\t\t\t\t<p class=\"p1\">Tanto nuestros abogados laboralistas como los expertos en seguridad social, fungen como consultores, negociadores de contratos y litigantes, representado siempre al patr\u00f3n.<\/p>\t\t\t\t\t\t\t\t<\/div>\n\t\t\t\t<\/div>\n\t\t\t\t<div class=\"elementor-element elementor-element-555ae52 elementor-widget elementor-widget-text-editor\" data-id=\"555ae52\" data-element_type=\"widget\" data-e-type=\"widget\" data-widget_type=\"text-editor.default\">\n\t\t\t\t<div class=\"elementor-widget-container\">\n\t\t\t\t\t\t\t\t\t<h6 class=\"p1\"><span style=\"color: #999999;\"> Servicios<br \/><\/span><\/h6>\t\t\t\t\t\t\t\t<\/div>\n\t\t\t\t<\/div>\n\t\t\t\t<div class=\"elementor-element elementor-element-0519d7f elementor-widget elementor-widget-text-editor\" data-id=\"0519d7f\" data-element_type=\"widget\" data-e-type=\"widget\" data-widget_type=\"text-editor.default\">\n\t\t\t\t<div class=\"elementor-widget-container\">\n\t\t\t\t\t\t\t\t\t<ul class=\"section-links\"><li>Contratos de trabajo<\/li><li>Contratos colectivos de trabajo<\/li><li>Litigios<\/li><li>Seguridad Social y Fondo de Vivienda de los Trabajadores<\/li><\/ul>\t\t\t\t\t\t\t\t<\/div>\n\t\t\t\t<\/div>\n\t\t\t\t<div class=\"elementor-element elementor-element-fb04846 elementor-widget elementor-widget-text-editor\" data-id=\"fb04846\" data-element_type=\"widget\" data-e-type=\"widget\" data-widget_type=\"text-editor.default\">\n\t\t\t\t<div class=\"elementor-widget-container\">\n\t\t\t\t\t\t\t\t\t<h6 class=\"p1\"><span style=\"color: #999999;\"> Servicios<br \/><\/span><\/h6>\t\t\t\t\t\t\t\t<\/div>\n\t\t\t\t<\/div>\n\t\t\t\t<div class=\"elementor-element elementor-element-60a8e3b elementor-widget elementor-widget-text-editor\" data-id=\"60a8e3b\" data-element_type=\"widget\" data-e-type=\"widget\" data-widget_type=\"text-editor.default\">\n\t\t\t\t<div class=\"elementor-widget-container\">\n\t\t\t\t\t\t\t\t\t<ul class=\"section-links\"><li style=\"box-sizing: content-box; font-family: Montserrat, sans-serif !important;\"><span style=\"color: #ffffff;\"><a style=\"box-sizing: content-box; outline: 0px; color: #ffffff;\" href=\"http:\/\/www.stps.gob.mx\/\" target=\"_blank\" rel=\"noopener\">Secretar\u00eda del Trabajo y Previsi\u00f3n Social<\/a><\/span><\/li><li style=\"box-sizing: content-box; font-family: Montserrat, sans-serif !important;\"><span style=\"color: #ffffff;\"><a style=\"box-sizing: content-box; color: #ffffff;\" href=\"http:\/\/www.stps.gob.mx\/bp\/secciones\/junta_federal\/index.html\" target=\"_blank\" rel=\"noopener\">Junta Federal de Conciliaci\u00f3n y Arbitraje<\/a><\/span><\/li><\/ul>\t\t\t\t\t\t\t\t<\/div>\n\t\t\t\t<\/div>\n\t\t\t\t<div class=\"elementor-element elementor-element-ff32fb7 elementor-widget elementor-widget-text-editor\" data-id=\"ff32fb7\" data-element_type=\"widget\" data-e-type=\"widget\" data-widget_type=\"text-editor.default\">\n\t\t\t\t<div class=\"elementor-widget-container\">\n\t\t\t\t\t\t\t\t\t<h6 class=\"p1\"><span style=\"color: #999999;\"> Bluebook\n<\/span><\/h6>\t\t\t\t\t\t\t\t<\/div>\n\t\t\t\t<\/div>\n\t\t\t\t<div class=\"elementor-element elementor-element-ed02819 elementor-widget elementor-widget-text-editor\" data-id=\"ed02819\" data-element_type=\"widget\" data-e-type=\"widget\" data-widget_type=\"text-editor.default\">\n\t\t\t\t<div class=\"elementor-widget-container\">\n\t\t\t\t\t\t\t\t\t<ul class=\"section-links\"><li style=\"box-sizing: content-box; font-family: Montserrat, sans-serif !important;\"><span style=\"color: #ffffff;\"><a style=\"color: #ffffff;\" href=\"https:\/\/goodrichriquelme.com\/wp-content\/uploads\/2024\/10\/c-8-intellectual-property_ES-1.pdf\" target=\"_blank\" rel=\"noopener\">C \u2013 5 Laboral<\/a><\/span><\/li><li style=\"box-sizing: content-box; font-family: Montserrat, sans-serif !important;\"><span style=\"color: #ffffff;\"><a style=\"color: #ffffff;\" href=\"https:\/\/goodrichriquelme.com\/wp-content\/uploads\/2024\/10\/labor-and-employment-matters-in-mexico.pdf\" target=\"_blank\" rel=\"noopener\">Labor and employment matters in Mexico<\/a><\/span><\/li><\/ul>\t\t\t\t\t\t\t\t<\/div>\n\t\t\t\t<\/div>\n\t\t\t\t<div class=\"elementor-element elementor-element-a250af3 elementor-widget elementor-widget-text-editor\" data-id=\"a250af3\" data-element_type=\"widget\" data-e-type=\"widget\" data-widget_type=\"text-editor.default\">\n\t\t\t\t<div class=\"elementor-widget-container\">\n\t\t\t\t\t\t\t\t\t<h6 class=\"p1\"><span style=\"color: #999999;\"> Reconocimientos\n<\/span><\/h6>\t\t\t\t\t\t\t\t<\/div>\n\t\t\t\t<\/div>\n\t\t\t\t<div class=\"elementor-element elementor-element-9cc38fe elementor-widget elementor-widget-text-editor\" data-id=\"9cc38fe\" data-element_type=\"widget\" data-e-type=\"widget\" data-widget_type=\"text-editor.default\">\n\t\t\t\t<div class=\"elementor-widget-container\">\n\t\t\t\t\t\t\t\t\t<h6 class=\"p1\"><span style=\"color: #999999;\"> Literatura Legal\n\n<\/span><\/h6>\t\t\t\t\t\t\t\t<\/div>\n\t\t\t\t<\/div>\n\t\t\t\t<div class=\"elementor-element elementor-element-1eb1c02 elementor-widget elementor-widget-text-editor\" data-id=\"1eb1c02\" data-element_type=\"widget\" data-e-type=\"widget\" data-widget_type=\"text-editor.default\">\n\t\t\t\t<div class=\"elementor-widget-container\">\n\t\t\t\t\t\t\t\t\t<ul><li><span style=\"color: #ffffff;\"><a style=\"color: #ffffff;\" href=\"https:\/\/goodrichriquelme.com\/wp-content\/uploads\/2024\/10\/Nota-Salarios-Minimos-2020-1.pdf\" target=\"_blank\" rel=\"noopener\">SALARIOS M\u00cdNIMOS 2020<\/a><\/span><\/li><\/ul>\t\t\t\t\t\t\t\t<\/div>\n\t\t\t\t<\/div>\n\t\t\t\t<div class=\"elementor-element elementor-element-e4a3fd5 elementor-widget elementor-widget-spacer\" data-id=\"e4a3fd5\" data-element_type=\"widget\" data-e-type=\"widget\" data-widget_type=\"spacer.default\">\n\t\t\t\t<div class=\"elementor-widget-container\">\n\t\t\t\t\t\t\t<div class=\"elementor-spacer\">\n\t\t\t<div class=\"elementor-spacer-inner\"><\/div>\n\t\t<\/div>\n\t\t\t\t\t\t<\/div>\n\t\t\t\t<\/div>\n\t\t\t\t<div class=\"elementor-element elementor-element-cbc1811 elementor-widget elementor-widget-image-gallery\" data-id=\"cbc1811\" data-element_type=\"widget\" data-e-type=\"widget\" data-widget_type=\"image-gallery.default\">\n\t\t\t\t<div class=\"elementor-widget-container\">\n\t\t\t\t\t\t\t<div class=\"elementor-image-gallery\">\n\t\t\t<div id='gallery-1' class='gallery galleryid-26141 gallery-columns-4 gallery-size-full'><figure class='gallery-item'>\n\t\t\t<div class='gallery-icon landscape'>\n\t\t\t\t<img fetchpriority=\"high\" decoding=\"async\" width=\"1072\" height=\"900\" src=\"https:\/\/goodrichriquelme.com\/wp-content\/uploads\/2020\/06\/Firm-Logo-5.jpg\" class=\"attachment-full size-full\" alt=\"\" srcset=\"https:\/\/goodrichriquelme.com\/wp-content\/uploads\/2020\/06\/Firm-Logo-5.jpg 1072w, https:\/\/goodrichriquelme.com\/wp-content\/uploads\/2020\/06\/Firm-Logo-5-300x252.jpg 300w, https:\/\/goodrichriquelme.com\/wp-content\/uploads\/2020\/06\/Firm-Logo-5-1024x860.jpg 1024w, https:\/\/goodrichriquelme.com\/wp-content\/uploads\/2020\/06\/Firm-Logo-5-768x645.jpg 768w, https:\/\/goodrichriquelme.com\/wp-content\/uploads\/2020\/06\/Firm-Logo-5-14x12.jpg 14w\" sizes=\"(max-width: 1072px) 100vw, 1072px\" \/>\n\t\t\t<\/div><\/figure><figure class='gallery-item'>\n\t\t\t<div class='gallery-icon portrait'>\n\t\t\t\t<img decoding=\"async\" width=\"1500\" height=\"1880\" src=\"https:\/\/goodrichriquelme.com\/wp-content\/uploads\/2024\/10\/GRA-Labor-Employment.jpg\" class=\"attachment-full size-full\" alt=\"\" srcset=\"https:\/\/goodrichriquelme.com\/wp-content\/uploads\/2024\/10\/GRA-Labor-Employment.jpg 1500w, https:\/\/goodrichriquelme.com\/wp-content\/uploads\/2024\/10\/GRA-Labor-Employment-239x300.jpg 239w, https:\/\/goodrichriquelme.com\/wp-content\/uploads\/2024\/10\/GRA-Labor-Employment-817x1024.jpg 817w, https:\/\/goodrichriquelme.com\/wp-content\/uploads\/2024\/10\/GRA-Labor-Employment-768x963.jpg 768w, https:\/\/goodrichriquelme.com\/wp-content\/uploads\/2024\/10\/GRA-Labor-Employment-1226x1536.jpg 1226w, https:\/\/goodrichriquelme.com\/wp-content\/uploads\/2024\/10\/GRA-Labor-Employment-10x12.jpg 10w\" sizes=\"(max-width: 1500px) 100vw, 1500px\" \/>\n\t\t\t<\/div><\/figure>\n\t\t<\/div>\n\t\t<\/div>\n\t\t\t\t\t\t<\/div>\n\t\t\t\t<\/div>\n\t\t\t\t\t<\/div>\n\t\t<\/div>\n\t\t\t\t\t<\/div>\n\t\t<\/section>\n\t\t\t\t\t<\/div>\n\t\t<\/div>\n\t\t\t\t\t<\/div>\n\t\t<\/section>\n\t\t\t\t<\/div>","protected":false},"excerpt":{"rendered":"<p>Labor Law &amp; Social Security Antitrust Banking &amp; Finance Bankruptcy Corporate and M&amp;A ESG &amp; Climate Change Immigration Intellectual Property Labor Law &amp; Social Security Litigation &amp; ADR Tax Law &amp; International Trade Labor Law Our labor law practice covers the full spectrum of employment relations. Our services include drafting employment contracts and all other related documents, handling of senior executives appointments and severances, negotiating collective bargaining agreements, litigation with individuals or trade unions, as well as counsel and litigation in the matter of social security and workers\u2019 housing fund, among others. Social Security The firm\u2019s lawyers in the employment-law and social-security expertise act as advisers, contract negotiators and litigants, always representing employers. Services Employment contracts Collective bargaining agreements Litigation Social Security and Workers\u2019 Housing Fund Services Ministry of Labour and Social Welfare Federal Board of Conciliation and Arbitration Bluebook C \u2013 5 Labor Law Labor and employment matters in Mexico Rankings Legal Literature MINIMUM SALARIES 2020<\/p>","protected":false},"author":1,"featured_media":0,"parent":26112,"menu_order":0,"comment_status":"closed","ping_status":"closed","template":"elementor_header_footer","meta":{"_acf_changed":false,"rs_blank_template":"","rs_page_bg_color":"","slide_template_v7":"","footnotes":""},"class_list":["post-26141","page","type-page","status-publish","hentry"],"acf":[],"_links":{"self":[{"href":"https:\/\/goodrichriquelme.com\/es\/wp-json\/wp\/v2\/pages\/26141","targetHints":{"allow":["GET"]}}],"collection":[{"href":"https:\/\/goodrichriquelme.com\/es\/wp-json\/wp\/v2\/pages"}],"about":[{"href":"https:\/\/goodrichriquelme.com\/es\/wp-json\/wp\/v2\/types\/page"}],"author":[{"embeddable":true,"href":"https:\/\/goodrichriquelme.com\/es\/wp-json\/wp\/v2\/users\/1"}],"replies":[{"embeddable":true,"href":"https:\/\/goodrichriquelme.com\/es\/wp-json\/wp\/v2\/comments?post=26141"}],"version-history":[{"count":22,"href":"https:\/\/goodrichriquelme.com\/es\/wp-json\/wp\/v2\/pages\/26141\/revisions"}],"predecessor-version":[{"id":27969,"href":"https:\/\/goodrichriquelme.com\/es\/wp-json\/wp\/v2\/pages\/26141\/revisions\/27969"}],"up":[{"embeddable":true,"href":"https:\/\/goodrichriquelme.com\/es\/wp-json\/wp\/v2\/pages\/26112"}],"wp:attachment":[{"href":"https:\/\/goodrichriquelme.com\/es\/wp-json\/wp\/v2\/media?parent=26141"}],"curies":[{"name":"wp","href":"https:\/\/api.w.org\/{rel}","templated":true}]}}