{"id":26145,"date":"2024-10-21T15:08:40","date_gmt":"2024-10-21T21:08:40","guid":{"rendered":"https:\/\/goodrichriquelme.com\/?page_id=26145"},"modified":"2024-10-30T10:21:45","modified_gmt":"2024-10-30T16:21:45","slug":"tax-law-international-trade","status":"publish","type":"page","link":"https:\/\/goodrichriquelme.com\/es\/practice-areas\/tax-law-international-trade\/","title":{"rendered":"Tax Law &#038; International Trade"},"content":{"rendered":"<div data-elementor-type=\"wp-page\" data-elementor-id=\"26145\" class=\"elementor elementor-26145\">\n\t\t\t\t\t\t<section class=\"elementor-section elementor-top-section elementor-element elementor-element-f4a471d elementor-section-content-top elementor-section-boxed elementor-section-height-default elementor-section-height-default wpr-particle-no wpr-jarallax-no wpr-parallax-no wpr-sticky-section-no wpr-equal-height-no\" data-id=\"f4a471d\" data-element_type=\"section\" data-e-type=\"section\" data-settings=\"{&quot;jet_parallax_layout_list&quot;:[],&quot;background_background&quot;:&quot;classic&quot;}\">\n\t\t\t\t\t\t\t<div class=\"elementor-background-overlay\"><\/div>\n\t\t\t\t\t\t\t<div class=\"elementor-container elementor-column-gap-default\">\n\t\t\t\t\t<div class=\"elementor-column elementor-col-100 elementor-top-column elementor-element elementor-element-f4597be\" data-id=\"f4597be\" data-element_type=\"column\" data-e-type=\"column\">\n\t\t\t<div class=\"elementor-widget-wrap elementor-element-populated\">\n\t\t\t\t\t\t<div class=\"elementor-element elementor-element-6af5e22 elementor-widget elementor-widget-spacer\" data-id=\"6af5e22\" data-element_type=\"widget\" data-e-type=\"widget\" data-widget_type=\"spacer.default\">\n\t\t\t\t<div class=\"elementor-widget-container\">\n\t\t\t\t\t\t\t<div class=\"elementor-spacer\">\n\t\t\t<div class=\"elementor-spacer-inner\"><\/div>\n\t\t<\/div>\n\t\t\t\t\t\t<\/div>\n\t\t\t\t<\/div>\n\t\t\t\t<section class=\"elementor-section elementor-inner-section elementor-element elementor-element-816ca08 elementor-section-boxed elementor-section-height-default elementor-section-height-default wpr-particle-no wpr-jarallax-no wpr-parallax-no wpr-sticky-section-no wpr-equal-height-no\" data-id=\"816ca08\" data-element_type=\"section\" data-e-type=\"section\" data-settings=\"{&quot;jet_parallax_layout_list&quot;:[]}\">\n\t\t\t\t\t\t<div class=\"elementor-container elementor-column-gap-default\">\n\t\t\t\t\t<div class=\"elementor-column elementor-col-50 elementor-inner-column elementor-element elementor-element-5bf2f43\" data-id=\"5bf2f43\" data-element_type=\"column\" data-e-type=\"column\">\n\t\t\t<div class=\"elementor-widget-wrap elementor-element-populated\">\n\t\t\t\t\t\t<div class=\"elementor-element elementor-element-fdc49ff elementor-widget elementor-widget-heading\" data-id=\"fdc49ff\" data-element_type=\"widget\" data-e-type=\"widget\" data-widget_type=\"heading.default\">\n\t\t\t\t<div class=\"elementor-widget-container\">\n\t\t\t\t\t<h1 class=\"elementor-heading-title elementor-size-default\">Impuestos\n<\/h1>\t\t\t\t<\/div>\n\t\t\t\t<\/div>\n\t\t\t\t<div class=\"elementor-element elementor-element-23a35a7 elementor-widget elementor-widget-heading\" data-id=\"23a35a7\" data-element_type=\"widget\" data-e-type=\"widget\" data-widget_type=\"heading.default\">\n\t\t\t\t<div class=\"elementor-widget-container\">\n\t\t\t\t\t<h2 class=\"elementor-heading-title elementor-size-default\">y Comercio Exterior<\/h2>\t\t\t\t<\/div>\n\t\t\t\t<\/div>\n\t\t\t\t<div class=\"elementor-element elementor-element-2b2b362 elementor-widget elementor-widget-spacer\" data-id=\"2b2b362\" data-element_type=\"widget\" data-e-type=\"widget\" data-widget_type=\"spacer.default\">\n\t\t\t\t<div class=\"elementor-widget-container\">\n\t\t\t\t\t\t\t<div class=\"elementor-spacer\">\n\t\t\t<div class=\"elementor-spacer-inner\"><\/div>\n\t\t<\/div>\n\t\t\t\t\t\t<\/div>\n\t\t\t\t<\/div>\n\t\t\t\t<div class=\"elementor-element elementor-element-e896e44 elementor-widget elementor-widget-text-editor\" data-id=\"e896e44\" data-element_type=\"widget\" data-e-type=\"widget\" data-widget_type=\"text-editor.default\">\n\t\t\t\t<div class=\"elementor-widget-container\">\n\t\t\t\t\t\t\t\t\t<p><span style=\"color: #ffffff;\"><a style=\"color: #ffffff;\" href=\"https:\/\/goodrichriquelme.com\/es\/antitrust\/\">Competencia\nEcon\u00f3mica<\/a><\/span><\/p><p><span style=\"color: #ffffff;\"><a style=\"color: #ffffff;\" href=\"https:\/\/goodrichriquelme.com\/es\/banking-finance\/\">Bancario, Burs\u00e1til y Financiero<\/a><\/span><\/p><p><span style=\"color: #ffffff;\"><a style=\"color: #ffffff;\" href=\"https:\/\/goodrichriquelme.com\/es\/practice-areas\/bankruptcy\/\">Concursal<\/a><\/span><\/p><p><span style=\"color: #ffffff;\"><a style=\"color: #ffffff;\" href=\"https:\/\/goodrichriquelme.com\/es\/practice-areas\/corporate-and-ma\/\">Corporativo y M&amp;A<\/a><\/span><\/p><p><span style=\"color: #ffffff;\"><a style=\"color: #ffffff;\" href=\"https:\/\/goodrichriquelme.com\/es\/practice-areas\/esg-climate-change\/\">ESG y Cambio Clim\u00e1tico<\/a><\/span><\/p><p><span style=\"color: #ffffff;\"><a style=\"color: #ffffff;\" href=\"https:\/\/goodrichriquelme.com\/es\/practice-areas\/immigration\/\">Migraci\u00f3n<\/a><\/span><\/p><p><span style=\"color: #ffffff;\"><a style=\"color: #ffffff;\" href=\"https:\/\/goodrichriquelme.com\/es\/practice-areas\/intellectual-property\/\">Propiedad Intelectual<\/a><\/span><\/p><p><span style=\"color: #ffffff;\"><a style=\"color: #ffffff;\" href=\"https:\/\/goodrichriquelme.com\/es\/practice-areas\/labor-law-social-security\/\">Laboral y Seguridad Social<\/a><\/span><\/p><p><span style=\"color: #ffffff;\"><a style=\"color: #ffffff;\" href=\"https:\/\/goodrichriquelme.com\/es\/practice-areas\/litigation-adr\/\">Litigio y MASC<\/a><\/span><\/p><p><span style=\"color: #999999;\"><a style=\"color: #999999;\" href=\"https:\/\/goodrichriquelme.com\/es\/practice-areas\/tax-law-international-trade\/\">Impuestos y Comercio Exterior<\/a><\/span><\/p>\t\t\t\t\t\t\t\t<\/div>\n\t\t\t\t<\/div>\n\t\t\t\t\t<\/div>\n\t\t<\/div>\n\t\t\t\t<div class=\"elementor-column elementor-col-50 elementor-inner-column elementor-element elementor-element-1ed209d\" data-id=\"1ed209d\" data-element_type=\"column\" data-e-type=\"column\">\n\t\t\t<div class=\"elementor-widget-wrap elementor-element-populated\">\n\t\t\t\t\t\t<div class=\"elementor-element elementor-element-253701f elementor-widget elementor-widget-text-editor\" data-id=\"253701f\" data-element_type=\"widget\" data-e-type=\"widget\" data-widget_type=\"text-editor.default\">\n\t\t\t\t<div class=\"elementor-widget-container\">\n\t\t\t\t\t\t\t\t\t<h6 class=\"p1\"><span style=\"color: #999999;\">Impuestos\n\n<\/span><\/h6>\t\t\t\t\t\t\t\t<\/div>\n\t\t\t\t<\/div>\n\t\t\t\t<div class=\"elementor-element elementor-element-1d42ca0 elementor-widget elementor-widget-text-editor\" data-id=\"1d42ca0\" data-element_type=\"widget\" data-e-type=\"widget\" data-widget_type=\"text-editor.default\">\n\t\t\t\t<div class=\"elementor-widget-container\">\n\t\t\t\t\t\t\t\t\t<p>Ofrecemos asesor\u00eda legal a nuestros clientes en negociaci\u00f3n, documentaci\u00f3n y estructuraci\u00f3n de operaciones comerciales, compra y venta de sociedades privadas y p\u00fablicas, su recapitalizaci\u00f3n y reorganizaci\u00f3n, joint ventures, as\u00ed como en la organizaci\u00f3n y financiaci\u00f3n de sociedades de reciente constituci\u00f3n. Adem\u00e1s, nos encargamos de los litigios fiscales en todos los niveles judiciales y administrativos y de las solicitudes de dict\u00e1menes fiscales. Para nuestros clientes que no son mexicanos, estamos involucrados en la adquisici\u00f3n, fusi\u00f3n y reestructuraci\u00f3n de los intereses de extranjeros en M\u00e9xico.<\/p>\t\t\t\t\t\t\t\t<\/div>\n\t\t\t\t<\/div>\n\t\t\t\t<div class=\"elementor-element elementor-element-7a7ba21 elementor-widget elementor-widget-text-editor\" data-id=\"7a7ba21\" data-element_type=\"widget\" data-e-type=\"widget\" data-widget_type=\"text-editor.default\">\n\t\t\t\t<div class=\"elementor-widget-container\">\n\t\t\t\t\t\t\t\t\t<h6 class=\"p1\"><span style=\"color: #999999;\">Comercio Exterior\n<\/span><\/h6>\t\t\t\t\t\t\t\t<\/div>\n\t\t\t\t<\/div>\n\t\t\t\t<div class=\"elementor-element elementor-element-0d413cd elementor-widget elementor-widget-text-editor\" data-id=\"0d413cd\" data-element_type=\"widget\" data-e-type=\"widget\" data-widget_type=\"text-editor.default\">\n\t\t\t\t<div class=\"elementor-widget-container\">\n\t\t\t\t\t\t\t\t\t<p class=\"p1\">En lo referente al marco jur\u00eddico de la OMC, incluyendo las pr\u00e1cticas desleales de comercio \u2013tales como dumpling y subvenciones- representamos a nuestros clientes en las cuotas compensatorias impuestas por autoridades mexicanas. Adem\u00e1s, nuestro equipo asesora en todo lo referente a procedimientos aduanales.<\/p>\t\t\t\t\t\t\t\t<\/div>\n\t\t\t\t<\/div>\n\t\t\t\t<div class=\"elementor-element elementor-element-25cf6a5 elementor-widget elementor-widget-text-editor\" data-id=\"25cf6a5\" data-element_type=\"widget\" data-e-type=\"widget\" data-widget_type=\"text-editor.default\">\n\t\t\t\t<div class=\"elementor-widget-container\">\n\t\t\t\t\t\t\t\t\t<h6 class=\"p1\"><span style=\"color: #999999;\"> Servicios\n<\/span><\/h6>\t\t\t\t\t\t\t\t<\/div>\n\t\t\t\t<\/div>\n\t\t\t\t<div class=\"elementor-element elementor-element-c760488 elementor-widget elementor-widget-text-editor\" data-id=\"c760488\" data-element_type=\"widget\" data-e-type=\"widget\" data-widget_type=\"text-editor.default\">\n\t\t\t\t<div class=\"elementor-widget-container\">\n\t\t\t\t\t\t\t\t\t<ul><li>Impuestos Federales y Locales<\/li><li>Litigio Fiscal<\/li><li>Planificaci\u00f3n Fiscal Internacional<\/li><li>Antidumping<\/li><li>Regulaci\u00f3n de importaciones y exportaciones<\/li><li>TLCAN, EUFTA, OMC<\/li><\/ul>\t\t\t\t\t\t\t\t<\/div>\n\t\t\t\t<\/div>\n\t\t\t\t<div class=\"elementor-element elementor-element-1106eb9 elementor-widget elementor-widget-text-editor\" data-id=\"1106eb9\" data-element_type=\"widget\" data-e-type=\"widget\" data-widget_type=\"text-editor.default\">\n\t\t\t\t<div class=\"elementor-widget-container\">\n\t\t\t\t\t\t\t\t\t<h6 class=\"p1\"><span style=\"color: #999999;\"> Enlaces\n<\/span><\/h6>\t\t\t\t\t\t\t\t<\/div>\n\t\t\t\t<\/div>\n\t\t\t\t<div class=\"elementor-element elementor-element-a1ec28a elementor-widget elementor-widget-text-editor\" data-id=\"a1ec28a\" data-element_type=\"widget\" data-e-type=\"widget\" data-widget_type=\"text-editor.default\">\n\t\t\t\t<div class=\"elementor-widget-container\">\n\t\t\t\t\t\t\t\t\t<ul><li><span style=\"color: #ffffff;\"><a style=\"color: #ffffff;\" href=\"http:\/\/www.shcp.gob.mx\/\" target=\"_blank\" rel=\"noopener\">Secretar\u00eda de Hacienda y Cr\u00e9dito P\u00fablico<\/a><\/span><\/li><li><span style=\"color: #ffffff;\"><a style=\"color: #ffffff;\" href=\"http:\/\/www.economia.gob.mx\/\" target=\"_blank\" rel=\"noopener\">Secretar\u00eda de Econom\u00eda<\/a><\/span><\/li><li><span style=\"color: #ffffff;\"><a style=\"color: #ffffff;\" href=\"http:\/\/www.sat.gob.mx\/\" target=\"_blank\" rel=\"noopener\">SAT<\/a><\/span><\/li><li><span style=\"color: #ffffff;\"><a style=\"color: #ffffff;\" href=\"http:\/\/www.iccwbo.org\/incoterms\/\" target=\"_blank\" rel=\"noopener\">INCOTERMS<\/a><\/span><\/li><li><span style=\"color: #ffffff;\"><a style=\"color: #ffffff;\" href=\"http:\/\/www.siicex-caaarem.org.mx\/\" target=\"_blank\" rel=\"noopener\">Tarifas Arancelarias<\/a><\/span><\/li><\/ul>\t\t\t\t\t\t\t\t<\/div>\n\t\t\t\t<\/div>\n\t\t\t\t<div class=\"elementor-element elementor-element-33f327b elementor-widget elementor-widget-text-editor\" data-id=\"33f327b\" data-element_type=\"widget\" data-e-type=\"widget\" data-widget_type=\"text-editor.default\">\n\t\t\t\t<div class=\"elementor-widget-container\">\n\t\t\t\t\t\t\t\t\t<h6 class=\"p1\"><span style=\"color: #999999;\"> Bluebook\n<\/span><\/h6>\t\t\t\t\t\t\t\t<\/div>\n\t\t\t\t<\/div>\n\t\t\t\t<div class=\"elementor-element elementor-element-b05f502 elementor-widget elementor-widget-text-editor\" data-id=\"b05f502\" data-element_type=\"widget\" data-e-type=\"widget\" data-widget_type=\"text-editor.default\">\n\t\t\t\t<div class=\"elementor-widget-container\">\n\t\t\t\t\t\t\t\t\t<ul><li><span style=\"color: #ffffff;\"><a style=\"color: #ffffff;\" href=\"https:\/\/goodrichriquelme.com\/wp-content\/uploads\/2024\/10\/c-1-international-trade.pdf\" target=\"_blank\" rel=\"noopener\">C \u2013 1 Comercio Exterior<\/a><\/span><\/li><li><span style=\"color: #ffffff;\"><a style=\"color: #ffffff;\" href=\"https:\/\/goodrichriquelme.com\/wp-content\/uploads\/2024\/10\/c-7-tax-law.pdf\" target=\"_blank\" rel=\"noopener\">C \u2013 7 Fiscal<\/a><\/span><\/li><li><span style=\"color: #ffffff;\"><a style=\"color: #ffffff;\" href=\"https:\/\/goodrichriquelme.com\/wp-content\/uploads\/2024\/10\/the-tax-system.pdf\" target=\"_blank\" rel=\"noopener\">El Sistema Tributario<\/a><\/span><\/li><li><span style=\"color: #ffffff;\"><a style=\"color: #ffffff;\" href=\"https:\/\/goodrichriquelme.com\/wp-content\/uploads\/2024\/10\/imports-and-exports-from-mexico.pdf\" target=\"_blank\" rel=\"noopener\">Importaciones y Exportaciones de M\u00e9xico<\/a><\/span><\/li><li><span style=\"color: #ffffff;\"><a style=\"color: #ffffff;\" href=\"https:\/\/goodrichriquelme.com\/wp-content\/uploads\/2024\/10\/free-trade-agreements.pdf\" target=\"_blank\" rel=\"noopener\">Tratados de Libre Comercio<\/a><\/span><\/li><li><span style=\"color: #ffffff;\"><a style=\"color: #ffffff;\" href=\"https:\/\/goodrichriquelme.com\/wp-content\/uploads\/2024\/10\/direct-investment-5.pdf\" target=\"_blank\" rel=\"noopener\">Inversi\u00f3n Directa<\/a><\/span><\/li><\/ul>\t\t\t\t\t\t\t\t<\/div>\n\t\t\t\t<\/div>\n\t\t\t\t<div class=\"elementor-element elementor-element-ef33563 elementor-widget elementor-widget-text-editor\" data-id=\"ef33563\" data-element_type=\"widget\" data-e-type=\"widget\" data-widget_type=\"text-editor.default\">\n\t\t\t\t<div class=\"elementor-widget-container\">\n\t\t\t\t\t\t\t\t\t<h6 class=\"p1\"><span style=\"color: #999999;\"> Literatura Legal\n\n<\/span><\/h6>\t\t\t\t\t\t\t\t<\/div>\n\t\t\t\t<\/div>\n\t\t\t\t<div class=\"elementor-element elementor-element-8c22298 elementor-icon-list--layout-traditional elementor-list-item-link-full_width elementor-widget elementor-widget-icon-list\" data-id=\"8c22298\" data-element_type=\"widget\" data-e-type=\"widget\" data-widget_type=\"icon-list.default\">\n\t\t\t\t<div class=\"elementor-widget-container\">\n\t\t\t\t\t\t\t<ul class=\"elementor-icon-list-items\">\n\t\t\t\t\t\t\t<li class=\"elementor-icon-list-item\">\n\t\t\t\t\t\t\t\t\t\t\t<a href=\"https:\/\/goodrichriquelme.com\/wp-content\/uploads\/2024\/10\/Circular-Comercio-Exterior-Cannabis.pdf\" target=\"_blank\">\n\n\t\t\t\t\t\t\t\t\t\t\t\t<span class=\"elementor-icon-list-icon\">\n\t\t\t\t\t\t\t<svg aria-hidden=\"true\" class=\"e-font-icon-svg e-far-file-pdf\" viewbox=\"0 0 384 512\" xmlns=\"http:\/\/www.w3.org\/2000\/svg\"><path d=\"M369.9 97.9L286 14C277 5 264.8-.1 252.1-.1H48C21.5 0 0 21.5 0 48v416c0 26.5 21.5 48 48 48h288c26.5 0 48-21.5 48-48V131.9c0-12.7-5.1-25-14.1-34zM332.1 128H256V51.9l76.1 76.1zM48 464V48h160v104c0 13.3 10.7 24 24 24h104v288H48zm250.2-143.7c-12.2-12-47-8.7-64.4-6.5-17.2-10.5-28.7-25-36.8-46.3 3.9-16.1 10.1-40.6 5.4-56-4.2-26.2-37.8-23.6-42.6-5.9-4.4 16.1-.4 38.5 7 67.1-10 23.9-24.9 56-35.4 74.4-20 10.3-47 26.2-51 46.2-3.3 15.8 26 55.2 76.1-31.2 22.4-7.4 46.8-16.5 68.4-20.1 18.9 10.2 41 17 55.8 17 25.5 0 28-28.2 17.5-38.7zm-198.1 77.8c5.1-13.7 24.5-29.5 30.4-35-19 30.3-30.4 35.7-30.4 35zm81.6-190.6c7.4 0 6.7 32.1 1.8 40.8-4.4-13.9-4.3-40.8-1.8-40.8zm-24.4 136.6c9.7-16.9 18-37 24.7-54.7 8.3 15.1 18.9 27.2 30.1 35.5-20.8 4.3-38.9 13.1-54.8 19.2zm131.6-5s-5 6-37.3-7.8c35.1-2.6 40.9 5.4 37.3 7.8z\"><\/path><\/svg>\t\t\t\t\t\t<\/span>\n\t\t\t\t\t\t\t\t\t\t<span class=\"elementor-icon-list-text\">Regulaci\u00f3n Cannabis<\/span>\n\t\t\t\t\t\t\t\t\t\t\t<\/a>\n\t\t\t\t\t\t\t\t\t<\/li>\n\t\t\t\t\t\t\t\t<li class=\"elementor-icon-list-item\">\n\t\t\t\t\t\t\t\t\t\t\t<a href=\"https:\/\/goodrichriquelme.com\/wp-content\/uploads\/2024\/10\/Circular-Fiscal-2021-Esquemas-Reportables.pdf\" target=\"_blank\">\n\n\t\t\t\t\t\t\t\t\t\t\t\t<span class=\"elementor-icon-list-icon\">\n\t\t\t\t\t\t\t<svg aria-hidden=\"true\" class=\"e-font-icon-svg e-far-file-pdf\" viewbox=\"0 0 384 512\" xmlns=\"http:\/\/www.w3.org\/2000\/svg\"><path d=\"M369.9 97.9L286 14C277 5 264.8-.1 252.1-.1H48C21.5 0 0 21.5 0 48v416c0 26.5 21.5 48 48 48h288c26.5 0 48-21.5 48-48V131.9c0-12.7-5.1-25-14.1-34zM332.1 128H256V51.9l76.1 76.1zM48 464V48h160v104c0 13.3 10.7 24 24 24h104v288H48zm250.2-143.7c-12.2-12-47-8.7-64.4-6.5-17.2-10.5-28.7-25-36.8-46.3 3.9-16.1 10.1-40.6 5.4-56-4.2-26.2-37.8-23.6-42.6-5.9-4.4 16.1-.4 38.5 7 67.1-10 23.9-24.9 56-35.4 74.4-20 10.3-47 26.2-51 46.2-3.3 15.8 26 55.2 76.1-31.2 22.4-7.4 46.8-16.5 68.4-20.1 18.9 10.2 41 17 55.8 17 25.5 0 28-28.2 17.5-38.7zm-198.1 77.8c5.1-13.7 24.5-29.5 30.4-35-19 30.3-30.4 35.7-30.4 35zm81.6-190.6c7.4 0 6.7 32.1 1.8 40.8-4.4-13.9-4.3-40.8-1.8-40.8zm-24.4 136.6c9.7-16.9 18-37 24.7-54.7 8.3 15.1 18.9 27.2 30.1 35.5-20.8 4.3-38.9 13.1-54.8 19.2zm131.6-5s-5 6-37.3-7.8c35.1-2.6 40.9 5.4 37.3 7.8z\"><\/path><\/svg>\t\t\t\t\t\t<\/span>\n\t\t\t\t\t\t\t\t\t\t<span class=\"elementor-icon-list-text\">Esquemas Reportables<\/span>\n\t\t\t\t\t\t\t\t\t\t\t<\/a>\n\t\t\t\t\t\t\t\t\t<\/li>\n\t\t\t\t\t\t\t\t<li class=\"elementor-icon-list-item\">\n\t\t\t\t\t\t\t\t\t\t\t<a href=\"https:\/\/goodrichriquelme.com\/wp-content\/uploads\/2024\/10\/Guia-de-Usuario-156-BIS-CFCDMX.pdf\" target=\"_blank\">\n\n\t\t\t\t\t\t\t\t\t\t\t\t<span class=\"elementor-icon-list-icon\">\n\t\t\t\t\t\t\t<svg aria-hidden=\"true\" class=\"e-font-icon-svg e-far-file-pdf\" viewbox=\"0 0 384 512\" xmlns=\"http:\/\/www.w3.org\/2000\/svg\"><path d=\"M369.9 97.9L286 14C277 5 264.8-.1 252.1-.1H48C21.5 0 0 21.5 0 48v416c0 26.5 21.5 48 48 48h288c26.5 0 48-21.5 48-48V131.9c0-12.7-5.1-25-14.1-34zM332.1 128H256V51.9l76.1 76.1zM48 464V48h160v104c0 13.3 10.7 24 24 24h104v288H48zm250.2-143.7c-12.2-12-47-8.7-64.4-6.5-17.2-10.5-28.7-25-36.8-46.3 3.9-16.1 10.1-40.6 5.4-56-4.2-26.2-37.8-23.6-42.6-5.9-4.4 16.1-.4 38.5 7 67.1-10 23.9-24.9 56-35.4 74.4-20 10.3-47 26.2-51 46.2-3.3 15.8 26 55.2 76.1-31.2 22.4-7.4 46.8-16.5 68.4-20.1 18.9 10.2 41 17 55.8 17 25.5 0 28-28.2 17.5-38.7zm-198.1 77.8c5.1-13.7 24.5-29.5 30.4-35-19 30.3-30.4 35.7-30.4 35zm81.6-190.6c7.4 0 6.7 32.1 1.8 40.8-4.4-13.9-4.3-40.8-1.8-40.8zm-24.4 136.6c9.7-16.9 18-37 24.7-54.7 8.3 15.1 18.9 27.2 30.1 35.5-20.8 4.3-38.9 13.1-54.8 19.2zm131.6-5s-5 6-37.3-7.8c35.1-2.6 40.9 5.4 37.3 7.8z\"><\/path><\/svg>\t\t\t\t\t\t<\/span>\n\t\t\t\t\t\t\t\t\t\t<span class=\"elementor-icon-list-text\">Gu\u00eda de usuario para presentaci\u00f3n de los avisos de subcontrataci\u00f3n laboral<\/span>\n\t\t\t\t\t\t\t\t\t\t\t<\/a>\n\t\t\t\t\t\t\t\t\t<\/li>\n\t\t\t\t\t\t\t\t<li class=\"elementor-icon-list-item\">\n\t\t\t\t\t\t\t\t\t\t\t<a href=\"https:\/\/goodrichriquelme.com\/wp-content\/uploads\/2024\/10\/Circular-Fiscal-2021-Capitalizacion-de-Pasivos.pdf\" target=\"_blank\">\n\n\t\t\t\t\t\t\t\t\t\t\t\t<span class=\"elementor-icon-list-icon\">\n\t\t\t\t\t\t\t<svg aria-hidden=\"true\" class=\"e-font-icon-svg e-far-file-pdf\" viewbox=\"0 0 384 512\" xmlns=\"http:\/\/www.w3.org\/2000\/svg\"><path d=\"M369.9 97.9L286 14C277 5 264.8-.1 252.1-.1H48C21.5 0 0 21.5 0 48v416c0 26.5 21.5 48 48 48h288c26.5 0 48-21.5 48-48V131.9c0-12.7-5.1-25-14.1-34zM332.1 128H256V51.9l76.1 76.1zM48 464V48h160v104c0 13.3 10.7 24 24 24h104v288H48zm250.2-143.7c-12.2-12-47-8.7-64.4-6.5-17.2-10.5-28.7-25-36.8-46.3 3.9-16.1 10.1-40.6 5.4-56-4.2-26.2-37.8-23.6-42.6-5.9-4.4 16.1-.4 38.5 7 67.1-10 23.9-24.9 56-35.4 74.4-20 10.3-47 26.2-51 46.2-3.3 15.8 26 55.2 76.1-31.2 22.4-7.4 46.8-16.5 68.4-20.1 18.9 10.2 41 17 55.8 17 25.5 0 28-28.2 17.5-38.7zm-198.1 77.8c5.1-13.7 24.5-29.5 30.4-35-19 30.3-30.4 35.7-30.4 35zm81.6-190.6c7.4 0 6.7 32.1 1.8 40.8-4.4-13.9-4.3-40.8-1.8-40.8zm-24.4 136.6c9.7-16.9 18-37 24.7-54.7 8.3 15.1 18.9 27.2 30.1 35.5-20.8 4.3-38.9 13.1-54.8 19.2zm131.6-5s-5 6-37.3-7.8c35.1-2.6 40.9 5.4 37.3 7.8z\"><\/path><\/svg>\t\t\t\t\t\t<\/span>\n\t\t\t\t\t\t\t\t\t\t<span class=\"elementor-icon-list-text\">Circular Fiscal 2021: Capitalizaci\u00f3n de Pasivos<\/span>\n\t\t\t\t\t\t\t\t\t\t\t<\/a>\n\t\t\t\t\t\t\t\t\t<\/li>\n\t\t\t\t\t\t\t\t<li class=\"elementor-icon-list-item\">\n\t\t\t\t\t\t\t\t\t\t\t<a href=\"https:\/\/goodrichriquelme.com\/wp-content\/uploads\/2024\/10\/Circular-Fiscal-2021.pdf\" target=\"_blank\">\n\n\t\t\t\t\t\t\t\t\t\t\t\t<span class=\"elementor-icon-list-icon\">\n\t\t\t\t\t\t\t<svg aria-hidden=\"true\" class=\"e-font-icon-svg e-far-file-pdf\" viewbox=\"0 0 384 512\" xmlns=\"http:\/\/www.w3.org\/2000\/svg\"><path d=\"M369.9 97.9L286 14C277 5 264.8-.1 252.1-.1H48C21.5 0 0 21.5 0 48v416c0 26.5 21.5 48 48 48h288c26.5 0 48-21.5 48-48V131.9c0-12.7-5.1-25-14.1-34zM332.1 128H256V51.9l76.1 76.1zM48 464V48h160v104c0 13.3 10.7 24 24 24h104v288H48zm250.2-143.7c-12.2-12-47-8.7-64.4-6.5-17.2-10.5-28.7-25-36.8-46.3 3.9-16.1 10.1-40.6 5.4-56-4.2-26.2-37.8-23.6-42.6-5.9-4.4 16.1-.4 38.5 7 67.1-10 23.9-24.9 56-35.4 74.4-20 10.3-47 26.2-51 46.2-3.3 15.8 26 55.2 76.1-31.2 22.4-7.4 46.8-16.5 68.4-20.1 18.9 10.2 41 17 55.8 17 25.5 0 28-28.2 17.5-38.7zm-198.1 77.8c5.1-13.7 24.5-29.5 30.4-35-19 30.3-30.4 35.7-30.4 35zm81.6-190.6c7.4 0 6.7 32.1 1.8 40.8-4.4-13.9-4.3-40.8-1.8-40.8zm-24.4 136.6c9.7-16.9 18-37 24.7-54.7 8.3 15.1 18.9 27.2 30.1 35.5-20.8 4.3-38.9 13.1-54.8 19.2zm131.6-5s-5 6-37.3-7.8c35.1-2.6 40.9 5.4 37.3 7.8z\"><\/path><\/svg>\t\t\t\t\t\t<\/span>\n\t\t\t\t\t\t\t\t\t\t<span class=\"elementor-icon-list-text\">TAX REFORM 2021<\/span>\n\t\t\t\t\t\t\t\t\t\t\t<\/a>\n\t\t\t\t\t\t\t\t\t<\/li>\n\t\t\t\t\t\t<\/ul>\n\t\t\t\t\t\t<\/div>\n\t\t\t\t<\/div>\n\t\t\t\t<div class=\"elementor-element elementor-element-e4a3fd5 elementor-widget elementor-widget-spacer\" data-id=\"e4a3fd5\" data-element_type=\"widget\" data-e-type=\"widget\" data-widget_type=\"spacer.default\">\n\t\t\t\t<div class=\"elementor-widget-container\">\n\t\t\t\t\t\t\t<div class=\"elementor-spacer\">\n\t\t\t<div class=\"elementor-spacer-inner\"><\/div>\n\t\t<\/div>\n\t\t\t\t\t\t<\/div>\n\t\t\t\t<\/div>\n\t\t\t\t\t<\/div>\n\t\t<\/div>\n\t\t\t\t\t<\/div>\n\t\t<\/section>\n\t\t\t\t\t<\/div>\n\t\t<\/div>\n\t\t\t\t\t<\/div>\n\t\t<\/section>\n\t\t\t\t<\/div>","protected":false},"excerpt":{"rendered":"<p>Tax Law &amp; International Trade Antitrust Banking &amp; Finance Bankruptcy Corporate and M&amp;A ESG &amp; Climate Change Immigration Intellectual Property Labor Law &amp; Social Security Litigation &amp; ADR Tax Law &amp; International Trade Tax Law We offer legal guidance in business transactions, including the sale and purchase of businesses, recapitalization and reorganization of closely-held and publicly-held corporations, joint ventures, and the organization and financing of start-up companies. We handle tax litigation at all judicial and administrative levels and applications for tax rulings. For non-Mexican clients, we are involved in the acquisition, merger and restructuring of foreign-owned interests in Mexico. International Trade With respect to WTO law, including unfair trade practices \u2013 such as dumping and subsidizing \u2013 we represent clients regarding countervailing duties imposed by Mexican authorities. Our team further advises our clientele with respect to a wide range of procedures concerning customs. Services Federal and State Taxation Tax Litigation International Tax Planning Antidumping Export control NAFTA, EUFTA, WTO Links Ministry of Finance and Public Credit Ministry of Economy SAT INCOTERMS Tariff Rates Bluebook C \u2013 1 International Trade C \u2013 7 Tax Law The Tax system Imports and Exports from Mexico Free Trade Agreements Direct Investment Legal Literature Regulaci\u00f3n Cannabis Esquemas Reportables Gu\u00eda de usuario para presentaci\u00f3n de los avisos de subcontrataci\u00f3n laboral Circular Fiscal 2021: Capitalizaci\u00f3n de Pasivos TAX REFORM 2021<\/p>","protected":false},"author":1,"featured_media":0,"parent":26112,"menu_order":0,"comment_status":"closed","ping_status":"closed","template":"elementor_header_footer","meta":{"_acf_changed":false,"rs_blank_template":"","rs_page_bg_color":"","slide_template_v7":"","footnotes":""},"class_list":["post-26145","page","type-page","status-publish","hentry"],"acf":[],"_links":{"self":[{"href":"https:\/\/goodrichriquelme.com\/es\/wp-json\/wp\/v2\/pages\/26145","targetHints":{"allow":["GET"]}}],"collection":[{"href":"https:\/\/goodrichriquelme.com\/es\/wp-json\/wp\/v2\/pages"}],"about":[{"href":"https:\/\/goodrichriquelme.com\/es\/wp-json\/wp\/v2\/types\/page"}],"author":[{"embeddable":true,"href":"https:\/\/goodrichriquelme.com\/es\/wp-json\/wp\/v2\/users\/1"}],"replies":[{"embeddable":true,"href":"https:\/\/goodrichriquelme.com\/es\/wp-json\/wp\/v2\/comments?post=26145"}],"version-history":[{"count":28,"href":"https:\/\/goodrichriquelme.com\/es\/wp-json\/wp\/v2\/pages\/26145\/revisions"}],"predecessor-version":[{"id":27596,"href":"https:\/\/goodrichriquelme.com\/es\/wp-json\/wp\/v2\/pages\/26145\/revisions\/27596"}],"up":[{"embeddable":true,"href":"https:\/\/goodrichriquelme.com\/es\/wp-json\/wp\/v2\/pages\/26112"}],"wp:attachment":[{"href":"https:\/\/goodrichriquelme.com\/es\/wp-json\/wp\/v2\/media?parent=26145"}],"curies":[{"name":"wp","href":"https:\/\/api.w.org\/{rel}","templated":true}]}}