{"id":26355,"date":"2024-10-22T09:27:34","date_gmt":"2024-10-22T15:27:34","guid":{"rendered":"https:\/\/goodrichriquelme.com\/?page_id=26355"},"modified":"2024-11-19T13:45:07","modified_gmt":"2024-11-19T19:45:07","slug":"industry-sectors","status":"publish","type":"page","link":"https:\/\/goodrichriquelme.com\/es\/industry-sectors\/","title":{"rendered":"Sectores Industriales"},"content":{"rendered":"<div data-elementor-type=\"wp-page\" data-elementor-id=\"26355\" class=\"elementor elementor-26355\">\n\t\t\t\t\t\t<section class=\"elementor-section elementor-top-section elementor-element elementor-element-f4a471d elementor-section-content-top elementor-section-boxed elementor-section-height-default elementor-section-height-default wpr-particle-no wpr-jarallax-no wpr-parallax-no wpr-sticky-section-no wpr-equal-height-no\" data-id=\"f4a471d\" data-element_type=\"section\" data-e-type=\"section\" data-settings=\"{&quot;jet_parallax_layout_list&quot;:[],&quot;background_background&quot;:&quot;classic&quot;}\">\n\t\t\t\t\t\t\t<div class=\"elementor-background-overlay\"><\/div>\n\t\t\t\t\t\t\t<div class=\"elementor-container elementor-column-gap-default\">\n\t\t\t\t\t<div class=\"elementor-column elementor-col-100 elementor-top-column elementor-element elementor-element-f4597be\" data-id=\"f4597be\" data-element_type=\"column\" data-e-type=\"column\">\n\t\t\t<div class=\"elementor-widget-wrap elementor-element-populated\">\n\t\t\t\t\t\t<div class=\"elementor-element elementor-element-6af5e22 elementor-widget elementor-widget-spacer\" data-id=\"6af5e22\" data-element_type=\"widget\" data-e-type=\"widget\" data-widget_type=\"spacer.default\">\n\t\t\t\t<div class=\"elementor-widget-container\">\n\t\t\t\t\t\t\t<div class=\"elementor-spacer\">\n\t\t\t<div class=\"elementor-spacer-inner\"><\/div>\n\t\t<\/div>\n\t\t\t\t\t\t<\/div>\n\t\t\t\t<\/div>\n\t\t\t\t<section class=\"elementor-section elementor-inner-section elementor-element elementor-element-816ca08 elementor-section-boxed elementor-section-height-default elementor-section-height-default wpr-particle-no wpr-jarallax-no wpr-parallax-no wpr-sticky-section-no wpr-equal-height-no\" data-id=\"816ca08\" data-element_type=\"section\" data-e-type=\"section\" data-settings=\"{&quot;jet_parallax_layout_list&quot;:[]}\">\n\t\t\t\t\t\t<div class=\"elementor-container elementor-column-gap-default\">\n\t\t\t\t\t<div class=\"elementor-column elementor-col-50 elementor-inner-column elementor-element elementor-element-5bf2f43\" data-id=\"5bf2f43\" data-element_type=\"column\" data-e-type=\"column\">\n\t\t\t<div class=\"elementor-widget-wrap elementor-element-populated\">\n\t\t\t\t\t\t<div class=\"elementor-element elementor-element-fdc49ff elementor-widget elementor-widget-heading\" data-id=\"fdc49ff\" data-element_type=\"widget\" data-e-type=\"widget\" data-widget_type=\"heading.default\">\n\t\t\t\t<div class=\"elementor-widget-container\">\n\t\t\t\t\t<h1 class=\"elementor-heading-title elementor-size-default\">Secto<span>res<\/span><\/h1>\t\t\t\t<\/div>\n\t\t\t\t<\/div>\n\t\t\t\t<div class=\"elementor-element elementor-element-23a35a7 elementor-widget elementor-widget-heading\" data-id=\"23a35a7\" data-element_type=\"widget\" data-e-type=\"widget\" data-widget_type=\"heading.default\">\n\t\t\t\t<div class=\"elementor-widget-container\">\n\t\t\t\t\t<h2 class=\"elementor-heading-title elementor-size-default\">Indus<span>triales<\/span><\/h2>\t\t\t\t<\/div>\n\t\t\t\t<\/div>\n\t\t\t\t<div class=\"elementor-element elementor-element-2b2b362 elementor-widget elementor-widget-spacer\" data-id=\"2b2b362\" data-element_type=\"widget\" data-e-type=\"widget\" data-widget_type=\"spacer.default\">\n\t\t\t\t<div class=\"elementor-widget-container\">\n\t\t\t\t\t\t\t<div class=\"elementor-spacer\">\n\t\t\t<div class=\"elementor-spacer-inner\"><\/div>\n\t\t<\/div>\n\t\t\t\t\t\t<\/div>\n\t\t\t\t<\/div>\n\t\t\t\t<div class=\"elementor-element elementor-element-27fedcc elementor-widget elementor-widget-text-editor\" data-id=\"27fedcc\" data-element_type=\"widget\" data-e-type=\"widget\" data-widget_type=\"text-editor.default\">\n\t\t\t\t<div class=\"elementor-widget-container\">\n\t\t\t\t\t\t\t\t\t<p style=\"text-align: left;\"><span style=\"color: #ffffff;\"><a style=\"color: #ffffff;\" href=\"https:\/\/goodrichriquelme.com\/es\/industry-sectors\/mining-natural-resources\/\" rel=\"noopener\">Miner\u00eda y Recursos Naturales<\/a><\/span><\/p><p style=\"text-align: left;\"><span style=\"color: #ffffff;\"><a style=\"color: #ffffff;\" href=\"https:\/\/goodrichriquelme.com\/es\/industry-sectors\/energy-decarbonization\/\" rel=\"noopener\">Energ\u00eda y Descarbonizaci\u00f3n<\/a><\/span><\/p><p style=\"text-align: left;\"><span style=\"color: #ffffff;\"><a style=\"color: #ffffff;\" href=\"https:\/\/goodrichriquelme.com\/es\/industry-sectors\/real-estate-tourism\/\" rel=\"noopener\">Inmobiliario y Turismo<\/a><\/span><\/p><p style=\"text-align: left;\"><span style=\"color: #ffffff;\"><a style=\"color: #ffffff;\" href=\"https:\/\/goodrichriquelme.com\/es\/industry-sectors\/telecommunications\/\" rel=\"noopener\">Telecomunicaciones<\/a><\/span><\/p><p style=\"text-align: left;\"><span style=\"color: #ffffff;\"><a style=\"color: #ffffff;\" href=\"https:\/\/goodrichriquelme.com\/es\/industry-sectors\/transportation\/\" rel=\"noopener\">Transportaci\u00f3n<\/a><\/span><\/p>\t\t\t\t\t\t\t\t<\/div>\n\t\t\t\t<\/div>\n\t\t\t\t\t<\/div>\n\t\t<\/div>\n\t\t\t\t<div class=\"elementor-column elementor-col-50 elementor-inner-column elementor-element elementor-element-1ed209d\" data-id=\"1ed209d\" data-element_type=\"column\" data-e-type=\"column\">\n\t\t\t<div class=\"elementor-widget-wrap elementor-element-populated\">\n\t\t\t\t\t\t<div class=\"elementor-element elementor-element-9edd497 elementor-widget elementor-widget-heading\" data-id=\"9edd497\" data-element_type=\"widget\" data-e-type=\"widget\" data-widget_type=\"heading.default\">\n\t\t\t\t<div class=\"elementor-widget-container\">\n\t\t\t\t\t<h6 class=\"elementor-heading-title elementor-size-default\">Nuestra firma atiende pr\u00e1cticamente a todos los sectores industriales -desde el aeroespacial y el automotriz hasta el farmac\u00e9utico, entre otros muchos- Las industrias que subrayamos a continuaci\u00f3n son algunas de las m\u00e1s activas en la pr\u00e1ctica diaria de la firma.<\/h6>\t\t\t\t<\/div>\n\t\t\t\t<\/div>\n\t\t\t\t<div class=\"elementor-element elementor-element-e4a3fd5 elementor-widget elementor-widget-spacer\" data-id=\"e4a3fd5\" data-element_type=\"widget\" data-e-type=\"widget\" data-widget_type=\"spacer.default\">\n\t\t\t\t<div class=\"elementor-widget-container\">\n\t\t\t\t\t\t\t<div class=\"elementor-spacer\">\n\t\t\t<div class=\"elementor-spacer-inner\"><\/div>\n\t\t<\/div>\n\t\t\t\t\t\t<\/div>\n\t\t\t\t<\/div>\n\t\t\t\t\t<\/div>\n\t\t<\/div>\n\t\t\t\t\t<\/div>\n\t\t<\/section>\n\t\t\t\t\t<\/div>\n\t\t<\/div>\n\t\t\t\t\t<\/div>\n\t\t<\/section>\n\t\t\t\t<\/div>","protected":false},"excerpt":{"rendered":"<p>Industry Sectors Mining &amp; Natural Resources Energy &amp; Decarbonization Real Estate &amp; Tourism Telecommunications Transportation Our firm assists practically all industry sectors -from aerospace and automotive to pharma amongst many others. The industries highlighted below are highly active within the firm\u2019s daily practice.<\/p>","protected":false},"author":1,"featured_media":0,"parent":0,"menu_order":0,"comment_status":"closed","ping_status":"closed","template":"elementor_header_footer","meta":{"_acf_changed":false,"rs_blank_template":"","rs_page_bg_color":"","slide_template_v7":"","footnotes":""},"class_list":["post-26355","page","type-page","status-publish","hentry"],"acf":[],"_links":{"self":[{"href":"https:\/\/goodrichriquelme.com\/es\/wp-json\/wp\/v2\/pages\/26355","targetHints":{"allow":["GET"]}}],"collection":[{"href":"https:\/\/goodrichriquelme.com\/es\/wp-json\/wp\/v2\/pages"}],"about":[{"href":"https:\/\/goodrichriquelme.com\/es\/wp-json\/wp\/v2\/types\/page"}],"author":[{"embeddable":true,"href":"https:\/\/goodrichriquelme.com\/es\/wp-json\/wp\/v2\/users\/1"}],"replies":[{"embeddable":true,"href":"https:\/\/goodrichriquelme.com\/es\/wp-json\/wp\/v2\/comments?post=26355"}],"version-history":[{"count":31,"href":"https:\/\/goodrichriquelme.com\/es\/wp-json\/wp\/v2\/pages\/26355\/revisions"}],"predecessor-version":[{"id":28011,"href":"https:\/\/goodrichriquelme.com\/es\/wp-json\/wp\/v2\/pages\/26355\/revisions\/28011"}],"wp:attachment":[{"href":"https:\/\/goodrichriquelme.com\/es\/wp-json\/wp\/v2\/media?parent=26355"}],"curies":[{"name":"wp","href":"https:\/\/api.w.org\/{rel}","templated":true}]}}