{"id":26361,"date":"2024-10-22T09:38:24","date_gmt":"2024-10-22T15:38:24","guid":{"rendered":"https:\/\/goodrichriquelme.com\/?page_id=26361"},"modified":"2024-11-05T14:17:08","modified_gmt":"2024-11-05T20:17:08","slug":"mining-natural-resources","status":"publish","type":"page","link":"https:\/\/goodrichriquelme.com\/es\/industry-sectors\/mining-natural-resources\/","title":{"rendered":"Mining &#038; Natural Resources"},"content":{"rendered":"<div data-elementor-type=\"wp-page\" data-elementor-id=\"26361\" class=\"elementor elementor-26361\">\n\t\t\t\t\t\t<section class=\"elementor-section elementor-top-section elementor-element elementor-element-f4a471d elementor-section-content-top elementor-section-boxed elementor-section-height-default elementor-section-height-default wpr-particle-no wpr-jarallax-no wpr-parallax-no wpr-sticky-section-no wpr-equal-height-no\" data-id=\"f4a471d\" data-element_type=\"section\" data-e-type=\"section\" data-settings=\"{&quot;jet_parallax_layout_list&quot;:[],&quot;background_background&quot;:&quot;classic&quot;}\">\n\t\t\t\t\t\t\t<div class=\"elementor-background-overlay\"><\/div>\n\t\t\t\t\t\t\t<div class=\"elementor-container elementor-column-gap-default\">\n\t\t\t\t\t<div class=\"elementor-column elementor-col-100 elementor-top-column elementor-element elementor-element-f4597be\" data-id=\"f4597be\" data-element_type=\"column\" data-e-type=\"column\">\n\t\t\t<div class=\"elementor-widget-wrap elementor-element-populated\">\n\t\t\t\t\t\t<div class=\"elementor-element elementor-element-6af5e22 elementor-widget elementor-widget-spacer\" data-id=\"6af5e22\" data-element_type=\"widget\" data-e-type=\"widget\" data-widget_type=\"spacer.default\">\n\t\t\t\t<div class=\"elementor-widget-container\">\n\t\t\t\t\t\t\t<div class=\"elementor-spacer\">\n\t\t\t<div class=\"elementor-spacer-inner\"><\/div>\n\t\t<\/div>\n\t\t\t\t\t\t<\/div>\n\t\t\t\t<\/div>\n\t\t\t\t<section class=\"elementor-section elementor-inner-section elementor-element elementor-element-816ca08 elementor-section-boxed elementor-section-height-default elementor-section-height-default wpr-particle-no wpr-jarallax-no wpr-parallax-no wpr-sticky-section-no wpr-equal-height-no\" data-id=\"816ca08\" data-element_type=\"section\" data-e-type=\"section\" data-settings=\"{&quot;jet_parallax_layout_list&quot;:[]}\">\n\t\t\t\t\t\t<div class=\"elementor-container elementor-column-gap-default\">\n\t\t\t\t\t<div class=\"elementor-column elementor-col-50 elementor-inner-column elementor-element elementor-element-5bf2f43\" data-id=\"5bf2f43\" data-element_type=\"column\" data-e-type=\"column\">\n\t\t\t<div class=\"elementor-widget-wrap elementor-element-populated\">\n\t\t\t\t\t\t<div class=\"elementor-element elementor-element-fdc49ff elementor-widget elementor-widget-heading\" data-id=\"fdc49ff\" data-element_type=\"widget\" data-e-type=\"widget\" data-widget_type=\"heading.default\">\n\t\t\t\t<div class=\"elementor-widget-container\">\n\t\t\t\t\t<h1 class=\"elementor-heading-title elementor-size-default\">Miner\u00eda y\n<\/h1>\t\t\t\t<\/div>\n\t\t\t\t<\/div>\n\t\t\t\t<div class=\"elementor-element elementor-element-23a35a7 elementor-widget elementor-widget-heading\" data-id=\"23a35a7\" data-element_type=\"widget\" data-e-type=\"widget\" data-widget_type=\"heading.default\">\n\t\t\t\t<div class=\"elementor-widget-container\">\n\t\t\t\t\t<h2 class=\"elementor-heading-title elementor-size-default\">Recursos Naturales\n<\/h2>\t\t\t\t<\/div>\n\t\t\t\t<\/div>\n\t\t\t\t<div class=\"elementor-element elementor-element-a3e26d3 elementor-widget elementor-widget-text-editor\" data-id=\"a3e26d3\" data-element_type=\"widget\" data-e-type=\"widget\" data-widget_type=\"text-editor.default\">\n\t\t\t\t<div class=\"elementor-widget-container\">\n\t\t\t\t\t\t\t\t\t<p style=\"text-align: left;\"><span style=\"color: #999999;\"><a style=\"color: #999999;\" href=\"https:\/\/goodrichriquelme.com\/es\/industry-sectors\/mining-natural-resources\/\" rel=\"noopener\">Miner\u00eda y Recursos Naturales<\/a><\/span><\/p><p style=\"text-align: left;\"><span style=\"color: #ffffff;\"><a style=\"color: #ffffff;\" href=\"https:\/\/goodrichriquelme.com\/es\/industry-sectors\/energy-decarbonization\/\" rel=\"noopener\">Energ\u00eda y Descarbonizaci\u00f3n<\/a><\/span><\/p><p style=\"text-align: left;\"><span style=\"color: #ffffff;\"><a style=\"color: #ffffff;\" href=\"https:\/\/goodrichriquelme.com\/es\/industry-sectors\/real-estate-tourism\/\" rel=\"noopener\">Inmobiliario y Turismo<\/a><\/span><\/p><p style=\"text-align: left;\"><span style=\"color: #ffffff;\"><a style=\"color: #ffffff;\" href=\"https:\/\/goodrichriquelme.com\/es\/industry-sectors\/telecommunications\/\" rel=\"noopener\">Telecomunicaciones<\/a><\/span><\/p><p style=\"text-align: left;\"><span style=\"color: #ffffff;\"><a style=\"color: #ffffff;\" href=\"https:\/\/goodrichriquelme.com\/es\/industry-sectors\/transportation\/\" rel=\"noopener\">Transportaci\u00f3n<\/a><\/span><\/p>\t\t\t\t\t\t\t\t<\/div>\n\t\t\t\t<\/div>\n\t\t\t\t<div class=\"elementor-element elementor-element-2b2b362 elementor-widget elementor-widget-spacer\" data-id=\"2b2b362\" data-element_type=\"widget\" data-e-type=\"widget\" data-widget_type=\"spacer.default\">\n\t\t\t\t<div class=\"elementor-widget-container\">\n\t\t\t\t\t\t\t<div class=\"elementor-spacer\">\n\t\t\t<div class=\"elementor-spacer-inner\"><\/div>\n\t\t<\/div>\n\t\t\t\t\t\t<\/div>\n\t\t\t\t<\/div>\n\t\t\t\t\t<\/div>\n\t\t<\/div>\n\t\t\t\t<div class=\"elementor-column elementor-col-50 elementor-inner-column elementor-element elementor-element-1ed209d\" data-id=\"1ed209d\" data-element_type=\"column\" data-e-type=\"column\">\n\t\t\t<div class=\"elementor-widget-wrap elementor-element-populated\">\n\t\t\t\t\t\t<div class=\"elementor-element elementor-element-1d42ca0 elementor-widget elementor-widget-text-editor\" data-id=\"1d42ca0\" data-element_type=\"widget\" data-e-type=\"widget\" data-widget_type=\"text-editor.default\">\n\t\t\t\t<div class=\"elementor-widget-container\">\n\t\t\t\t\t\t\t\t\t<p>Somos un despacho l\u00edder en la prestaci\u00f3n de servicios legales integrales a compa\u00f1\u00edas mineras internacionales (incluyendo minerales cr\u00edticos para la transici\u00f3n energetica) y comercializadoras de commodities con operaciones en M\u00e9xico, as\u00ed como a las instituciones que las financian, Nuestros abogados gozan de una amplia experiencia especializada en asuntos corporativos, financieros, mercantiles, civiles, ambientales, fiscales, aduaneros, agrarios y regulatorios en relaci\u00f3n con proyectos mineros y con la comercializaci\u00f3n de productos mineros y agr\u00edcolas.<\/p><p>\u00a0<\/p>\t\t\t\t\t\t\t\t<\/div>\n\t\t\t\t<\/div>\n\t\t\t\t<div class=\"elementor-element elementor-element-7a7ba21 elementor-widget elementor-widget-text-editor\" data-id=\"7a7ba21\" data-element_type=\"widget\" data-e-type=\"widget\" data-widget_type=\"text-editor.default\">\n\t\t\t\t<div class=\"elementor-widget-container\">\n\t\t\t\t\t\t\t\t\t<h6 class=\"p1\"><span style=\"color: #999999;\">Servicios<\/span><\/h6>\t\t\t\t\t\t\t\t<\/div>\n\t\t\t\t<\/div>\n\t\t\t\t<div class=\"elementor-element elementor-element-c760488 elementor-widget elementor-widget-text-editor\" data-id=\"c760488\" data-element_type=\"widget\" data-e-type=\"widget\" data-widget_type=\"text-editor.default\">\n\t\t\t\t<div class=\"elementor-widget-container\">\n\t\t\t\t\t\t\t\t\t<ul><li>Financiamiento del comercio de commodities<\/li><li>Concesiones mineras<\/li><li>Exploraci\u00f3n y explotaci\u00f3n<\/li><li>Arrendamientos<\/li><li>Contratos de Producci\u00f3n Futura<\/li><li>Contratos de suministro<\/li><li>Almacenaje<\/li><li>Responsabilidad social<\/li><li>Licitaciones p\u00fablicas<\/li><li>Asuntos regulatorios<\/li><\/ul>\t\t\t\t\t\t\t\t<\/div>\n\t\t\t\t<\/div>\n\t\t\t\t<div class=\"elementor-element elementor-element-1106eb9 elementor-widget elementor-widget-text-editor\" data-id=\"1106eb9\" data-element_type=\"widget\" data-e-type=\"widget\" data-widget_type=\"text-editor.default\">\n\t\t\t\t<div class=\"elementor-widget-container\">\n\t\t\t\t\t\t\t\t\t<h6 class=\"p1\"><span style=\"color: #999999;\"> Enlaces\n<\/span><\/h6>\t\t\t\t\t\t\t\t<\/div>\n\t\t\t\t<\/div>\n\t\t\t\t<div class=\"elementor-element elementor-element-a1ec28a elementor-widget elementor-widget-text-editor\" data-id=\"a1ec28a\" data-element_type=\"widget\" data-e-type=\"widget\" data-widget_type=\"text-editor.default\">\n\t\t\t\t<div class=\"elementor-widget-container\">\n\t\t\t\t\t\t\t\t\t<ul><li style=\"box-sizing: content-box; font-family: Montserrat, sans-serif !important;\"><a style=\"box-sizing: content-box; color: #ebf6ff;\" href=\"http:\/\/www.economia.gob.mx\/\" target=\"_blank\" rel=\"noopener\">Secretar\u00eda de Econom\u00eda<\/a><\/li><li style=\"box-sizing: content-box; font-family: Montserrat, sans-serif !important;\"><a style=\"box-sizing: content-box; color: #ebf6ff;\" href=\"http:\/\/www.siam.economia.gob.mx\/\" target=\"_blank\" rel=\"noopener\">Servicio Integral de Informaci\u00f3n Minera<\/a><\/li><li style=\"box-sizing: content-box; font-family: Montserrat, sans-serif !important;\"><a style=\"box-sizing: content-box; color: #ebf6ff;\" href=\"http:\/\/www.sgm.gob.mx\/\" target=\"_blank\" rel=\"noopener\">Servicio Geol\u00f3gico Mexicano<\/a><\/li><\/ul>\t\t\t\t\t\t\t\t<\/div>\n\t\t\t\t<\/div>\n\t\t\t\t<div class=\"elementor-element elementor-element-33f327b elementor-widget elementor-widget-text-editor\" data-id=\"33f327b\" data-element_type=\"widget\" data-e-type=\"widget\" data-widget_type=\"text-editor.default\">\n\t\t\t\t<div class=\"elementor-widget-container\">\n\t\t\t\t\t\t\t\t\t<h6 class=\"p1\"><span style=\"color: #999999;\"> Bluebook\n<\/span><\/h6>\t\t\t\t\t\t\t\t<\/div>\n\t\t\t\t<\/div>\n\t\t\t\t<div class=\"elementor-element elementor-element-b05f502 elementor-widget elementor-widget-text-editor\" data-id=\"b05f502\" data-element_type=\"widget\" data-e-type=\"widget\" data-widget_type=\"text-editor.default\">\n\t\t\t\t<div class=\"elementor-widget-container\">\n\t\t\t\t\t\t\t\t\t<ul><li><span style=\"color: #ffffff;\">Marco de Inversi\u00f3n<\/span><\/li><li><span style=\"color: #ffffff;\">Oportunidades de Inversi\u00f3n<\/span><\/li><li><span style=\"color: #ffffff;\">Inversi\u00f3n Directa<\/span><\/li><\/ul>\t\t\t\t\t\t\t\t<\/div>\n\t\t\t\t<\/div>\n\t\t\t\t<div class=\"elementor-element elementor-element-fde95b5 elementor-widget elementor-widget-text-editor\" data-id=\"fde95b5\" data-element_type=\"widget\" data-e-type=\"widget\" data-widget_type=\"text-editor.default\">\n\t\t\t\t<div class=\"elementor-widget-container\">\n\t\t\t\t\t\t\t\t\t<h6 class=\"p1\"><span style=\"color: #999999;\"> Principales Reconocimientos\n<\/span><\/h6>\t\t\t\t\t\t\t\t<\/div>\n\t\t\t\t<\/div>\n\t\t\t\t<div class=\"elementor-element elementor-element-89cdd2b elementor-widget elementor-widget-image-gallery\" data-id=\"89cdd2b\" data-element_type=\"widget\" data-e-type=\"widget\" data-widget_type=\"image-gallery.default\">\n\t\t\t\t<div class=\"elementor-widget-container\">\n\t\t\t\t\t\t\t<div class=\"elementor-image-gallery\">\n\t\t\t<div id='gallery-1' class='gallery galleryid-26361 gallery-columns-4 gallery-size-full'><figure class='gallery-item'>\n\t\t\t<div class='gallery-icon landscape'>\n\t\t\t\t<img fetchpriority=\"high\" decoding=\"async\" width=\"1072\" height=\"900\" src=\"https:\/\/goodrichriquelme.com\/wp-content\/uploads\/2020\/06\/Firm-Logo-5.jpg\" class=\"attachment-full size-full\" alt=\"\" srcset=\"https:\/\/goodrichriquelme.com\/wp-content\/uploads\/2020\/06\/Firm-Logo-5.jpg 1072w, https:\/\/goodrichriquelme.com\/wp-content\/uploads\/2020\/06\/Firm-Logo-5-300x252.jpg 300w, https:\/\/goodrichriquelme.com\/wp-content\/uploads\/2020\/06\/Firm-Logo-5-1024x860.jpg 1024w, https:\/\/goodrichriquelme.com\/wp-content\/uploads\/2020\/06\/Firm-Logo-5-768x645.jpg 768w, https:\/\/goodrichriquelme.com\/wp-content\/uploads\/2020\/06\/Firm-Logo-5-14x12.jpg 14w\" sizes=\"(max-width: 1072px) 100vw, 1072px\" \/>\n\t\t\t<\/div><\/figure>\n\t\t<\/div>\n\t\t<\/div>\n\t\t\t\t\t\t<\/div>\n\t\t\t\t<\/div>\n\t\t\t\t<div class=\"elementor-element elementor-element-e4a3fd5 elementor-widget elementor-widget-spacer\" data-id=\"e4a3fd5\" data-element_type=\"widget\" data-e-type=\"widget\" data-widget_type=\"spacer.default\">\n\t\t\t\t<div class=\"elementor-widget-container\">\n\t\t\t\t\t\t\t<div class=\"elementor-spacer\">\n\t\t\t<div class=\"elementor-spacer-inner\"><\/div>\n\t\t<\/div>\n\t\t\t\t\t\t<\/div>\n\t\t\t\t<\/div>\n\t\t\t\t\t<\/div>\n\t\t<\/div>\n\t\t\t\t\t<\/div>\n\t\t<\/section>\n\t\t\t\t\t<\/div>\n\t\t<\/div>\n\t\t\t\t\t<\/div>\n\t\t<\/section>\n\t\t\t\t<\/div>","protected":false},"excerpt":{"rendered":"<p>Mining &amp; Natural Resources Mining &amp; Natural Resources Energy &amp; Decarbonization Real Estate &amp; Tourism Telecommunications Transportation Our firm is a leader in the provision of comprehensive legal services to international mining ( including critical minerals for the energy transition) and commodities trading companies, as well as banks and financial institutions. Our lawyers have highly specialized expertise in corporate, financial, commercial, liability, environmental, tax, customs, transportation, agrarian and other regulatory matters associated with mining projects and the trading of mineral and agricultural commodities. \u00a0 Services Commodities trade finance Mining concessions Exploration and development Leases Offtake Agreements Supply Agreements Warehousing Social Responsibility Public procurement Regulatory issues Links Ministry of Economy SIAM \u2013 Mining Information Integrated System Mexican Geology Service Bluebook Investment Framework Investment Opportunities Direct Investment Main Rankings<\/p>","protected":false},"author":1,"featured_media":0,"parent":26355,"menu_order":0,"comment_status":"closed","ping_status":"closed","template":"elementor_header_footer","meta":{"_acf_changed":false,"rs_blank_template":"","rs_page_bg_color":"","slide_template_v7":"","footnotes":""},"class_list":["post-26361","page","type-page","status-publish","hentry"],"acf":[],"_links":{"self":[{"href":"https:\/\/goodrichriquelme.com\/es\/wp-json\/wp\/v2\/pages\/26361","targetHints":{"allow":["GET"]}}],"collection":[{"href":"https:\/\/goodrichriquelme.com\/es\/wp-json\/wp\/v2\/pages"}],"about":[{"href":"https:\/\/goodrichriquelme.com\/es\/wp-json\/wp\/v2\/types\/page"}],"author":[{"embeddable":true,"href":"https:\/\/goodrichriquelme.com\/es\/wp-json\/wp\/v2\/users\/1"}],"replies":[{"embeddable":true,"href":"https:\/\/goodrichriquelme.com\/es\/wp-json\/wp\/v2\/comments?post=26361"}],"version-history":[{"count":31,"href":"https:\/\/goodrichriquelme.com\/es\/wp-json\/wp\/v2\/pages\/26361\/revisions"}],"predecessor-version":[{"id":27962,"href":"https:\/\/goodrichriquelme.com\/es\/wp-json\/wp\/v2\/pages\/26361\/revisions\/27962"}],"up":[{"embeddable":true,"href":"https:\/\/goodrichriquelme.com\/es\/wp-json\/wp\/v2\/pages\/26355"}],"wp:attachment":[{"href":"https:\/\/goodrichriquelme.com\/es\/wp-json\/wp\/v2\/media?parent=26361"}],"curies":[{"name":"wp","href":"https:\/\/api.w.org\/{rel}","templated":true}]}}