{"id":26363,"date":"2024-10-22T09:49:12","date_gmt":"2024-10-22T15:49:12","guid":{"rendered":"https:\/\/goodrichriquelme.com\/?page_id=26363"},"modified":"2024-11-05T13:29:00","modified_gmt":"2024-11-05T19:29:00","slug":"energy-decarbonization","status":"publish","type":"page","link":"https:\/\/goodrichriquelme.com\/es\/industry-sectors\/energy-decarbonization\/","title":{"rendered":"Energ\u00eda y Descarbonizaci\u00f3n"},"content":{"rendered":"<div data-elementor-type=\"wp-page\" data-elementor-id=\"26363\" class=\"elementor elementor-26363\">\n\t\t\t\t\t\t<section class=\"elementor-section elementor-top-section elementor-element elementor-element-f4a471d elementor-section-content-top elementor-section-boxed elementor-section-height-default elementor-section-height-default wpr-particle-no wpr-jarallax-no wpr-parallax-no wpr-sticky-section-no wpr-equal-height-no\" data-id=\"f4a471d\" data-element_type=\"section\" data-e-type=\"section\" data-settings=\"{&quot;jet_parallax_layout_list&quot;:[],&quot;background_background&quot;:&quot;classic&quot;}\">\n\t\t\t\t\t\t\t<div class=\"elementor-background-overlay\"><\/div>\n\t\t\t\t\t\t\t<div class=\"elementor-container elementor-column-gap-default\">\n\t\t\t\t\t<div class=\"elementor-column elementor-col-100 elementor-top-column elementor-element elementor-element-f4597be\" data-id=\"f4597be\" data-element_type=\"column\" data-e-type=\"column\">\n\t\t\t<div class=\"elementor-widget-wrap elementor-element-populated\">\n\t\t\t\t\t\t<div class=\"elementor-element elementor-element-6af5e22 elementor-widget elementor-widget-spacer\" data-id=\"6af5e22\" data-element_type=\"widget\" data-e-type=\"widget\" data-widget_type=\"spacer.default\">\n\t\t\t\t<div class=\"elementor-widget-container\">\n\t\t\t\t\t\t\t<div class=\"elementor-spacer\">\n\t\t\t<div class=\"elementor-spacer-inner\"><\/div>\n\t\t<\/div>\n\t\t\t\t\t\t<\/div>\n\t\t\t\t<\/div>\n\t\t\t\t<section class=\"elementor-section elementor-inner-section elementor-element elementor-element-816ca08 elementor-section-boxed elementor-section-height-default elementor-section-height-default wpr-particle-no wpr-jarallax-no wpr-parallax-no wpr-sticky-section-no wpr-equal-height-no\" data-id=\"816ca08\" data-element_type=\"section\" data-e-type=\"section\" data-settings=\"{&quot;jet_parallax_layout_list&quot;:[]}\">\n\t\t\t\t\t\t<div class=\"elementor-container elementor-column-gap-default\">\n\t\t\t\t\t<div class=\"elementor-column elementor-col-50 elementor-inner-column elementor-element elementor-element-5bf2f43\" data-id=\"5bf2f43\" data-element_type=\"column\" data-e-type=\"column\">\n\t\t\t<div class=\"elementor-widget-wrap elementor-element-populated\">\n\t\t\t\t\t\t<div class=\"elementor-element elementor-element-fdc49ff elementor-widget elementor-widget-heading\" data-id=\"fdc49ff\" data-element_type=\"widget\" data-e-type=\"widget\" data-widget_type=\"heading.default\">\n\t\t\t\t<div class=\"elementor-widget-container\">\n\t\t\t\t\t<h1 class=\"elementor-heading-title elementor-size-default\">Energ\u00eda y\n<\/h1>\t\t\t\t<\/div>\n\t\t\t\t<\/div>\n\t\t\t\t<div class=\"elementor-element elementor-element-23a35a7 elementor-widget elementor-widget-heading\" data-id=\"23a35a7\" data-element_type=\"widget\" data-e-type=\"widget\" data-widget_type=\"heading.default\">\n\t\t\t\t<div class=\"elementor-widget-container\">\n\t\t\t\t\t<h2 class=\"elementor-heading-title elementor-size-default\">Descarbonizaci\u00f3n<\/h2>\t\t\t\t<\/div>\n\t\t\t\t<\/div>\n\t\t\t\t<div class=\"elementor-element elementor-element-2b2b362 elementor-widget elementor-widget-spacer\" data-id=\"2b2b362\" data-element_type=\"widget\" data-e-type=\"widget\" data-widget_type=\"spacer.default\">\n\t\t\t\t<div class=\"elementor-widget-container\">\n\t\t\t\t\t\t\t<div class=\"elementor-spacer\">\n\t\t\t<div class=\"elementor-spacer-inner\"><\/div>\n\t\t<\/div>\n\t\t\t\t\t\t<\/div>\n\t\t\t\t<\/div>\n\t\t\t\t<div class=\"elementor-element elementor-element-68e3d07 elementor-widget elementor-widget-text-editor\" data-id=\"68e3d07\" data-element_type=\"widget\" data-e-type=\"widget\" data-widget_type=\"text-editor.default\">\n\t\t\t\t<div class=\"elementor-widget-container\">\n\t\t\t\t\t\t\t\t\t<p><span style=\"color: #ffffff;\"><a style=\"color: #ffffff;\" href=\"https:\/\/goodrichriquelme.com\/es\/industry-sectors\/mining-natural-resources\/\" rel=\"noopener\">Miner\u00eda y Recursos Naturales<\/a><\/span><\/p><p><span style=\"color: #999999;\"><a style=\"color: #999999;\" href=\"https:\/\/goodrichriquelme.com\/es\/industry-sectors\/energy-decarbonization\/\" rel=\"noopener\">Energ\u00eda y Descarbonizaci\u00f3n<\/a><\/span><\/p><p><span style=\"color: #ffffff;\"><a style=\"color: #ffffff;\" href=\"https:\/\/goodrichriquelme.com\/es\/industry-sectors\/real-estate-tourism\/\" rel=\"noopener\">Inmobiliario y Turismo<\/a><\/span><\/p><p><span style=\"color: #ffffff;\"><a style=\"color: #ffffff;\" href=\"https:\/\/goodrichriquelme.com\/es\/industry-sectors\/telecommunications\/\" rel=\"noopener\">Telecomunicaciones<\/a><\/span><\/p><p><span style=\"color: #ffffff;\"><a style=\"color: #ffffff;\" href=\"https:\/\/goodrichriquelme.com\/es\/industry-sectors\/transportation\/\" rel=\"noopener\">Transportaci\u00f3n<\/a><\/span><\/p>\t\t\t\t\t\t\t\t<\/div>\n\t\t\t\t<\/div>\n\t\t\t\t\t<\/div>\n\t\t<\/div>\n\t\t\t\t<div class=\"elementor-column elementor-col-50 elementor-inner-column elementor-element elementor-element-1ed209d\" data-id=\"1ed209d\" data-element_type=\"column\" data-e-type=\"column\">\n\t\t\t<div class=\"elementor-widget-wrap elementor-element-populated\">\n\t\t\t\t\t\t<div class=\"elementor-element elementor-element-253701f elementor-widget elementor-widget-text-editor\" data-id=\"253701f\" data-element_type=\"widget\" data-e-type=\"widget\" data-widget_type=\"text-editor.default\">\n\t\t\t\t<div class=\"elementor-widget-container\">\n\t\t\t\t\t\t\t\t\t<h6 class=\"p1\"><span style=\"color: #999999;\">Energ\u00eda y Descarbonizaci\u00f3n\n<\/span><\/h6>\n&nbsp;\t\t\t\t\t\t\t\t<\/div>\n\t\t\t\t<\/div>\n\t\t\t\t<div class=\"elementor-element elementor-element-1d42ca0 elementor-widget elementor-widget-text-editor\" data-id=\"1d42ca0\" data-element_type=\"widget\" data-e-type=\"widget\" data-widget_type=\"text-editor.default\">\n\t\t\t\t<div class=\"elementor-widget-container\">\n\t\t\t\t\t\t\t\t\t<p>Una transici\u00f3n energ\u00e9tica justa e incluyente implica que cada pa\u00eds busque soluciones propias, bajo el paraguas de sus compromisos internacionales de reducci\u00f3n de emisiones. En este contexto, nuestra \u00e1rea de pr\u00e1ctica asesora integralmente proyectos de fuentes f\u00f3siles de transici\u00f3n -como el gas natural- en todas las fases de su cadena de valor (incluyendo exploraci\u00f3n y producci\u00f3n, transporte y almacenamiento). Es un orgullo concentramos cada vez m\u00e1s, en el crisol de temas vinculados a la transici\u00f3n energ\u00e9tica y a la descarbonizaci\u00f3n del pa\u00eds. As\u00ed, adem\u00e1s de asesorar a los generadores el\u00e9ctricos de base renovable ordinaria (solar, e\u00f3lica, biomasa), tenemos el honor de estar entre las primeras firmas -en M\u00e9xico y en otros pa\u00edses- vinculados con amoniaco e hidr\u00f3geno verde; captura, transporte y almacenamiento de CO2; electromovilidad y mercados de emisiones, entre otros temas b\u00e1sicos de la transici\u00f3n energ\u00e9tica. Nuestro equipo cuenta con reconocimiento internacional -por su proactividad en el \u00e1mbito profesional, acad\u00e9mico y editorial- respecto a la crisis clim\u00e1tica y la transici\u00f3n energ\u00e9tica. Puedes consultar algunas de nuestras publicaciones en la materia con universidades de primera l\u00ednea y editoriales globales.<\/p><p>\u00a0<\/p>\t\t\t\t\t\t\t\t<\/div>\n\t\t\t\t<\/div>\n\t\t\t\t<div class=\"elementor-element elementor-element-7a7ba21 elementor-widget elementor-widget-text-editor\" data-id=\"7a7ba21\" data-element_type=\"widget\" data-e-type=\"widget\" data-widget_type=\"text-editor.default\">\n\t\t\t\t<div class=\"elementor-widget-container\">\n\t\t\t\t\t\t\t\t\t<h6 class=\"p1\"><span style=\"color: #999999;\">Literatura Legal\n\n<\/span><\/h6>\t\t\t\t\t\t\t\t<\/div>\n\t\t\t\t<\/div>\n\t\t\t\t<div class=\"elementor-element elementor-element-0d413cd elementor-widget elementor-widget-text-editor\" data-id=\"0d413cd\" data-element_type=\"widget\" data-e-type=\"widget\" data-widget_type=\"text-editor.default\">\n\t\t\t\t<div class=\"elementor-widget-container\">\n\t\t\t\t\t\t\t\t\t<ul class=\"section-links\"><li><span style=\"color: #ffffff;\"><a style=\"color: #ffffff;\" href=\"https:\/\/editorial.tirant.com\/mex\/libro\/energia-2050-tecnologias-mercados-y-regulacion-david-enriquez-9788411305792?busqueda=David+Enriquez&amp;\" target=\"_blank\" rel=\"noopener\">Energ\u00eda 2050. Tecnolog\u00edas, mercados y regulaci\u00f3n<\/a><\/span><\/li><li><span style=\"color: #ffffff;\"><a style=\"color: #ffffff;\" href=\"https:\/\/editorial.tirant.com\/mex\/libro\/energia-2050-tecnologias-mercados-y-regulacion-david-enriquez-9788411305792?busqueda=David+Enriquez&amp;\" target=\"_blank\" rel=\"noopener\">Arbitraje comercial y de inversi\u00f3n en el sector energ\u00e9tico en Am\u00e9rica Latina<\/a><\/span><\/li><\/ul>\t\t\t\t\t\t\t\t<\/div>\n\t\t\t\t<\/div>\n\t\t\t\t<div class=\"elementor-element elementor-element-25cf6a5 elementor-widget elementor-widget-text-editor\" data-id=\"25cf6a5\" data-element_type=\"widget\" data-e-type=\"widget\" data-widget_type=\"text-editor.default\">\n\t\t\t\t<div class=\"elementor-widget-container\">\n\t\t\t\t\t\t\t\t\t<h6 class=\"p1\"><span style=\"color: #999999;\"> Servicios\n<\/span><\/h6>\t\t\t\t\t\t\t\t<\/div>\n\t\t\t\t<\/div>\n\t\t\t\t<div class=\"elementor-element elementor-element-c760488 elementor-widget elementor-widget-text-editor\" data-id=\"c760488\" data-element_type=\"widget\" data-e-type=\"widget\" data-widget_type=\"text-editor.default\">\n\t\t\t\t<div class=\"elementor-widget-container\">\n\t\t\t\t\t\t\t\t\t<ul><li>Infraestructura e integridad<\/li><li>Exploraci\u00f3n y explotaci\u00f3n<\/li><li>Contratos transnacionales<\/li><li>Contratos integrales de servicios<\/li><li>Cumplimiento regulatorio<\/li><li>Servicios mar\u00edtimos<\/li><li>Negociaci\u00f3n de contratos con la CFE<\/li><li>Obtenci\u00f3n de permisos ante la CRE<\/li><li>Gesti\u00f3n de pre-factibilidad ante la CENACE<\/li><li>Asesor\u00eda en asuntos regulatorios<\/li><li>Comercializaci\u00f3n en el Mercado El\u00e9ctrico Mayorista<\/li><li>Certificados de Energ\u00edas Limpias<\/li><li>Contratos de Compraventa de Energ\u00eda (PPA\u00b4s)<\/li><li>Servicios Legales para la estructuraci\u00f3n y financiamiento de proyectos de energ\u00eda<\/li><li>Fusiones y adquisiciones (M&amp;A) de proyectos energ\u00e9ticos<\/li><li>Asesor\u00eda en materia inmobiliaria para la implementaci\u00f3n de proyectos de energ\u00eda<\/li><li>Asesor\u00eda legal general en asuntos corporativos<\/li><li>Obtenci\u00f3n de permisos ante la CNH<\/li><li>Obtenci\u00f3n de permisos ante la ASEA<\/li><\/ul>\t\t\t\t\t\t\t\t<\/div>\n\t\t\t\t<\/div>\n\t\t\t\t<div class=\"elementor-element elementor-element-1106eb9 elementor-widget elementor-widget-text-editor\" data-id=\"1106eb9\" data-element_type=\"widget\" data-e-type=\"widget\" data-widget_type=\"text-editor.default\">\n\t\t\t\t<div class=\"elementor-widget-container\">\n\t\t\t\t\t\t\t\t\t<h6 class=\"p1\"><span style=\"color: #999999;\"> Enlaces\n<\/span><\/h6>\t\t\t\t\t\t\t\t<\/div>\n\t\t\t\t<\/div>\n\t\t\t\t<div class=\"elementor-element elementor-element-a1ec28a elementor-widget elementor-widget-text-editor\" data-id=\"a1ec28a\" data-element_type=\"widget\" data-e-type=\"widget\" data-widget_type=\"text-editor.default\">\n\t\t\t\t<div class=\"elementor-widget-container\">\n\t\t\t\t\t\t\t\t\t<ul><li style=\"box-sizing: content-box; font-family: Montserrat, sans-serif !important;\"><span style=\"color: #ffffff;\"><a style=\"box-sizing: content-box; color: #ffffff;\" href=\"http:\/\/www.pemex.com\/\" target=\"_blank\" rel=\"noopener\">PEMEX<\/a><\/span><\/li><li style=\"box-sizing: content-box; font-family: Montserrat, sans-serif !important;\"><span style=\"color: #ffffff;\"><a style=\"box-sizing: content-box; color: #ffffff;\" href=\"http:\/\/www.cfe.gob.mx\/\" target=\"_blank\" rel=\"noopener\">Comisi\u00f3n Federal de Electricidad<\/a><\/span><\/li><li style=\"box-sizing: content-box; font-family: Montserrat, sans-serif !important;\"><span style=\"color: #ffffff;\"><a style=\"box-sizing: content-box; color: #ffffff;\" href=\"http:\/\/www.cnh.gob.mx\/\" target=\"_blank\" rel=\"noopener\">Comisi\u00f3n Nacional de Hidrocarburos<\/a><\/span><\/li><li style=\"box-sizing: content-box; font-family: Montserrat, sans-serif !important;\"><span style=\"color: #ffffff;\"><a style=\"box-sizing: content-box; color: #ffffff;\" href=\"http:\/\/www.cre.gob.mx\/\" target=\"_blank\" rel=\"noopener\">Comisi\u00f3n Reguladora de Energ\u00eda<\/a><\/span><\/li><li style=\"box-sizing: content-box; font-family: Montserrat, sans-serif !important;\"><span style=\"color: #ffffff;\"><a style=\"box-sizing: content-box; color: #ffffff;\" href=\"http:\/\/www.semarnat.gob.mx\/\" target=\"_blank\" rel=\"noopener\">Secretar\u00eda del Medio Ambiente y de Recursos Naturales<\/a><\/span><\/li><li style=\"box-sizing: content-box; font-family: Montserrat, sans-serif !important;\"><span style=\"color: #ffffff;\"><a style=\"box-sizing: content-box; color: #ffffff;\" href=\"http:\/\/www.centromariomolina.org\/\" target=\"_blank\" rel=\"noopener\">Centro Mario Molina<\/a><\/span><\/li><li style=\"box-sizing: content-box; font-family: Montserrat, sans-serif !important;\"><span style=\"color: #ffffff;\"><a style=\"box-sizing: content-box; color: #ffffff;\" href=\"http:\/\/www.semarnat.gob.mx\/\" target=\"_blank\" rel=\"noopener\">Secretar\u00eda del Medio Ambiente y Recursos Naturales<\/a><\/span><\/li><li style=\"box-sizing: content-box; font-family: Montserrat, sans-serif !important;\"><span style=\"color: #ffffff;\"><a style=\"box-sizing: content-box; outline: 0px; color: #ffffff;\" href=\"http:\/\/www.centromariomolina.org\/\" target=\"_blank\" rel=\"noopener\">Mario Molina Center<\/a><\/span><\/li><\/ul>\t\t\t\t\t\t\t\t<\/div>\n\t\t\t\t<\/div>\n\t\t\t\t<div class=\"elementor-element elementor-element-33f327b elementor-widget elementor-widget-text-editor\" data-id=\"33f327b\" data-element_type=\"widget\" data-e-type=\"widget\" data-widget_type=\"text-editor.default\">\n\t\t\t\t<div class=\"elementor-widget-container\">\n\t\t\t\t\t\t\t\t\t<h6 class=\"p1\"><span style=\"color: #999999;\"> Bluebook\n<\/span><\/h6>\t\t\t\t\t\t\t\t<\/div>\n\t\t\t\t<\/div>\n\t\t\t\t<div class=\"elementor-element elementor-element-b05f502 elementor-widget elementor-widget-text-editor\" data-id=\"b05f502\" data-element_type=\"widget\" data-e-type=\"widget\" data-widget_type=\"text-editor.default\">\n\t\t\t\t<div class=\"elementor-widget-container\">\n\t\t\t\t\t\t\t\t\t<ul><li><span style=\"color: #ffffff;\"><a style=\"color: #ffffff;\" href=\"https:\/\/goodrichriquelme.com\/wp-content\/uploads\/2024\/10\/direct-investment-5-1.pdf\" target=\"_blank\" rel=\"noopener\">Inversi\u00f3n Directa<\/a><\/span><\/li><li><span style=\"color: #ffffff;\"><a style=\"color: #ffffff;\" href=\"https:\/\/goodrichriquelme.com\/wp-content\/uploads\/2024\/10\/investment-framework.pdf\" target=\"_blank\" rel=\"noopener\">Marco de Inversi\u00f3n<\/a><\/span><\/li><li><span style=\"color: #ffffff;\"><a style=\"color: #ffffff;\" href=\"https:\/\/goodrichriquelme.com\/wp-content\/uploads\/2024\/10\/investment-framework-1.pdf\" target=\"_blank\" rel=\"noopener\">Oportunidades de Inversi\u00f3n<\/a><\/span><\/li><li><span style=\"color: #ffffff;\"><a style=\"color: #ffffff;\" href=\"https:\/\/goodrichriquelme.com\/wp-content\/uploads\/2024\/10\/investment-opportunities-3.pdf\" target=\"_blank\" rel=\"noopener\">Licitaciones P\u00fablicas<\/a><\/span><\/li><li><span style=\"color: #ffffff;\"><a style=\"color: #ffffff;\" href=\"https:\/\/goodrichriquelme.com\/wp-content\/uploads\/2024\/10\/sensitive-areas1.pdf\" target=\"_blank\" rel=\"noopener\">Marco de Inversi\u00f3n<\/a><\/span><\/li><li><span style=\"color: #ffffff;\"><a style=\"color: #ffffff;\" href=\"https:\/\/goodrichriquelme.com\/wp-content\/uploads\/2024\/10\/government-procurement.pdf\" target=\"_blank\" rel=\"noopener\">\u00c1reas Protegidas<\/a><\/span><\/li><\/ul>\t\t\t\t\t\t\t\t<\/div>\n\t\t\t\t<\/div>\n\t\t\t\t<div class=\"elementor-element elementor-element-ef33563 elementor-widget elementor-widget-text-editor\" data-id=\"ef33563\" data-element_type=\"widget\" data-e-type=\"widget\" data-widget_type=\"text-editor.default\">\n\t\t\t\t<div class=\"elementor-widget-container\">\n\t\t\t\t\t\t\t\t\t<h6 class=\"p1\"><span style=\"color: #999999;\"> Reconocimientos <\/span><\/h6>\n&nbsp;\t\t\t\t\t\t\t\t<\/div>\n\t\t\t\t<\/div>\n\t\t\t\t<div class=\"elementor-element elementor-element-7d57b52 elementor-widget elementor-widget-image-gallery\" data-id=\"7d57b52\" data-element_type=\"widget\" data-e-type=\"widget\" data-widget_type=\"image-gallery.default\">\n\t\t\t\t<div class=\"elementor-widget-container\">\n\t\t\t\t\t\t\t<div class=\"elementor-image-gallery\">\n\t\t\t<div id='gallery-1' class='gallery galleryid-26363 gallery-columns-4 gallery-size-full'><figure class='gallery-item'>\n\t\t\t<div class='gallery-icon landscape'>\n\t\t\t\t<img fetchpriority=\"high\" decoding=\"async\" width=\"1072\" height=\"900\" src=\"https:\/\/goodrichriquelme.com\/wp-content\/uploads\/2020\/06\/Firm-Logo-5.jpg\" class=\"attachment-full size-full\" alt=\"\" srcset=\"https:\/\/goodrichriquelme.com\/wp-content\/uploads\/2020\/06\/Firm-Logo-5.jpg 1072w, https:\/\/goodrichriquelme.com\/wp-content\/uploads\/2020\/06\/Firm-Logo-5-300x252.jpg 300w, https:\/\/goodrichriquelme.com\/wp-content\/uploads\/2020\/06\/Firm-Logo-5-1024x860.jpg 1024w, https:\/\/goodrichriquelme.com\/wp-content\/uploads\/2020\/06\/Firm-Logo-5-768x645.jpg 768w, https:\/\/goodrichriquelme.com\/wp-content\/uploads\/2020\/06\/Firm-Logo-5-14x12.jpg 14w\" sizes=\"(max-width: 1072px) 100vw, 1072px\" \/>\n\t\t\t<\/div><\/figure><figure class='gallery-item'>\n\t\t\t<div class='gallery-icon portrait'>\n\t\t\t\t<img decoding=\"async\" width=\"1500\" height=\"1880\" src=\"https:\/\/goodrichriquelme.com\/wp-content\/uploads\/2024\/10\/GRA-Energy-.jpg\" class=\"attachment-full size-full\" alt=\"\" srcset=\"https:\/\/goodrichriquelme.com\/wp-content\/uploads\/2024\/10\/GRA-Energy-.jpg 1500w, https:\/\/goodrichriquelme.com\/wp-content\/uploads\/2024\/10\/GRA-Energy--239x300.jpg 239w, https:\/\/goodrichriquelme.com\/wp-content\/uploads\/2024\/10\/GRA-Energy--817x1024.jpg 817w, https:\/\/goodrichriquelme.com\/wp-content\/uploads\/2024\/10\/GRA-Energy--768x963.jpg 768w, https:\/\/goodrichriquelme.com\/wp-content\/uploads\/2024\/10\/GRA-Energy--1226x1536.jpg 1226w, https:\/\/goodrichriquelme.com\/wp-content\/uploads\/2024\/10\/GRA-Energy--10x12.jpg 10w\" sizes=\"(max-width: 1500px) 100vw, 1500px\" \/>\n\t\t\t<\/div><\/figure>\n\t\t<\/div>\n\t\t<\/div>\n\t\t\t\t\t\t<\/div>\n\t\t\t\t<\/div>\n\t\t\t\t<div class=\"elementor-element elementor-element-e4a3fd5 elementor-widget elementor-widget-spacer\" data-id=\"e4a3fd5\" data-element_type=\"widget\" data-e-type=\"widget\" data-widget_type=\"spacer.default\">\n\t\t\t\t<div class=\"elementor-widget-container\">\n\t\t\t\t\t\t\t<div class=\"elementor-spacer\">\n\t\t\t<div class=\"elementor-spacer-inner\"><\/div>\n\t\t<\/div>\n\t\t\t\t\t\t<\/div>\n\t\t\t\t<\/div>\n\t\t\t\t\t<\/div>\n\t\t<\/div>\n\t\t\t\t\t<\/div>\n\t\t<\/section>\n\t\t\t\t\t<\/div>\n\t\t<\/div>\n\t\t\t\t\t<\/div>\n\t\t<\/section>\n\t\t\t\t<\/div>","protected":false},"excerpt":{"rendered":"<p>Energy &amp; Decarbonization Mining &amp; Natural Resources Energy &amp; Decarbonization Real Estate &amp; Tourism Telecommunications Transportation Energy &#038; Decarbonization &nbsp; A fair and inclusive energy transition implies that each country seeks its own solutions, under the umbrella set by international commitments on emissions reduction. In this context, our practice group comprehensively advises transition fuels -such as natural gas- major projects, in all aspects of its value chain (exploration and production, transportation and storage). We are proud to increasingly advise on the extensive opportunities related to energy transition and decarbonization. In addition to assisting conventional generators (solar, wind, biomass), we are honoured to be amongst the first firms to advise on green ammonia and green hydrogen; carbon capture, transportation, and storage, electromobility and emissions markets, among other key themes of the energy transition. Our team is internationally recognized, because of its professional, academic, and editorial proactivity regarding climate crisis and energy transition concerns. You may explore our publications with prime universities and publishing companies. \u00a0 Legal Literature Energ\u00eda 2050. Tecnolog\u00edas, mercados y regulaci\u00f3n Arbitraje comercial y de inversi\u00f3n en el sector energ\u00e9tico en Am\u00e9rica Latina Services Infrastructure and integrity Exploration and exploitation Transactional contracts Integrated services contracts Regulatory compliance Maritime related services CFE Contracting CRE Permitting Pre-feasibility CENACE Regulatory Issues Wholesale Electricity Market\/Trading Clean Energy Certificates Power Purchase Agreements Legal Services for the structuring and financing of power projects M&amp;A in connection to power projects Real estate issues related with power projects General corporate legal advice CNH Permitting ASEA Permitting Links PEMEX Federal Electricity Commission National Hydrocarbons Commission Energy Regulatory Commission Secretar\u00eda del Medio Ambiente y de Recursos Naturales Centro Mario Molina Ministry of Environment &amp; Natural Resources Mario Molina Center Bluebook Direct Investment Investment Framework Investment Opportunities Government Procurement Investment Framework Sensitive Areas Rankings &nbsp;<\/p>","protected":false},"author":1,"featured_media":0,"parent":26355,"menu_order":0,"comment_status":"closed","ping_status":"closed","template":"elementor_header_footer","meta":{"_acf_changed":false,"rs_blank_template":"","rs_page_bg_color":"","slide_template_v7":"","footnotes":""},"class_list":["post-26363","page","type-page","status-publish","hentry"],"acf":[],"_links":{"self":[{"href":"https:\/\/goodrichriquelme.com\/es\/wp-json\/wp\/v2\/pages\/26363","targetHints":{"allow":["GET"]}}],"collection":[{"href":"https:\/\/goodrichriquelme.com\/es\/wp-json\/wp\/v2\/pages"}],"about":[{"href":"https:\/\/goodrichriquelme.com\/es\/wp-json\/wp\/v2\/types\/page"}],"author":[{"embeddable":true,"href":"https:\/\/goodrichriquelme.com\/es\/wp-json\/wp\/v2\/users\/1"}],"replies":[{"embeddable":true,"href":"https:\/\/goodrichriquelme.com\/es\/wp-json\/wp\/v2\/comments?post=26363"}],"version-history":[{"count":34,"href":"https:\/\/goodrichriquelme.com\/es\/wp-json\/wp\/v2\/pages\/26363\/revisions"}],"predecessor-version":[{"id":27927,"href":"https:\/\/goodrichriquelme.com\/es\/wp-json\/wp\/v2\/pages\/26363\/revisions\/27927"}],"up":[{"embeddable":true,"href":"https:\/\/goodrichriquelme.com\/es\/wp-json\/wp\/v2\/pages\/26355"}],"wp:attachment":[{"href":"https:\/\/goodrichriquelme.com\/es\/wp-json\/wp\/v2\/media?parent=26363"}],"curies":[{"name":"wp","href":"https:\/\/api.w.org\/{rel}","templated":true}]}}