{"id":26369,"date":"2024-10-22T09:50:30","date_gmt":"2024-10-22T15:50:30","guid":{"rendered":"https:\/\/goodrichriquelme.com\/?page_id=26369"},"modified":"2024-10-30T10:26:18","modified_gmt":"2024-10-30T16:26:18","slug":"transportation","status":"publish","type":"page","link":"https:\/\/goodrichriquelme.com\/es\/industry-sectors\/transportation\/","title":{"rendered":"Transportaci\u00f3n"},"content":{"rendered":"<div data-elementor-type=\"wp-page\" data-elementor-id=\"26369\" class=\"elementor elementor-26369\">\n\t\t\t\t\t\t<section class=\"elementor-section elementor-top-section elementor-element elementor-element-f4a471d elementor-section-content-top elementor-section-boxed elementor-section-height-default elementor-section-height-default wpr-particle-no wpr-jarallax-no wpr-parallax-no wpr-sticky-section-no wpr-equal-height-no\" data-id=\"f4a471d\" data-element_type=\"section\" data-e-type=\"section\" data-settings=\"{&quot;jet_parallax_layout_list&quot;:[],&quot;background_background&quot;:&quot;classic&quot;}\">\n\t\t\t\t\t\t\t<div class=\"elementor-background-overlay\"><\/div>\n\t\t\t\t\t\t\t<div class=\"elementor-container elementor-column-gap-default\">\n\t\t\t\t\t<div class=\"elementor-column elementor-col-100 elementor-top-column elementor-element elementor-element-f4597be\" data-id=\"f4597be\" data-element_type=\"column\" data-e-type=\"column\">\n\t\t\t<div class=\"elementor-widget-wrap elementor-element-populated\">\n\t\t\t\t\t\t<div class=\"elementor-element elementor-element-6af5e22 elementor-widget elementor-widget-spacer\" data-id=\"6af5e22\" data-element_type=\"widget\" data-e-type=\"widget\" data-widget_type=\"spacer.default\">\n\t\t\t\t<div class=\"elementor-widget-container\">\n\t\t\t\t\t\t\t<div class=\"elementor-spacer\">\n\t\t\t<div class=\"elementor-spacer-inner\"><\/div>\n\t\t<\/div>\n\t\t\t\t\t\t<\/div>\n\t\t\t\t<\/div>\n\t\t\t\t<section class=\"elementor-section elementor-inner-section elementor-element elementor-element-816ca08 elementor-section-boxed elementor-section-height-default elementor-section-height-default wpr-particle-no wpr-jarallax-no wpr-parallax-no wpr-sticky-section-no wpr-equal-height-no\" data-id=\"816ca08\" data-element_type=\"section\" data-e-type=\"section\" data-settings=\"{&quot;jet_parallax_layout_list&quot;:[]}\">\n\t\t\t\t\t\t<div class=\"elementor-container elementor-column-gap-default\">\n\t\t\t\t\t<div class=\"elementor-column elementor-col-50 elementor-inner-column elementor-element elementor-element-5bf2f43\" data-id=\"5bf2f43\" data-element_type=\"column\" data-e-type=\"column\">\n\t\t\t<div class=\"elementor-widget-wrap elementor-element-populated\">\n\t\t\t\t\t\t<div class=\"elementor-element elementor-element-fdc49ff elementor-widget elementor-widget-heading\" data-id=\"fdc49ff\" data-element_type=\"widget\" data-e-type=\"widget\" data-widget_type=\"heading.default\">\n\t\t\t\t<div class=\"elementor-widget-container\">\n\t\t\t\t\t<h1 class=\"elementor-heading-title elementor-size-default\">Transportaci\u00f3n<\/h1>\t\t\t\t<\/div>\n\t\t\t\t<\/div>\n\t\t\t\t<div class=\"elementor-element elementor-element-2b2b362 elementor-widget elementor-widget-spacer\" data-id=\"2b2b362\" data-element_type=\"widget\" data-e-type=\"widget\" data-widget_type=\"spacer.default\">\n\t\t\t\t<div class=\"elementor-widget-container\">\n\t\t\t\t\t\t\t<div class=\"elementor-spacer\">\n\t\t\t<div class=\"elementor-spacer-inner\"><\/div>\n\t\t<\/div>\n\t\t\t\t\t\t<\/div>\n\t\t\t\t<\/div>\n\t\t\t\t<div class=\"elementor-element elementor-element-28968f7 elementor-widget elementor-widget-text-editor\" data-id=\"28968f7\" data-element_type=\"widget\" data-e-type=\"widget\" data-widget_type=\"text-editor.default\">\n\t\t\t\t<div class=\"elementor-widget-container\">\n\t\t\t\t\t\t\t\t\t<p><span style=\"color: #ffffff;\"><a style=\"color: #ffffff;\" href=\"https:\/\/goodrichriquelme.com\/es\/industry-sectors\/mining-natural-resources\/\" rel=\"noopener\">Miner\u00eda y Recursos Naturales<\/a><\/span><\/p><p><span style=\"color: #ffffff;\"><a style=\"color: #ffffff;\" href=\"https:\/\/goodrichriquelme.com\/es\/industry-sectors\/energy-decarbonization\/\" rel=\"noopener\">Energ\u00eda y Descarbonizaci\u00f3n<\/a><\/span><\/p><p><span style=\"color: #ffffff;\"><a style=\"color: #ffffff;\" href=\"https:\/\/goodrichriquelme.com\/es\/industry-sectors\/real-estate-tourism\/\" rel=\"noopener\">Inmobiliario y Turismo<\/a><\/span><\/p><p><span style=\"color: #ffffff;\"><a style=\"color: #ffffff;\" href=\"https:\/\/goodrichriquelme.com\/es\/industry-sectors\/telecommunications\/\" rel=\"noopener\">Telecomunicaciones<\/a><\/span><\/p><p><span style=\"color: #999999;\"><a style=\"color: #999999;\" href=\"https:\/\/goodrichriquelme.com\/es\/industry-sectors\/transportation\/\" rel=\"noopener\">Transportaci\u00f3n<\/a><\/span><\/p>\t\t\t\t\t\t\t\t<\/div>\n\t\t\t\t<\/div>\n\t\t\t\t\t<\/div>\n\t\t<\/div>\n\t\t\t\t<div class=\"elementor-column elementor-col-50 elementor-inner-column elementor-element elementor-element-1ed209d\" data-id=\"1ed209d\" data-element_type=\"column\" data-e-type=\"column\">\n\t\t\t<div class=\"elementor-widget-wrap elementor-element-populated\">\n\t\t\t\t\t\t<div class=\"elementor-element elementor-element-253701f elementor-widget elementor-widget-text-editor\" data-id=\"253701f\" data-element_type=\"widget\" data-e-type=\"widget\" data-widget_type=\"text-editor.default\">\n\t\t\t\t<div class=\"elementor-widget-container\">\n\t\t\t\t\t\t\t\t\t<h6 class=\"p1\"><span style=\"color: #999999;\">Transporte Terrestre<\/span><\/h6>\t\t\t\t\t\t\t\t<\/div>\n\t\t\t\t<\/div>\n\t\t\t\t<div class=\"elementor-element elementor-element-1d42ca0 elementor-widget elementor-widget-text-editor\" data-id=\"1d42ca0\" data-element_type=\"widget\" data-e-type=\"widget\" data-widget_type=\"text-editor.default\">\n\t\t\t\t<div class=\"elementor-widget-container\">\n\t\t\t\t\t\t\t\t\t<p>Nuestro equipo de pr\u00e1ctica asesora en temas regulatorios y contractuales relacionados con el transporte de camiones y ferrocarriles, as\u00ed como en la log\u00edstica y el transporte transfronterizo.<\/p><p>\u00a0<\/p>\t\t\t\t\t\t\t\t<\/div>\n\t\t\t\t<\/div>\n\t\t\t\t<div class=\"elementor-element elementor-element-7a7ba21 elementor-widget elementor-widget-text-editor\" data-id=\"7a7ba21\" data-element_type=\"widget\" data-e-type=\"widget\" data-widget_type=\"text-editor.default\">\n\t\t\t\t<div class=\"elementor-widget-container\">\n\t\t\t\t\t\t\t\t\t<h6 class=\"p1\"><span style=\"color: #999999;\">A\u00e9reo<\/span><\/h6>\t\t\t\t\t\t\t\t<\/div>\n\t\t\t\t<\/div>\n\t\t\t\t<div class=\"elementor-element elementor-element-0d413cd elementor-widget elementor-widget-text-editor\" data-id=\"0d413cd\" data-element_type=\"widget\" data-e-type=\"widget\" data-widget_type=\"text-editor.default\">\n\t\t\t\t<div class=\"elementor-widget-container\">\n\t\t\t\t\t\t\t\t\t<p>Ofrecemos asesoramiento en materia de transportaci\u00f3n a\u00e9rea contractual y regulatoria, incluyendo el arrendamiento financiero, financiamiento, matr\u00edcula de aeronaves, concesiones aeroportuarias, convenios operativos de aeropuerto, as\u00ed como seguros y reaseguros en el sector.<\/p>\t\t\t\t\t\t\t\t<\/div>\n\t\t\t\t<\/div>\n\t\t\t\t<div class=\"elementor-element elementor-element-e0dedaa elementor-widget elementor-widget-text-editor\" data-id=\"e0dedaa\" data-element_type=\"widget\" data-e-type=\"widget\" data-widget_type=\"text-editor.default\">\n\t\t\t\t<div class=\"elementor-widget-container\">\n\t\t\t\t\t\t\t\t\t<h6 class=\"p1\"><span style=\"color: #999999;\">Mar\u00edtimo<\/span><\/h6>\t\t\t\t\t\t\t\t<\/div>\n\t\t\t\t<\/div>\n\t\t\t\t<div class=\"elementor-element elementor-element-fde428b elementor-widget elementor-widget-text-editor\" data-id=\"fde428b\" data-element_type=\"widget\" data-e-type=\"widget\" data-widget_type=\"text-editor.default\">\n\t\t\t\t<div class=\"elementor-widget-container\">\n\t\t\t\t\t\t\t\t\t<p>Nuestra pr\u00e1ctica incluye tanto la regulaci\u00f3n portuaria y asuntos relacionados con el transporte mar\u00edtimo y log\u00edstica, as\u00ed como la consultor\u00eda integral para la puesta en servicio de buques, plataformas petrol\u00edferas y otros artefactos navales para la industria de los hidrocarburos.<\/p><p>\u00a0<\/p>\t\t\t\t\t\t\t\t<\/div>\n\t\t\t\t<\/div>\n\t\t\t\t<div class=\"elementor-element elementor-element-82b99c3 elementor-widget elementor-widget-text-editor\" data-id=\"82b99c3\" data-element_type=\"widget\" data-e-type=\"widget\" data-widget_type=\"text-editor.default\">\n\t\t\t\t<div class=\"elementor-widget-container\">\n\t\t\t\t\t\t\t\t\t<h6 class=\"p1\"><span style=\"color: #999999;\">Automotriz<\/span><\/h6>\t\t\t\t\t\t\t\t<\/div>\n\t\t\t\t<\/div>\n\t\t\t\t<div class=\"elementor-element elementor-element-2756306 elementor-widget elementor-widget-text-editor\" data-id=\"2756306\" data-element_type=\"widget\" data-e-type=\"widget\" data-widget_type=\"text-editor.default\">\n\t\t\t\t<div class=\"elementor-widget-container\">\n\t\t\t\t\t\t\t\t\t<p>Nuestros expertos en el \u00e1rea automotriz y autopartes dan asesor\u00eda jur\u00eddica a inversionistas y empresarios buscando aprovechar las grandes oportunidades que ofrece esta importante industria, que incluye tanto a las grandes firmas fabricantes de veh\u00edculos de la industria terminal \u201cOEM\u201d, como a las empresas fabricantes y comercializadoras de autopartes para el mercado de repuesto.<\/p><p>\u00a0<\/p>\t\t\t\t\t\t\t\t<\/div>\n\t\t\t\t<\/div>\n\t\t\t\t<div class=\"elementor-element elementor-element-25cf6a5 elementor-widget elementor-widget-text-editor\" data-id=\"25cf6a5\" data-element_type=\"widget\" data-e-type=\"widget\" data-widget_type=\"text-editor.default\">\n\t\t\t\t<div class=\"elementor-widget-container\">\n\t\t\t\t\t\t\t\t\t<h6 class=\"p1\"><span style=\"color: #999999;\"> Servicios <\/span><\/h6>\t\t\t\t\t\t\t\t<\/div>\n\t\t\t\t<\/div>\n\t\t\t\t<div class=\"elementor-element elementor-element-c760488 elementor-widget elementor-widget-text-editor\" data-id=\"c760488\" data-element_type=\"widget\" data-e-type=\"widget\" data-widget_type=\"text-editor.default\">\n\t\t\t\t<div class=\"elementor-widget-container\">\n\t\t\t\t\t\t\t\t\t<ul><li>Asesor\u00eda regulatoria<\/li><li>Abanderamiento de embarcaciones<\/li><li>Registro de aeornaves<\/li><li>Financiaci\u00f3n de activos<\/li><li>Concesiones de puertos y aeropuertos<\/li><li>Seguros\/Reaseguros<\/li><li>Fletamentos y Arrendamientos<\/li><li>Reclamaciones mar\u00edtimas<\/li><li>Embargos preventivos<\/li><li>Permisos de SCT<\/li><\/ul>\t\t\t\t\t\t\t\t<\/div>\n\t\t\t\t<\/div>\n\t\t\t\t<div class=\"elementor-element elementor-element-1106eb9 elementor-widget elementor-widget-text-editor\" data-id=\"1106eb9\" data-element_type=\"widget\" data-e-type=\"widget\" data-widget_type=\"text-editor.default\">\n\t\t\t\t<div class=\"elementor-widget-container\">\n\t\t\t\t\t\t\t\t\t<h6 class=\"p1\"><span style=\"color: #999999;\"> Enlaces\n<\/span><\/h6>\t\t\t\t\t\t\t\t<\/div>\n\t\t\t\t<\/div>\n\t\t\t\t<div class=\"elementor-element elementor-element-a1ec28a elementor-widget elementor-widget-text-editor\" data-id=\"a1ec28a\" data-element_type=\"widget\" data-e-type=\"widget\" data-widget_type=\"text-editor.default\">\n\t\t\t\t<div class=\"elementor-widget-container\">\n\t\t\t\t\t\t\t\t\t<ul><li style=\"box-sizing: content-box; font-family: Montserrat, sans-serif !important;\"><a style=\"box-sizing: content-box; color: #ebf6ff;\" href=\"https:\/\/www.gob.mx\/asa\" target=\"_blank\" rel=\"noopener\">Aeropuertos y Servicios Auxiliares<\/a><\/li><li style=\"box-sizing: content-box; font-family: Montserrat, sans-serif !important;\"><a style=\"box-sizing: content-box; color: #ebf6ff;\" href=\"http:\/\/www.sct.gob.mx\/puertos-y-marina\/\" target=\"_blank\" rel=\"noopener\">Puertos y Marina Mercante<\/a><\/li><li style=\"box-sizing: content-box; font-family: Montserrat, sans-serif !important;\"><a style=\"box-sizing: content-box; color: #ebf6ff;\" href=\"http:\/\/www.sct.gob.mx\/transporte-y-medicina-preventiva\/autotransporte-federal\/\" target=\"_blank\" rel=\"noopener\">Transporte Terrestre<\/a><\/li><\/ul>\t\t\t\t\t\t\t\t<\/div>\n\t\t\t\t<\/div>\n\t\t\t\t<div class=\"elementor-element elementor-element-33f327b elementor-widget elementor-widget-text-editor\" data-id=\"33f327b\" data-element_type=\"widget\" data-e-type=\"widget\" data-widget_type=\"text-editor.default\">\n\t\t\t\t<div class=\"elementor-widget-container\">\n\t\t\t\t\t\t\t\t\t<h6 class=\"p1\"><span style=\"color: #999999;\"> Bluebook\n<\/span><\/h6>\t\t\t\t\t\t\t\t<\/div>\n\t\t\t\t<\/div>\n\t\t\t\t<div class=\"elementor-element elementor-element-b05f502 elementor-widget elementor-widget-text-editor\" data-id=\"b05f502\" data-element_type=\"widget\" data-e-type=\"widget\" data-widget_type=\"text-editor.default\">\n\t\t\t\t<div class=\"elementor-widget-container\">\n\t\t\t\t\t\t\t\t\t<ul><li><span style=\"color: #ffffff;\"><a style=\"color: #ffffff;\" href=\"https:\/\/goodrichriquelme.com\/wp-content\/uploads\/2024\/10\/government-procurement-1.pdf\" target=\"_blank\" rel=\"noopener\">Licitaciones P\u00fablicas<\/a><\/span><\/li><li><span style=\"color: #ffffff;\"><a style=\"color: #ffffff;\" href=\"https:\/\/goodrichriquelme.com\/wp-content\/uploads\/2024\/10\/investment-opportunities-3-1.pdf\" target=\"_blank\" rel=\"noopener\">Oportunidades de Inversi\u00f3n<\/a><\/span><\/li><li><span style=\"color: #ffffff;\"><a style=\"color: #ffffff;\" href=\"https:\/\/goodrichriquelme.com\/wp-content\/uploads\/2024\/10\/direct-investment-3.pdf\" target=\"_blank\" rel=\"noopener\">Inversi\u00f3n Directa<\/a><\/span><\/li><\/ul>\t\t\t\t\t\t\t\t<\/div>\n\t\t\t\t<\/div>\n\t\t\t\t<div class=\"elementor-element elementor-element-e4a3fd5 elementor-widget elementor-widget-spacer\" data-id=\"e4a3fd5\" data-element_type=\"widget\" data-e-type=\"widget\" data-widget_type=\"spacer.default\">\n\t\t\t\t<div class=\"elementor-widget-container\">\n\t\t\t\t\t\t\t<div class=\"elementor-spacer\">\n\t\t\t<div class=\"elementor-spacer-inner\"><\/div>\n\t\t<\/div>\n\t\t\t\t\t\t<\/div>\n\t\t\t\t<\/div>\n\t\t\t\t\t<\/div>\n\t\t<\/div>\n\t\t\t\t\t<\/div>\n\t\t<\/section>\n\t\t\t\t\t<\/div>\n\t\t<\/div>\n\t\t\t\t\t<\/div>\n\t\t<\/section>\n\t\t\t\t<\/div>","protected":false},"excerpt":{"rendered":"<p>Transportation Mining &amp; Natural Resources Energy &amp; Decarbonization Real Estate &amp; Tourism Telecommunications Transportation Surface Transportation Our practice team advises on regulatory and contractual issues related to trucking and rail transportation, logistics and cross-border transportation. \u00a0 Aviation We advise on contractual and regulatory aviation matters, including aviation leasing and finance, aircraft registration, airport concessions, airport operational contracts, as well as insurance and reinsurance in the sector. Shipping Our practice includes both seaport regulation and related matters on maritime transport and logistics, as well as comprehensive consulting for commissioning vessels, oil rigs and other naval artifacts to the offshore oil and gas industry. \u00a0 Automotive Goodrich\u00b4s Automotive and auto parts lawyers provide legal counseling to investors and entrepreneurs looking to take advantage of the vast opportunities that are offered in this important industry, including the big OEM companies, as well as the auto parts manufacturers and traders for the After-market. \u00a0 Services Regulatory advise Vessel Flagging Aircraft registration Asset finance Ports and airports concessions Insurance\/Reinsurance Charters and Leasings Maritime claims Arresting SCT permiting Links Airports and Auxiliary Services Ports and Merchant Marine Surface Transportation Bluebook Government Procurement Investment Opportunities Direct Investment<\/p>","protected":false},"author":1,"featured_media":0,"parent":26355,"menu_order":0,"comment_status":"closed","ping_status":"closed","template":"elementor_header_footer","meta":{"_acf_changed":false,"rs_blank_template":"","rs_page_bg_color":"","slide_template_v7":"","footnotes":""},"class_list":["post-26369","page","type-page","status-publish","hentry"],"acf":[],"_links":{"self":[{"href":"https:\/\/goodrichriquelme.com\/es\/wp-json\/wp\/v2\/pages\/26369","targetHints":{"allow":["GET"]}}],"collection":[{"href":"https:\/\/goodrichriquelme.com\/es\/wp-json\/wp\/v2\/pages"}],"about":[{"href":"https:\/\/goodrichriquelme.com\/es\/wp-json\/wp\/v2\/types\/page"}],"author":[{"embeddable":true,"href":"https:\/\/goodrichriquelme.com\/es\/wp-json\/wp\/v2\/users\/1"}],"replies":[{"embeddable":true,"href":"https:\/\/goodrichriquelme.com\/es\/wp-json\/wp\/v2\/comments?post=26369"}],"version-history":[{"count":19,"href":"https:\/\/goodrichriquelme.com\/es\/wp-json\/wp\/v2\/pages\/26369\/revisions"}],"predecessor-version":[{"id":27609,"href":"https:\/\/goodrichriquelme.com\/es\/wp-json\/wp\/v2\/pages\/26369\/revisions\/27609"}],"up":[{"embeddable":true,"href":"https:\/\/goodrichriquelme.com\/es\/wp-json\/wp\/v2\/pages\/26355"}],"wp:attachment":[{"href":"https:\/\/goodrichriquelme.com\/es\/wp-json\/wp\/v2\/media?parent=26369"}],"curies":[{"name":"wp","href":"https:\/\/api.w.org\/{rel}","templated":true}]}}