{"id":26740,"date":"2024-10-23T09:02:48","date_gmt":"2024-10-23T15:02:48","guid":{"rendered":"https:\/\/goodrichriquelme.com\/?page_id=26740"},"modified":"2026-02-16T11:38:06","modified_gmt":"2026-02-16T17:38:06","slug":"enriquez-david-3","status":"publish","type":"page","link":"https:\/\/goodrichriquelme.com\/es\/enriquez-david-3\/","title":{"rendered":"Enr\u00edquez, David"},"content":{"rendered":"<div data-elementor-type=\"wp-page\" data-elementor-id=\"26740\" class=\"elementor elementor-26740\">\n\t\t\t\t\t\t<section class=\"elementor-section elementor-top-section elementor-element elementor-element-f4a471d elementor-section-content-top elementor-section-boxed elementor-section-height-default elementor-section-height-default wpr-particle-no wpr-jarallax-no wpr-parallax-no wpr-sticky-section-no wpr-equal-height-no\" data-id=\"f4a471d\" data-element_type=\"section\" data-e-type=\"section\" data-settings=\"{&quot;jet_parallax_layout_list&quot;:[],&quot;background_background&quot;:&quot;classic&quot;}\">\n\t\t\t\t\t\t<div class=\"elementor-container elementor-column-gap-default\">\n\t\t\t\t\t<div class=\"elementor-column elementor-col-100 elementor-top-column elementor-element elementor-element-f4597be\" data-id=\"f4597be\" data-element_type=\"column\" data-e-type=\"column\">\n\t\t\t<div class=\"elementor-widget-wrap elementor-element-populated\">\n\t\t\t\t\t\t<div class=\"elementor-element elementor-element-6af5e22 elementor-widget elementor-widget-spacer\" data-id=\"6af5e22\" data-element_type=\"widget\" data-e-type=\"widget\" data-widget_type=\"spacer.default\">\n\t\t\t\t<div class=\"elementor-widget-container\">\n\t\t\t\t\t\t\t<div class=\"elementor-spacer\">\n\t\t\t<div class=\"elementor-spacer-inner\"><\/div>\n\t\t<\/div>\n\t\t\t\t\t\t<\/div>\n\t\t\t\t<\/div>\n\t\t\t\t<section class=\"elementor-section elementor-inner-section elementor-element elementor-element-816ca08 elementor-section-boxed elementor-section-height-default elementor-section-height-default wpr-particle-no wpr-jarallax-no wpr-parallax-no wpr-sticky-section-no wpr-equal-height-no\" data-id=\"816ca08\" data-element_type=\"section\" data-e-type=\"section\" data-settings=\"{&quot;jet_parallax_layout_list&quot;:[]}\">\n\t\t\t\t\t\t<div class=\"elementor-container elementor-column-gap-default\">\n\t\t\t\t\t<div class=\"elementor-column elementor-col-50 elementor-inner-column elementor-element elementor-element-5bf2f43\" data-id=\"5bf2f43\" data-element_type=\"column\" data-e-type=\"column\">\n\t\t\t<div class=\"elementor-widget-wrap elementor-element-populated\">\n\t\t\t\t\t\t<div class=\"elementor-element elementor-element-49c7fde elementor-widget elementor-widget-image\" data-id=\"49c7fde\" data-element_type=\"widget\" data-e-type=\"widget\" data-widget_type=\"image.default\">\n\t\t\t\t<div class=\"elementor-widget-container\">\n\t\t\t\t\t\t\t\t\t\t\t\t\t\t\t\t<a href=\"https:\/\/goodrichriquelme.com\/es\/our-people\/\">\n\t\t\t\t\t\t\t<img fetchpriority=\"high\" decoding=\"async\" width=\"660\" height=\"78\" src=\"https:\/\/goodrichriquelme.com\/wp-content\/uploads\/2024\/10\/regresar.png\" class=\"attachment-full size-full wp-image-26708\" alt=\"\" srcset=\"https:\/\/goodrichriquelme.com\/wp-content\/uploads\/2024\/10\/regresar.png 660w, https:\/\/goodrichriquelme.com\/wp-content\/uploads\/2024\/10\/regresar-300x35.png 300w\" sizes=\"(max-width: 660px) 100vw, 660px\" \/>\t\t\t\t\t\t\t\t<\/a>\n\t\t\t\t\t\t\t\t\t\t\t\t\t\t\t<\/div>\n\t\t\t\t<\/div>\n\t\t\t\t<div class=\"elementor-element elementor-element-fdc49ff elementor-widget elementor-widget-heading\" data-id=\"fdc49ff\" data-element_type=\"widget\" data-e-type=\"widget\" data-widget_type=\"heading.default\">\n\t\t\t\t<div class=\"elementor-widget-container\">\n\t\t\t\t\t<h1 class=\"elementor-heading-title elementor-size-default\">David<\/h1>\t\t\t\t<\/div>\n\t\t\t\t<\/div>\n\t\t\t\t<div class=\"elementor-element elementor-element-fc05598 elementor-widget elementor-widget-heading\" data-id=\"fc05598\" data-element_type=\"widget\" data-e-type=\"widget\" data-widget_type=\"heading.default\">\n\t\t\t\t<div class=\"elementor-widget-container\">\n\t\t\t\t\t<h2 class=\"elementor-heading-title elementor-size-default\">Enr\u00edquez<\/h2>\t\t\t\t<\/div>\n\t\t\t\t<\/div>\n\t\t\t\t<div class=\"elementor-element elementor-element-2b2b362 elementor-widget elementor-widget-spacer\" data-id=\"2b2b362\" data-element_type=\"widget\" data-e-type=\"widget\" data-widget_type=\"spacer.default\">\n\t\t\t\t<div class=\"elementor-widget-container\">\n\t\t\t\t\t\t\t<div class=\"elementor-spacer\">\n\t\t\t<div class=\"elementor-spacer-inner\"><\/div>\n\t\t<\/div>\n\t\t\t\t\t\t<\/div>\n\t\t\t\t<\/div>\n\t\t\t\t<div class=\"elementor-element elementor-element-b9cfb4d elementor-position-left elementor-vertical-align-middle elementor-widget elementor-widget-image-box\" data-id=\"b9cfb4d\" data-element_type=\"widget\" data-e-type=\"widget\" data-widget_type=\"image-box.default\">\n\t\t\t\t<div class=\"elementor-widget-container\">\n\t\t\t\t\t<div class=\"elementor-image-box-wrapper\"><figure class=\"elementor-image-box-img\"><a href=\"mailto:denriquez@goodrichriquelme.com\" target=\"_blank\" tabindex=\"-1\"><img decoding=\"async\" width=\"2155\" height=\"2156\" src=\"https:\/\/goodrichriquelme.com\/wp-content\/uploads\/2024\/10\/Goodrich_iconos_Mesa-de-trabajo-1-copia-5.png\" class=\"attachment-full size-full wp-image-26715\" alt=\"\" srcset=\"https:\/\/goodrichriquelme.com\/wp-content\/uploads\/2024\/10\/Goodrich_iconos_Mesa-de-trabajo-1-copia-5.png 2155w, https:\/\/goodrichriquelme.com\/wp-content\/uploads\/2024\/10\/Goodrich_iconos_Mesa-de-trabajo-1-copia-5-300x300.png 300w, https:\/\/goodrichriquelme.com\/wp-content\/uploads\/2024\/10\/Goodrich_iconos_Mesa-de-trabajo-1-copia-5-1024x1024.png 1024w, https:\/\/goodrichriquelme.com\/wp-content\/uploads\/2024\/10\/Goodrich_iconos_Mesa-de-trabajo-1-copia-5-150x150.png 150w, https:\/\/goodrichriquelme.com\/wp-content\/uploads\/2024\/10\/Goodrich_iconos_Mesa-de-trabajo-1-copia-5-768x768.png 768w, https:\/\/goodrichriquelme.com\/wp-content\/uploads\/2024\/10\/Goodrich_iconos_Mesa-de-trabajo-1-copia-5-1536x1536.png 1536w, https:\/\/goodrichriquelme.com\/wp-content\/uploads\/2024\/10\/Goodrich_iconos_Mesa-de-trabajo-1-copia-5-2048x2048.png 2048w, https:\/\/goodrichriquelme.com\/wp-content\/uploads\/2024\/10\/Goodrich_iconos_Mesa-de-trabajo-1-copia-5-500x500.png 500w\" sizes=\"(max-width: 2155px) 100vw, 2155px\" \/><\/a><\/figure><div class=\"elementor-image-box-content\"><h3 class=\"elementor-image-box-title\"><a href=\"mailto:denriquez@goodrichriquelme.com\" target=\"_blank\">denriquez@goodrichriquelme.com<\/a><\/h3><\/div><\/div>\t\t\t\t<\/div>\n\t\t\t\t<\/div>\n\t\t\t\t<div class=\"elementor-element elementor-element-8a2cde5 elementor-position-left elementor-vertical-align-middle elementor-widget elementor-widget-image-box\" data-id=\"8a2cde5\" data-element_type=\"widget\" data-e-type=\"widget\" data-widget_type=\"image-box.default\">\n\t\t\t\t<div class=\"elementor-widget-container\">\n\t\t\t\t\t<div class=\"elementor-image-box-wrapper\"><figure class=\"elementor-image-box-img\"><a href=\"tel:5555330040,1278\" target=\"_blank\" tabindex=\"-1\"><img decoding=\"async\" width=\"2155\" height=\"2156\" src=\"https:\/\/goodrichriquelme.com\/wp-content\/uploads\/2024\/10\/Goodrich_iconos_Mesa-de-trabajo-1-copia-4.png\" class=\"attachment-full size-full wp-image-26719\" alt=\"\" srcset=\"https:\/\/goodrichriquelme.com\/wp-content\/uploads\/2024\/10\/Goodrich_iconos_Mesa-de-trabajo-1-copia-4.png 2155w, https:\/\/goodrichriquelme.com\/wp-content\/uploads\/2024\/10\/Goodrich_iconos_Mesa-de-trabajo-1-copia-4-300x300.png 300w, https:\/\/goodrichriquelme.com\/wp-content\/uploads\/2024\/10\/Goodrich_iconos_Mesa-de-trabajo-1-copia-4-1024x1024.png 1024w, https:\/\/goodrichriquelme.com\/wp-content\/uploads\/2024\/10\/Goodrich_iconos_Mesa-de-trabajo-1-copia-4-150x150.png 150w, https:\/\/goodrichriquelme.com\/wp-content\/uploads\/2024\/10\/Goodrich_iconos_Mesa-de-trabajo-1-copia-4-768x768.png 768w, https:\/\/goodrichriquelme.com\/wp-content\/uploads\/2024\/10\/Goodrich_iconos_Mesa-de-trabajo-1-copia-4-1536x1536.png 1536w, https:\/\/goodrichriquelme.com\/wp-content\/uploads\/2024\/10\/Goodrich_iconos_Mesa-de-trabajo-1-copia-4-2048x2048.png 2048w, https:\/\/goodrichriquelme.com\/wp-content\/uploads\/2024\/10\/Goodrich_iconos_Mesa-de-trabajo-1-copia-4-500x500.png 500w\" sizes=\"(max-width: 2155px) 100vw, 2155px\" \/><\/a><\/figure><div class=\"elementor-image-box-content\"><h3 class=\"elementor-image-box-title\"><a href=\"tel:5555330040,1278\" target=\"_blank\">(+52)(55) 5533 0040 ext 1278<\/a><\/h3><\/div><\/div>\t\t\t\t<\/div>\n\t\t\t\t<\/div>\n\t\t\t\t<div class=\"elementor-element elementor-element-d7f7ac0 elementor-position-left elementor-vertical-align-middle elementor-widget elementor-widget-image-box\" data-id=\"d7f7ac0\" data-element_type=\"widget\" data-e-type=\"widget\" data-widget_type=\"image-box.default\">\n\t\t\t\t<div class=\"elementor-widget-container\">\n\t\t\t\t\t<div class=\"elementor-image-box-wrapper\"><figure class=\"elementor-image-box-img\"><a href=\"https:\/\/goo.gl\/maps\/BgrRXrSR6raPQTvN9?coh=178572&#038;entry=tt\" target=\"_blank\" tabindex=\"-1\"><img loading=\"lazy\" decoding=\"async\" width=\"2155\" height=\"2156\" src=\"https:\/\/goodrichriquelme.com\/wp-content\/uploads\/2024\/10\/Goodrich_iconos_Mesa-de-trabajo-1-copia-6.png\" class=\"attachment-full size-full wp-image-26728\" alt=\"\" srcset=\"https:\/\/goodrichriquelme.com\/wp-content\/uploads\/2024\/10\/Goodrich_iconos_Mesa-de-trabajo-1-copia-6.png 2155w, https:\/\/goodrichriquelme.com\/wp-content\/uploads\/2024\/10\/Goodrich_iconos_Mesa-de-trabajo-1-copia-6-300x300.png 300w, https:\/\/goodrichriquelme.com\/wp-content\/uploads\/2024\/10\/Goodrich_iconos_Mesa-de-trabajo-1-copia-6-1024x1024.png 1024w, https:\/\/goodrichriquelme.com\/wp-content\/uploads\/2024\/10\/Goodrich_iconos_Mesa-de-trabajo-1-copia-6-150x150.png 150w, https:\/\/goodrichriquelme.com\/wp-content\/uploads\/2024\/10\/Goodrich_iconos_Mesa-de-trabajo-1-copia-6-768x768.png 768w, https:\/\/goodrichriquelme.com\/wp-content\/uploads\/2024\/10\/Goodrich_iconos_Mesa-de-trabajo-1-copia-6-1536x1536.png 1536w, https:\/\/goodrichriquelme.com\/wp-content\/uploads\/2024\/10\/Goodrich_iconos_Mesa-de-trabajo-1-copia-6-2048x2048.png 2048w, https:\/\/goodrichriquelme.com\/wp-content\/uploads\/2024\/10\/Goodrich_iconos_Mesa-de-trabajo-1-copia-6-500x500.png 500w\" sizes=\"(max-width: 2155px) 100vw, 2155px\" \/><\/a><\/figure><div class=\"elementor-image-box-content\"><h3 class=\"elementor-image-box-title\"><a href=\"https:\/\/goo.gl\/maps\/BgrRXrSR6raPQTvN9?coh=178572&#038;entry=tt\" target=\"_blank\">Paseo de la Reforma 265, M-2 Col. Cuauht\u00e9moc, Alc. Cuauht\u00e9moc C.P. 06500, CDMX, M\u00e9xico<\/a><\/h3><\/div><\/div>\t\t\t\t<\/div>\n\t\t\t\t<\/div>\n\t\t\t\t\t<\/div>\n\t\t<\/div>\n\t\t\t\t<div class=\"elementor-column elementor-col-50 elementor-inner-column elementor-element elementor-element-1ed209d\" data-id=\"1ed209d\" data-element_type=\"column\" data-e-type=\"column\">\n\t\t\t<div class=\"elementor-widget-wrap elementor-element-populated\">\n\t\t\t\t\t\t<div class=\"elementor-element elementor-element-46f9a54 elementor-widget elementor-widget-text-editor\" data-id=\"46f9a54\" data-element_type=\"widget\" data-e-type=\"widget\" data-widget_type=\"text-editor.default\">\n\t\t\t\t<div class=\"elementor-widget-container\">\n\t\t\t\t\t\t\t\t\t<h6><span style=\"color: #999999;\">Biograf\u00eda<\/span><\/h6>\t\t\t\t\t\t\t\t<\/div>\n\t\t\t\t<\/div>\n\t\t\t\t<div class=\"elementor-element elementor-element-198d510 elementor-widget elementor-widget-text-editor\" data-id=\"198d510\" data-element_type=\"widget\" data-e-type=\"widget\" data-widget_type=\"text-editor.default\">\n\t\t\t\t<div class=\"elementor-widget-container\">\n\t\t\t\t\t\t\t\t\t<p class=\"translation-block\">David Enr\u00edquez ingres\u00f3 al despacho en el 2000. Se especializa en diversas disciplinas jur\u00eddicas, tanto desde la perspectiva transaccional como regulatoria. Sus principales \u00e1reas de experiencia cubren los sectores de la energ\u00eda y de la infraestructura, as\u00ed como la industria mar\u00edtima. Su pr\u00e1ctica tambi\u00e9n incluye el arbitraje -comercial y de inversi\u00f3n- relacionado con dichos sectores. David tambi\u00e9n act\u00faa como Experto en Seguros, Certificado ante Autoridades Regulatorias Federales.<\/p>\t\t\t\t\t\t\t\t<\/div>\n\t\t\t\t<\/div>\n\t\t\t\t<div class=\"elementor-element elementor-element-631579d elementor-widget elementor-widget-text-editor\" data-id=\"631579d\" data-element_type=\"widget\" data-e-type=\"widget\" data-widget_type=\"text-editor.default\">\n\t\t\t\t<div class=\"elementor-widget-container\">\n\t\t\t\t\t\t\t\t\t<h6><span style=\"color: #999999;\">Principales Reconocimientos<\/span><\/h6>\t\t\t\t\t\t\t\t<\/div>\n\t\t\t\t<\/div>\n\t\t\t\t<div class=\"elementor-element elementor-element-e881b4d elementor-widget elementor-widget-image-gallery\" data-id=\"e881b4d\" data-element_type=\"widget\" data-e-type=\"widget\" data-widget_type=\"image-gallery.default\">\n\t\t\t\t<div class=\"elementor-widget-container\">\n\t\t\t\t\t\t\t<div class=\"elementor-image-gallery\">\n\t\t\t<div class=\"row gallery galleryid-26740 gallery-columns-5 gallery-size-full\" data-uk-grid-margin=\"\"><figure class=\"gallery-item\"><div class=\"gallery-icon landscape\"><img loading=\"lazy\" decoding=\"async\" width=\"277\" height=\"277\" src=\"https:\/\/goodrichriquelme.com\/wp-content\/uploads\/2020\/06\/lacca-e1730303585779.png\" class=\"attachment-full size-full\" alt=\"\" data-object-fit=\"cover\" srcset=\"https:\/\/goodrichriquelme.com\/wp-content\/uploads\/2020\/06\/lacca-e1730303585779.png 277w, https:\/\/goodrichriquelme.com\/wp-content\/uploads\/2020\/06\/lacca-e1730303585779-150x150.png 150w, https:\/\/goodrichriquelme.com\/wp-content\/uploads\/2020\/06\/lacca-e1730303585779-12x12.png 12w\" sizes=\"(max-width: 277px) 100vw, 277px\" \/><\/div><\/figure><figure class=\"gallery-item\"><div class=\"gallery-icon portrait\"><img loading=\"lazy\" decoding=\"async\" width=\"536\" height=\"592\" src=\"https:\/\/goodrichriquelme.com\/wp-content\/uploads\/2026\/01\/Chambers_lp-2026.png\" class=\"attachment-full size-full\" alt=\"\" data-object-fit=\"cover\" srcset=\"https:\/\/goodrichriquelme.com\/wp-content\/uploads\/2026\/01\/Chambers_lp-2026.png 536w, https:\/\/goodrichriquelme.com\/wp-content\/uploads\/2026\/01\/Chambers_lp-2026-272x300.png 272w, https:\/\/goodrichriquelme.com\/wp-content\/uploads\/2026\/01\/Chambers_lp-2026-11x12.png 11w\" sizes=\"(max-width: 536px) 100vw, 536px\" \/><\/div><\/figure><figure class=\"gallery-item\"><div class=\"gallery-icon landscape\"><img loading=\"lazy\" decoding=\"async\" width=\"1072\" height=\"900\" src=\"https:\/\/goodrichriquelme.com\/wp-content\/uploads\/2025\/08\/Chambers-DER-2026.jpg\" class=\"attachment-full size-full\" alt=\"\" data-object-fit=\"cover\" srcset=\"https:\/\/goodrichriquelme.com\/wp-content\/uploads\/2025\/08\/Chambers-DER-2026.jpg 1072w, https:\/\/goodrichriquelme.com\/wp-content\/uploads\/2025\/08\/Chambers-DER-2026-300x252.jpg 300w, https:\/\/goodrichriquelme.com\/wp-content\/uploads\/2025\/08\/Chambers-DER-2026-1024x860.jpg 1024w, https:\/\/goodrichriquelme.com\/wp-content\/uploads\/2025\/08\/Chambers-DER-2026-768x645.jpg 768w, https:\/\/goodrichriquelme.com\/wp-content\/uploads\/2025\/08\/Chambers-DER-2026-14x12.jpg 14w\" sizes=\"(max-width: 1072px) 100vw, 1072px\" \/><\/div><\/figure><figure class=\"gallery-item\"><div class=\"gallery-icon landscape\"><img loading=\"lazy\" decoding=\"async\" width=\"468\" height=\"468\" src=\"https:\/\/goodrichriquelme.com\/wp-content\/uploads\/2024\/10\/Frase_David_Enriquez.png\" class=\"attachment-full size-full\" alt=\"\" data-object-fit=\"cover\" srcset=\"https:\/\/goodrichriquelme.com\/wp-content\/uploads\/2024\/10\/Frase_David_Enriquez.png 468w, https:\/\/goodrichriquelme.com\/wp-content\/uploads\/2024\/10\/Frase_David_Enriquez-300x300.png 300w, https:\/\/goodrichriquelme.com\/wp-content\/uploads\/2024\/10\/Frase_David_Enriquez-150x150.png 150w\" sizes=\"(max-width: 468px) 100vw, 468px\" \/><\/div><\/figure><figure class=\"gallery-item\"><div class=\"gallery-icon landscape\"><img loading=\"lazy\" decoding=\"async\" width=\"257\" height=\"252\" src=\"https:\/\/goodrichriquelme.com\/wp-content\/uploads\/2026\/02\/Ch_glogal_2026_DER.jpg\" class=\"attachment-full size-full\" alt=\"\" data-object-fit=\"cover\" srcset=\"https:\/\/goodrichriquelme.com\/wp-content\/uploads\/2026\/02\/Ch_glogal_2026_DER.jpg 257w, https:\/\/goodrichriquelme.com\/wp-content\/uploads\/2026\/02\/Ch_glogal_2026_DER-12x12.jpg 12w\" sizes=\"(max-width: 257px) 100vw, 257px\" \/><\/div><\/figure><\/div>\t\t<\/div>\n\t\t\t\t\t\t<\/div>\n\t\t\t\t<\/div>\n\t\t\t\t<div class=\"elementor-element elementor-element-d7d233b elementor-widget elementor-widget-text-editor\" data-id=\"d7d233b\" data-element_type=\"widget\" data-e-type=\"widget\" data-widget_type=\"text-editor.default\">\n\t\t\t\t<div class=\"elementor-widget-container\">\n\t\t\t\t\t\t\t\t\t<h6><span style=\"color: #999999;\">Educaci\u00f3n<\/span><\/h6>\t\t\t\t\t\t\t\t<\/div>\n\t\t\t\t<\/div>\n\t\t\t\t<div class=\"elementor-element elementor-element-e812524 elementor-widget elementor-widget-text-editor\" data-id=\"e812524\" data-element_type=\"widget\" data-e-type=\"widget\" data-widget_type=\"text-editor.default\">\n\t\t\t\t<div class=\"elementor-widget-container\">\n\t\t\t\t\t\t\t\t\t<ul><li style=\"box-sizing: content-box; font-family: Montserrat, sans-serif !important;\">Licenciado de la Universidad Panamericana, Guadalajara, Jalisco (1997).<\/li><li style=\"box-sizing: content-box; font-family: Montserrat, sans-serif !important;\">Maestr\u00eda en Derecho Mar\u00edtimo, Instituto Europeo de Estudios Mar\u00edtimos, Gij\u00f3n, Espa\u00f1a (1998).<\/li><li style=\"box-sizing: content-box; font-family: Montserrat, sans-serif !important;\">Maestr\u00eda en Derecho Mar\u00edtimo, Southhampton University, Southhampton, Inglaterra (1999).<\/li><li style=\"box-sizing: content-box; font-family: Montserrat, sans-serif !important;\">Doctorado en Derecho, Universidad Panamericana, Ciudad de M\u00e9xico (2002).<\/li><li style=\"box-sizing: content-box; font-family: Montserrat, sans-serif !important;\">Diplomado en Econom\u00eda Pol\u00edtica Internacional, London School of Economics, Londres, Inglaterra (2004).<\/li><\/ul>\t\t\t\t\t\t\t\t<\/div>\n\t\t\t\t<\/div>\n\t\t\t\t<div class=\"elementor-element elementor-element-cdfc69f elementor-widget elementor-widget-text-editor\" data-id=\"cdfc69f\" data-element_type=\"widget\" data-e-type=\"widget\" data-widget_type=\"text-editor.default\">\n\t\t\t\t<div class=\"elementor-widget-container\">\n\t\t\t\t\t\t\t\t\t<h6><span style=\"color: #999999;\"> Idiomas <\/span><\/h6>\t\t\t\t\t\t\t\t<\/div>\n\t\t\t\t<\/div>\n\t\t\t\t<div class=\"elementor-element elementor-element-3d3306a elementor-widget elementor-widget-text-editor\" data-id=\"3d3306a\" data-element_type=\"widget\" data-e-type=\"widget\" data-widget_type=\"text-editor.default\">\n\t\t\t\t<div class=\"elementor-widget-container\">\n\t\t\t\t\t\t\t\t\t<p><span style=\"font-family: Montserrat, sans-serif; font-size: 16px; text-align: justify;\">Espa\u00f1ol e Ingl\u00e9s.<\/span><\/p>\t\t\t\t\t\t\t\t<\/div>\n\t\t\t\t<\/div>\n\t\t\t\t<div class=\"elementor-element elementor-element-cb13bda elementor-widget elementor-widget-text-editor\" data-id=\"cb13bda\" data-element_type=\"widget\" data-e-type=\"widget\" data-widget_type=\"text-editor.default\">\n\t\t\t\t<div class=\"elementor-widget-container\">\n\t\t\t\t\t\t\t\t\t<h6><span style=\"color: #999999;\">Miembro<\/span><\/h6>\t\t\t\t\t\t\t\t<\/div>\n\t\t\t\t<\/div>\n\t\t\t\t<div class=\"elementor-element elementor-element-571a8c8 elementor-widget elementor-widget-text-editor\" data-id=\"571a8c8\" data-element_type=\"widget\" data-e-type=\"widget\" data-widget_type=\"text-editor.default\">\n\t\t\t\t<div class=\"elementor-widget-container\">\n\t\t\t\t\t\t\t\t\t<ul><li style=\"box-sizing: content-box; font-family: Montserrat, sans-serif !important;\">Barra Internacional de Abogados.<\/li><li style=\"box-sizing: content-box; font-family: Montserrat, sans-serif !important;\">Instituto para el Derecho Energ\u00e9tico.<\/li><li style=\"box-sizing: content-box; font-family: Montserrat, sans-serif !important;\">Asociaci\u00f3n de Negociadores Internacionales de Petr\u00f3leo.<\/li><li style=\"box-sizing: content-box; font-family: Montserrat, sans-serif !important;\">Barra Americana de Abogados - Secci\u00f3n Internacional.<\/li><li style=\"box-sizing: content-box; font-family: Montserrat, sans-serif !important;\">Fundaci\u00f3n para los Recursos Naturales y el Derecho Energ\u00e9tico.<\/li><li style=\"box-sizing: content-box; font-family: Montserrat, sans-serif !important;\">C\u00e1mara de Comercio Internacional CCI (M\u00e9xico). Consejo Directivo.<\/li><\/ul>\t\t\t\t\t\t\t\t<\/div>\n\t\t\t\t<\/div>\n\t\t\t\t<div class=\"elementor-element elementor-element-c7e81bb elementor-widget elementor-widget-text-editor\" data-id=\"c7e81bb\" data-element_type=\"widget\" data-e-type=\"widget\" data-widget_type=\"text-editor.default\">\n\t\t\t\t<div class=\"elementor-widget-container\">\n\t\t\t\t\t\t\t\t\t<h6><span style=\"color: #999999;\">Destacado<\/span><\/h6>\t\t\t\t\t\t\t\t<\/div>\n\t\t\t\t<\/div>\n\t\t\t\t<div class=\"elementor-element elementor-element-2d0b433 elementor-widget elementor-widget-text-editor\" data-id=\"2d0b433\" data-element_type=\"widget\" data-e-type=\"widget\" data-widget_type=\"text-editor.default\">\n\t\t\t\t<div class=\"elementor-widget-container\">\n\t\t\t\t\t\t\t\t\tProfesor de Derecho en el ITAM (2007-2014). Investigador Nacional SNI-CONACYT (2004-2014). Director de la Delegaci\u00f3n Mexicana ante el IMO, UNCITRAL y otras organizaciones internacionales relacionadas con la industria mar\u00edtima (2004-2005). Editor de m\u00e1s de setenta libros legales (Porr\u00faa, ITAM, Tirant Lo Blanch). Autor de numerosos art\u00edculos y nueve libros de Derecho Mar\u00edtimo, Derecho Econ\u00f3mico Internacional y de Derecho Energ\u00e9tico publicados por Tirant Lo Blanch, Porr\u00faa, UNAM, Oxford University Press y Foreign Affairs, entre otras compa\u00f1\u00edas editoriales. Miembro del Comit\u00e9 Supervisor del Anuario de la UNAM sobre Derecho Internacional. Moderador en el segmento de Energ\u00eda de Bloomberg (El Financiero TV). David es tambi\u00e9n novelista y cuentista. Puedes encontrar sus libros en www.trazosytintas.com\t\t\t\t\t\t\t\t<\/div>\n\t\t\t\t<\/div>\n\t\t\t\t<div class=\"elementor-element elementor-element-47b7831 elementor-widget elementor-widget-spacer\" data-id=\"47b7831\" data-element_type=\"widget\" data-e-type=\"widget\" data-widget_type=\"spacer.default\">\n\t\t\t\t<div class=\"elementor-widget-container\">\n\t\t\t\t\t\t\t<div class=\"elementor-spacer\">\n\t\t\t<div class=\"elementor-spacer-inner\"><\/div>\n\t\t<\/div>\n\t\t\t\t\t\t<\/div>\n\t\t\t\t<\/div>\n\t\t\t\t\t<\/div>\n\t\t<\/div>\n\t\t\t\t\t<\/div>\n\t\t<\/section>\n\t\t\t\t\t<\/div>\n\t\t<\/div>\n\t\t\t\t\t<\/div>\n\t\t<\/section>\n\t\t\t\t<\/div>","protected":false},"excerpt":{"rendered":"<p>David Enr\u00edquez denriquez@goodrichriquelme.com (+52)(55) 5533 0040 ext 1278 Paseo de la Reforma 265, M-2 Col. Cuauht\u00e9moc, Alc. Cuauht\u00e9moc C.P. 06500, CDMX, M\u00e9xico Bio David Enr\u00edquez joined the firm in 2000. He specializes in various law fields, from both transactional and regulatory perspectives. His main areas of expertise cover the energy, infrastructure, and maritime sectors. His practice also includes commercial and investment arbitration related to those industries. David also acts as Certified Insurance Expert before Federal Regulatory Authorities. Main Rankings Education LL.B., Universidad Panamericana, Guadalajara (1997). LL.M., Maritime Law, Instituto Europeo de Estudios Mar\u00edtimos, Gij\u00f3n, Spain (1998). LL.M., Maritime Law, Southhampton University, Southhampton, England (1999). PhD\/SJD, Universidad Panamericana, Mexico City, Mexico (2002). Diploma on International Economic Policy, London School of Economics, London, UK (2004). Languages Spanish and English. Member International Bar Association. Institute for Energy Law. Association of International Energy Negotiatiors, AIEN. American Bar Association &#8211; International Section. The Foundation for Natural Resources and Energy Law. International Chamber of Commerce ICC (Mexico). Board of Directors. Featured Law Lecturer at ITAM (2007-2014). National Research Fellow SNI-CONACYT (2004 &#8211; 2014). Head of the Mexican Delegation before IMO, UNCITRAL and other international organizations related to the shipping industry (2004-2005). Editor of over seventy legal books (Porr\u00faa, ITAM, Tirant Lo Blanch). Author of numerous articles and nine books on Maritime Law, International Economic Law and Energy Law published by Tirant Lo Blanch, Porr\u00faa, UNAM, Oxford University Press and Foreign Affairs, among other publishing companies. Member of the Supervisory Committee of the UNAM\u2019s Year Book on International Law. Moderator at Bloomberg\u2019s energy segment (El Financiero TV). David is also a novelist and a storyteller. You can find his books on www.trazosytintas.com<\/p>","protected":false},"author":1,"featured_media":0,"parent":0,"menu_order":0,"comment_status":"closed","ping_status":"closed","template":"elementor_header_footer","meta":{"_acf_changed":false,"rs_blank_template":"","rs_page_bg_color":"","slide_template_v7":"","footnotes":""},"class_list":["post-26740","page","type-page","status-publish","hentry"],"acf":[],"_links":{"self":[{"href":"https:\/\/goodrichriquelme.com\/es\/wp-json\/wp\/v2\/pages\/26740","targetHints":{"allow":["GET"]}}],"collection":[{"href":"https:\/\/goodrichriquelme.com\/es\/wp-json\/wp\/v2\/pages"}],"about":[{"href":"https:\/\/goodrichriquelme.com\/es\/wp-json\/wp\/v2\/types\/page"}],"author":[{"embeddable":true,"href":"https:\/\/goodrichriquelme.com\/es\/wp-json\/wp\/v2\/users\/1"}],"replies":[{"embeddable":true,"href":"https:\/\/goodrichriquelme.com\/es\/wp-json\/wp\/v2\/comments?post=26740"}],"version-history":[{"count":70,"href":"https:\/\/goodrichriquelme.com\/es\/wp-json\/wp\/v2\/pages\/26740\/revisions"}],"predecessor-version":[{"id":28514,"href":"https:\/\/goodrichriquelme.com\/es\/wp-json\/wp\/v2\/pages\/26740\/revisions\/28514"}],"wp:attachment":[{"href":"https:\/\/goodrichriquelme.com\/es\/wp-json\/wp\/v2\/media?parent=26740"}],"curies":[{"name":"wp","href":"https:\/\/api.w.org\/{rel}","templated":true}]}}