{"id":26798,"date":"2024-10-23T09:34:57","date_gmt":"2024-10-23T15:34:57","guid":{"rendered":"https:\/\/goodrichriquelme.com\/?page_id=26798"},"modified":"2024-11-28T15:56:49","modified_gmt":"2024-11-28T21:56:49","slug":"leon-orantes-jorge","status":"publish","type":"page","link":"https:\/\/goodrichriquelme.com\/es\/our-people\/leon-orantes-jorge\/","title":{"rendered":"Le\u00f3n Orantes, Jorge"},"content":{"rendered":"<div data-elementor-type=\"wp-page\" data-elementor-id=\"26798\" class=\"elementor elementor-26798\">\n\t\t\t\t\t\t<section class=\"elementor-section elementor-top-section elementor-element elementor-element-f4a471d elementor-section-content-top elementor-section-boxed elementor-section-height-default elementor-section-height-default wpr-particle-no wpr-jarallax-no wpr-parallax-no wpr-sticky-section-no wpr-equal-height-no\" data-id=\"f4a471d\" data-element_type=\"section\" data-e-type=\"section\" data-settings=\"{&quot;jet_parallax_layout_list&quot;:[],&quot;background_background&quot;:&quot;classic&quot;}\">\n\t\t\t\t\t\t\t<div class=\"elementor-background-overlay\"><\/div>\n\t\t\t\t\t\t\t<div class=\"elementor-container elementor-column-gap-default\">\n\t\t\t\t\t<div class=\"elementor-column elementor-col-100 elementor-top-column elementor-element elementor-element-f4597be\" data-id=\"f4597be\" data-element_type=\"column\" data-e-type=\"column\">\n\t\t\t<div class=\"elementor-widget-wrap elementor-element-populated\">\n\t\t\t\t\t\t<div class=\"elementor-element elementor-element-6af5e22 elementor-widget elementor-widget-spacer\" data-id=\"6af5e22\" data-element_type=\"widget\" data-e-type=\"widget\" data-widget_type=\"spacer.default\">\n\t\t\t\t<div class=\"elementor-widget-container\">\n\t\t\t\t\t\t\t<div class=\"elementor-spacer\">\n\t\t\t<div class=\"elementor-spacer-inner\"><\/div>\n\t\t<\/div>\n\t\t\t\t\t\t<\/div>\n\t\t\t\t<\/div>\n\t\t\t\t<section class=\"elementor-section elementor-inner-section elementor-element elementor-element-816ca08 elementor-section-boxed elementor-section-height-default elementor-section-height-default wpr-particle-no wpr-jarallax-no wpr-parallax-no wpr-sticky-section-no wpr-equal-height-no\" data-id=\"816ca08\" data-element_type=\"section\" data-e-type=\"section\" data-settings=\"{&quot;jet_parallax_layout_list&quot;:[]}\">\n\t\t\t\t\t\t<div class=\"elementor-container elementor-column-gap-default\">\n\t\t\t\t\t<div class=\"elementor-column elementor-col-50 elementor-inner-column elementor-element elementor-element-5bf2f43\" data-id=\"5bf2f43\" data-element_type=\"column\" data-e-type=\"column\">\n\t\t\t<div class=\"elementor-widget-wrap elementor-element-populated\">\n\t\t\t\t\t\t<div class=\"elementor-element elementor-element-49c7fde elementor-widget elementor-widget-image\" data-id=\"49c7fde\" data-element_type=\"widget\" data-e-type=\"widget\" data-widget_type=\"image.default\">\n\t\t\t\t<div class=\"elementor-widget-container\">\n\t\t\t\t\t\t\t\t\t\t\t\t\t\t\t\t<a href=\"https:\/\/goodrichriquelme.com\/es\/our-people\/\">\n\t\t\t\t\t\t\t<img fetchpriority=\"high\" decoding=\"async\" width=\"660\" height=\"78\" src=\"https:\/\/goodrichriquelme.com\/wp-content\/uploads\/2024\/10\/regresar.png\" class=\"attachment-full size-full wp-image-26708\" alt=\"\" srcset=\"https:\/\/goodrichriquelme.com\/wp-content\/uploads\/2024\/10\/regresar.png 660w, https:\/\/goodrichriquelme.com\/wp-content\/uploads\/2024\/10\/regresar-300x35.png 300w\" sizes=\"(max-width: 660px) 100vw, 660px\" \/>\t\t\t\t\t\t\t\t<\/a>\n\t\t\t\t\t\t\t\t\t\t\t\t\t\t\t<\/div>\n\t\t\t\t<\/div>\n\t\t\t\t<div class=\"elementor-element elementor-element-fdc49ff elementor-widget elementor-widget-heading\" data-id=\"fdc49ff\" data-element_type=\"widget\" data-e-type=\"widget\" data-widget_type=\"heading.default\">\n\t\t\t\t<div class=\"elementor-widget-container\">\n\t\t\t\t\t<h1 class=\"elementor-heading-title elementor-size-default\">Jorge<\/h1>\t\t\t\t<\/div>\n\t\t\t\t<\/div>\n\t\t\t\t<div class=\"elementor-element elementor-element-fc05598 elementor-widget elementor-widget-heading\" data-id=\"fc05598\" data-element_type=\"widget\" data-e-type=\"widget\" data-widget_type=\"heading.default\">\n\t\t\t\t<div class=\"elementor-widget-container\">\n\t\t\t\t\t<h2 class=\"elementor-heading-title elementor-size-default\">Le\u00f3n Orantes<\/h2>\t\t\t\t<\/div>\n\t\t\t\t<\/div>\n\t\t\t\t<div class=\"elementor-element elementor-element-2b2b362 elementor-widget elementor-widget-spacer\" data-id=\"2b2b362\" data-element_type=\"widget\" data-e-type=\"widget\" data-widget_type=\"spacer.default\">\n\t\t\t\t<div class=\"elementor-widget-container\">\n\t\t\t\t\t\t\t<div class=\"elementor-spacer\">\n\t\t\t<div class=\"elementor-spacer-inner\"><\/div>\n\t\t<\/div>\n\t\t\t\t\t\t<\/div>\n\t\t\t\t<\/div>\n\t\t\t\t<div class=\"elementor-element elementor-element-b9cfb4d elementor-position-left elementor-vertical-align-middle elementor-widget elementor-widget-image-box\" data-id=\"b9cfb4d\" data-element_type=\"widget\" data-e-type=\"widget\" data-widget_type=\"image-box.default\">\n\t\t\t\t<div class=\"elementor-widget-container\">\n\t\t\t\t\t<div class=\"elementor-image-box-wrapper\"><figure class=\"elementor-image-box-img\"><a href=\"mailto:jleon@goodrichriquelme.com\" target=\"_blank\" tabindex=\"-1\"><img decoding=\"async\" width=\"2155\" height=\"2156\" src=\"https:\/\/goodrichriquelme.com\/wp-content\/uploads\/2024\/10\/Goodrich_iconos_Mesa-de-trabajo-1-copia-5.png\" class=\"attachment-full size-full wp-image-26715\" alt=\"\" srcset=\"https:\/\/goodrichriquelme.com\/wp-content\/uploads\/2024\/10\/Goodrich_iconos_Mesa-de-trabajo-1-copia-5.png 2155w, https:\/\/goodrichriquelme.com\/wp-content\/uploads\/2024\/10\/Goodrich_iconos_Mesa-de-trabajo-1-copia-5-300x300.png 300w, https:\/\/goodrichriquelme.com\/wp-content\/uploads\/2024\/10\/Goodrich_iconos_Mesa-de-trabajo-1-copia-5-1024x1024.png 1024w, https:\/\/goodrichriquelme.com\/wp-content\/uploads\/2024\/10\/Goodrich_iconos_Mesa-de-trabajo-1-copia-5-150x150.png 150w, https:\/\/goodrichriquelme.com\/wp-content\/uploads\/2024\/10\/Goodrich_iconos_Mesa-de-trabajo-1-copia-5-768x768.png 768w, https:\/\/goodrichriquelme.com\/wp-content\/uploads\/2024\/10\/Goodrich_iconos_Mesa-de-trabajo-1-copia-5-1536x1536.png 1536w, https:\/\/goodrichriquelme.com\/wp-content\/uploads\/2024\/10\/Goodrich_iconos_Mesa-de-trabajo-1-copia-5-2048x2048.png 2048w, https:\/\/goodrichriquelme.com\/wp-content\/uploads\/2024\/10\/Goodrich_iconos_Mesa-de-trabajo-1-copia-5-500x500.png 500w\" sizes=\"(max-width: 2155px) 100vw, 2155px\" \/><\/a><\/figure><div class=\"elementor-image-box-content\"><h3 class=\"elementor-image-box-title\"><a href=\"mailto:jleon@goodrichriquelme.com\" target=\"_blank\">jleon@goodrichriquelme.com<\/a><\/h3><\/div><\/div>\t\t\t\t<\/div>\n\t\t\t\t<\/div>\n\t\t\t\t<div class=\"elementor-element elementor-element-8a2cde5 elementor-position-left elementor-vertical-align-middle elementor-widget elementor-widget-image-box\" data-id=\"8a2cde5\" data-element_type=\"widget\" data-e-type=\"widget\" data-widget_type=\"image-box.default\">\n\t\t\t\t<div class=\"elementor-widget-container\">\n\t\t\t\t\t<div class=\"elementor-image-box-wrapper\"><figure class=\"elementor-image-box-img\"><a href=\"tel:5552082129\" target=\"_blank\" tabindex=\"-1\"><img decoding=\"async\" width=\"2155\" height=\"2156\" src=\"https:\/\/goodrichriquelme.com\/wp-content\/uploads\/2024\/10\/Goodrich_iconos_Mesa-de-trabajo-1-copia-4.png\" class=\"attachment-full size-full wp-image-26719\" alt=\"\" srcset=\"https:\/\/goodrichriquelme.com\/wp-content\/uploads\/2024\/10\/Goodrich_iconos_Mesa-de-trabajo-1-copia-4.png 2155w, https:\/\/goodrichriquelme.com\/wp-content\/uploads\/2024\/10\/Goodrich_iconos_Mesa-de-trabajo-1-copia-4-300x300.png 300w, https:\/\/goodrichriquelme.com\/wp-content\/uploads\/2024\/10\/Goodrich_iconos_Mesa-de-trabajo-1-copia-4-1024x1024.png 1024w, https:\/\/goodrichriquelme.com\/wp-content\/uploads\/2024\/10\/Goodrich_iconos_Mesa-de-trabajo-1-copia-4-150x150.png 150w, https:\/\/goodrichriquelme.com\/wp-content\/uploads\/2024\/10\/Goodrich_iconos_Mesa-de-trabajo-1-copia-4-768x768.png 768w, https:\/\/goodrichriquelme.com\/wp-content\/uploads\/2024\/10\/Goodrich_iconos_Mesa-de-trabajo-1-copia-4-1536x1536.png 1536w, https:\/\/goodrichriquelme.com\/wp-content\/uploads\/2024\/10\/Goodrich_iconos_Mesa-de-trabajo-1-copia-4-2048x2048.png 2048w, https:\/\/goodrichriquelme.com\/wp-content\/uploads\/2024\/10\/Goodrich_iconos_Mesa-de-trabajo-1-copia-4-500x500.png 500w\" sizes=\"(max-width: 2155px) 100vw, 2155px\" \/><\/a><\/figure><div class=\"elementor-image-box-content\"><h3 class=\"elementor-image-box-title\"><a href=\"tel:5552082129\" target=\"_blank\">(+52)(55) 5208 2129<\/a><\/h3><\/div><\/div>\t\t\t\t<\/div>\n\t\t\t\t<\/div>\n\t\t\t\t<div class=\"elementor-element elementor-element-d7f7ac0 elementor-position-left elementor-vertical-align-middle elementor-widget elementor-widget-image-box\" data-id=\"d7f7ac0\" data-element_type=\"widget\" data-e-type=\"widget\" data-widget_type=\"image-box.default\">\n\t\t\t\t<div class=\"elementor-widget-container\">\n\t\t\t\t\t<div class=\"elementor-image-box-wrapper\"><figure class=\"elementor-image-box-img\"><a href=\"https:\/\/goo.gl\/maps\/BgrRXrSR6raPQTvN9?coh=178572&#038;entry=tt\" target=\"_blank\" tabindex=\"-1\"><img loading=\"lazy\" decoding=\"async\" width=\"2155\" height=\"2156\" src=\"https:\/\/goodrichriquelme.com\/wp-content\/uploads\/2024\/10\/Goodrich_iconos_Mesa-de-trabajo-1-copia-6.png\" class=\"attachment-full size-full wp-image-26728\" alt=\"\" srcset=\"https:\/\/goodrichriquelme.com\/wp-content\/uploads\/2024\/10\/Goodrich_iconos_Mesa-de-trabajo-1-copia-6.png 2155w, https:\/\/goodrichriquelme.com\/wp-content\/uploads\/2024\/10\/Goodrich_iconos_Mesa-de-trabajo-1-copia-6-300x300.png 300w, https:\/\/goodrichriquelme.com\/wp-content\/uploads\/2024\/10\/Goodrich_iconos_Mesa-de-trabajo-1-copia-6-1024x1024.png 1024w, https:\/\/goodrichriquelme.com\/wp-content\/uploads\/2024\/10\/Goodrich_iconos_Mesa-de-trabajo-1-copia-6-150x150.png 150w, https:\/\/goodrichriquelme.com\/wp-content\/uploads\/2024\/10\/Goodrich_iconos_Mesa-de-trabajo-1-copia-6-768x768.png 768w, https:\/\/goodrichriquelme.com\/wp-content\/uploads\/2024\/10\/Goodrich_iconos_Mesa-de-trabajo-1-copia-6-1536x1536.png 1536w, https:\/\/goodrichriquelme.com\/wp-content\/uploads\/2024\/10\/Goodrich_iconos_Mesa-de-trabajo-1-copia-6-2048x2048.png 2048w, https:\/\/goodrichriquelme.com\/wp-content\/uploads\/2024\/10\/Goodrich_iconos_Mesa-de-trabajo-1-copia-6-500x500.png 500w\" sizes=\"(max-width: 2155px) 100vw, 2155px\" \/><\/a><\/figure><div class=\"elementor-image-box-content\"><h3 class=\"elementor-image-box-title\"><a href=\"https:\/\/goo.gl\/maps\/BgrRXrSR6raPQTvN9?coh=178572&#038;entry=tt\" target=\"_blank\">Paseo de la Reforma 265, M-2 Col. Cuauht\u00e9moc, Alc. Cuauht\u00e9moc C.P. 06500, CDMX, M\u00e9xico<\/a><\/h3><\/div><\/div>\t\t\t\t<\/div>\n\t\t\t\t<\/div>\n\t\t\t\t\t<\/div>\n\t\t<\/div>\n\t\t\t\t<div class=\"elementor-column elementor-col-50 elementor-inner-column elementor-element elementor-element-1ed209d\" data-id=\"1ed209d\" data-element_type=\"column\" data-e-type=\"column\">\n\t\t\t<div class=\"elementor-widget-wrap elementor-element-populated\">\n\t\t\t\t\t\t<div class=\"elementor-element elementor-element-46f9a54 elementor-widget elementor-widget-text-editor\" data-id=\"46f9a54\" data-element_type=\"widget\" data-e-type=\"widget\" data-widget_type=\"text-editor.default\">\n\t\t\t\t<div class=\"elementor-widget-container\">\n\t\t\t\t\t\t\t\t\t<h6><span style=\"color: #999999;\">Biograf\u00eda<\/span><\/h6>\t\t\t\t\t\t\t\t<\/div>\n\t\t\t\t<\/div>\n\t\t\t\t<div class=\"elementor-element elementor-element-198d510 elementor-widget elementor-widget-text-editor\" data-id=\"198d510\" data-element_type=\"widget\" data-e-type=\"widget\" data-widget_type=\"text-editor.default\">\n\t\t\t\t<div class=\"elementor-widget-container\">\n\t\t\t\t\t\t\t\t\t<p>Jorge Le\u00f3n Orantes ingres\u00f3 al Despacho en 1958. Se especializa en litigios complejos multi-jurisdiccionales; litigio civil; litigio federal; litigio internacional; seguros comerciales; seguros de invalidez y accidentes; litigio en materia de contaminaci\u00f3n de suelos; seguro de accidente; arbitraje de seguros; contratos de seguros; litigio en seguros; reaseguros; responsabilidad personal; da\u00f1os materiales; incumplimiento de contrato; litigio en contratos; seguros de defensa mar\u00edtimos; arbitraje mar\u00edtimo; accidentes mar\u00edtimos; arbitraje internacional; arbitraje internacional y resoluci\u00f3n de controversias; mediaci\u00f3n internacional; quiebra; liquidaciones; reorganizaci\u00f3n; derecho constitucional y amparo.<\/p><p>\u00a0<\/p>\t\t\t\t\t\t\t\t<\/div>\n\t\t\t\t<\/div>\n\t\t\t\t<div class=\"elementor-element elementor-element-d7d233b elementor-widget elementor-widget-text-editor\" data-id=\"d7d233b\" data-element_type=\"widget\" data-e-type=\"widget\" data-widget_type=\"text-editor.default\">\n\t\t\t\t<div class=\"elementor-widget-container\">\n\t\t\t\t\t\t\t\t\t<h6><span style=\"color: #999999;\">Educaci\u00f3n<\/span><\/h6>\t\t\t\t\t\t\t\t<\/div>\n\t\t\t\t<\/div>\n\t\t\t\t<div class=\"elementor-element elementor-element-e812524 elementor-widget elementor-widget-text-editor\" data-id=\"e812524\" data-element_type=\"widget\" data-e-type=\"widget\" data-widget_type=\"text-editor.default\">\n\t\t\t\t<div class=\"elementor-widget-container\">\n\t\t\t\t\t\t\t\t\t<ul><li style=\"box-sizing: content-box; font-family: Montserrat, sans-serif !important;\">Abogado de la Escuela Libre de Derecho, Ciudad de M\u00e9xico (1963).<\/li><\/ul>\t\t\t\t\t\t\t\t<\/div>\n\t\t\t\t<\/div>\n\t\t\t\t<div class=\"elementor-element elementor-element-cdfc69f elementor-widget elementor-widget-text-editor\" data-id=\"cdfc69f\" data-element_type=\"widget\" data-e-type=\"widget\" data-widget_type=\"text-editor.default\">\n\t\t\t\t<div class=\"elementor-widget-container\">\n\t\t\t\t\t\t\t\t\t<h6><span style=\"color: #999999;\"> Idiomas <\/span><\/h6>\t\t\t\t\t\t\t\t<\/div>\n\t\t\t\t<\/div>\n\t\t\t\t<div class=\"elementor-element elementor-element-3d3306a elementor-widget elementor-widget-text-editor\" data-id=\"3d3306a\" data-element_type=\"widget\" data-e-type=\"widget\" data-widget_type=\"text-editor.default\">\n\t\t\t\t<div class=\"elementor-widget-container\">\n\t\t\t\t\t\t\t\t\t<p>Espa\u00f1ol e Ingl\u00e9s.<\/p>\t\t\t\t\t\t\t\t<\/div>\n\t\t\t\t<\/div>\n\t\t\t\t<div class=\"elementor-element elementor-element-cb13bda elementor-widget elementor-widget-text-editor\" data-id=\"cb13bda\" data-element_type=\"widget\" data-e-type=\"widget\" data-widget_type=\"text-editor.default\">\n\t\t\t\t<div class=\"elementor-widget-container\">\n\t\t\t\t\t\t\t\t\t<h6><span style=\"color: #999999;\">Miembro<\/span><\/h6>\t\t\t\t\t\t\t\t<\/div>\n\t\t\t\t<\/div>\n\t\t\t\t<div class=\"elementor-element elementor-element-571a8c8 elementor-widget elementor-widget-text-editor\" data-id=\"571a8c8\" data-element_type=\"widget\" data-e-type=\"widget\" data-widget_type=\"text-editor.default\">\n\t\t\t\t<div class=\"elementor-widget-container\">\n\t\t\t\t\t\t\t\t\t<ul>\n<li style=\"box-sizing: content-box; font-family: Montserrat, sans-serif !important;\">Barra Internacional de Abogados<\/li><li style=\"box-sizing: content-box; font-family: Montserrat, sans-serif !important;\">Barra Mexicana, Colegio de Abogados.<\/li>\n<\/ul>\t\t\t\t\t\t\t\t<\/div>\n\t\t\t\t<\/div>\n\t\t\t\t<div class=\"elementor-element elementor-element-47b7831 elementor-widget elementor-widget-spacer\" data-id=\"47b7831\" data-element_type=\"widget\" data-e-type=\"widget\" data-widget_type=\"spacer.default\">\n\t\t\t\t<div class=\"elementor-widget-container\">\n\t\t\t\t\t\t\t<div class=\"elementor-spacer\">\n\t\t\t<div class=\"elementor-spacer-inner\"><\/div>\n\t\t<\/div>\n\t\t\t\t\t\t<\/div>\n\t\t\t\t<\/div>\n\t\t\t\t\t<\/div>\n\t\t<\/div>\n\t\t\t\t\t<\/div>\n\t\t<\/section>\n\t\t\t\t\t<\/div>\n\t\t<\/div>\n\t\t\t\t\t<\/div>\n\t\t<\/section>\n\t\t\t\t<\/div>","protected":false},"excerpt":{"rendered":"<p>Jorge Le\u00f3n Orantes jleon@goodrichriquelme.com (+52)(55) 5208 2129 Paseo de la Reforma 265, M-2 Col. Cuauht\u00e9moc, Alc. Cuauht\u00e9moc C.P. 06500, CDMX, M\u00e9xico Bio Jorge Le\u00f3n Orantes joined the firm in 1958. He specializes in complex and multi-district litigation; civil litigation; federal litigation; international litigation; commercial insurance; accident and disability insurance; contaminated site litigation; casualty insurance; insurance arbitration; insurance contracts; insurance litigation; reinsurance; personal liability; property damage; breach of contract; contract litigation; marine insurance defense; maritime arbitration; maritime accidents; international arbitration; international dispute resolution; international mediation; bankruptcy; liquidations; reorganization; constitutional law and Amparo Law. \u00a0 Education LL.B., Escuela Libre de Derecho, Mexico City (1963). Languages Spanish and English. Member International Bar Association Mexican Bar Association.<\/p>","protected":false},"author":1,"featured_media":0,"parent":26687,"menu_order":0,"comment_status":"closed","ping_status":"closed","template":"elementor_header_footer","meta":{"_acf_changed":false,"rs_blank_template":"","rs_page_bg_color":"","slide_template_v7":"","footnotes":""},"class_list":["post-26798","page","type-page","status-publish","hentry"],"acf":[],"_links":{"self":[{"href":"https:\/\/goodrichriquelme.com\/es\/wp-json\/wp\/v2\/pages\/26798","targetHints":{"allow":["GET"]}}],"collection":[{"href":"https:\/\/goodrichriquelme.com\/es\/wp-json\/wp\/v2\/pages"}],"about":[{"href":"https:\/\/goodrichriquelme.com\/es\/wp-json\/wp\/v2\/types\/page"}],"author":[{"embeddable":true,"href":"https:\/\/goodrichriquelme.com\/es\/wp-json\/wp\/v2\/users\/1"}],"replies":[{"embeddable":true,"href":"https:\/\/goodrichriquelme.com\/es\/wp-json\/wp\/v2\/comments?post=26798"}],"version-history":[{"count":19,"href":"https:\/\/goodrichriquelme.com\/es\/wp-json\/wp\/v2\/pages\/26798\/revisions"}],"predecessor-version":[{"id":28072,"href":"https:\/\/goodrichriquelme.com\/es\/wp-json\/wp\/v2\/pages\/26798\/revisions\/28072"}],"up":[{"embeddable":true,"href":"https:\/\/goodrichriquelme.com\/es\/wp-json\/wp\/v2\/pages\/26687"}],"wp:attachment":[{"href":"https:\/\/goodrichriquelme.com\/es\/wp-json\/wp\/v2\/media?parent=26798"}],"curies":[{"name":"wp","href":"https:\/\/api.w.org\/{rel}","templated":true}]}}