{"id":26996,"date":"2024-10-26T00:12:00","date_gmt":"2024-10-26T06:12:00","guid":{"rendered":"https:\/\/goodrichriquelme.com\/?page_id=26996"},"modified":"2024-11-29T13:12:09","modified_gmt":"2024-11-29T19:12:09","slug":"de-la-o-elisa","status":"publish","type":"page","link":"https:\/\/goodrichriquelme.com\/es\/our-people\/de-la-o-elisa\/","title":{"rendered":"De la O, Elisa"},"content":{"rendered":"<div data-elementor-type=\"wp-page\" data-elementor-id=\"26996\" class=\"elementor elementor-26996\">\n\t\t\t\t\t\t<section class=\"elementor-section elementor-top-section elementor-element elementor-element-f4a471d elementor-section-content-top elementor-section-boxed elementor-section-height-default elementor-section-height-default wpr-particle-no wpr-jarallax-no wpr-parallax-no wpr-sticky-section-no wpr-equal-height-no\" data-id=\"f4a471d\" data-element_type=\"section\" data-e-type=\"section\" data-settings=\"{&quot;jet_parallax_layout_list&quot;:[],&quot;background_background&quot;:&quot;classic&quot;}\">\n\t\t\t\t\t\t<div class=\"elementor-container elementor-column-gap-default\">\n\t\t\t\t\t<div class=\"elementor-column elementor-col-100 elementor-top-column elementor-element elementor-element-f4597be\" data-id=\"f4597be\" data-element_type=\"column\" data-e-type=\"column\">\n\t\t\t<div class=\"elementor-widget-wrap elementor-element-populated\">\n\t\t\t\t\t\t<div class=\"elementor-element elementor-element-6af5e22 elementor-widget elementor-widget-spacer\" data-id=\"6af5e22\" data-element_type=\"widget\" data-e-type=\"widget\" data-widget_type=\"spacer.default\">\n\t\t\t\t<div class=\"elementor-widget-container\">\n\t\t\t\t\t\t\t<div class=\"elementor-spacer\">\n\t\t\t<div class=\"elementor-spacer-inner\"><\/div>\n\t\t<\/div>\n\t\t\t\t\t\t<\/div>\n\t\t\t\t<\/div>\n\t\t\t\t<section class=\"elementor-section elementor-inner-section elementor-element elementor-element-816ca08 elementor-section-boxed elementor-section-height-default elementor-section-height-default wpr-particle-no wpr-jarallax-no wpr-parallax-no wpr-sticky-section-no wpr-equal-height-no\" data-id=\"816ca08\" data-element_type=\"section\" data-e-type=\"section\" data-settings=\"{&quot;jet_parallax_layout_list&quot;:[]}\">\n\t\t\t\t\t\t<div class=\"elementor-container elementor-column-gap-default\">\n\t\t\t\t\t<div class=\"elementor-column elementor-col-50 elementor-inner-column elementor-element elementor-element-5bf2f43\" data-id=\"5bf2f43\" data-element_type=\"column\" data-e-type=\"column\">\n\t\t\t<div class=\"elementor-widget-wrap elementor-element-populated\">\n\t\t\t\t\t\t<div class=\"elementor-element elementor-element-49c7fde elementor-widget elementor-widget-image\" data-id=\"49c7fde\" data-element_type=\"widget\" data-e-type=\"widget\" data-widget_type=\"image.default\">\n\t\t\t\t<div class=\"elementor-widget-container\">\n\t\t\t\t\t\t\t\t\t\t\t\t\t\t\t\t<a href=\"https:\/\/goodrichriquelme.com\/es\/our-people\/\">\n\t\t\t\t\t\t\t<img fetchpriority=\"high\" decoding=\"async\" width=\"660\" height=\"78\" src=\"https:\/\/goodrichriquelme.com\/wp-content\/uploads\/2024\/10\/regresar.png\" class=\"attachment-full size-full wp-image-26708\" alt=\"\" srcset=\"https:\/\/goodrichriquelme.com\/wp-content\/uploads\/2024\/10\/regresar.png 660w, https:\/\/goodrichriquelme.com\/wp-content\/uploads\/2024\/10\/regresar-300x35.png 300w\" sizes=\"(max-width: 660px) 100vw, 660px\" \/>\t\t\t\t\t\t\t\t<\/a>\n\t\t\t\t\t\t\t\t\t\t\t\t\t\t\t<\/div>\n\t\t\t\t<\/div>\n\t\t\t\t<div class=\"elementor-element elementor-element-fdc49ff elementor-widget elementor-widget-heading\" data-id=\"fdc49ff\" data-element_type=\"widget\" data-e-type=\"widget\" data-widget_type=\"heading.default\">\n\t\t\t\t<div class=\"elementor-widget-container\">\n\t\t\t\t\t<h1 class=\"elementor-heading-title elementor-size-default\">Elisa<\/h1>\t\t\t\t<\/div>\n\t\t\t\t<\/div>\n\t\t\t\t<div class=\"elementor-element elementor-element-fc05598 elementor-widget elementor-widget-heading\" data-id=\"fc05598\" data-element_type=\"widget\" data-e-type=\"widget\" data-widget_type=\"heading.default\">\n\t\t\t\t<div class=\"elementor-widget-container\">\n\t\t\t\t\t<h2 class=\"elementor-heading-title elementor-size-default\">de la O\n<\/h2>\t\t\t\t<\/div>\n\t\t\t\t<\/div>\n\t\t\t\t<div class=\"elementor-element elementor-element-2b2b362 elementor-widget elementor-widget-spacer\" data-id=\"2b2b362\" data-element_type=\"widget\" data-e-type=\"widget\" data-widget_type=\"spacer.default\">\n\t\t\t\t<div class=\"elementor-widget-container\">\n\t\t\t\t\t\t\t<div class=\"elementor-spacer\">\n\t\t\t<div class=\"elementor-spacer-inner\"><\/div>\n\t\t<\/div>\n\t\t\t\t\t\t<\/div>\n\t\t\t\t<\/div>\n\t\t\t\t<div class=\"elementor-element elementor-element-b9cfb4d elementor-position-left elementor-vertical-align-middle elementor-widget elementor-widget-image-box\" data-id=\"b9cfb4d\" data-element_type=\"widget\" data-e-type=\"widget\" data-widget_type=\"image-box.default\">\n\t\t\t\t<div class=\"elementor-widget-container\">\n\t\t\t\t\t<div class=\"elementor-image-box-wrapper\"><figure class=\"elementor-image-box-img\"><a href=\"mailto:edelao@goodrichriquelme.com\" target=\"_blank\" tabindex=\"-1\"><img decoding=\"async\" width=\"2155\" height=\"2156\" src=\"https:\/\/goodrichriquelme.com\/wp-content\/uploads\/2024\/10\/Goodrich_iconos_Mesa-de-trabajo-1-copia-5.png\" class=\"attachment-full size-full wp-image-26715\" alt=\"\" srcset=\"https:\/\/goodrichriquelme.com\/wp-content\/uploads\/2024\/10\/Goodrich_iconos_Mesa-de-trabajo-1-copia-5.png 2155w, https:\/\/goodrichriquelme.com\/wp-content\/uploads\/2024\/10\/Goodrich_iconos_Mesa-de-trabajo-1-copia-5-300x300.png 300w, https:\/\/goodrichriquelme.com\/wp-content\/uploads\/2024\/10\/Goodrich_iconos_Mesa-de-trabajo-1-copia-5-1024x1024.png 1024w, https:\/\/goodrichriquelme.com\/wp-content\/uploads\/2024\/10\/Goodrich_iconos_Mesa-de-trabajo-1-copia-5-150x150.png 150w, https:\/\/goodrichriquelme.com\/wp-content\/uploads\/2024\/10\/Goodrich_iconos_Mesa-de-trabajo-1-copia-5-768x768.png 768w, https:\/\/goodrichriquelme.com\/wp-content\/uploads\/2024\/10\/Goodrich_iconos_Mesa-de-trabajo-1-copia-5-1536x1536.png 1536w, https:\/\/goodrichriquelme.com\/wp-content\/uploads\/2024\/10\/Goodrich_iconos_Mesa-de-trabajo-1-copia-5-2048x2048.png 2048w, https:\/\/goodrichriquelme.com\/wp-content\/uploads\/2024\/10\/Goodrich_iconos_Mesa-de-trabajo-1-copia-5-500x500.png 500w\" sizes=\"(max-width: 2155px) 100vw, 2155px\" \/><\/a><\/figure><div class=\"elementor-image-box-content\"><h3 class=\"elementor-image-box-title\"><a href=\"mailto:edelao@goodrichriquelme.com\" target=\"_blank\">edelao@goodrichriquelme.com<\/a><\/h3><\/div><\/div>\t\t\t\t<\/div>\n\t\t\t\t<\/div>\n\t\t\t\t<div class=\"elementor-element elementor-element-8a2cde5 elementor-position-left elementor-vertical-align-middle elementor-widget elementor-widget-image-box\" data-id=\"8a2cde5\" data-element_type=\"widget\" data-e-type=\"widget\" data-widget_type=\"image-box.default\">\n\t\t\t\t<div class=\"elementor-widget-container\">\n\t\t\t\t\t<div class=\"elementor-image-box-wrapper\"><figure class=\"elementor-image-box-img\"><a href=\"tel:5555330206\" target=\"_blank\" tabindex=\"-1\"><img decoding=\"async\" width=\"2155\" height=\"2156\" src=\"https:\/\/goodrichriquelme.com\/wp-content\/uploads\/2024\/10\/Goodrich_iconos_Mesa-de-trabajo-1-copia-4.png\" class=\"attachment-full size-full wp-image-26719\" alt=\"\" srcset=\"https:\/\/goodrichriquelme.com\/wp-content\/uploads\/2024\/10\/Goodrich_iconos_Mesa-de-trabajo-1-copia-4.png 2155w, https:\/\/goodrichriquelme.com\/wp-content\/uploads\/2024\/10\/Goodrich_iconos_Mesa-de-trabajo-1-copia-4-300x300.png 300w, https:\/\/goodrichriquelme.com\/wp-content\/uploads\/2024\/10\/Goodrich_iconos_Mesa-de-trabajo-1-copia-4-1024x1024.png 1024w, https:\/\/goodrichriquelme.com\/wp-content\/uploads\/2024\/10\/Goodrich_iconos_Mesa-de-trabajo-1-copia-4-150x150.png 150w, https:\/\/goodrichriquelme.com\/wp-content\/uploads\/2024\/10\/Goodrich_iconos_Mesa-de-trabajo-1-copia-4-768x768.png 768w, https:\/\/goodrichriquelme.com\/wp-content\/uploads\/2024\/10\/Goodrich_iconos_Mesa-de-trabajo-1-copia-4-1536x1536.png 1536w, https:\/\/goodrichriquelme.com\/wp-content\/uploads\/2024\/10\/Goodrich_iconos_Mesa-de-trabajo-1-copia-4-2048x2048.png 2048w, https:\/\/goodrichriquelme.com\/wp-content\/uploads\/2024\/10\/Goodrich_iconos_Mesa-de-trabajo-1-copia-4-500x500.png 500w\" sizes=\"(max-width: 2155px) 100vw, 2155px\" \/><\/a><\/figure><div class=\"elementor-image-box-content\"><h3 class=\"elementor-image-box-title\"><a href=\"tel:5555330206\" target=\"_blank\">(+52)(55) 5533 0206<\/a><\/h3><\/div><\/div>\t\t\t\t<\/div>\n\t\t\t\t<\/div>\n\t\t\t\t<div class=\"elementor-element elementor-element-d7f7ac0 elementor-position-left elementor-vertical-align-middle elementor-widget elementor-widget-image-box\" data-id=\"d7f7ac0\" data-element_type=\"widget\" data-e-type=\"widget\" data-widget_type=\"image-box.default\">\n\t\t\t\t<div class=\"elementor-widget-container\">\n\t\t\t\t\t<div class=\"elementor-image-box-wrapper\"><figure class=\"elementor-image-box-img\"><a href=\"https:\/\/goo.gl\/maps\/BgrRXrSR6raPQTvN9?coh=178572&#038;entry=tt\" target=\"_blank\" tabindex=\"-1\"><img loading=\"lazy\" decoding=\"async\" width=\"2155\" height=\"2156\" src=\"https:\/\/goodrichriquelme.com\/wp-content\/uploads\/2024\/10\/Goodrich_iconos_Mesa-de-trabajo-1-copia-6.png\" class=\"attachment-full size-full wp-image-26728\" alt=\"\" srcset=\"https:\/\/goodrichriquelme.com\/wp-content\/uploads\/2024\/10\/Goodrich_iconos_Mesa-de-trabajo-1-copia-6.png 2155w, https:\/\/goodrichriquelme.com\/wp-content\/uploads\/2024\/10\/Goodrich_iconos_Mesa-de-trabajo-1-copia-6-300x300.png 300w, https:\/\/goodrichriquelme.com\/wp-content\/uploads\/2024\/10\/Goodrich_iconos_Mesa-de-trabajo-1-copia-6-1024x1024.png 1024w, https:\/\/goodrichriquelme.com\/wp-content\/uploads\/2024\/10\/Goodrich_iconos_Mesa-de-trabajo-1-copia-6-150x150.png 150w, https:\/\/goodrichriquelme.com\/wp-content\/uploads\/2024\/10\/Goodrich_iconos_Mesa-de-trabajo-1-copia-6-768x768.png 768w, https:\/\/goodrichriquelme.com\/wp-content\/uploads\/2024\/10\/Goodrich_iconos_Mesa-de-trabajo-1-copia-6-1536x1536.png 1536w, https:\/\/goodrichriquelme.com\/wp-content\/uploads\/2024\/10\/Goodrich_iconos_Mesa-de-trabajo-1-copia-6-2048x2048.png 2048w, https:\/\/goodrichriquelme.com\/wp-content\/uploads\/2024\/10\/Goodrich_iconos_Mesa-de-trabajo-1-copia-6-500x500.png 500w\" sizes=\"(max-width: 2155px) 100vw, 2155px\" \/><\/a><\/figure><div class=\"elementor-image-box-content\"><h3 class=\"elementor-image-box-title\"><a href=\"https:\/\/goo.gl\/maps\/BgrRXrSR6raPQTvN9?coh=178572&#038;entry=tt\" target=\"_blank\">Paseo de la Reforma 265, M-2 Col. Cuauht\u00e9moc, Alc. Cuauht\u00e9moc C.P. 06500, CDMX, M\u00e9xico<\/a><\/h3><\/div><\/div>\t\t\t\t<\/div>\n\t\t\t\t<\/div>\n\t\t\t\t\t<\/div>\n\t\t<\/div>\n\t\t\t\t<div class=\"elementor-column elementor-col-50 elementor-inner-column elementor-element elementor-element-1ed209d\" data-id=\"1ed209d\" data-element_type=\"column\" data-e-type=\"column\">\n\t\t\t<div class=\"elementor-widget-wrap elementor-element-populated\">\n\t\t\t\t\t\t<div class=\"elementor-element elementor-element-46f9a54 elementor-widget elementor-widget-text-editor\" data-id=\"46f9a54\" data-element_type=\"widget\" data-e-type=\"widget\" data-widget_type=\"text-editor.default\">\n\t\t\t\t<div class=\"elementor-widget-container\">\n\t\t\t\t\t\t\t\t\t<h6><span style=\"color: #999999;\">Biograf\u00eda<\/span><\/h6>\t\t\t\t\t\t\t\t<\/div>\n\t\t\t\t<\/div>\n\t\t\t\t<div class=\"elementor-element elementor-element-198d510 elementor-widget elementor-widget-text-editor\" data-id=\"198d510\" data-element_type=\"widget\" data-e-type=\"widget\" data-widget_type=\"text-editor.default\">\n\t\t\t\t<div class=\"elementor-widget-container\">\n\t\t\t\t\t\t\t\t\t<p style=\"box-sizing: content-box; font-family: Montserrat, sans-serif; margin-bottom: 1.5em; text-align: justify;\">Elisa de la O se incorpor\u00f3 al Despacho en 2001. Est\u00e1 especializada en derecho mercantil; administraci\u00f3n de empresas; derecho mercantil de la empresa; comercio electr\u00f3nico; fusiones y adquisiciones, venta de empresas; joint-ventures y alianzas, disoluciones, liquidaciones y procedimientos concursales, contratos; comercio internacional; derecho societario; constituci\u00f3n de sociedades; registro de sociedades; contratos mercantiles; gobierno corporativo; arrendamientos financieros y leasing; financiaci\u00f3n y leasing de equipos; inmobiliario; agencia y distribuci\u00f3n; reestructuraci\u00f3n empresarial y corporativa; licitaciones p\u00fablicas; y procedimiento antidumping y experiencia en la industria del autom\u00f3vil y empresas multinivel.<\/p>\t\t\t\t\t\t\t\t<\/div>\n\t\t\t\t<\/div>\n\t\t\t\t<div class=\"elementor-element elementor-element-d7d233b elementor-widget elementor-widget-text-editor\" data-id=\"d7d233b\" data-element_type=\"widget\" data-e-type=\"widget\" data-widget_type=\"text-editor.default\">\n\t\t\t\t<div class=\"elementor-widget-container\">\n\t\t\t\t\t\t\t\t\t<h6><span style=\"color: #999999;\">Educaci\u00f3n<\/span><\/h6>\t\t\t\t\t\t\t\t<\/div>\n\t\t\t\t<\/div>\n\t\t\t\t<div class=\"elementor-element elementor-element-e812524 elementor-widget elementor-widget-text-editor\" data-id=\"e812524\" data-element_type=\"widget\" data-e-type=\"widget\" data-widget_type=\"text-editor.default\">\n\t\t\t\t<div class=\"elementor-widget-container\">\n\t\t\t\t\t\t\t\t\t<ul><li style=\"box-sizing: content-box; font-family: Montserrat, sans-serif !important;\">Licenciada en Derecho, Instituto Tecnol\u00f3gico y de Estudios Superiores de Monterrey, M\u00e9xico City (2002).<\/li><li style=\"box-sizing: content-box; font-family: Montserrat, sans-serif !important;\">Especialidad en Derecho Mercantil Internacional, Universidad Panamericana, M\u00e9xico, D.F. (2004).<\/li><li style=\"box-sizing: content-box; font-family: Montserrat, sans-serif !important;\">Maestr\u00eda en Derecho Corporativo, Universidad Panamericana, Ciudad de M\u00e9xico (2007).<\/li><li style=\"box-sizing: content-box; font-family: Montserrat, sans-serif !important;\">Diplomado Pr\u00e1ctico en Contratos Mercantiles y Empresariales, Barra Mexicana Colegio de Abogados, M\u00e9xico, D.F. (2010).<\/li><li style=\"box-sizing: content-box; font-family: Montserrat, sans-serif !important;\">Diplomado Pr\u00e1ctico en Derecho Energ\u00e9tico, Barra Mexicana Colegio de Abogados, M\u00e9xico, D.F. (2012).<\/li><\/ul>\t\t\t\t\t\t\t\t<\/div>\n\t\t\t\t<\/div>\n\t\t\t\t<div class=\"elementor-element elementor-element-cdfc69f elementor-widget elementor-widget-text-editor\" data-id=\"cdfc69f\" data-element_type=\"widget\" data-e-type=\"widget\" data-widget_type=\"text-editor.default\">\n\t\t\t\t<div class=\"elementor-widget-container\">\n\t\t\t\t\t\t\t\t\t<h6><span style=\"color: #999999;\"> Idiomas <\/span><\/h6>\t\t\t\t\t\t\t\t<\/div>\n\t\t\t\t<\/div>\n\t\t\t\t<div class=\"elementor-element elementor-element-3d3306a elementor-widget elementor-widget-text-editor\" data-id=\"3d3306a\" data-element_type=\"widget\" data-e-type=\"widget\" data-widget_type=\"text-editor.default\">\n\t\t\t\t<div class=\"elementor-widget-container\">\n\t\t\t\t\t\t\t\t\t<p>Espa\u00f1ol, Ingl\u00e9s, Franc\u00e9s y Alem\u00e1n.<\/p>\t\t\t\t\t\t\t\t<\/div>\n\t\t\t\t<\/div>\n\t\t\t\t<div class=\"elementor-element elementor-element-cb13bda elementor-widget elementor-widget-text-editor\" data-id=\"cb13bda\" data-element_type=\"widget\" data-e-type=\"widget\" data-widget_type=\"text-editor.default\">\n\t\t\t\t<div class=\"elementor-widget-container\">\n\t\t\t\t\t\t\t\t\t<h6><span style=\"color: #999999;\">Miembro<\/span><\/h6>\t\t\t\t\t\t\t\t<\/div>\n\t\t\t\t<\/div>\n\t\t\t\t<div class=\"elementor-element elementor-element-571a8c8 elementor-widget elementor-widget-text-editor\" data-id=\"571a8c8\" data-element_type=\"widget\" data-e-type=\"widget\" data-widget_type=\"text-editor.default\">\n\t\t\t\t<div class=\"elementor-widget-container\">\n\t\t\t\t\t\t\t\t\t<ul><li>Miembro del TeamFranceExport\/Business France (2019 a la fecha).<\/li><li>Embajador Legal de WOMEX (World Business Club en M\u00e9xico) (2022 a la fecha)<\/li><li>C\u00e1mara de Comercio de Espa\u00f1a.-Presidente de su Comit\u00e9 de Comercio Exterior (2018 a la fecha).<\/li><li>C\u00e1mara de Representaci\u00f3n Empresarial China en M\u00e9xico.- Secretario no miembro (2018 a la fecha)<\/li><li>C\u00e1mara de Comercio Mexicana Francesa.- Secretario y Miembro del Directorio (2013-2019) y Presidente de su Comit\u00e9 de Comercio Exterior (2017 -2018).<\/li><li>American Chamber of Commerce M\u00e9xico.- Miembro de su Comit\u00e9 de Comercio Exterior (2006 \u2013 2009).<\/li><li>Barra Mexicana Colegio de Abogados.<\/li><\/ul>\t\t\t\t\t\t\t\t<\/div>\n\t\t\t\t<\/div>\n\t\t\t\t<div class=\"elementor-element elementor-element-dccde65 elementor-widget elementor-widget-text-editor\" data-id=\"dccde65\" data-element_type=\"widget\" data-e-type=\"widget\" data-widget_type=\"text-editor.default\">\n\t\t\t\t<div class=\"elementor-widget-container\">\n\t\t\t\t\t\t\t\t\t<h6><span style=\"color: #999999;\">Destacado<\/span><\/h6>\t\t\t\t\t\t\t\t<\/div>\n\t\t\t\t<\/div>\n\t\t\t\t<div class=\"elementor-element elementor-element-056d323 elementor-widget elementor-widget-text-editor\" data-id=\"056d323\" data-element_type=\"widget\" data-e-type=\"widget\" data-widget_type=\"text-editor.default\">\n\t\t\t\t<div class=\"elementor-widget-container\">\n\t\t\t\t\t\t\t\t\t<ul>\n<li><li>En colaboraci\u00f3n con la Embajada Francesa, autora del Cap\u00edtulo 3 del libro \"Guide S'implanter au Mexique\", Edici\u00f3n 2010\/2011.<\/li><li>Colaboraci\u00f3n para la edici\u00f3n de \u201cMexico Aeroespace 2016\u201d.<\/li><li>Colaboraci\u00f3n y Coordinaci\u00f3n para la \u201cGu\u00eda que Facilita el Establecimiento de Negocios en M\u00e9xico con PR\u00d3MEXICO\u201d.<\/li><li>Colaboraci\u00f3n para el \u201cCuestionario Import\/Export\u201d para la Embajada de Francia con sede en Washington.<\/li><\/li>\n<\/ul>\t\t\t\t\t\t\t\t<\/div>\n\t\t\t\t<\/div>\n\t\t\t\t<div class=\"elementor-element elementor-element-47b7831 elementor-widget elementor-widget-spacer\" data-id=\"47b7831\" data-element_type=\"widget\" data-e-type=\"widget\" data-widget_type=\"spacer.default\">\n\t\t\t\t<div class=\"elementor-widget-container\">\n\t\t\t\t\t\t\t<div class=\"elementor-spacer\">\n\t\t\t<div class=\"elementor-spacer-inner\"><\/div>\n\t\t<\/div>\n\t\t\t\t\t\t<\/div>\n\t\t\t\t<\/div>\n\t\t\t\t\t<\/div>\n\t\t<\/div>\n\t\t\t\t\t<\/div>\n\t\t<\/section>\n\t\t\t\t\t<\/div>\n\t\t<\/div>\n\t\t\t\t\t<\/div>\n\t\t<\/section>\n\t\t\t\t<\/div>","protected":false},"excerpt":{"rendered":"<p>Elisa de la O edelao@goodrichriquelme.com (+52)(55) 5533 0206 Paseo de la Reforma 265, M-2 Col. Cuauht\u00e9moc, Alc. Cuauht\u00e9moc C.P. 06500, CDMX, M\u00e9xico Bio Elisa de la O joined the Firm in 2001. She specializes in commercial Law; company administration ; company commercial law ; e-commerce; mergers &amp; acquisitions, sales of companies, joint-ventures and alliances, dissolutions liquidations and bankruptcy procedures, contracts; international trade; partnership law; company formation; company registration; commercial contracts; corporate governance; leases and leasing; equipment finance and leasing; real estate; agency and distributorship; business and corporate restructuring; public bids; and antidumping procedure and expertise in the automotive industry and multilevel companies. Education LL.B., Instituto Tecnol\u00f3gico y de Estudios Superiores de Monterrey, M\u00e9xico City (2002). Specialization in international Trade Law, Universidad Panamericana, Mexico City (2004). LL.M., Corporate Law, Universidad Panamericana, Mexico City (2007). Practical Diploma in Business and Commercial Contracts, Barra Mexicana Colegio de Abogados, M\u00e9xico City (2010). Practical Diploma in Energy Law, Barra Mexicana Colegio de Abogados, Mexico City (2012). Languages Spanish, English, French and German. Member Member of TeamFranceExport\/Business France (2019 to this date). Legal Ambassador of WOMEX (World Business Club in Mexico) (2022 to this date) Spanish Chamber of Commerce.-President of its Foreign Trade Committee (2018 to this date). Chinese Business Representation Chamber in Mexico.- Secretary non-member (2018 to this date) French Mexican Chamber of Commercer.- Secretary and Member of the Board (2013-2019) and President of its Foreign Trade Commitee (2017 -2018). American Chamber of Commerce M\u00e9xico.- Member of its Foreign Trade Committee (2006 \u2013 2009). Barra Mexicana Colegio de Abogados. Featured In collaboration with the French Embassy, Chapter 3 of the Book &#8220;Guide S&#8217;implanter au Mexique&#8221;, Edition 2010\/2011. In collaboration for the \u201cMexico Aerospace 2016 edition\u201d. In collaboration with PROMEXICO and coordination of the \u201cGuide to Facilitate the Establishment of Businesses in Mexico\u201d. In collaboration for the \u201cQuestionnaire on Import\/Export\u201d with French Embassy located at Washington.<\/p>","protected":false},"author":1,"featured_media":0,"parent":26687,"menu_order":0,"comment_status":"closed","ping_status":"closed","template":"elementor_header_footer","meta":{"_acf_changed":false,"rs_blank_template":"","rs_page_bg_color":"","slide_template_v7":"","footnotes":""},"class_list":["post-26996","page","type-page","status-publish","hentry"],"acf":[],"_links":{"self":[{"href":"https:\/\/goodrichriquelme.com\/es\/wp-json\/wp\/v2\/pages\/26996","targetHints":{"allow":["GET"]}}],"collection":[{"href":"https:\/\/goodrichriquelme.com\/es\/wp-json\/wp\/v2\/pages"}],"about":[{"href":"https:\/\/goodrichriquelme.com\/es\/wp-json\/wp\/v2\/types\/page"}],"author":[{"embeddable":true,"href":"https:\/\/goodrichriquelme.com\/es\/wp-json\/wp\/v2\/users\/1"}],"replies":[{"embeddable":true,"href":"https:\/\/goodrichriquelme.com\/es\/wp-json\/wp\/v2\/comments?post=26996"}],"version-history":[{"count":7,"href":"https:\/\/goodrichriquelme.com\/es\/wp-json\/wp\/v2\/pages\/26996\/revisions"}],"predecessor-version":[{"id":28124,"href":"https:\/\/goodrichriquelme.com\/es\/wp-json\/wp\/v2\/pages\/26996\/revisions\/28124"}],"up":[{"embeddable":true,"href":"https:\/\/goodrichriquelme.com\/es\/wp-json\/wp\/v2\/pages\/26687"}],"wp:attachment":[{"href":"https:\/\/goodrichriquelme.com\/es\/wp-json\/wp\/v2\/media?parent=26996"}],"curies":[{"name":"wp","href":"https:\/\/api.w.org\/{rel}","templated":true}]}}