{"id":27046,"date":"2024-10-26T00:46:50","date_gmt":"2024-10-26T06:46:50","guid":{"rendered":"https:\/\/goodrichriquelme.com\/?page_id=27046"},"modified":"2024-11-29T13:31:11","modified_gmt":"2024-11-29T19:31:11","slug":"galicia-dario","status":"publish","type":"page","link":"https:\/\/goodrichriquelme.com\/es\/our-people\/galicia-dario\/","title":{"rendered":"Galicia, Dar\u00edo"},"content":{"rendered":"<div data-elementor-type=\"wp-page\" data-elementor-id=\"27046\" class=\"elementor elementor-27046\">\n\t\t\t\t\t\t<section class=\"elementor-section elementor-top-section elementor-element elementor-element-f4a471d elementor-section-content-top elementor-section-boxed elementor-section-height-default elementor-section-height-default wpr-particle-no wpr-jarallax-no wpr-parallax-no wpr-sticky-section-no wpr-equal-height-no\" data-id=\"f4a471d\" data-element_type=\"section\" data-e-type=\"section\" data-settings=\"{&quot;jet_parallax_layout_list&quot;:[],&quot;background_background&quot;:&quot;classic&quot;}\">\n\t\t\t\t\t\t<div class=\"elementor-container elementor-column-gap-default\">\n\t\t\t\t\t<div class=\"elementor-column elementor-col-100 elementor-top-column elementor-element elementor-element-f4597be\" data-id=\"f4597be\" data-element_type=\"column\" data-e-type=\"column\">\n\t\t\t<div class=\"elementor-widget-wrap elementor-element-populated\">\n\t\t\t\t\t\t<div class=\"elementor-element elementor-element-6af5e22 elementor-widget elementor-widget-spacer\" data-id=\"6af5e22\" data-element_type=\"widget\" data-e-type=\"widget\" data-widget_type=\"spacer.default\">\n\t\t\t\t<div class=\"elementor-widget-container\">\n\t\t\t\t\t\t\t<div class=\"elementor-spacer\">\n\t\t\t<div class=\"elementor-spacer-inner\"><\/div>\n\t\t<\/div>\n\t\t\t\t\t\t<\/div>\n\t\t\t\t<\/div>\n\t\t\t\t<section class=\"elementor-section elementor-inner-section elementor-element elementor-element-816ca08 elementor-section-boxed elementor-section-height-default elementor-section-height-default wpr-particle-no wpr-jarallax-no wpr-parallax-no wpr-sticky-section-no wpr-equal-height-no\" data-id=\"816ca08\" data-element_type=\"section\" data-e-type=\"section\" data-settings=\"{&quot;jet_parallax_layout_list&quot;:[]}\">\n\t\t\t\t\t\t<div class=\"elementor-container elementor-column-gap-default\">\n\t\t\t\t\t<div class=\"elementor-column elementor-col-50 elementor-inner-column elementor-element elementor-element-5bf2f43\" data-id=\"5bf2f43\" data-element_type=\"column\" data-e-type=\"column\">\n\t\t\t<div class=\"elementor-widget-wrap elementor-element-populated\">\n\t\t\t\t\t\t<div class=\"elementor-element elementor-element-49c7fde elementor-widget elementor-widget-image\" data-id=\"49c7fde\" data-element_type=\"widget\" data-e-type=\"widget\" data-widget_type=\"image.default\">\n\t\t\t\t<div class=\"elementor-widget-container\">\n\t\t\t\t\t\t\t\t\t\t\t\t\t\t\t\t<a href=\"https:\/\/goodrichriquelme.com\/es\/our-people\/\">\n\t\t\t\t\t\t\t<img fetchpriority=\"high\" decoding=\"async\" width=\"660\" height=\"78\" src=\"https:\/\/goodrichriquelme.com\/wp-content\/uploads\/2024\/10\/regresar.png\" class=\"attachment-full size-full wp-image-26708\" alt=\"\" srcset=\"https:\/\/goodrichriquelme.com\/wp-content\/uploads\/2024\/10\/regresar.png 660w, https:\/\/goodrichriquelme.com\/wp-content\/uploads\/2024\/10\/regresar-300x35.png 300w\" sizes=\"(max-width: 660px) 100vw, 660px\" \/>\t\t\t\t\t\t\t\t<\/a>\n\t\t\t\t\t\t\t\t\t\t\t\t\t\t\t<\/div>\n\t\t\t\t<\/div>\n\t\t\t\t<div class=\"elementor-element elementor-element-fdc49ff elementor-widget elementor-widget-heading\" data-id=\"fdc49ff\" data-element_type=\"widget\" data-e-type=\"widget\" data-widget_type=\"heading.default\">\n\t\t\t\t<div class=\"elementor-widget-container\">\n\t\t\t\t\t<h1 class=\"elementor-heading-title elementor-size-default\">Dar\u00edo<\/h1>\t\t\t\t<\/div>\n\t\t\t\t<\/div>\n\t\t\t\t<div class=\"elementor-element elementor-element-fc05598 elementor-widget elementor-widget-heading\" data-id=\"fc05598\" data-element_type=\"widget\" data-e-type=\"widget\" data-widget_type=\"heading.default\">\n\t\t\t\t<div class=\"elementor-widget-container\">\n\t\t\t\t\t<h2 class=\"elementor-heading-title elementor-size-default\">Galicia<\/h2>\t\t\t\t<\/div>\n\t\t\t\t<\/div>\n\t\t\t\t<div class=\"elementor-element elementor-element-2b2b362 elementor-widget elementor-widget-spacer\" data-id=\"2b2b362\" data-element_type=\"widget\" data-e-type=\"widget\" data-widget_type=\"spacer.default\">\n\t\t\t\t<div class=\"elementor-widget-container\">\n\t\t\t\t\t\t\t<div class=\"elementor-spacer\">\n\t\t\t<div class=\"elementor-spacer-inner\"><\/div>\n\t\t<\/div>\n\t\t\t\t\t\t<\/div>\n\t\t\t\t<\/div>\n\t\t\t\t<div class=\"elementor-element elementor-element-b9cfb4d elementor-position-left elementor-vertical-align-middle elementor-widget elementor-widget-image-box\" data-id=\"b9cfb4d\" data-element_type=\"widget\" data-e-type=\"widget\" data-widget_type=\"image-box.default\">\n\t\t\t\t<div class=\"elementor-widget-container\">\n\t\t\t\t\t<div class=\"elementor-image-box-wrapper\"><figure class=\"elementor-image-box-img\"><a href=\"mailto:dgalicia@goodrichriquelme.com\" target=\"_blank\" tabindex=\"-1\"><img decoding=\"async\" width=\"2155\" height=\"2156\" src=\"https:\/\/goodrichriquelme.com\/wp-content\/uploads\/2024\/10\/Goodrich_iconos_Mesa-de-trabajo-1-copia-5.png\" class=\"attachment-full size-full wp-image-26715\" alt=\"\" srcset=\"https:\/\/goodrichriquelme.com\/wp-content\/uploads\/2024\/10\/Goodrich_iconos_Mesa-de-trabajo-1-copia-5.png 2155w, https:\/\/goodrichriquelme.com\/wp-content\/uploads\/2024\/10\/Goodrich_iconos_Mesa-de-trabajo-1-copia-5-300x300.png 300w, https:\/\/goodrichriquelme.com\/wp-content\/uploads\/2024\/10\/Goodrich_iconos_Mesa-de-trabajo-1-copia-5-1024x1024.png 1024w, https:\/\/goodrichriquelme.com\/wp-content\/uploads\/2024\/10\/Goodrich_iconos_Mesa-de-trabajo-1-copia-5-150x150.png 150w, https:\/\/goodrichriquelme.com\/wp-content\/uploads\/2024\/10\/Goodrich_iconos_Mesa-de-trabajo-1-copia-5-768x768.png 768w, https:\/\/goodrichriquelme.com\/wp-content\/uploads\/2024\/10\/Goodrich_iconos_Mesa-de-trabajo-1-copia-5-1536x1536.png 1536w, https:\/\/goodrichriquelme.com\/wp-content\/uploads\/2024\/10\/Goodrich_iconos_Mesa-de-trabajo-1-copia-5-2048x2048.png 2048w, https:\/\/goodrichriquelme.com\/wp-content\/uploads\/2024\/10\/Goodrich_iconos_Mesa-de-trabajo-1-copia-5-500x500.png 500w\" sizes=\"(max-width: 2155px) 100vw, 2155px\" \/><\/a><\/figure><div class=\"elementor-image-box-content\"><h3 class=\"elementor-image-box-title\"><a href=\"mailto:dgalicia@goodrichriquelme.com\" target=\"_blank\">dgalicia@goodrichriquelme.com<\/a><\/h3><\/div><\/div>\t\t\t\t<\/div>\n\t\t\t\t<\/div>\n\t\t\t\t<div class=\"elementor-element elementor-element-8a2cde5 elementor-position-left elementor-vertical-align-middle elementor-widget elementor-widget-image-box\" data-id=\"8a2cde5\" data-element_type=\"widget\" data-e-type=\"widget\" data-widget_type=\"image-box.default\">\n\t\t\t\t<div class=\"elementor-widget-container\">\n\t\t\t\t\t<div class=\"elementor-image-box-wrapper\"><figure class=\"elementor-image-box-img\"><a href=\"tel:5552082075\" target=\"_blank\" tabindex=\"-1\"><img decoding=\"async\" width=\"2155\" height=\"2156\" src=\"https:\/\/goodrichriquelme.com\/wp-content\/uploads\/2024\/10\/Goodrich_iconos_Mesa-de-trabajo-1-copia-4.png\" class=\"attachment-full size-full wp-image-26719\" alt=\"\" srcset=\"https:\/\/goodrichriquelme.com\/wp-content\/uploads\/2024\/10\/Goodrich_iconos_Mesa-de-trabajo-1-copia-4.png 2155w, https:\/\/goodrichriquelme.com\/wp-content\/uploads\/2024\/10\/Goodrich_iconos_Mesa-de-trabajo-1-copia-4-300x300.png 300w, https:\/\/goodrichriquelme.com\/wp-content\/uploads\/2024\/10\/Goodrich_iconos_Mesa-de-trabajo-1-copia-4-1024x1024.png 1024w, https:\/\/goodrichriquelme.com\/wp-content\/uploads\/2024\/10\/Goodrich_iconos_Mesa-de-trabajo-1-copia-4-150x150.png 150w, https:\/\/goodrichriquelme.com\/wp-content\/uploads\/2024\/10\/Goodrich_iconos_Mesa-de-trabajo-1-copia-4-768x768.png 768w, https:\/\/goodrichriquelme.com\/wp-content\/uploads\/2024\/10\/Goodrich_iconos_Mesa-de-trabajo-1-copia-4-1536x1536.png 1536w, https:\/\/goodrichriquelme.com\/wp-content\/uploads\/2024\/10\/Goodrich_iconos_Mesa-de-trabajo-1-copia-4-2048x2048.png 2048w, https:\/\/goodrichriquelme.com\/wp-content\/uploads\/2024\/10\/Goodrich_iconos_Mesa-de-trabajo-1-copia-4-500x500.png 500w\" sizes=\"(max-width: 2155px) 100vw, 2155px\" \/><\/a><\/figure><div class=\"elementor-image-box-content\"><h3 class=\"elementor-image-box-title\"><a href=\"tel:5552082075\" target=\"_blank\">(+52)(55) 5208 2075<\/a><\/h3><\/div><\/div>\t\t\t\t<\/div>\n\t\t\t\t<\/div>\n\t\t\t\t<div class=\"elementor-element elementor-element-d7f7ac0 elementor-position-left elementor-vertical-align-middle elementor-widget elementor-widget-image-box\" data-id=\"d7f7ac0\" data-element_type=\"widget\" data-e-type=\"widget\" data-widget_type=\"image-box.default\">\n\t\t\t\t<div class=\"elementor-widget-container\">\n\t\t\t\t\t<div class=\"elementor-image-box-wrapper\"><figure class=\"elementor-image-box-img\"><a href=\"https:\/\/goo.gl\/maps\/BgrRXrSR6raPQTvN9?coh=178572&#038;entry=tt\" target=\"_blank\" tabindex=\"-1\"><img loading=\"lazy\" decoding=\"async\" width=\"2155\" height=\"2156\" src=\"https:\/\/goodrichriquelme.com\/wp-content\/uploads\/2024\/10\/Goodrich_iconos_Mesa-de-trabajo-1-copia-6.png\" class=\"attachment-full size-full wp-image-26728\" alt=\"\" srcset=\"https:\/\/goodrichriquelme.com\/wp-content\/uploads\/2024\/10\/Goodrich_iconos_Mesa-de-trabajo-1-copia-6.png 2155w, https:\/\/goodrichriquelme.com\/wp-content\/uploads\/2024\/10\/Goodrich_iconos_Mesa-de-trabajo-1-copia-6-300x300.png 300w, https:\/\/goodrichriquelme.com\/wp-content\/uploads\/2024\/10\/Goodrich_iconos_Mesa-de-trabajo-1-copia-6-1024x1024.png 1024w, https:\/\/goodrichriquelme.com\/wp-content\/uploads\/2024\/10\/Goodrich_iconos_Mesa-de-trabajo-1-copia-6-150x150.png 150w, https:\/\/goodrichriquelme.com\/wp-content\/uploads\/2024\/10\/Goodrich_iconos_Mesa-de-trabajo-1-copia-6-768x768.png 768w, https:\/\/goodrichriquelme.com\/wp-content\/uploads\/2024\/10\/Goodrich_iconos_Mesa-de-trabajo-1-copia-6-1536x1536.png 1536w, https:\/\/goodrichriquelme.com\/wp-content\/uploads\/2024\/10\/Goodrich_iconos_Mesa-de-trabajo-1-copia-6-2048x2048.png 2048w, https:\/\/goodrichriquelme.com\/wp-content\/uploads\/2024\/10\/Goodrich_iconos_Mesa-de-trabajo-1-copia-6-500x500.png 500w\" sizes=\"(max-width: 2155px) 100vw, 2155px\" \/><\/a><\/figure><div class=\"elementor-image-box-content\"><h3 class=\"elementor-image-box-title\"><a href=\"https:\/\/goo.gl\/maps\/BgrRXrSR6raPQTvN9?coh=178572&#038;entry=tt\" target=\"_blank\">Paseo de la Reforma 265, M-2 Col. Cuauht\u00e9moc, Alc. Cuauht\u00e9moc C.P. 06500, CDMX, M\u00e9xico<\/a><\/h3><\/div><\/div>\t\t\t\t<\/div>\n\t\t\t\t<\/div>\n\t\t\t\t\t<\/div>\n\t\t<\/div>\n\t\t\t\t<div class=\"elementor-column elementor-col-50 elementor-inner-column elementor-element elementor-element-1ed209d\" data-id=\"1ed209d\" data-element_type=\"column\" data-e-type=\"column\">\n\t\t\t<div class=\"elementor-widget-wrap elementor-element-populated\">\n\t\t\t\t\t\t<div class=\"elementor-element elementor-element-46f9a54 elementor-widget elementor-widget-text-editor\" data-id=\"46f9a54\" data-element_type=\"widget\" data-e-type=\"widget\" data-widget_type=\"text-editor.default\">\n\t\t\t\t<div class=\"elementor-widget-container\">\n\t\t\t\t\t\t\t\t\t<h6><span style=\"color: #999999;\">Biograf\u00eda<\/span><\/h6>\t\t\t\t\t\t\t\t<\/div>\n\t\t\t\t<\/div>\n\t\t\t\t<div class=\"elementor-element elementor-element-198d510 elementor-widget elementor-widget-text-editor\" data-id=\"198d510\" data-element_type=\"widget\" data-e-type=\"widget\" data-widget_type=\"text-editor.default\">\n\t\t\t\t<div class=\"elementor-widget-container\">\n\t\t\t\t\t\t\t\t\t<p>Dar\u00edo Galicia ingres\u00f3 al Despacho en 2016. Se especializa en Derecho Corporativo; su pr\u00e1ctica tambi\u00e9n se enfoca en asesorar a clientes en la constituci\u00f3n de veh\u00edculos de inversi\u00f3n para hacer negocios en M\u00e9xico. Tambi\u00e9n dedica tiempo a trabajar con empresas emergentes del sector tecnol\u00f3gico en la formalizaci\u00f3n jur\u00eddica de sus negocios. Regularmente participa en operaciones de adquisici\u00f3n, fusi\u00f3n, escisi\u00f3n y transformaci\u00f3n de empresas, as\u00ed como en la estructuraci\u00f3n, negociaci\u00f3n y documentaci\u00f3n de operaciones de financiamiento de proyectos.<\/p>\t\t\t\t\t\t\t\t<\/div>\n\t\t\t\t<\/div>\n\t\t\t\t<div class=\"elementor-element elementor-element-d7d233b elementor-widget elementor-widget-text-editor\" data-id=\"d7d233b\" data-element_type=\"widget\" data-e-type=\"widget\" data-widget_type=\"text-editor.default\">\n\t\t\t\t<div class=\"elementor-widget-container\">\n\t\t\t\t\t\t\t\t\t<h6><span style=\"color: #999999;\">Educaci\u00f3n<\/span><\/h6>\t\t\t\t\t\t\t\t<\/div>\n\t\t\t\t<\/div>\n\t\t\t\t<div class=\"elementor-element elementor-element-e812524 elementor-widget elementor-widget-text-editor\" data-id=\"e812524\" data-element_type=\"widget\" data-e-type=\"widget\" data-widget_type=\"text-editor.default\">\n\t\t\t\t<div class=\"elementor-widget-container\">\n\t\t\t\t\t\t\t\t\t<ul><li>Diplomado en Negociaci\u00f3n Pol\u00edtica y Cabildeo, Ibero, Ciudad de M\u00e9xico (2014).<\/li><li>Licenciatura en Derecho, Ibero, Ciudad de M\u00e9xico (2015).<\/li><li>Diplomado en Derecho Deportivo, UNAM, Ciudad de M\u00e9xico (2016).<\/li><li>Posgrado en Derecho Corporativo, ITAM, Ciudad de M\u00e9xico (2017).<\/li><li>Posgrado en Contratos, ITAM, Ciudad de M\u00e9xico (2019).<\/li><li>Curso en Finanzas para ejecutivos no financieros, ITAM, Ciudad de M\u00e9xico (2021).<\/li><li>Diplomado en Fintech: Tecnolog\u00edas de Informaci\u00f3n y Disrupci\u00f3n Financiera, ITAM, Ciudad de M\u00e9xico (2022).<\/li><li>Diplomado en Tecnolog\u00edas Financieras, UNAM, Ciudad de M\u00e9xico (2022).<\/li><li>Curso de Habilidades Directivas para Abogados, Inteli-luris, M\u00e9xico (2023).<\/li><\/ul>\t\t\t\t\t\t\t\t<\/div>\n\t\t\t\t<\/div>\n\t\t\t\t<div class=\"elementor-element elementor-element-cdfc69f elementor-widget elementor-widget-text-editor\" data-id=\"cdfc69f\" data-element_type=\"widget\" data-e-type=\"widget\" data-widget_type=\"text-editor.default\">\n\t\t\t\t<div class=\"elementor-widget-container\">\n\t\t\t\t\t\t\t\t\t<h6><span style=\"color: #999999;\"> Idiomas <\/span><\/h6>\t\t\t\t\t\t\t\t<\/div>\n\t\t\t\t<\/div>\n\t\t\t\t<div class=\"elementor-element elementor-element-3d3306a elementor-widget elementor-widget-text-editor\" data-id=\"3d3306a\" data-element_type=\"widget\" data-e-type=\"widget\" data-widget_type=\"text-editor.default\">\n\t\t\t\t<div class=\"elementor-widget-container\">\n\t\t\t\t\t\t\t\t\t<p>Espa\u00f1ol e Ingl\u00e9s.<\/p>\t\t\t\t\t\t\t\t<\/div>\n\t\t\t\t<\/div>\n\t\t\t\t<div class=\"elementor-element elementor-element-47b7831 elementor-widget elementor-widget-spacer\" data-id=\"47b7831\" data-element_type=\"widget\" data-e-type=\"widget\" data-widget_type=\"spacer.default\">\n\t\t\t\t<div class=\"elementor-widget-container\">\n\t\t\t\t\t\t\t<div class=\"elementor-spacer\">\n\t\t\t<div class=\"elementor-spacer-inner\"><\/div>\n\t\t<\/div>\n\t\t\t\t\t\t<\/div>\n\t\t\t\t<\/div>\n\t\t\t\t\t<\/div>\n\t\t<\/div>\n\t\t\t\t\t<\/div>\n\t\t<\/section>\n\t\t\t\t\t<\/div>\n\t\t<\/div>\n\t\t\t\t\t<\/div>\n\t\t<\/section>\n\t\t\t\t<\/div>","protected":false},"excerpt":{"rendered":"<p>Dar\u00edo Galicia dgalicia@goodrichriquelme.com (+52)(55) 5208 2075 Paseo de la Reforma 265, M-2 Col. Cuauht\u00e9moc, Alc. Cuauht\u00e9moc C.P. 06500, CDMX, M\u00e9xico Bio Dar\u00edo Galicia joined the Firm in 2016. He specializes in Corporate Law. His practice also focuses on advising foreign investors across several industries and sectors for doing business in Mexico. He also devotes time to working with emerging companies in the technology sector, mainly in the legal formalization of their businesses. He regularly advises clients in the acquisition, merger, spin-off and transformation of companies, as well as in asset-backed financing, corporate financing and implementing complex collateral packages. Education Diploma on Political Negotiations and Lobbying, Universidad Iberoamericana, Mexico City (2014). LL.B., Universidad Iberoamericana, Mexico City (2015). Diploma on Sports Law, Universidad Nacional Aut\u00f3noma de M\u00e9xico, M\u00e9xico City (2016). Diploma on Corporate Law, Instituto Tecnol\u00f3gico Aut\u00f3nomo de M\u00e9xico; Mexico City (2017). Diploma on Contracts, Instituto Tecnol\u00f3gico Aut\u00f3nomo de M\u00e9xico, Mexico City (2019). Executive Finance Program, ITAM, Mexico City (2021). Diploma on Fintech: Information Technology and Financial Disruption, ITAM, M\u00e9xico City (2022). Diploma on Fintech, UNAM, Mexico City (2022) Management Skills for Lawyers, Inteli-luris, Mexico City (2023). Languages Spanish and English.<\/p>","protected":false},"author":1,"featured_media":0,"parent":26687,"menu_order":0,"comment_status":"closed","ping_status":"closed","template":"elementor_header_footer","meta":{"_acf_changed":false,"rs_blank_template":"","rs_page_bg_color":"","slide_template_v7":"","footnotes":""},"class_list":["post-27046","page","type-page","status-publish","hentry"],"acf":[],"_links":{"self":[{"href":"https:\/\/goodrichriquelme.com\/es\/wp-json\/wp\/v2\/pages\/27046","targetHints":{"allow":["GET"]}}],"collection":[{"href":"https:\/\/goodrichriquelme.com\/es\/wp-json\/wp\/v2\/pages"}],"about":[{"href":"https:\/\/goodrichriquelme.com\/es\/wp-json\/wp\/v2\/types\/page"}],"author":[{"embeddable":true,"href":"https:\/\/goodrichriquelme.com\/es\/wp-json\/wp\/v2\/users\/1"}],"replies":[{"embeddable":true,"href":"https:\/\/goodrichriquelme.com\/es\/wp-json\/wp\/v2\/comments?post=27046"}],"version-history":[{"count":7,"href":"https:\/\/goodrichriquelme.com\/es\/wp-json\/wp\/v2\/pages\/27046\/revisions"}],"predecessor-version":[{"id":28142,"href":"https:\/\/goodrichriquelme.com\/es\/wp-json\/wp\/v2\/pages\/27046\/revisions\/28142"}],"up":[{"embeddable":true,"href":"https:\/\/goodrichriquelme.com\/es\/wp-json\/wp\/v2\/pages\/26687"}],"wp:attachment":[{"href":"https:\/\/goodrichriquelme.com\/es\/wp-json\/wp\/v2\/media?parent=27046"}],"curies":[{"name":"wp","href":"https:\/\/api.w.org\/{rel}","templated":true}]}}