{"id":27300,"date":"2024-10-27T21:13:45","date_gmt":"2024-10-28T03:13:45","guid":{"rendered":"https:\/\/goodrichriquelme.com\/?page_id=27300"},"modified":"2024-10-27T21:15:54","modified_gmt":"2024-10-28T03:15:54","slug":"disclaimer","status":"publish","type":"page","link":"https:\/\/goodrichriquelme.com\/es\/disclaimer\/","title":{"rendered":"Condiciones de Uso"},"content":{"rendered":"<div data-elementor-type=\"wp-page\" data-elementor-id=\"27300\" class=\"elementor elementor-27300\">\n\t\t\t\t\t\t<section class=\"elementor-section elementor-top-section elementor-element elementor-element-f4a471d elementor-section-content-top elementor-section-boxed elementor-section-height-default elementor-section-height-default wpr-particle-no wpr-jarallax-no wpr-parallax-no wpr-sticky-section-no wpr-equal-height-no\" data-id=\"f4a471d\" data-element_type=\"section\" data-e-type=\"section\" data-settings=\"{&quot;jet_parallax_layout_list&quot;:[],&quot;background_background&quot;:&quot;classic&quot;}\">\n\t\t\t\t\t\t<div class=\"elementor-container elementor-column-gap-default\">\n\t\t\t\t\t<div class=\"elementor-column elementor-col-100 elementor-top-column elementor-element elementor-element-f4597be\" data-id=\"f4597be\" data-element_type=\"column\" data-e-type=\"column\">\n\t\t\t<div class=\"elementor-widget-wrap elementor-element-populated\">\n\t\t\t\t\t\t<div class=\"elementor-element elementor-element-6af5e22 elementor-widget elementor-widget-spacer\" data-id=\"6af5e22\" data-element_type=\"widget\" data-e-type=\"widget\" data-widget_type=\"spacer.default\">\n\t\t\t\t<div class=\"elementor-widget-container\">\n\t\t\t\t\t\t\t<div class=\"elementor-spacer\">\n\t\t\t<div class=\"elementor-spacer-inner\"><\/div>\n\t\t<\/div>\n\t\t\t\t\t\t<\/div>\n\t\t\t\t<\/div>\n\t\t\t\t<section class=\"elementor-section elementor-inner-section elementor-element elementor-element-816ca08 elementor-section-boxed elementor-section-height-default elementor-section-height-default wpr-particle-no wpr-jarallax-no wpr-parallax-no wpr-sticky-section-no wpr-equal-height-no\" data-id=\"816ca08\" data-element_type=\"section\" data-e-type=\"section\" data-settings=\"{&quot;jet_parallax_layout_list&quot;:[]}\">\n\t\t\t\t\t\t<div class=\"elementor-container elementor-column-gap-default\">\n\t\t\t\t\t<div class=\"elementor-column elementor-col-50 elementor-inner-column elementor-element elementor-element-5bf2f43\" data-id=\"5bf2f43\" data-element_type=\"column\" data-e-type=\"column\">\n\t\t\t<div class=\"elementor-widget-wrap elementor-element-populated\">\n\t\t\t\t\t\t<div class=\"elementor-element elementor-element-fdc49ff elementor-widget elementor-widget-heading\" data-id=\"fdc49ff\" data-element_type=\"widget\" data-e-type=\"widget\" data-widget_type=\"heading.default\">\n\t\t\t\t<div class=\"elementor-widget-container\">\n\t\t\t\t\t<h1 class=\"elementor-heading-title elementor-size-default\">Condiciones de Uso<\/h1>\t\t\t\t<\/div>\n\t\t\t\t<\/div>\n\t\t\t\t<div class=\"elementor-element elementor-element-2b2b362 elementor-widget elementor-widget-spacer\" data-id=\"2b2b362\" data-element_type=\"widget\" data-e-type=\"widget\" data-widget_type=\"spacer.default\">\n\t\t\t\t<div class=\"elementor-widget-container\">\n\t\t\t\t\t\t\t<div class=\"elementor-spacer\">\n\t\t\t<div class=\"elementor-spacer-inner\"><\/div>\n\t\t<\/div>\n\t\t\t\t\t\t<\/div>\n\t\t\t\t<\/div>\n\t\t\t\t\t<\/div>\n\t\t<\/div>\n\t\t\t\t<div class=\"elementor-column elementor-col-50 elementor-inner-column elementor-element elementor-element-1ed209d\" data-id=\"1ed209d\" data-element_type=\"column\" data-e-type=\"column\">\n\t\t\t<div class=\"elementor-widget-wrap elementor-element-populated\">\n\t\t\t\t\t\t<div class=\"elementor-element elementor-element-c9a0145 elementor-widget elementor-widget-text-editor\" data-id=\"c9a0145\" data-element_type=\"widget\" data-e-type=\"widget\" data-widget_type=\"text-editor.default\">\n\t\t\t\t<div class=\"elementor-widget-container\">\n\t\t\t\t\t\t\t\t\t<p>El uso de este sitio web implica aceptar sus t\u00e9rminos y condiciones.<\/p><p><strong>T\u00e9rminos y Condiciones de uso<\/strong><\/p><p>El contenido de este sitio web ha sido elaborado con fines informativos acerca de Goodrich, Riquelme y Asociados, A.C. Este sitio web no proporciona asesor\u00eda legal o consulta jur\u00eddica alguna; la informaci\u00f3n contenida no deber\u00e1 de ser usada como una opini\u00f3n jur\u00eddica.<\/p><p>Los usuarios de Internet, no deber\u00e1n utilizar esta informaci\u00f3n sin previamente buscar asesor\u00eda profesional de uno de nuestros abogados. Si usted accesa a este sitio web, no significa que est\u00e9 utilizando los servicios profesionales, ni tampoco se generar\u00e1 una relaci\u00f3n abogado-cliente. Usted no ser\u00e1 considerado como cliente del despacho por consultar este sitio.<\/p><p>El contenido de cualquier correo electr\u00f3nico que usted env\u00ede a Goodrich, Riquelme y Asociados A.C. o a cualquiera de sus abogados por medio de los domicilios electr\u00f3nicos aqu\u00ed listados, no constituir\u00e1 una relaci\u00f3n de abogado-cliente y por lo tanto dicha informaci\u00f3n no ser\u00e1 considerada como confidencial. Le rogamos se abstenga de enviar informaci\u00f3n confidencial, privilegiada o cualquier otra informaci\u00f3n reservada hasta en tanto usted se haya comunicado con alguno nuestros abogados y haya recibido autorizaci\u00f3n para enviar dicha informaci\u00f3n.<\/p>\t\t\t\t\t\t\t\t<\/div>\n\t\t\t\t<\/div>\n\t\t\t\t\t<\/div>\n\t\t<\/div>\n\t\t\t\t\t<\/div>\n\t\t<\/section>\n\t\t\t\t\t<\/div>\n\t\t<\/div>\n\t\t\t\t\t<\/div>\n\t\t<\/section>\n\t\t\t\t<\/div>","protected":false},"excerpt":{"rendered":"<p>Disclaimer The use of this web site implies an acceptance of its terms and conditions. Terms and Conditions The content of this website is intended to convey general information about Goodrich, Riquelme y Asociados, A.C. This website does not provide legal advice and the information herein provided should not be relied upon as legal advice. Internet subscribers and on-line readers should not act upon this information without seeking professional counsel. This website is not an offer to represent you, nor is it intended to create an attorney-client relationship. It will not make you a client of our firm. The content of any Internet e-mail sent to Goodrich, Riquelme y Asociados A.C. or any of its lawyers at the e-mail address set forth in this web site will not create an attorney-client relationship and will not be treated as confidential. Do not send us confidential, proprietary or other sensitive information until you speak with one of our attorneys and receive authorization to send that information.<\/p>","protected":false},"author":1,"featured_media":0,"parent":0,"menu_order":0,"comment_status":"closed","ping_status":"closed","template":"elementor_header_footer","meta":{"_acf_changed":false,"rs_blank_template":"","rs_page_bg_color":"","slide_template_v7":"","footnotes":""},"class_list":["post-27300","page","type-page","status-publish","hentry"],"acf":[],"_links":{"self":[{"href":"https:\/\/goodrichriquelme.com\/es\/wp-json\/wp\/v2\/pages\/27300","targetHints":{"allow":["GET"]}}],"collection":[{"href":"https:\/\/goodrichriquelme.com\/es\/wp-json\/wp\/v2\/pages"}],"about":[{"href":"https:\/\/goodrichriquelme.com\/es\/wp-json\/wp\/v2\/types\/page"}],"author":[{"embeddable":true,"href":"https:\/\/goodrichriquelme.com\/es\/wp-json\/wp\/v2\/users\/1"}],"replies":[{"embeddable":true,"href":"https:\/\/goodrichriquelme.com\/es\/wp-json\/wp\/v2\/comments?post=27300"}],"version-history":[{"count":10,"href":"https:\/\/goodrichriquelme.com\/es\/wp-json\/wp\/v2\/pages\/27300\/revisions"}],"predecessor-version":[{"id":27311,"href":"https:\/\/goodrichriquelme.com\/es\/wp-json\/wp\/v2\/pages\/27300\/revisions\/27311"}],"wp:attachment":[{"href":"https:\/\/goodrichriquelme.com\/es\/wp-json\/wp\/v2\/media?parent=27300"}],"curies":[{"name":"wp","href":"https:\/\/api.w.org\/{rel}","templated":true}]}}