{"id":27312,"date":"2024-10-27T21:16:23","date_gmt":"2024-10-28T03:16:23","guid":{"rendered":"https:\/\/goodrichriquelme.com\/?page_id=27312"},"modified":"2024-10-27T21:18:03","modified_gmt":"2024-10-28T03:18:03","slug":"privacy-notice","status":"publish","type":"page","link":"https:\/\/goodrichriquelme.com\/es\/privacy-notice\/","title":{"rendered":"Aviso de Privacidad"},"content":{"rendered":"<div data-elementor-type=\"wp-page\" data-elementor-id=\"27312\" class=\"elementor elementor-27312\">\n\t\t\t\t\t\t<section class=\"elementor-section elementor-top-section elementor-element elementor-element-f4a471d elementor-section-content-top elementor-section-boxed elementor-section-height-default elementor-section-height-default wpr-particle-no wpr-jarallax-no wpr-parallax-no wpr-sticky-section-no wpr-equal-height-no\" data-id=\"f4a471d\" data-element_type=\"section\" data-e-type=\"section\" data-settings=\"{&quot;jet_parallax_layout_list&quot;:[],&quot;background_background&quot;:&quot;classic&quot;}\">\n\t\t\t\t\t\t<div class=\"elementor-container elementor-column-gap-default\">\n\t\t\t\t\t<div class=\"elementor-column elementor-col-100 elementor-top-column elementor-element elementor-element-f4597be\" data-id=\"f4597be\" data-element_type=\"column\" data-e-type=\"column\">\n\t\t\t<div class=\"elementor-widget-wrap elementor-element-populated\">\n\t\t\t\t\t\t<div class=\"elementor-element elementor-element-6af5e22 elementor-widget elementor-widget-spacer\" data-id=\"6af5e22\" data-element_type=\"widget\" data-e-type=\"widget\" data-widget_type=\"spacer.default\">\n\t\t\t\t<div class=\"elementor-widget-container\">\n\t\t\t\t\t\t\t<div class=\"elementor-spacer\">\n\t\t\t<div class=\"elementor-spacer-inner\"><\/div>\n\t\t<\/div>\n\t\t\t\t\t\t<\/div>\n\t\t\t\t<\/div>\n\t\t\t\t<section class=\"elementor-section elementor-inner-section elementor-element elementor-element-816ca08 elementor-section-boxed elementor-section-height-default elementor-section-height-default wpr-particle-no wpr-jarallax-no wpr-parallax-no wpr-sticky-section-no wpr-equal-height-no\" data-id=\"816ca08\" data-element_type=\"section\" data-e-type=\"section\" data-settings=\"{&quot;jet_parallax_layout_list&quot;:[]}\">\n\t\t\t\t\t\t<div class=\"elementor-container elementor-column-gap-default\">\n\t\t\t\t\t<div class=\"elementor-column elementor-col-50 elementor-inner-column elementor-element elementor-element-5bf2f43\" data-id=\"5bf2f43\" data-element_type=\"column\" data-e-type=\"column\">\n\t\t\t<div class=\"elementor-widget-wrap elementor-element-populated\">\n\t\t\t\t\t\t<div class=\"elementor-element elementor-element-fdc49ff elementor-widget elementor-widget-heading\" data-id=\"fdc49ff\" data-element_type=\"widget\" data-e-type=\"widget\" data-widget_type=\"heading.default\">\n\t\t\t\t<div class=\"elementor-widget-container\">\n\t\t\t\t\t<h1 class=\"elementor-heading-title elementor-size-default\">Aviso<\/h1>\t\t\t\t<\/div>\n\t\t\t\t<\/div>\n\t\t\t\t<div class=\"elementor-element elementor-element-65c68d3 elementor-widget elementor-widget-heading\" data-id=\"65c68d3\" data-element_type=\"widget\" data-e-type=\"widget\" data-widget_type=\"heading.default\">\n\t\t\t\t<div class=\"elementor-widget-container\">\n\t\t\t\t\t<h2 class=\"elementor-heading-title elementor-size-default\">De Privacidad<\/h2>\t\t\t\t<\/div>\n\t\t\t\t<\/div>\n\t\t\t\t<div class=\"elementor-element elementor-element-2b2b362 elementor-widget elementor-widget-spacer\" data-id=\"2b2b362\" data-element_type=\"widget\" data-e-type=\"widget\" data-widget_type=\"spacer.default\">\n\t\t\t\t<div class=\"elementor-widget-container\">\n\t\t\t\t\t\t\t<div class=\"elementor-spacer\">\n\t\t\t<div class=\"elementor-spacer-inner\"><\/div>\n\t\t<\/div>\n\t\t\t\t\t\t<\/div>\n\t\t\t\t<\/div>\n\t\t\t\t\t<\/div>\n\t\t<\/div>\n\t\t\t\t<div class=\"elementor-column elementor-col-50 elementor-inner-column elementor-element elementor-element-1ed209d\" data-id=\"1ed209d\" data-element_type=\"column\" data-e-type=\"column\">\n\t\t\t<div class=\"elementor-widget-wrap elementor-element-populated\">\n\t\t\t\t\t\t<div class=\"elementor-element elementor-element-c9a0145 elementor-widget elementor-widget-text-editor\" data-id=\"c9a0145\" data-element_type=\"widget\" data-e-type=\"widget\" data-widget_type=\"text-editor.default\">\n\t\t\t\t<div class=\"elementor-widget-container\">\n\t\t\t\t\t\t\t\t\t<h5>AVISO DE PRIVACIDAD DE\nGOODRICH, RIQUELME Y ASOCIADOS, A.C.<\/h5><p>La protecci\u00f3n de su privacidad es importante para nosotros. Goodrich Riquelme y Asociados, A.C. se compromete a mantener su confianza protegiendo la informaci\u00f3n personal que recopilemos, as\u00ed como su uso.<\/p><p>Goodrich, Riquelme y Asociados, A.C. (\u201cGRA\u201d) con domicilio en Paseo de la Reforma 265, Mezzanine2, Col. Cuauht\u00e9moc, Alcald\u00eda. Cuauht\u00e9moc, C.P. 06500, Ciudad de M\u00e9xico, M\u00e9xico, es una empresa que da cumplimiento a la Ley Federal de Protecci\u00f3n de Datos Personales en Posesi\u00f3n de los Particulares.<\/p><p>Utilizaremos la informaci\u00f3n personal que recopilamos cuando sea necesario y apropiado para los siguientes fines:<\/p><ul><li>Proporcionar nuestros servicios.<\/li><li>Gestionar el rendimiento de nuestros servicios.<\/li><li>Para fines de auditor\u00eda y presentaci\u00f3n de informes, para realizar tareas contables y administrativas y para ejecutar o gestionar demandas legales.<\/li><li>Enviar comunicaciones publicitarias y promocionales, sujetas a cualquier tipo de consentimiento requerido legalmente, el cual trataremos en el momento apropiado.<\/li><li>Por razones de seguridad y para proteger, hacer valer o defender los derechos legales, privacidad, seguridad o propiedad, ya sea nuestra o la de nuestros empleados, agentes u otras personas, y para garantizar el cumplimiento de las pol\u00edticas de GRA y cumplir con la ley aplicable y las peticiones del gobierno.<\/li><\/ul><p>Usted tiene derecho a acceder, rectificar y cancelar sus datos personales, oponerse al tratamiento de los mismos, limitar su uso o divulgaci\u00f3n, o revocar el consentimiento que nos ha otorgado para el tratamiento de dichos datos, enviando un correo electr\u00f3nico a\u00a0<a href=\"mailto:privacidad@goodrichriquelme.com\" target=\"_blank\" rel=\"noopener\">privacidad@goodrichriquelme.com<\/a>.<\/p><p>Su informaci\u00f3n personal es transferida, mantenida y procesada por nosotros o nuestros proveedores asociados y terceros proveedores de servicios en los diversas jurisdicciones para los fines descritos anteriormente. Podemos compartir sus datos personales con otras partes que pueden estar ubicados en en otros pa\u00edses. Las leyes de protecci\u00f3n de datos en estos pa\u00edses pueden diferir y ser menos estrictas que las de M\u00e9xico.<\/p><p>El presente aviso de privacidad puede sufrir modificaciones, cambios o actualizaciones derivadas de nuevos requerimientos legales, de nuestras propias necesidades por los servicios que ofrecemos; de nuestras pr\u00e1cticas de privacidad o por otras causas. Nos comprometemos a mantenerlo informado sobre los cambios que pueda sufrir el presente aviso de privacidad, a trav\u00e9s de nuestro sitio web:\u00a0<a href=\"http:\/\/www.goodrichriquelme.com\/es\/aviso-de-privacidad\/\">http:\/\/www.goodrichriquelme.com\/\/es\/aviso-de-privacidad\/<\/a>.<\/p><p>Para mayor informaci\u00f3n sobre el uso de sus datos personales, puede consultar nuestro aviso de privacidad en:\u00a0<a href=\"http:\/\/www.goodrichriquelme.com\/es\/aviso-de-privacidad\/\">http:\/\/www.goodrichriquelme.com\/\/es\/aviso-de-privacidad\/<\/a>.<\/p>\t\t\t\t\t\t\t\t<\/div>\n\t\t\t\t<\/div>\n\t\t\t\t\t<\/div>\n\t\t<\/div>\n\t\t\t\t\t<\/div>\n\t\t<\/section>\n\t\t\t\t\t<\/div>\n\t\t<\/div>\n\t\t\t\t\t<\/div>\n\t\t<\/section>\n\t\t\t\t<\/div>","protected":false},"excerpt":{"rendered":"<p>Privacy Notice PRIVACY NOTICE OF GOODRICH RIQUELME Y ASOCIADOS, A.C. The protection of your privacy is important to Goodrich Riquelme y Asociados, A.C. in such regard, we are committed to maintaining your confidence, by protecting the personal information we collect, as well as its use. Goodrich Riquelme y Asociados, A.C. (&#8220;GRA&#8221;) with address at Paseo de la Reforma 265, Mezzanine2, Col. Cuauht\u00e9moc, Alcald\u00eda Cuauht\u00e9moc, C.P. 06500, Mexico City, M\u00e9xico, is a company that complies with the Federal Law of Protection of Personal Data Held by Private Parties (\u201cLey Federal de Protecci\u00f3n de Datos Personales en Posesi\u00f3n de los Particulares\u201d). We will use the personal data we collect, when necessary and appropriate for the following purposes: Provide our services. Manage the performance of our services. For auditing and reporting purposes, to perform accounting and administrative tasks and to manage or implement legal claims. Send marketing and promotional communications, subject to any type of consent required by law, which we will deal with at the appropriate time. For security reasons and to protect, enforce or defend our legal rights, privacy, security or property, or those of our employees, agents or other persons, and to comply with GRA\u2019s policies and with applicable law and government requests. You have the right to access, rectify and cancel your personal data, oppose to the processing of such data, limit its use or disclosure, or revoke the consent that has been granted to us for the treatment of such data, by sending an email to\u00a0privacidad@goodrichriquelme.com. Your personal information is transferred, maintained and processed by us or our associated suppliers and third party service providers in the various jurisdictions for the abovementioned purposes. We may share your personal information with other parties that may be located in other countries. Data protection laws in these countries may differ and be less stringent than those in Mexico. This privacy notice may be modified, amended or updated due to new legal requirements, our own needs based on the services we provide, our privacy practices or for other reasons. We are committed to keeping you informed about the changes that can be presented in this privacy notice, through our website:\u00a0http:\/\/www.goodrichriquelme.com\/\/es\/aviso-de-privacidad\/. For more information about the use of your personal data, see our privacy notice in the following link:\u00a0http:\/\/www.goodrichriquelme.com\/\/es\/aviso-de-privacidad\/.<\/p>","protected":false},"author":1,"featured_media":0,"parent":0,"menu_order":0,"comment_status":"closed","ping_status":"closed","template":"elementor_header_footer","meta":{"_acf_changed":false,"rs_blank_template":"","rs_page_bg_color":"","slide_template_v7":"","footnotes":""},"class_list":["post-27312","page","type-page","status-publish","hentry"],"acf":[],"_links":{"self":[{"href":"https:\/\/goodrichriquelme.com\/es\/wp-json\/wp\/v2\/pages\/27312","targetHints":{"allow":["GET"]}}],"collection":[{"href":"https:\/\/goodrichriquelme.com\/es\/wp-json\/wp\/v2\/pages"}],"about":[{"href":"https:\/\/goodrichriquelme.com\/es\/wp-json\/wp\/v2\/types\/page"}],"author":[{"embeddable":true,"href":"https:\/\/goodrichriquelme.com\/es\/wp-json\/wp\/v2\/users\/1"}],"replies":[{"embeddable":true,"href":"https:\/\/goodrichriquelme.com\/es\/wp-json\/wp\/v2\/comments?post=27312"}],"version-history":[{"count":4,"href":"https:\/\/goodrichriquelme.com\/es\/wp-json\/wp\/v2\/pages\/27312\/revisions"}],"predecessor-version":[{"id":27316,"href":"https:\/\/goodrichriquelme.com\/es\/wp-json\/wp\/v2\/pages\/27312\/revisions\/27316"}],"wp:attachment":[{"href":"https:\/\/goodrichriquelme.com\/es\/wp-json\/wp\/v2\/media?parent=27312"}],"curies":[{"name":"wp","href":"https:\/\/api.w.org\/{rel}","templated":true}]}}